{"id":1023,"date":"2024-05-09T07:46:14","date_gmt":"2024-05-09T07:46:14","guid":{"rendered":"https:\/\/www.burleytools.com\/product\/600w-710w-foldable-handle-adjustable-speed-drywall-sander-ergonomics-design-with-dual-head-r7237-ct\/"},"modified":"2024-08-20T07:29:03","modified_gmt":"2024-08-20T07:29:03","slug":"600w-710w-foldable-handle-adjustable-speed-drywall-sander-ergonomics-design-with-dual-head-r7237-ct","status":"publish","type":"product","link":"https:\/\/www.burleytools.com\/de\/produkt\/600-w-710-w-klappbarer-griff-einstellbare-geschwindigkeit-ergonomisches-design-mit-doppelkopf-r7237-ct\/","title":{"rendered":"600 W\/710 W Trockenbauschleifer mit klappbarem Griff und einstellbarer Geschwindigkeit, ergonomisches Design mit Doppelkopf-R7237-CT"},"content":{"rendered":"<p>\u25cf Schleifkopf mit hohem Drehmoment, bis zu 4 NM<\/p>\n<p>\u25cf 1 M\u00f6glichkeit zur Staubabsaugung: Innenabsaugung durch 8 L\u00f6cher und Au\u00dfenabsaugung durch den Rand des Schleiftellers.<\/p>\n<p>\u25cf Ausziehbar von 1,1\u00a0m bis 1,65\u00a0m; k\u00fcrzeste L\u00e4nge 1,1\u00a0m, passend f\u00fcr unterschiedliche Arbeitsbereiche.<\/p>\n<p>\u25cf Die Geschwindigkeit l\u00e4sst sich einfach von 600\u20131500 U\/min einstellen.<\/p>\n<p>\u25cf Schleifbewegung: Rotation<\/p>\n<p>\u25cf Schutzklasse: II<\/p>\n<p>\u25cf Rohrdurchmesser: 46,6 x 30,3 mm<\/p>\n<p>\u25cf Kurze L\u00e4nge (ohne Verl\u00e4ngerungsrohr): 110cm<\/p>\n<p>\u25cf Lange L\u00e4nge (mit Verl\u00e4ngerungsrohr): 110 cm - 165 cm<\/p>\n<p>\u25cf Gewicht (ohne Verl\u00e4ngerungsrohr): 3,2 kg<\/p>\n<p>\u25cf Gewicht (mit Verl\u00e4ngerungsrohr): 3,5 kg<\/p>\n<p><img decoding=\"async\" title=\"R7237-CT-HANDBUCH\" src=\"\/wp-content\/uploads\/2024\/05\/1608692162374581.jpg\" alt=\"R7237-CT-HANDBUCH\" \/><\/p>","protected":false},"excerpt":{"rendered":"<p>\u25cf Einfaches und kompaktes Design f\u00fchrt zu geringem Gewicht und spart K\u00f6rperenergie.<\/p>\n<p>\u25cf Ergonomisches Design mit Softgrip sorgt f\u00fcr komfortable Bedienung.<\/p>\n<p>\u25cf Zahnradantriebssystem zur Gew\u00e4hrleistung der Haltbarkeit.<\/p>\n<p>\u25cf Einzigartiges platzsparendes Design f\u00fcr bequemen und einfachen Transport.<\/p>\n<p>\u25cf <img decoding=\"async\" style=\"width: 180px; height: 27px;\" title=\"4\" src=\"\/wp-content\/uploads\/2024\/05\/1606975649218025.png\" alt=\"4\" width=\"180\" height=\"27\" border=\"0\" vspace=\"0\" \/><\/p>","protected":false},"featured_media":1022,"template":"","meta":{"_acf_changed":false,"_mi_skip_tracking":false,"_monsterinsights_sitenote_active":false,"_monsterinsights_sitenote_note":"","_monsterinsights_sitenote_category":0},"product_cat":[37,34],"product_tag":[],"class_list":{"0":"post-1023","1":"product","2":"type-product","3":"status-publish","4":"has-post-thumbnail","6":"product_cat-drywall-sander","7":"product_cat-renovation-wallpainting","9":"first","10":"instock","11":"shipping-taxable","12":"product-type-simple"},"acf":[],"yoast_head":"<!-- This site is optimized with the Yoast SEO Premium plugin v21.6 (Yoast SEO v22.3) - https:\/\/yoast.com\/wordpress\/plugins\/seo\/ -->\n<title>600W\/710W Foldable handle Adjustable Speed Drywall Sander Ergonomics design with Dual Head-R7237-CT - BURLEY<\/title>\n<meta name=\"robots\" content=\"index, follow, max-snippet:-1, max-image-preview:large, max-video-preview:-1\" \/>\n<link rel=\"canonical\" href=\"https:\/\/www.burleytools.com\/de\/produkt\/600-w-710-w-klappbarer-griff-einstellbare-geschwindigkeit-ergonomisches-design-mit-doppelkopf-r7237-ct\/\" \/>\n<meta property=\"og:locale\" content=\"de_DE\" \/>\n<meta property=\"og:type\" content=\"article\" \/>\n<meta property=\"og:title\" content=\"600W\/710W Foldable handle Adjustable Speed Drywall Sander Ergonomics design with Dual Head-R7237-CT\" \/>\n<meta property=\"og:description\" content=\"\u25cf Simple and compact design result in light weight and save physical energy.  \u25cf Ergonomic design with soft grip provides comfortable operation.  \u25cf Gear driving system to ensure durability.  \u25cf Unique design to save space for convenient and easy transportation.  \u25cf\" \/>\n<meta property=\"og:url\" content=\"https:\/\/www.burleytools.com\/de\/produkt\/600-w-710-w-klappbarer-griff-einstellbare-geschwindigkeit-ergonomisches-design-mit-doppelkopf-r7237-ct\/\" \/>\n<meta property=\"og:site_name\" content=\"BURLEY\" \/>\n<meta property=\"article:modified_time\" content=\"2024-08-20T07:29:03+00:00\" \/>\n<meta property=\"og:image\" content=\"https:\/\/www.burleytools.com\/wp-content\/uploads\/2024\/05\/1607571211892807-1.jpg\" \/>\n\t<meta property=\"og:image:width\" content=\"700\" \/>\n\t<meta property=\"og:image:height\" content=\"700\" \/>\n\t<meta property=\"og:image:type\" content=\"image\/jpeg\" \/>\n<meta name=\"twitter:card\" content=\"summary_large_image\" \/>\n<meta name=\"twitter:label1\" content=\"Gesch\u00e4tzte Lesezeit\" \/>\n\t<meta name=\"twitter:data1\" content=\"1 Minute\" \/>\n<script type=\"application\/ld+json\" class=\"yoast-schema-graph\">{\"@context\":\"https:\/\/schema.org\",\"@graph\":[{\"@type\":\"WebPage\",\"@id\":\"https:\/\/www.burleytools.com\/product\/600w-710w-foldable-handle-adjustable-speed-drywall-sander-ergonomics-design-with-dual-head-r7237-ct\/\",\"url\":\"https:\/\/www.burleytools.com\/product\/600w-710w-foldable-handle-adjustable-speed-drywall-sander-ergonomics-design-with-dual-head-r7237-ct\/\",\"name\":\"600W\/710W Foldable handle Adjustable Speed Drywall Sander Ergonomics design with Dual Head-R7237-CT - BURLEY\",\"isPartOf\":{\"@id\":\"https:\/\/www.burleytools.com\/#website\"},\"primaryImageOfPage\":{\"@id\":\"https:\/\/www.burleytools.com\/product\/600w-710w-foldable-handle-adjustable-speed-drywall-sander-ergonomics-design-with-dual-head-r7237-ct\/#primaryimage\"},\"image\":{\"@id\":\"https:\/\/www.burleytools.com\/product\/600w-710w-foldable-handle-adjustable-speed-drywall-sander-ergonomics-design-with-dual-head-r7237-ct\/#primaryimage\"},\"thumbnailUrl\":\"https:\/\/www.burleytools.com\/wp-content\/uploads\/2024\/05\/1607571211892807-1.jpg\",\"datePublished\":\"2024-05-09T07:46:14+00:00\",\"dateModified\":\"2024-08-20T07:29:03+00:00\",\"breadcrumb\":{\"@id\":\"https:\/\/www.burleytools.com\/product\/600w-710w-foldable-handle-adjustable-speed-drywall-sander-ergonomics-design-with-dual-head-r7237-ct\/#breadcrumb\"},\"inLanguage\":\"de-DE\",\"potentialAction\":[{\"@type\":\"ReadAction\",\"target\":[\"https:\/\/www.burleytools.com\/product\/600w-710w-foldable-handle-adjustable-speed-drywall-sander-ergonomics-design-with-dual-head-r7237-ct\/\"]}]},{\"@type\":\"ImageObject\",\"inLanguage\":\"de-DE\",\"@id\":\"https:\/\/www.burleytools.com\/product\/600w-710w-foldable-handle-adjustable-speed-drywall-sander-ergonomics-design-with-dual-head-r7237-ct\/#primaryimage\",\"url\":\"https:\/\/www.burleytools.com\/wp-content\/uploads\/2024\/05\/1607571211892807-1.jpg\",\"contentUrl\":\"https:\/\/www.burleytools.com\/wp-content\/uploads\/2024\/05\/1607571211892807-1.jpg\",\"width\":700,\"height\":700},{\"@type\":\"BreadcrumbList\",\"@id\":\"https:\/\/www.burleytools.com\/product\/600w-710w-foldable-handle-adjustable-speed-drywall-sander-ergonomics-design-with-dual-head-r7237-ct\/#breadcrumb\",\"itemListElement\":[{\"@type\":\"ListItem\",\"position\":1,\"name\":\"Home\",\"item\":\"https:\/\/www.burleytools.com\/\"},{\"@type\":\"ListItem\",\"position\":2,\"name\":\"Products\",\"item\":\"https:\/\/www.burleytools.com\/products\/\"},{\"@type\":\"ListItem\",\"position\":3,\"name\":\"600W\/710W Foldable handle Adjustable Speed Drywall Sander Ergonomics design with Dual Head-R7237-CT\"}]},{\"@type\":\"WebSite\",\"@id\":\"https:\/\/www.burleytools.com\/#website\",\"url\":\"https:\/\/www.burleytools.com\/\",\"name\":\"BURLEY\",\"description\":\"\",\"publisher\":{\"@id\":\"https:\/\/www.burleytools.com\/#organization\"},\"potentialAction\":[{\"@type\":\"SearchAction\",\"target\":{\"@type\":\"EntryPoint\",\"urlTemplate\":\"https:\/\/www.burleytools.com\/?s={search_term_string}\"},\"query-input\":\"required name=search_term_string\"}],\"inLanguage\":\"de-DE\"},{\"@type\":\"Organization\",\"@id\":\"https:\/\/www.burleytools.com\/#organization\",\"name\":\"BURLEY\",\"url\":\"https:\/\/www.burleytools.com\/\",\"logo\":{\"@type\":\"ImageObject\",\"inLanguage\":\"de-DE\",\"@id\":\"https:\/\/www.burleytools.com\/#\/schema\/logo\/image\/\",\"url\":\"https:\/\/www.burleytools.com\/wp-content\/uploads\/2023\/10\/logo.webp\",\"contentUrl\":\"https:\/\/www.burleytools.com\/wp-content\/uploads\/2023\/10\/logo.webp\",\"width\":165,\"height\":62,\"caption\":\"BURLEY\"},\"image\":{\"@id\":\"https:\/\/www.burleytools.com\/#\/schema\/logo\/image\/\"}}]}<\/script>\n<!-- \/ Yoast SEO Premium plugin. -->","yoast_head_json":{"title":"600W\/710W Foldable handle Adjustable Speed Drywall Sander Ergonomics design with Dual Head-R7237-CT - BURLEY","robots":{"index":"index","follow":"follow","max-snippet":"max-snippet:-1","max-image-preview":"max-image-preview:large","max-video-preview":"max-video-preview:-1"},"canonical":"https:\/\/www.burleytools.com\/de\/produkt\/600-w-710-w-klappbarer-griff-einstellbare-geschwindigkeit-ergonomisches-design-mit-doppelkopf-r7237-ct\/","og_locale":"de_DE","og_type":"article","og_title":"600W\/710W Foldable handle Adjustable Speed Drywall Sander Ergonomics design with Dual Head-R7237-CT","og_description":"\u25cf Simple and compact design result in light weight and save physical energy.  \u25cf Ergonomic design with soft grip provides comfortable operation.  \u25cf Gear driving system to ensure durability.  \u25cf Unique design to save space for convenient and easy transportation.  \u25cf","og_url":"https:\/\/www.burleytools.com\/de\/produkt\/600-w-710-w-klappbarer-griff-einstellbare-geschwindigkeit-ergonomisches-design-mit-doppelkopf-r7237-ct\/","og_site_name":"BURLEY","article_modified_time":"2024-08-20T07:29:03+00:00","og_image":[{"width":700,"height":700,"url":"https:\/\/www.burleytools.com\/wp-content\/uploads\/2024\/05\/1607571211892807-1.jpg","type":"image\/jpeg"}],"twitter_card":"summary_large_image","twitter_misc":{"Gesch\u00e4tzte Lesezeit":"1 Minute"},"schema":{"@context":"https:\/\/schema.org","@graph":[{"@type":"WebPage","@id":"https:\/\/www.burleytools.com\/product\/600w-710w-foldable-handle-adjustable-speed-drywall-sander-ergonomics-design-with-dual-head-r7237-ct\/","url":"https:\/\/www.burleytools.com\/product\/600w-710w-foldable-handle-adjustable-speed-drywall-sander-ergonomics-design-with-dual-head-r7237-ct\/","name":"600W\/710W Foldable handle Adjustable Speed Drywall Sander Ergonomics design with Dual Head-R7237-CT - BURLEY","isPartOf":{"@id":"https:\/\/www.burleytools.com\/#website"},"primaryImageOfPage":{"@id":"https:\/\/www.burleytools.com\/product\/600w-710w-foldable-handle-adjustable-speed-drywall-sander-ergonomics-design-with-dual-head-r7237-ct\/#primaryimage"},"image":{"@id":"https:\/\/www.burleytools.com\/product\/600w-710w-foldable-handle-adjustable-speed-drywall-sander-ergonomics-design-with-dual-head-r7237-ct\/#primaryimage"},"thumbnailUrl":"https:\/\/www.burleytools.com\/wp-content\/uploads\/2024\/05\/1607571211892807-1.jpg","datePublished":"2024-05-09T07:46:14+00:00","dateModified":"2024-08-20T07:29:03+00:00","breadcrumb":{"@id":"https:\/\/www.burleytools.com\/product\/600w-710w-foldable-handle-adjustable-speed-drywall-sander-ergonomics-design-with-dual-head-r7237-ct\/#breadcrumb"},"inLanguage":"de-DE","potentialAction":[{"@type":"ReadAction","target":["https:\/\/www.burleytools.com\/product\/600w-710w-foldable-handle-adjustable-speed-drywall-sander-ergonomics-design-with-dual-head-r7237-ct\/"]}]},{"@type":"ImageObject","inLanguage":"de-DE","@id":"https:\/\/www.burleytools.com\/product\/600w-710w-foldable-handle-adjustable-speed-drywall-sander-ergonomics-design-with-dual-head-r7237-ct\/#primaryimage","url":"https:\/\/www.burleytools.com\/wp-content\/uploads\/2024\/05\/1607571211892807-1.jpg","contentUrl":"https:\/\/www.burleytools.com\/wp-content\/uploads\/2024\/05\/1607571211892807-1.jpg","width":700,"height":700},{"@type":"BreadcrumbList","@id":"https:\/\/www.burleytools.com\/product\/600w-710w-foldable-handle-adjustable-speed-drywall-sander-ergonomics-design-with-dual-head-r7237-ct\/#breadcrumb","itemListElement":[{"@type":"ListItem","position":1,"name":"Home","item":"https:\/\/www.burleytools.com\/"},{"@type":"ListItem","position":2,"name":"Products","item":"https:\/\/www.burleytools.com\/products\/"},{"@type":"ListItem","position":3,"name":"600W\/710W Foldable handle Adjustable Speed Drywall Sander Ergonomics design with Dual Head-R7237-CT"}]},{"@type":"WebSite","@id":"https:\/\/www.burleytools.com\/#website","url":"https:\/\/www.burleytools.com\/","name":"BURLEY","description":"","publisher":{"@id":"https:\/\/www.burleytools.com\/#organization"},"potentialAction":[{"@type":"SearchAction","target":{"@type":"EntryPoint","urlTemplate":"https:\/\/www.burleytools.com\/?s={search_term_string}"},"query-input":"required name=search_term_string"}],"inLanguage":"de-DE"},{"@type":"Organization","@id":"https:\/\/www.burleytools.com\/#organization","name":"BURLEY","url":"https:\/\/www.burleytools.com\/","logo":{"@type":"ImageObject","inLanguage":"de-DE","@id":"https:\/\/www.burleytools.com\/#\/schema\/logo\/image\/","url":"https:\/\/www.burleytools.com\/wp-content\/uploads\/2023\/10\/logo.webp","contentUrl":"https:\/\/www.burleytools.com\/wp-content\/uploads\/2023\/10\/logo.webp","width":165,"height":62,"caption":"BURLEY"},"image":{"@id":"https:\/\/www.burleytools.com\/#\/schema\/logo\/image\/"}}]}},"_links":{"self":[{"href":"https:\/\/www.burleytools.com\/de\/wp-json\/wp\/v2\/product\/1023"}],"collection":[{"href":"https:\/\/www.burleytools.com\/de\/wp-json\/wp\/v2\/product"}],"about":[{"href":"https:\/\/www.burleytools.com\/de\/wp-json\/wp\/v2\/types\/product"}],"wp:featuredmedia":[{"embeddable":true,"href":"https:\/\/www.burleytools.com\/de\/wp-json\/wp\/v2\/media\/1022"}],"wp:attachment":[{"href":"https:\/\/www.burleytools.com\/de\/wp-json\/wp\/v2\/media?parent=1023"}],"wp:term":[{"taxonomy":"product_cat","embeddable":true,"href":"https:\/\/www.burleytools.com\/de\/wp-json\/wp\/v2\/product_cat?post=1023"},{"taxonomy":"product_tag","embeddable":true,"href":"https:\/\/www.burleytools.com\/de\/wp-json\/wp\/v2\/product_tag?post=1023"}],"curies":[{"name":"wp","href":"https:\/\/api.w.org\/{rel}","templated":true}]}}