{"id":1034,"date":"2024-05-09T07:46:17","date_gmt":"2024-05-09T07:46:17","guid":{"rendered":"https:\/\/www.burleytools.com\/product\/600w-710w-adjustable-speed-drywall-sander-with-led-light-r7236\/"},"modified":"2024-08-20T07:29:04","modified_gmt":"2024-08-20T07:29:04","slug":"600w-710w-adjustable-speed-drywall-sander-with-led-light-r7236","status":"publish","type":"product","link":"https:\/\/www.burleytools.com\/de\/produkt\/600-w-710-w-trockenbauschleifer-mit-einstellbarer-geschwindigkeit-und-led-licht-r7236\/","title":{"rendered":"600 W\/710 W Trockenbauschleifer mit einstellbarer Geschwindigkeit und LED-Licht-R7236"},"content":{"rendered":"<p>\u25cf Das B\u00fcrstensegment l\u00e4sst sich zum Schleifen entlang von Kanten und an schwierigen Stellen leicht abnehmen.<\/p>\n<p>\u25cf SCHLEIFER MIT LANGER REICHWEITE<\/p>\n<p>Mit einer L\u00e4nge von 190 cm ist es ideal, Decken bis zum Rand zu schleifen.<\/p>\n<p>\u25cf Ergonomischer Softgrip f\u00fcr kraftsparendes und erm\u00fcdungsfreies Arbeiten.<\/p>\n<p>\u25cf Mit dieser Halterung verhindern Sie, dass sich der Absaugschlauch verformt, wenn die Maschine auf dem Boden steht. Passen Sie die Absaugleistung durch Drehen nach links oder rechts an und gleichen Sie so die Absaugleistung verschiedener Staubsauger aus, um perfekte Schleifarbeiten zu erzielen.<\/p>\n<p>\u25cf ZUFRIEDENSTELLENDES LEBEN<\/p>\n<p>Das robuste Antriebssystem \u00fcbertr\u00e4gt die Kraft effizient auf den Schleifteller und sorgt f\u00fcr eine lange Lebensdauer.<\/p>\n<p>\u25cf VORNE POSITIONIERTER MOTOR<\/p>\n<p>Vorne positionierter Motor zur direkten Geschwindigkeits\u00e4nderung \u00fcber das Getriebe, was eine lange Lebensdauer gew\u00e4hrleistet.<\/p>\n<p>\u25cf Der staubgesch\u00fctzte Ein-\/Ausschalter.<\/p>\n<p>\u25cf LED-Lichtfunktion bei unzureichender Beleuchtung<\/p>\n<p>\u25cf Schleifbewegung: Rotation<\/p>\n<p>\u25cf Rohrdurchmesser: 32 mm<\/p>\n<p>\u25cf Kurze L\u00e4nge (ohne Verl\u00e4ngerungsrohr): 110cm<\/p>\n<p>\u25cf Lange L\u00e4nge (mit Verl\u00e4ngerungsrohr): 190 cm<\/p>\n<p>\u25cf Gewicht (ohne Verl\u00e4ngerungsrohr): 3,7 kg<\/p>\n<p>\u25cf Gewicht (mit Verl\u00e4ngerungsrohr): 4,1 kg<\/p>\n<p>\u25cf Schutzklasse: II<\/p>\n<p><img decoding=\"async\" title=\"R7236-HANDBUCH\" src=\"\/wp-content\/uploads\/2024\/05\/1608692118983059.jpg\" alt=\"R7236-HANDBUCH\" \/><\/p>","protected":false},"excerpt":{"rendered":"<p>\u25cf SCHLEIFER MIT LANGER REICHWEITE<\/p>\n<p>\u25cf ZUFRIEDENSTELLENDES LEBEN<\/p>\n<p>\u25cf VORNE POSITIONIERTER MOTOR<\/p>\n<p>\u25cf <img decoding=\"async\" style=\"width: 180px; height: 27px;\" title=\"4\" src=\"\/wp-content\/uploads\/2024\/05\/1606975649218025.png\" alt=\"4\" width=\"180\" height=\"27\" border=\"0\" vspace=\"0\" \/><\/p>","protected":false},"featured_media":1033,"template":"","meta":{"_acf_changed":false,"_mi_skip_tracking":false,"_monsterinsights_sitenote_active":false,"_monsterinsights_sitenote_note":"","_monsterinsights_sitenote_category":0},"product_cat":[37,34],"product_tag":[],"class_list":{"0":"post-1034","1":"product","2":"type-product","3":"status-publish","4":"has-post-thumbnail","6":"product_cat-drywall-sander","7":"product_cat-renovation-wallpainting","9":"first","10":"instock","11":"shipping-taxable","12":"product-type-simple"},"acf":[],"yoast_head":"<!-- This site is optimized with the Yoast SEO Premium plugin v21.6 (Yoast SEO v22.3) - https:\/\/yoast.com\/wordpress\/plugins\/seo\/ -->\n<title>600W\/710W Adjustable Speed Drywall Sander With LED Light-R7236 - BURLEY<\/title>\n<meta name=\"robots\" content=\"index, follow, max-snippet:-1, max-image-preview:large, max-video-preview:-1\" \/>\n<link rel=\"canonical\" href=\"https:\/\/www.burleytools.com\/de\/produkt\/600-w-710-w-trockenbauschleifer-mit-einstellbarer-geschwindigkeit-und-led-licht-r7236\/\" \/>\n<meta property=\"og:locale\" content=\"de_DE\" \/>\n<meta property=\"og:type\" content=\"article\" \/>\n<meta property=\"og:title\" content=\"600W\/710W Adjustable Speed Drywall Sander With LED Light-R7236\" \/>\n<meta property=\"og:description\" content=\"\u25cf LONG-REACH SANDER  \u25cf SATISFYING LIFETIME  \u25cf FRONT-POSITIONED MOTOR  \u25cf\" \/>\n<meta property=\"og:url\" content=\"https:\/\/www.burleytools.com\/de\/produkt\/600-w-710-w-trockenbauschleifer-mit-einstellbarer-geschwindigkeit-und-led-licht-r7236\/\" \/>\n<meta property=\"og:site_name\" content=\"BURLEY\" \/>\n<meta property=\"article:modified_time\" content=\"2024-08-20T07:29:04+00:00\" \/>\n<meta property=\"og:image\" content=\"https:\/\/www.burleytools.com\/wp-content\/uploads\/2024\/05\/1607579734250726-1.jpg\" \/>\n\t<meta property=\"og:image:width\" content=\"700\" \/>\n\t<meta property=\"og:image:height\" content=\"700\" \/>\n\t<meta property=\"og:image:type\" content=\"image\/jpeg\" \/>\n<meta name=\"twitter:card\" content=\"summary_large_image\" \/>\n<meta name=\"twitter:label1\" content=\"Gesch\u00e4tzte Lesezeit\" \/>\n\t<meta name=\"twitter:data1\" content=\"2 Minuten\" \/>\n<script type=\"application\/ld+json\" class=\"yoast-schema-graph\">{\"@context\":\"https:\/\/schema.org\",\"@graph\":[{\"@type\":\"WebPage\",\"@id\":\"https:\/\/www.burleytools.com\/product\/600w-710w-adjustable-speed-drywall-sander-with-led-light-r7236\/\",\"url\":\"https:\/\/www.burleytools.com\/product\/600w-710w-adjustable-speed-drywall-sander-with-led-light-r7236\/\",\"name\":\"600W\/710W Adjustable Speed Drywall Sander With LED Light-R7236 - BURLEY\",\"isPartOf\":{\"@id\":\"https:\/\/www.burleytools.com\/#website\"},\"primaryImageOfPage\":{\"@id\":\"https:\/\/www.burleytools.com\/product\/600w-710w-adjustable-speed-drywall-sander-with-led-light-r7236\/#primaryimage\"},\"image\":{\"@id\":\"https:\/\/www.burleytools.com\/product\/600w-710w-adjustable-speed-drywall-sander-with-led-light-r7236\/#primaryimage\"},\"thumbnailUrl\":\"https:\/\/www.burleytools.com\/wp-content\/uploads\/2024\/05\/1607579734250726-1.jpg\",\"datePublished\":\"2024-05-09T07:46:17+00:00\",\"dateModified\":\"2024-08-20T07:29:04+00:00\",\"breadcrumb\":{\"@id\":\"https:\/\/www.burleytools.com\/product\/600w-710w-adjustable-speed-drywall-sander-with-led-light-r7236\/#breadcrumb\"},\"inLanguage\":\"de-DE\",\"potentialAction\":[{\"@type\":\"ReadAction\",\"target\":[\"https:\/\/www.burleytools.com\/product\/600w-710w-adjustable-speed-drywall-sander-with-led-light-r7236\/\"]}]},{\"@type\":\"ImageObject\",\"inLanguage\":\"de-DE\",\"@id\":\"https:\/\/www.burleytools.com\/product\/600w-710w-adjustable-speed-drywall-sander-with-led-light-r7236\/#primaryimage\",\"url\":\"https:\/\/www.burleytools.com\/wp-content\/uploads\/2024\/05\/1607579734250726-1.jpg\",\"contentUrl\":\"https:\/\/www.burleytools.com\/wp-content\/uploads\/2024\/05\/1607579734250726-1.jpg\",\"width\":700,\"height\":700},{\"@type\":\"BreadcrumbList\",\"@id\":\"https:\/\/www.burleytools.com\/product\/600w-710w-adjustable-speed-drywall-sander-with-led-light-r7236\/#breadcrumb\",\"itemListElement\":[{\"@type\":\"ListItem\",\"position\":1,\"name\":\"Home\",\"item\":\"https:\/\/www.burleytools.com\/\"},{\"@type\":\"ListItem\",\"position\":2,\"name\":\"Products\",\"item\":\"https:\/\/www.burleytools.com\/products\/\"},{\"@type\":\"ListItem\",\"position\":3,\"name\":\"600W\/710W Adjustable Speed Drywall Sander With LED Light-R7236\"}]},{\"@type\":\"WebSite\",\"@id\":\"https:\/\/www.burleytools.com\/#website\",\"url\":\"https:\/\/www.burleytools.com\/\",\"name\":\"BURLEY\",\"description\":\"\",\"publisher\":{\"@id\":\"https:\/\/www.burleytools.com\/#organization\"},\"potentialAction\":[{\"@type\":\"SearchAction\",\"target\":{\"@type\":\"EntryPoint\",\"urlTemplate\":\"https:\/\/www.burleytools.com\/?s={search_term_string}\"},\"query-input\":\"required name=search_term_string\"}],\"inLanguage\":\"de-DE\"},{\"@type\":\"Organization\",\"@id\":\"https:\/\/www.burleytools.com\/#organization\",\"name\":\"BURLEY\",\"url\":\"https:\/\/www.burleytools.com\/\",\"logo\":{\"@type\":\"ImageObject\",\"inLanguage\":\"de-DE\",\"@id\":\"https:\/\/www.burleytools.com\/#\/schema\/logo\/image\/\",\"url\":\"https:\/\/www.burleytools.com\/wp-content\/uploads\/2023\/10\/logo.webp\",\"contentUrl\":\"https:\/\/www.burleytools.com\/wp-content\/uploads\/2023\/10\/logo.webp\",\"width\":165,\"height\":62,\"caption\":\"BURLEY\"},\"image\":{\"@id\":\"https:\/\/www.burleytools.com\/#\/schema\/logo\/image\/\"}}]}<\/script>\n<!-- \/ Yoast SEO Premium plugin. -->","yoast_head_json":{"title":"600W\/710W Adjustable Speed Drywall Sander With LED Light-R7236 - BURLEY","robots":{"index":"index","follow":"follow","max-snippet":"max-snippet:-1","max-image-preview":"max-image-preview:large","max-video-preview":"max-video-preview:-1"},"canonical":"https:\/\/www.burleytools.com\/de\/produkt\/600-w-710-w-trockenbauschleifer-mit-einstellbarer-geschwindigkeit-und-led-licht-r7236\/","og_locale":"de_DE","og_type":"article","og_title":"600W\/710W Adjustable Speed Drywall Sander With LED Light-R7236","og_description":"\u25cf LONG-REACH SANDER  \u25cf SATISFYING LIFETIME  \u25cf FRONT-POSITIONED MOTOR  \u25cf","og_url":"https:\/\/www.burleytools.com\/de\/produkt\/600-w-710-w-trockenbauschleifer-mit-einstellbarer-geschwindigkeit-und-led-licht-r7236\/","og_site_name":"BURLEY","article_modified_time":"2024-08-20T07:29:04+00:00","og_image":[{"width":700,"height":700,"url":"https:\/\/www.burleytools.com\/wp-content\/uploads\/2024\/05\/1607579734250726-1.jpg","type":"image\/jpeg"}],"twitter_card":"summary_large_image","twitter_misc":{"Gesch\u00e4tzte Lesezeit":"2 Minuten"},"schema":{"@context":"https:\/\/schema.org","@graph":[{"@type":"WebPage","@id":"https:\/\/www.burleytools.com\/product\/600w-710w-adjustable-speed-drywall-sander-with-led-light-r7236\/","url":"https:\/\/www.burleytools.com\/product\/600w-710w-adjustable-speed-drywall-sander-with-led-light-r7236\/","name":"600W\/710W Adjustable Speed Drywall Sander With LED Light-R7236 - BURLEY","isPartOf":{"@id":"https:\/\/www.burleytools.com\/#website"},"primaryImageOfPage":{"@id":"https:\/\/www.burleytools.com\/product\/600w-710w-adjustable-speed-drywall-sander-with-led-light-r7236\/#primaryimage"},"image":{"@id":"https:\/\/www.burleytools.com\/product\/600w-710w-adjustable-speed-drywall-sander-with-led-light-r7236\/#primaryimage"},"thumbnailUrl":"https:\/\/www.burleytools.com\/wp-content\/uploads\/2024\/05\/1607579734250726-1.jpg","datePublished":"2024-05-09T07:46:17+00:00","dateModified":"2024-08-20T07:29:04+00:00","breadcrumb":{"@id":"https:\/\/www.burleytools.com\/product\/600w-710w-adjustable-speed-drywall-sander-with-led-light-r7236\/#breadcrumb"},"inLanguage":"de-DE","potentialAction":[{"@type":"ReadAction","target":["https:\/\/www.burleytools.com\/product\/600w-710w-adjustable-speed-drywall-sander-with-led-light-r7236\/"]}]},{"@type":"ImageObject","inLanguage":"de-DE","@id":"https:\/\/www.burleytools.com\/product\/600w-710w-adjustable-speed-drywall-sander-with-led-light-r7236\/#primaryimage","url":"https:\/\/www.burleytools.com\/wp-content\/uploads\/2024\/05\/1607579734250726-1.jpg","contentUrl":"https:\/\/www.burleytools.com\/wp-content\/uploads\/2024\/05\/1607579734250726-1.jpg","width":700,"height":700},{"@type":"BreadcrumbList","@id":"https:\/\/www.burleytools.com\/product\/600w-710w-adjustable-speed-drywall-sander-with-led-light-r7236\/#breadcrumb","itemListElement":[{"@type":"ListItem","position":1,"name":"Home","item":"https:\/\/www.burleytools.com\/"},{"@type":"ListItem","position":2,"name":"Products","item":"https:\/\/www.burleytools.com\/products\/"},{"@type":"ListItem","position":3,"name":"600W\/710W Adjustable Speed Drywall Sander With LED Light-R7236"}]},{"@type":"WebSite","@id":"https:\/\/www.burleytools.com\/#website","url":"https:\/\/www.burleytools.com\/","name":"BURLEY","description":"","publisher":{"@id":"https:\/\/www.burleytools.com\/#organization"},"potentialAction":[{"@type":"SearchAction","target":{"@type":"EntryPoint","urlTemplate":"https:\/\/www.burleytools.com\/?s={search_term_string}"},"query-input":"required name=search_term_string"}],"inLanguage":"de-DE"},{"@type":"Organization","@id":"https:\/\/www.burleytools.com\/#organization","name":"BURLEY","url":"https:\/\/www.burleytools.com\/","logo":{"@type":"ImageObject","inLanguage":"de-DE","@id":"https:\/\/www.burleytools.com\/#\/schema\/logo\/image\/","url":"https:\/\/www.burleytools.com\/wp-content\/uploads\/2023\/10\/logo.webp","contentUrl":"https:\/\/www.burleytools.com\/wp-content\/uploads\/2023\/10\/logo.webp","width":165,"height":62,"caption":"BURLEY"},"image":{"@id":"https:\/\/www.burleytools.com\/#\/schema\/logo\/image\/"}}]}},"_links":{"self":[{"href":"https:\/\/www.burleytools.com\/de\/wp-json\/wp\/v2\/product\/1034"}],"collection":[{"href":"https:\/\/www.burleytools.com\/de\/wp-json\/wp\/v2\/product"}],"about":[{"href":"https:\/\/www.burleytools.com\/de\/wp-json\/wp\/v2\/types\/product"}],"wp:featuredmedia":[{"embeddable":true,"href":"https:\/\/www.burleytools.com\/de\/wp-json\/wp\/v2\/media\/1033"}],"wp:attachment":[{"href":"https:\/\/www.burleytools.com\/de\/wp-json\/wp\/v2\/media?parent=1034"}],"wp:term":[{"taxonomy":"product_cat","embeddable":true,"href":"https:\/\/www.burleytools.com\/de\/wp-json\/wp\/v2\/product_cat?post=1034"},{"taxonomy":"product_tag","embeddable":true,"href":"https:\/\/www.burleytools.com\/de\/wp-json\/wp\/v2\/product_tag?post=1034"}],"curies":[{"name":"wp","href":"https:\/\/api.w.org\/{rel}","templated":true}]}}