{"id":2693,"date":"2024-08-15T06:32:18","date_gmt":"2024-08-15T06:32:18","guid":{"rendered":"https:\/\/www.burleytools.com\/?post_type=product&#038;p=2693"},"modified":"2024-09-06T03:39:14","modified_gmt":"2024-09-06T03:39:14","slug":"710w-electric-dual-action-polisher-random-orbital-car-polisher-with-15mm-21mm-orbital-size","status":"publish","type":"product","link":"https:\/\/www.burleytools.com\/de\/produkt\/710-w-elektrischer-dual-action-polierer-exzenter-autopolierer-mit-15-mm-und-21-mm-orbitalgrose\/","title":{"rendered":"710W Elektrischer Dual-Action-Polierer Exzenterpolierer f\u00fcr Autos mit 15mm\/21mm Orbitalgr\u00f6\u00dfe"},"content":{"rendered":"","protected":false},"excerpt":{"rendered":"<ul>\n<li>Professionell entwickeltes Antriebssystem sorgt f\u00fcr geringere Ger\u00e4uschentwicklung und h\u00f6here Leistung.<\/li>\n<li>Gr\u00f6\u00dferer Exzenterdurchmesser (21 mm) f\u00fcr h\u00f6here Effizienz und bessere Polierergebnisse.<\/li>\n<li>Der Sanftanlauf verhindert einen unkontrollierten Start, w\u00e4hrend die Konstantdrehzahlregelung die Geschwindigkeit bei unterschiedlicher Belastung konstant h\u00e4lt.<\/li>\n<li>Der Ein-\/Ausschalter mit Geschwindigkeitsregulierung durch Dr\u00fccken der Taste<\/li>\n<li><img decoding=\"async\" style=\"width: 180px; height: 27px;\" title=\"4\" src=\"\/wp-content\/uploads\/2024\/05\/1606975649218025.png\" alt=\"4\" width=\"180\" height=\"27\" border=\"0\" vspace=\"0\" \/><\/li>\n<\/ul>","protected":false},"featured_media":2695,"template":"","meta":{"_acf_changed":false,"_mi_skip_tracking":false,"_monsterinsights_sitenote_active":false,"_monsterinsights_sitenote_note":"","_monsterinsights_sitenote_category":0},"product_cat":[25,89],"product_tag":[],"class_list":{"0":"post-2693","1":"product","2":"type-product","3":"status-publish","4":"has-post-thumbnail","6":"product_cat-automotive","7":"product_cat-electric-polisher","9":"first","10":"instock","11":"shipping-taxable","12":"product-type-simple"},"acf":[],"yoast_head":"<!-- This site is optimized with the Yoast SEO Premium plugin v21.6 (Yoast SEO v22.3) - https:\/\/yoast.com\/wordpress\/plugins\/seo\/ -->\n<title>710W Electric Dual Action Polisher Random Orbital Car Polisher With 15mm\/21mm orbital size - BURLEY<\/title>\n<meta name=\"robots\" content=\"index, follow, max-snippet:-1, max-image-preview:large, max-video-preview:-1\" \/>\n<link rel=\"canonical\" href=\"https:\/\/www.burleytools.com\/de\/produkt\/710-w-elektrischer-dual-action-polierer-exzenter-autopolierer-mit-15-mm-und-21-mm-orbitalgrose\/\" \/>\n<meta property=\"og:locale\" content=\"de_DE\" \/>\n<meta property=\"og:type\" content=\"article\" \/>\n<meta property=\"og:title\" content=\"710W Electric Dual Action Polisher Random Orbital Car Polisher With 15mm\/21mm orbital size\" \/>\n<meta property=\"og:description\" content=\"Professionally designed driving system realizeslower noise and stronger power.  Bigger eccentric diameter (21mm) to realizehigher effciency and better polishing results.  Soft start prevents uncontrolled start whileconstant speed control maintains same speedunder different loadings.  The on-off switch with speed adjustablefunction by pressing the button\" \/>\n<meta property=\"og:url\" content=\"https:\/\/www.burleytools.com\/de\/produkt\/710-w-elektrischer-dual-action-polierer-exzenter-autopolierer-mit-15-mm-und-21-mm-orbitalgrose\/\" \/>\n<meta property=\"og:site_name\" content=\"BURLEY\" \/>\n<meta property=\"article:modified_time\" content=\"2024-09-06T03:39:14+00:00\" \/>\n<meta property=\"og:image\" content=\"https:\/\/www.burleytools.com\/wp-content\/uploads\/2024\/08\/A7175-A7176.jpg\" \/>\n\t<meta property=\"og:image:width\" content=\"1000\" \/>\n\t<meta property=\"og:image:height\" content=\"1000\" \/>\n\t<meta property=\"og:image:type\" content=\"image\/jpeg\" \/>\n<meta name=\"twitter:card\" content=\"summary_large_image\" \/>\n<meta name=\"twitter:label1\" content=\"Gesch\u00e4tzte Lesezeit\" \/>\n\t<meta name=\"twitter:data1\" content=\"1 Minute\" \/>\n<script type=\"application\/ld+json\" class=\"yoast-schema-graph\">{\"@context\":\"https:\/\/schema.org\",\"@graph\":[{\"@type\":\"WebPage\",\"@id\":\"https:\/\/www.burleytools.com\/product\/710w-electric-dual-action-polisher-random-orbital-car-polisher-with-15mm-21mm-orbital-size\/\",\"url\":\"https:\/\/www.burleytools.com\/product\/710w-electric-dual-action-polisher-random-orbital-car-polisher-with-15mm-21mm-orbital-size\/\",\"name\":\"710W Electric Dual Action Polisher Random Orbital Car Polisher With 15mm\/21mm orbital size - BURLEY\",\"isPartOf\":{\"@id\":\"https:\/\/www.burleytools.com\/#website\"},\"primaryImageOfPage\":{\"@id\":\"https:\/\/www.burleytools.com\/product\/710w-electric-dual-action-polisher-random-orbital-car-polisher-with-15mm-21mm-orbital-size\/#primaryimage\"},\"image\":{\"@id\":\"https:\/\/www.burleytools.com\/product\/710w-electric-dual-action-polisher-random-orbital-car-polisher-with-15mm-21mm-orbital-size\/#primaryimage\"},\"thumbnailUrl\":\"https:\/\/www.burleytools.com\/wp-content\/uploads\/2024\/08\/A7175-A7176.jpg\",\"datePublished\":\"2024-08-15T06:32:18+00:00\",\"dateModified\":\"2024-09-06T03:39:14+00:00\",\"breadcrumb\":{\"@id\":\"https:\/\/www.burleytools.com\/product\/710w-electric-dual-action-polisher-random-orbital-car-polisher-with-15mm-21mm-orbital-size\/#breadcrumb\"},\"inLanguage\":\"de-DE\",\"potentialAction\":[{\"@type\":\"ReadAction\",\"target\":[\"https:\/\/www.burleytools.com\/product\/710w-electric-dual-action-polisher-random-orbital-car-polisher-with-15mm-21mm-orbital-size\/\"]}]},{\"@type\":\"ImageObject\",\"inLanguage\":\"de-DE\",\"@id\":\"https:\/\/www.burleytools.com\/product\/710w-electric-dual-action-polisher-random-orbital-car-polisher-with-15mm-21mm-orbital-size\/#primaryimage\",\"url\":\"https:\/\/www.burleytools.com\/wp-content\/uploads\/2024\/08\/A7175-A7176.jpg\",\"contentUrl\":\"https:\/\/www.burleytools.com\/wp-content\/uploads\/2024\/08\/A7175-A7176.jpg\",\"width\":1000,\"height\":1000},{\"@type\":\"BreadcrumbList\",\"@id\":\"https:\/\/www.burleytools.com\/product\/710w-electric-dual-action-polisher-random-orbital-car-polisher-with-15mm-21mm-orbital-size\/#breadcrumb\",\"itemListElement\":[{\"@type\":\"ListItem\",\"position\":1,\"name\":\"Home\",\"item\":\"https:\/\/www.burleytools.com\/\"},{\"@type\":\"ListItem\",\"position\":2,\"name\":\"Products\",\"item\":\"https:\/\/www.burleytools.com\/products\/\"},{\"@type\":\"ListItem\",\"position\":3,\"name\":\"710W Electric Dual Action Polisher Random Orbital Car Polisher With 15mm\/21mm orbital size\"}]},{\"@type\":\"WebSite\",\"@id\":\"https:\/\/www.burleytools.com\/#website\",\"url\":\"https:\/\/www.burleytools.com\/\",\"name\":\"BURLEY\",\"description\":\"\",\"publisher\":{\"@id\":\"https:\/\/www.burleytools.com\/#organization\"},\"potentialAction\":[{\"@type\":\"SearchAction\",\"target\":{\"@type\":\"EntryPoint\",\"urlTemplate\":\"https:\/\/www.burleytools.com\/?s={search_term_string}\"},\"query-input\":\"required name=search_term_string\"}],\"inLanguage\":\"de-DE\"},{\"@type\":\"Organization\",\"@id\":\"https:\/\/www.burleytools.com\/#organization\",\"name\":\"BURLEY\",\"url\":\"https:\/\/www.burleytools.com\/\",\"logo\":{\"@type\":\"ImageObject\",\"inLanguage\":\"de-DE\",\"@id\":\"https:\/\/www.burleytools.com\/#\/schema\/logo\/image\/\",\"url\":\"https:\/\/www.burleytools.com\/wp-content\/uploads\/2023\/10\/logo.webp\",\"contentUrl\":\"https:\/\/www.burleytools.com\/wp-content\/uploads\/2023\/10\/logo.webp\",\"width\":165,\"height\":62,\"caption\":\"BURLEY\"},\"image\":{\"@id\":\"https:\/\/www.burleytools.com\/#\/schema\/logo\/image\/\"}}]}<\/script>\n<!-- \/ Yoast SEO Premium plugin. -->","yoast_head_json":{"title":"710W Electric Dual Action Polisher Random Orbital Car Polisher With 15mm\/21mm orbital size - BURLEY","robots":{"index":"index","follow":"follow","max-snippet":"max-snippet:-1","max-image-preview":"max-image-preview:large","max-video-preview":"max-video-preview:-1"},"canonical":"https:\/\/www.burleytools.com\/de\/produkt\/710-w-elektrischer-dual-action-polierer-exzenter-autopolierer-mit-15-mm-und-21-mm-orbitalgrose\/","og_locale":"de_DE","og_type":"article","og_title":"710W Electric Dual Action Polisher Random Orbital Car Polisher With 15mm\/21mm orbital size","og_description":"Professionally designed driving system realizeslower noise and stronger power.  Bigger eccentric diameter (21mm) to realizehigher effciency and better polishing results.  Soft start prevents uncontrolled start whileconstant speed control maintains same speedunder different loadings.  The on-off switch with speed adjustablefunction by pressing the button","og_url":"https:\/\/www.burleytools.com\/de\/produkt\/710-w-elektrischer-dual-action-polierer-exzenter-autopolierer-mit-15-mm-und-21-mm-orbitalgrose\/","og_site_name":"BURLEY","article_modified_time":"2024-09-06T03:39:14+00:00","og_image":[{"width":1000,"height":1000,"url":"https:\/\/www.burleytools.com\/wp-content\/uploads\/2024\/08\/A7175-A7176.jpg","type":"image\/jpeg"}],"twitter_card":"summary_large_image","twitter_misc":{"Gesch\u00e4tzte Lesezeit":"1 Minute"},"schema":{"@context":"https:\/\/schema.org","@graph":[{"@type":"WebPage","@id":"https:\/\/www.burleytools.com\/product\/710w-electric-dual-action-polisher-random-orbital-car-polisher-with-15mm-21mm-orbital-size\/","url":"https:\/\/www.burleytools.com\/product\/710w-electric-dual-action-polisher-random-orbital-car-polisher-with-15mm-21mm-orbital-size\/","name":"710W Electric Dual Action Polisher Random Orbital Car Polisher With 15mm\/21mm orbital size - BURLEY","isPartOf":{"@id":"https:\/\/www.burleytools.com\/#website"},"primaryImageOfPage":{"@id":"https:\/\/www.burleytools.com\/product\/710w-electric-dual-action-polisher-random-orbital-car-polisher-with-15mm-21mm-orbital-size\/#primaryimage"},"image":{"@id":"https:\/\/www.burleytools.com\/product\/710w-electric-dual-action-polisher-random-orbital-car-polisher-with-15mm-21mm-orbital-size\/#primaryimage"},"thumbnailUrl":"https:\/\/www.burleytools.com\/wp-content\/uploads\/2024\/08\/A7175-A7176.jpg","datePublished":"2024-08-15T06:32:18+00:00","dateModified":"2024-09-06T03:39:14+00:00","breadcrumb":{"@id":"https:\/\/www.burleytools.com\/product\/710w-electric-dual-action-polisher-random-orbital-car-polisher-with-15mm-21mm-orbital-size\/#breadcrumb"},"inLanguage":"de-DE","potentialAction":[{"@type":"ReadAction","target":["https:\/\/www.burleytools.com\/product\/710w-electric-dual-action-polisher-random-orbital-car-polisher-with-15mm-21mm-orbital-size\/"]}]},{"@type":"ImageObject","inLanguage":"de-DE","@id":"https:\/\/www.burleytools.com\/product\/710w-electric-dual-action-polisher-random-orbital-car-polisher-with-15mm-21mm-orbital-size\/#primaryimage","url":"https:\/\/www.burleytools.com\/wp-content\/uploads\/2024\/08\/A7175-A7176.jpg","contentUrl":"https:\/\/www.burleytools.com\/wp-content\/uploads\/2024\/08\/A7175-A7176.jpg","width":1000,"height":1000},{"@type":"BreadcrumbList","@id":"https:\/\/www.burleytools.com\/product\/710w-electric-dual-action-polisher-random-orbital-car-polisher-with-15mm-21mm-orbital-size\/#breadcrumb","itemListElement":[{"@type":"ListItem","position":1,"name":"Home","item":"https:\/\/www.burleytools.com\/"},{"@type":"ListItem","position":2,"name":"Products","item":"https:\/\/www.burleytools.com\/products\/"},{"@type":"ListItem","position":3,"name":"710W Electric Dual Action Polisher Random Orbital Car Polisher With 15mm\/21mm orbital size"}]},{"@type":"WebSite","@id":"https:\/\/www.burleytools.com\/#website","url":"https:\/\/www.burleytools.com\/","name":"BURLEY","description":"","publisher":{"@id":"https:\/\/www.burleytools.com\/#organization"},"potentialAction":[{"@type":"SearchAction","target":{"@type":"EntryPoint","urlTemplate":"https:\/\/www.burleytools.com\/?s={search_term_string}"},"query-input":"required name=search_term_string"}],"inLanguage":"de-DE"},{"@type":"Organization","@id":"https:\/\/www.burleytools.com\/#organization","name":"BURLEY","url":"https:\/\/www.burleytools.com\/","logo":{"@type":"ImageObject","inLanguage":"de-DE","@id":"https:\/\/www.burleytools.com\/#\/schema\/logo\/image\/","url":"https:\/\/www.burleytools.com\/wp-content\/uploads\/2023\/10\/logo.webp","contentUrl":"https:\/\/www.burleytools.com\/wp-content\/uploads\/2023\/10\/logo.webp","width":165,"height":62,"caption":"BURLEY"},"image":{"@id":"https:\/\/www.burleytools.com\/#\/schema\/logo\/image\/"}}]}},"_links":{"self":[{"href":"https:\/\/www.burleytools.com\/de\/wp-json\/wp\/v2\/product\/2693"}],"collection":[{"href":"https:\/\/www.burleytools.com\/de\/wp-json\/wp\/v2\/product"}],"about":[{"href":"https:\/\/www.burleytools.com\/de\/wp-json\/wp\/v2\/types\/product"}],"wp:featuredmedia":[{"embeddable":true,"href":"https:\/\/www.burleytools.com\/de\/wp-json\/wp\/v2\/media\/2695"}],"wp:attachment":[{"href":"https:\/\/www.burleytools.com\/de\/wp-json\/wp\/v2\/media?parent=2693"}],"wp:term":[{"taxonomy":"product_cat","embeddable":true,"href":"https:\/\/www.burleytools.com\/de\/wp-json\/wp\/v2\/product_cat?post=2693"},{"taxonomy":"product_tag","embeddable":true,"href":"https:\/\/www.burleytools.com\/de\/wp-json\/wp\/v2\/product_tag?post=2693"}],"curies":[{"name":"wp","href":"https:\/\/api.w.org\/{rel}","templated":true}]}}