{"id":2715,"date":"2024-08-15T06:59:12","date_gmt":"2024-08-15T06:59:12","guid":{"rendered":"https:\/\/www.burleytools.com\/product\/electric-brushless-orbital-sander-with-81100mm-square-sanding-pad-3mm-orbit-size\/"},"modified":"2024-09-06T06:49:59","modified_gmt":"2024-09-06T06:49:59","slug":"electric-brushless-orbital-sander-with-81100mm-square-sanding-pad-3mm-orbit-size","status":"publish","type":"product","link":"https:\/\/www.burleytools.com\/de\/produkt\/elektrischer-burstenloser-exzenterschleifer-mit-81100-mm-quadratischem-schleifteller-3-mm-schwingweite\/","title":{"rendered":"Elektrischer b\u00fcrstenloser Exzenterschleifer mit quadratischem Schleifpad 81 x 100 mm, 3 mm Orbitalgr\u00f6\u00dfe"},"content":{"rendered":"","protected":false},"excerpt":{"rendered":"<ul>\n<li><span class=\"fontstyle0\">Geringes Gewicht mit kompaktem Design f\u00fcr einfachen Transport, einfache Verwendung mit zwei H\u00e4nden f\u00fcr schwere Schleifarbeiten.<\/span><\/li>\n<li><span class=\"fontstyle0\">Durch die niedrige Bauweise haben Sie gute Kontrolle \u00fcber den Schleifvorgang, da Ihre Hand nahe an der Oberfl\u00e4che ist.<\/span><\/li>\n<li><span class=\"fontstyle0\">Staubfreies Schleifen durch Anschluss an den Staubsauger. <\/span><\/li>\n<li><span class=\"fontstyle0\">B\u00fcrstenloser Motor f\u00fcr deutlich l\u00e4ngere Lebensdauer, h\u00f6here Effizienz und geringere Ger\u00e4uschentwicklung.<\/span><\/li>\n<li><img decoding=\"async\" style=\"width: 180px; height: 27px;\" title=\"4\" src=\"\/wp-content\/uploads\/2024\/05\/1606975649218025.png\" alt=\"4\" width=\"180\" height=\"27\" border=\"0\" vspace=\"0\" \/><\/li>\n<\/ul>","protected":false},"featured_media":2792,"template":"","meta":{"_acf_changed":false,"_mi_skip_tracking":false,"_monsterinsights_sitenote_active":false,"_monsterinsights_sitenote_note":"","_monsterinsights_sitenote_category":0},"product_cat":[25,91],"product_tag":[],"class_list":{"0":"post-2715","1":"product","2":"type-product","3":"status-publish","4":"has-post-thumbnail","6":"product_cat-automotive","7":"product_cat-electric-orbial-sander","9":"first","10":"instock","11":"shipping-taxable","12":"product-type-simple"},"acf":[],"yoast_head":"<!-- This site is optimized with the Yoast SEO Premium plugin v21.6 (Yoast SEO v22.3) - https:\/\/yoast.com\/wordpress\/plugins\/seo\/ -->\n<title>Electric Brushless Orbital Sander With 81*100mm Square Sanding Pad 3mm orbit size - BURLEY<\/title>\n<meta name=\"robots\" content=\"index, follow, max-snippet:-1, max-image-preview:large, max-video-preview:-1\" \/>\n<link rel=\"canonical\" href=\"https:\/\/www.burleytools.com\/de\/produkt\/elektrischer-burstenloser-exzenterschleifer-mit-81100-mm-quadratischem-schleifteller-3-mm-schwingweite\/\" \/>\n<meta property=\"og:locale\" content=\"de_DE\" \/>\n<meta property=\"og:type\" content=\"article\" \/>\n<meta property=\"og:title\" content=\"Electric Brushless Orbital Sander With 81*100mm Square Sanding Pad 3mm orbit size\" \/>\n<meta property=\"og:description\" content=\"Light weight with compact design for easy to move around, easily use by 2 hands for heavy sanding applications.  The low design gives you good control over the sanding process since your hand is close to the surface.  Dustless sanding to be realized by connecting to the vacuum cleaner.   Brushless motor for much longer life time,higher efficiency and lower noise.\" \/>\n<meta property=\"og:url\" content=\"https:\/\/www.burleytools.com\/de\/produkt\/elektrischer-burstenloser-exzenterschleifer-mit-81100-mm-quadratischem-schleifteller-3-mm-schwingweite\/\" \/>\n<meta property=\"og:site_name\" content=\"BURLEY\" \/>\n<meta property=\"article:modified_time\" content=\"2024-09-06T06:49:59+00:00\" \/>\n<meta property=\"og:image\" content=\"https:\/\/www.burleytools.com\/wp-content\/uploads\/2024\/08\/R7310-1.jpg\" \/>\n\t<meta property=\"og:image:width\" content=\"1000\" \/>\n\t<meta property=\"og:image:height\" content=\"1000\" \/>\n\t<meta property=\"og:image:type\" content=\"image\/jpeg\" \/>\n<meta name=\"twitter:card\" content=\"summary_large_image\" \/>\n<meta name=\"twitter:label1\" content=\"Gesch\u00e4tzte Lesezeit\" \/>\n\t<meta name=\"twitter:data1\" content=\"1 Minute\" \/>\n<script type=\"application\/ld+json\" class=\"yoast-schema-graph\">{\"@context\":\"https:\/\/schema.org\",\"@graph\":[{\"@type\":\"WebPage\",\"@id\":\"https:\/\/www.burleytools.com\/product\/electric-brushless-orbital-sander-with-81100mm-square-sanding-pad-3mm-orbit-size\/\",\"url\":\"https:\/\/www.burleytools.com\/product\/electric-brushless-orbital-sander-with-81100mm-square-sanding-pad-3mm-orbit-size\/\",\"name\":\"Electric Brushless Orbital Sander With 81*100mm Square Sanding Pad 3mm orbit size - BURLEY\",\"isPartOf\":{\"@id\":\"https:\/\/www.burleytools.com\/#website\"},\"primaryImageOfPage\":{\"@id\":\"https:\/\/www.burleytools.com\/product\/electric-brushless-orbital-sander-with-81100mm-square-sanding-pad-3mm-orbit-size\/#primaryimage\"},\"image\":{\"@id\":\"https:\/\/www.burleytools.com\/product\/electric-brushless-orbital-sander-with-81100mm-square-sanding-pad-3mm-orbit-size\/#primaryimage\"},\"thumbnailUrl\":\"https:\/\/www.burleytools.com\/wp-content\/uploads\/2024\/08\/R7310-1.jpg\",\"datePublished\":\"2024-08-15T06:59:12+00:00\",\"dateModified\":\"2024-09-06T06:49:59+00:00\",\"breadcrumb\":{\"@id\":\"https:\/\/www.burleytools.com\/product\/electric-brushless-orbital-sander-with-81100mm-square-sanding-pad-3mm-orbit-size\/#breadcrumb\"},\"inLanguage\":\"de-DE\",\"potentialAction\":[{\"@type\":\"ReadAction\",\"target\":[\"https:\/\/www.burleytools.com\/product\/electric-brushless-orbital-sander-with-81100mm-square-sanding-pad-3mm-orbit-size\/\"]}]},{\"@type\":\"ImageObject\",\"inLanguage\":\"de-DE\",\"@id\":\"https:\/\/www.burleytools.com\/product\/electric-brushless-orbital-sander-with-81100mm-square-sanding-pad-3mm-orbit-size\/#primaryimage\",\"url\":\"https:\/\/www.burleytools.com\/wp-content\/uploads\/2024\/08\/R7310-1.jpg\",\"contentUrl\":\"https:\/\/www.burleytools.com\/wp-content\/uploads\/2024\/08\/R7310-1.jpg\",\"width\":1000,\"height\":1000},{\"@type\":\"BreadcrumbList\",\"@id\":\"https:\/\/www.burleytools.com\/product\/electric-brushless-orbital-sander-with-81100mm-square-sanding-pad-3mm-orbit-size\/#breadcrumb\",\"itemListElement\":[{\"@type\":\"ListItem\",\"position\":1,\"name\":\"Home\",\"item\":\"https:\/\/www.burleytools.com\/\"},{\"@type\":\"ListItem\",\"position\":2,\"name\":\"Products\",\"item\":\"https:\/\/www.burleytools.com\/products\/\"},{\"@type\":\"ListItem\",\"position\":3,\"name\":\"Electric Brushless Orbital Sander With 81*100mm Square Sanding Pad 3mm orbit size\"}]},{\"@type\":\"WebSite\",\"@id\":\"https:\/\/www.burleytools.com\/#website\",\"url\":\"https:\/\/www.burleytools.com\/\",\"name\":\"BURLEY\",\"description\":\"\",\"publisher\":{\"@id\":\"https:\/\/www.burleytools.com\/#organization\"},\"potentialAction\":[{\"@type\":\"SearchAction\",\"target\":{\"@type\":\"EntryPoint\",\"urlTemplate\":\"https:\/\/www.burleytools.com\/?s={search_term_string}\"},\"query-input\":\"required name=search_term_string\"}],\"inLanguage\":\"de-DE\"},{\"@type\":\"Organization\",\"@id\":\"https:\/\/www.burleytools.com\/#organization\",\"name\":\"BURLEY\",\"url\":\"https:\/\/www.burleytools.com\/\",\"logo\":{\"@type\":\"ImageObject\",\"inLanguage\":\"de-DE\",\"@id\":\"https:\/\/www.burleytools.com\/#\/schema\/logo\/image\/\",\"url\":\"https:\/\/www.burleytools.com\/wp-content\/uploads\/2023\/10\/logo.webp\",\"contentUrl\":\"https:\/\/www.burleytools.com\/wp-content\/uploads\/2023\/10\/logo.webp\",\"width\":165,\"height\":62,\"caption\":\"BURLEY\"},\"image\":{\"@id\":\"https:\/\/www.burleytools.com\/#\/schema\/logo\/image\/\"}}]}<\/script>\n<!-- \/ Yoast SEO Premium plugin. -->","yoast_head_json":{"title":"Electric Brushless Orbital Sander With 81*100mm Square Sanding Pad 3mm orbit size - BURLEY","robots":{"index":"index","follow":"follow","max-snippet":"max-snippet:-1","max-image-preview":"max-image-preview:large","max-video-preview":"max-video-preview:-1"},"canonical":"https:\/\/www.burleytools.com\/de\/produkt\/elektrischer-burstenloser-exzenterschleifer-mit-81100-mm-quadratischem-schleifteller-3-mm-schwingweite\/","og_locale":"de_DE","og_type":"article","og_title":"Electric Brushless Orbital Sander With 81*100mm Square Sanding Pad 3mm orbit size","og_description":"Light weight with compact design for easy to move around, easily use by 2 hands for heavy sanding applications.  The low design gives you good control over the sanding process since your hand is close to the surface.  Dustless sanding to be realized by connecting to the vacuum cleaner.   Brushless motor for much longer life time,higher efficiency and lower noise.","og_url":"https:\/\/www.burleytools.com\/de\/produkt\/elektrischer-burstenloser-exzenterschleifer-mit-81100-mm-quadratischem-schleifteller-3-mm-schwingweite\/","og_site_name":"BURLEY","article_modified_time":"2024-09-06T06:49:59+00:00","og_image":[{"width":1000,"height":1000,"url":"https:\/\/www.burleytools.com\/wp-content\/uploads\/2024\/08\/R7310-1.jpg","type":"image\/jpeg"}],"twitter_card":"summary_large_image","twitter_misc":{"Gesch\u00e4tzte Lesezeit":"1 Minute"},"schema":{"@context":"https:\/\/schema.org","@graph":[{"@type":"WebPage","@id":"https:\/\/www.burleytools.com\/product\/electric-brushless-orbital-sander-with-81100mm-square-sanding-pad-3mm-orbit-size\/","url":"https:\/\/www.burleytools.com\/product\/electric-brushless-orbital-sander-with-81100mm-square-sanding-pad-3mm-orbit-size\/","name":"Electric Brushless Orbital Sander With 81*100mm Square Sanding Pad 3mm orbit size - BURLEY","isPartOf":{"@id":"https:\/\/www.burleytools.com\/#website"},"primaryImageOfPage":{"@id":"https:\/\/www.burleytools.com\/product\/electric-brushless-orbital-sander-with-81100mm-square-sanding-pad-3mm-orbit-size\/#primaryimage"},"image":{"@id":"https:\/\/www.burleytools.com\/product\/electric-brushless-orbital-sander-with-81100mm-square-sanding-pad-3mm-orbit-size\/#primaryimage"},"thumbnailUrl":"https:\/\/www.burleytools.com\/wp-content\/uploads\/2024\/08\/R7310-1.jpg","datePublished":"2024-08-15T06:59:12+00:00","dateModified":"2024-09-06T06:49:59+00:00","breadcrumb":{"@id":"https:\/\/www.burleytools.com\/product\/electric-brushless-orbital-sander-with-81100mm-square-sanding-pad-3mm-orbit-size\/#breadcrumb"},"inLanguage":"de-DE","potentialAction":[{"@type":"ReadAction","target":["https:\/\/www.burleytools.com\/product\/electric-brushless-orbital-sander-with-81100mm-square-sanding-pad-3mm-orbit-size\/"]}]},{"@type":"ImageObject","inLanguage":"de-DE","@id":"https:\/\/www.burleytools.com\/product\/electric-brushless-orbital-sander-with-81100mm-square-sanding-pad-3mm-orbit-size\/#primaryimage","url":"https:\/\/www.burleytools.com\/wp-content\/uploads\/2024\/08\/R7310-1.jpg","contentUrl":"https:\/\/www.burleytools.com\/wp-content\/uploads\/2024\/08\/R7310-1.jpg","width":1000,"height":1000},{"@type":"BreadcrumbList","@id":"https:\/\/www.burleytools.com\/product\/electric-brushless-orbital-sander-with-81100mm-square-sanding-pad-3mm-orbit-size\/#breadcrumb","itemListElement":[{"@type":"ListItem","position":1,"name":"Home","item":"https:\/\/www.burleytools.com\/"},{"@type":"ListItem","position":2,"name":"Products","item":"https:\/\/www.burleytools.com\/products\/"},{"@type":"ListItem","position":3,"name":"Electric Brushless Orbital Sander With 81*100mm Square Sanding Pad 3mm orbit size"}]},{"@type":"WebSite","@id":"https:\/\/www.burleytools.com\/#website","url":"https:\/\/www.burleytools.com\/","name":"BURLEY","description":"","publisher":{"@id":"https:\/\/www.burleytools.com\/#organization"},"potentialAction":[{"@type":"SearchAction","target":{"@type":"EntryPoint","urlTemplate":"https:\/\/www.burleytools.com\/?s={search_term_string}"},"query-input":"required name=search_term_string"}],"inLanguage":"de-DE"},{"@type":"Organization","@id":"https:\/\/www.burleytools.com\/#organization","name":"BURLEY","url":"https:\/\/www.burleytools.com\/","logo":{"@type":"ImageObject","inLanguage":"de-DE","@id":"https:\/\/www.burleytools.com\/#\/schema\/logo\/image\/","url":"https:\/\/www.burleytools.com\/wp-content\/uploads\/2023\/10\/logo.webp","contentUrl":"https:\/\/www.burleytools.com\/wp-content\/uploads\/2023\/10\/logo.webp","width":165,"height":62,"caption":"BURLEY"},"image":{"@id":"https:\/\/www.burleytools.com\/#\/schema\/logo\/image\/"}}]}},"_links":{"self":[{"href":"https:\/\/www.burleytools.com\/de\/wp-json\/wp\/v2\/product\/2715"}],"collection":[{"href":"https:\/\/www.burleytools.com\/de\/wp-json\/wp\/v2\/product"}],"about":[{"href":"https:\/\/www.burleytools.com\/de\/wp-json\/wp\/v2\/types\/product"}],"wp:featuredmedia":[{"embeddable":true,"href":"https:\/\/www.burleytools.com\/de\/wp-json\/wp\/v2\/media\/2792"}],"wp:attachment":[{"href":"https:\/\/www.burleytools.com\/de\/wp-json\/wp\/v2\/media?parent=2715"}],"wp:term":[{"taxonomy":"product_cat","embeddable":true,"href":"https:\/\/www.burleytools.com\/de\/wp-json\/wp\/v2\/product_cat?post=2715"},{"taxonomy":"product_tag","embeddable":true,"href":"https:\/\/www.burleytools.com\/de\/wp-json\/wp\/v2\/product_tag?post=2715"}],"curies":[{"name":"wp","href":"https:\/\/api.w.org\/{rel}","templated":true}]}}