{"id":2748,"date":"2024-08-15T06:59:24","date_gmt":"2024-08-15T06:59:24","guid":{"rendered":"https:\/\/www.burleytools.com\/product\/3000w-electric-wall-chaser-grooving-cutting-machine\/"},"modified":"2024-09-06T03:06:48","modified_gmt":"2024-09-06T03:06:48","slug":"3000w-electric-wall-chaser-grooving-cutting-machine","status":"publish","type":"product","link":"https:\/\/www.burleytools.com\/de\/produkt\/3000-w-elektrische-mauernutfrase\/","title":{"rendered":"3000 W elektrische Mauernutfr\u00e4se"},"content":{"rendered":"","protected":false},"excerpt":{"rendered":"<ul>\n<li>Spindelverriegelungstaste f\u00fcr einfachen Scheibenwechsel.<\/li>\n<li>Vollst\u00e4ndig einstellbarer Schnellverschlussschutz.<\/li>\n<li>Betriebsanzeige aus Sicherheitsgr\u00fcnden.<\/li>\n<li>Softgrip f\u00fcr komfortable Bedienung.<\/li>\n<li>Das b\u00fcrstenlose System sorgt f\u00fcr mehr Leistung, eine deutlich l\u00e4ngere Lebensdauer, h\u00f6here Effizienz und geringere Ger\u00e4uschentwicklung.<\/li>\n<li><img decoding=\"async\" style=\"width: 180px; height: 27px;\" title=\"4\" src=\"\/wp-content\/uploads\/2024\/05\/1606975649218025.png\" alt=\"4\" width=\"180\" height=\"27\" border=\"0\" vspace=\"0\" \/><\/li>\n<\/ul>","protected":false},"featured_media":2747,"template":"","meta":{"_acf_changed":false,"_mi_skip_tracking":false,"_monsterinsights_sitenote_active":false,"_monsterinsights_sitenote_note":"","_monsterinsights_sitenote_category":0},"product_cat":[33,28],"product_tag":[],"class_list":{"0":"post-2748","1":"product","2":"type-product","3":"status-publish","4":"has-post-thumbnail","6":"product_cat-cutting-machine","7":"product_cat-general-power-tools","9":"first","10":"instock","11":"shipping-taxable","12":"product-type-simple"},"acf":[],"yoast_head":"<!-- This site is optimized with the Yoast SEO Premium plugin v21.6 (Yoast SEO v22.3) - https:\/\/yoast.com\/wordpress\/plugins\/seo\/ -->\n<title>3000W Electric Wall Chaser Grooving Cutting Machine - BURLEY<\/title>\n<meta name=\"robots\" content=\"index, follow, max-snippet:-1, max-image-preview:large, max-video-preview:-1\" \/>\n<link rel=\"canonical\" href=\"https:\/\/www.burleytools.com\/de\/produkt\/3000-w-elektrische-mauernutfrase\/\" \/>\n<meta property=\"og:locale\" content=\"de_DE\" \/>\n<meta property=\"og:type\" content=\"article\" \/>\n<meta property=\"og:title\" content=\"3000W Electric Wall Chaser Grooving Cutting Machine\" \/>\n<meta property=\"og:description\" content=\"Spindle lock button for easy disc change.  Fully adjustable quick release guard.  Power indicator for safety purpose.  Soft grip for comfortable operation.  Brushless system realizes stronger power,much longer life time,higher efficiency and lower noise.\" \/>\n<meta property=\"og:url\" content=\"https:\/\/www.burleytools.com\/de\/produkt\/3000-w-elektrische-mauernutfrase\/\" \/>\n<meta property=\"og:site_name\" content=\"BURLEY\" \/>\n<meta property=\"article:modified_time\" content=\"2024-09-06T03:06:48+00:00\" \/>\n<meta property=\"og:image\" content=\"https:\/\/www.burleytools.com\/wp-content\/uploads\/2024\/08\/R2403-1.jpg\" \/>\n\t<meta property=\"og:image:width\" content=\"1000\" \/>\n\t<meta property=\"og:image:height\" content=\"1000\" \/>\n\t<meta property=\"og:image:type\" content=\"image\/jpeg\" \/>\n<meta name=\"twitter:card\" content=\"summary_large_image\" \/>\n<meta name=\"twitter:label1\" content=\"Gesch\u00e4tzte Lesezeit\" \/>\n\t<meta name=\"twitter:data1\" content=\"1 Minute\" \/>\n<script type=\"application\/ld+json\" class=\"yoast-schema-graph\">{\"@context\":\"https:\/\/schema.org\",\"@graph\":[{\"@type\":\"WebPage\",\"@id\":\"https:\/\/www.burleytools.com\/product\/3000w-electric-wall-chaser-grooving-cutting-machine\/\",\"url\":\"https:\/\/www.burleytools.com\/product\/3000w-electric-wall-chaser-grooving-cutting-machine\/\",\"name\":\"3000W Electric Wall Chaser Grooving Cutting Machine - BURLEY\",\"isPartOf\":{\"@id\":\"https:\/\/www.burleytools.com\/#website\"},\"primaryImageOfPage\":{\"@id\":\"https:\/\/www.burleytools.com\/product\/3000w-electric-wall-chaser-grooving-cutting-machine\/#primaryimage\"},\"image\":{\"@id\":\"https:\/\/www.burleytools.com\/product\/3000w-electric-wall-chaser-grooving-cutting-machine\/#primaryimage\"},\"thumbnailUrl\":\"https:\/\/www.burleytools.com\/wp-content\/uploads\/2024\/08\/R2403-1.jpg\",\"datePublished\":\"2024-08-15T06:59:24+00:00\",\"dateModified\":\"2024-09-06T03:06:48+00:00\",\"breadcrumb\":{\"@id\":\"https:\/\/www.burleytools.com\/product\/3000w-electric-wall-chaser-grooving-cutting-machine\/#breadcrumb\"},\"inLanguage\":\"de-DE\",\"potentialAction\":[{\"@type\":\"ReadAction\",\"target\":[\"https:\/\/www.burleytools.com\/product\/3000w-electric-wall-chaser-grooving-cutting-machine\/\"]}]},{\"@type\":\"ImageObject\",\"inLanguage\":\"de-DE\",\"@id\":\"https:\/\/www.burleytools.com\/product\/3000w-electric-wall-chaser-grooving-cutting-machine\/#primaryimage\",\"url\":\"https:\/\/www.burleytools.com\/wp-content\/uploads\/2024\/08\/R2403-1.jpg\",\"contentUrl\":\"https:\/\/www.burleytools.com\/wp-content\/uploads\/2024\/08\/R2403-1.jpg\",\"width\":1000,\"height\":1000},{\"@type\":\"BreadcrumbList\",\"@id\":\"https:\/\/www.burleytools.com\/product\/3000w-electric-wall-chaser-grooving-cutting-machine\/#breadcrumb\",\"itemListElement\":[{\"@type\":\"ListItem\",\"position\":1,\"name\":\"Home\",\"item\":\"https:\/\/www.burleytools.com\/\"},{\"@type\":\"ListItem\",\"position\":2,\"name\":\"Products\",\"item\":\"https:\/\/www.burleytools.com\/products\/\"},{\"@type\":\"ListItem\",\"position\":3,\"name\":\"3000W Electric Wall Chaser Grooving Cutting Machine\"}]},{\"@type\":\"WebSite\",\"@id\":\"https:\/\/www.burleytools.com\/#website\",\"url\":\"https:\/\/www.burleytools.com\/\",\"name\":\"BURLEY\",\"description\":\"\",\"publisher\":{\"@id\":\"https:\/\/www.burleytools.com\/#organization\"},\"potentialAction\":[{\"@type\":\"SearchAction\",\"target\":{\"@type\":\"EntryPoint\",\"urlTemplate\":\"https:\/\/www.burleytools.com\/?s={search_term_string}\"},\"query-input\":\"required name=search_term_string\"}],\"inLanguage\":\"de-DE\"},{\"@type\":\"Organization\",\"@id\":\"https:\/\/www.burleytools.com\/#organization\",\"name\":\"BURLEY\",\"url\":\"https:\/\/www.burleytools.com\/\",\"logo\":{\"@type\":\"ImageObject\",\"inLanguage\":\"de-DE\",\"@id\":\"https:\/\/www.burleytools.com\/#\/schema\/logo\/image\/\",\"url\":\"https:\/\/www.burleytools.com\/wp-content\/uploads\/2023\/10\/logo.webp\",\"contentUrl\":\"https:\/\/www.burleytools.com\/wp-content\/uploads\/2023\/10\/logo.webp\",\"width\":165,\"height\":62,\"caption\":\"BURLEY\"},\"image\":{\"@id\":\"https:\/\/www.burleytools.com\/#\/schema\/logo\/image\/\"}}]}<\/script>\n<!-- \/ Yoast SEO Premium plugin. -->","yoast_head_json":{"title":"3000W Electric Wall Chaser Grooving Cutting Machine - BURLEY","robots":{"index":"index","follow":"follow","max-snippet":"max-snippet:-1","max-image-preview":"max-image-preview:large","max-video-preview":"max-video-preview:-1"},"canonical":"https:\/\/www.burleytools.com\/de\/produkt\/3000-w-elektrische-mauernutfrase\/","og_locale":"de_DE","og_type":"article","og_title":"3000W Electric Wall Chaser Grooving Cutting Machine","og_description":"Spindle lock button for easy disc change.  Fully adjustable quick release guard.  Power indicator for safety purpose.  Soft grip for comfortable operation.  Brushless system realizes stronger power,much longer life time,higher efficiency and lower noise.","og_url":"https:\/\/www.burleytools.com\/de\/produkt\/3000-w-elektrische-mauernutfrase\/","og_site_name":"BURLEY","article_modified_time":"2024-09-06T03:06:48+00:00","og_image":[{"width":1000,"height":1000,"url":"https:\/\/www.burleytools.com\/wp-content\/uploads\/2024\/08\/R2403-1.jpg","type":"image\/jpeg"}],"twitter_card":"summary_large_image","twitter_misc":{"Gesch\u00e4tzte Lesezeit":"1 Minute"},"schema":{"@context":"https:\/\/schema.org","@graph":[{"@type":"WebPage","@id":"https:\/\/www.burleytools.com\/product\/3000w-electric-wall-chaser-grooving-cutting-machine\/","url":"https:\/\/www.burleytools.com\/product\/3000w-electric-wall-chaser-grooving-cutting-machine\/","name":"3000W Electric Wall Chaser Grooving Cutting Machine - BURLEY","isPartOf":{"@id":"https:\/\/www.burleytools.com\/#website"},"primaryImageOfPage":{"@id":"https:\/\/www.burleytools.com\/product\/3000w-electric-wall-chaser-grooving-cutting-machine\/#primaryimage"},"image":{"@id":"https:\/\/www.burleytools.com\/product\/3000w-electric-wall-chaser-grooving-cutting-machine\/#primaryimage"},"thumbnailUrl":"https:\/\/www.burleytools.com\/wp-content\/uploads\/2024\/08\/R2403-1.jpg","datePublished":"2024-08-15T06:59:24+00:00","dateModified":"2024-09-06T03:06:48+00:00","breadcrumb":{"@id":"https:\/\/www.burleytools.com\/product\/3000w-electric-wall-chaser-grooving-cutting-machine\/#breadcrumb"},"inLanguage":"de-DE","potentialAction":[{"@type":"ReadAction","target":["https:\/\/www.burleytools.com\/product\/3000w-electric-wall-chaser-grooving-cutting-machine\/"]}]},{"@type":"ImageObject","inLanguage":"de-DE","@id":"https:\/\/www.burleytools.com\/product\/3000w-electric-wall-chaser-grooving-cutting-machine\/#primaryimage","url":"https:\/\/www.burleytools.com\/wp-content\/uploads\/2024\/08\/R2403-1.jpg","contentUrl":"https:\/\/www.burleytools.com\/wp-content\/uploads\/2024\/08\/R2403-1.jpg","width":1000,"height":1000},{"@type":"BreadcrumbList","@id":"https:\/\/www.burleytools.com\/product\/3000w-electric-wall-chaser-grooving-cutting-machine\/#breadcrumb","itemListElement":[{"@type":"ListItem","position":1,"name":"Home","item":"https:\/\/www.burleytools.com\/"},{"@type":"ListItem","position":2,"name":"Products","item":"https:\/\/www.burleytools.com\/products\/"},{"@type":"ListItem","position":3,"name":"3000W Electric Wall Chaser Grooving Cutting Machine"}]},{"@type":"WebSite","@id":"https:\/\/www.burleytools.com\/#website","url":"https:\/\/www.burleytools.com\/","name":"BURLEY","description":"","publisher":{"@id":"https:\/\/www.burleytools.com\/#organization"},"potentialAction":[{"@type":"SearchAction","target":{"@type":"EntryPoint","urlTemplate":"https:\/\/www.burleytools.com\/?s={search_term_string}"},"query-input":"required name=search_term_string"}],"inLanguage":"de-DE"},{"@type":"Organization","@id":"https:\/\/www.burleytools.com\/#organization","name":"BURLEY","url":"https:\/\/www.burleytools.com\/","logo":{"@type":"ImageObject","inLanguage":"de-DE","@id":"https:\/\/www.burleytools.com\/#\/schema\/logo\/image\/","url":"https:\/\/www.burleytools.com\/wp-content\/uploads\/2023\/10\/logo.webp","contentUrl":"https:\/\/www.burleytools.com\/wp-content\/uploads\/2023\/10\/logo.webp","width":165,"height":62,"caption":"BURLEY"},"image":{"@id":"https:\/\/www.burleytools.com\/#\/schema\/logo\/image\/"}}]}},"_links":{"self":[{"href":"https:\/\/www.burleytools.com\/de\/wp-json\/wp\/v2\/product\/2748"}],"collection":[{"href":"https:\/\/www.burleytools.com\/de\/wp-json\/wp\/v2\/product"}],"about":[{"href":"https:\/\/www.burleytools.com\/de\/wp-json\/wp\/v2\/types\/product"}],"wp:featuredmedia":[{"embeddable":true,"href":"https:\/\/www.burleytools.com\/de\/wp-json\/wp\/v2\/media\/2747"}],"wp:attachment":[{"href":"https:\/\/www.burleytools.com\/de\/wp-json\/wp\/v2\/media?parent=2748"}],"wp:term":[{"taxonomy":"product_cat","embeddable":true,"href":"https:\/\/www.burleytools.com\/de\/wp-json\/wp\/v2\/product_cat?post=2748"},{"taxonomy":"product_tag","embeddable":true,"href":"https:\/\/www.burleytools.com\/de\/wp-json\/wp\/v2\/product_tag?post=2748"}],"curies":[{"name":"wp","href":"https:\/\/api.w.org\/{rel}","templated":true}]}}