{"id":558,"date":"2024-05-09T07:43:56","date_gmt":"2024-05-09T07:43:56","guid":{"rendered":"https:\/\/www.burleytools.com\/product\/random-orbit-sander-150mm-orbit-size-5-mm-6-variable-speeds-electric-sander-r7304\/"},"modified":"2024-09-06T06:46:37","modified_gmt":"2024-09-06T06:46:37","slug":"random-orbit-sander-150mm-orbit-size-5-mm-6-variable-speeds-electric-sander-r7304","status":"publish","type":"product","link":"https:\/\/www.burleytools.com\/de\/produkt\/exzenterschleifer-150-mm-schwingungsweite-5-mm-6-variable-geschwindigkeiten-elektrischer-schleifer-r7304\/","title":{"rendered":"Exzenterschleifer, 150 mm, Schwingungsweite 5 mm, 6 variable Geschwindigkeiten, elektrischer Schleifer-R7304"},"content":{"rendered":"<p>\u25cf Verwenden Sie die perfekte L\u00f6sung zum Polieren von Lacken, zur Oberfl\u00e4chenveredelung, zum Wachsen und Entkalken.<\/p>\n<p>\u25cf Variable Geschwindigkeit mit Exzenterdurchmesser von 9 mm f\u00fcr optimale Anwendungen.<\/p>\n<p>\u25cf Von au\u00dfen zug\u00e4ngliche B\u00fcrsten f\u00fcr bessere Wartung und l\u00e4ngere Lebensdauer.<\/p>\n<p>\u25cf Softgrip f\u00fcr komfortable Bedienung.<\/p>\n<p><img decoding=\"async\" title=\"Handbuch-f\u00fcr-R7304\" src=\"\/wp-content\/uploads\/2024\/05\/1608693822447678.jpg\" alt=\"Handbuch-f\u00fcr-R7304\" \/><\/p>","protected":false},"excerpt":{"rendered":"<p>\u25cf Durch den verstellbaren Zusatzhandgriff kann das Werkzeug an die Arbeit angepasst werden und entspricht den Vorlieben des Bedieners.<\/p>\n<p>\u25cf Doppelorbit-Schleifwirkung mit Freilauf f\u00fcr Feinschliff.<\/p>\n<p>\u25cf Variable Geschwindigkeitsregelung und St\u00fctzteller-Bremssystem passen sich verschiedenen Materialien an.<\/p>\n<p>\u25cf <img decoding=\"async\" style=\"width: 180px; height: 27px;\" title=\"1606975649218025\" src=\"\/wp-content\/uploads\/2024\/05\/1606975649218025.png\" alt=\"1606975649218025.png\" width=\"180\" height=\"27\" border=\"0\" vspace=\"0\" \/><\/p>","protected":false},"featured_media":557,"template":"","meta":{"_acf_changed":false,"_mi_skip_tracking":false,"_monsterinsights_sitenote_active":false,"_monsterinsights_sitenote_note":"","_monsterinsights_sitenote_category":0},"product_cat":[25,91],"product_tag":[],"class_list":{"0":"post-558","1":"product","2":"type-product","3":"status-publish","4":"has-post-thumbnail","6":"product_cat-automotive","7":"product_cat-electric-orbial-sander","9":"first","10":"instock","11":"shipping-taxable","12":"product-type-simple"},"acf":[],"yoast_head":"<!-- This site is optimized with the Yoast SEO Premium plugin v21.6 (Yoast SEO v22.3) - https:\/\/yoast.com\/wordpress\/plugins\/seo\/ -->\n<title>Random Orbit Sander, 150mm \u00a0Orbit Size 5 Mm 6 Variable Speeds Electric Sander-R7304 - BURLEY<\/title>\n<meta name=\"robots\" content=\"index, follow, max-snippet:-1, max-image-preview:large, max-video-preview:-1\" \/>\n<link rel=\"canonical\" href=\"https:\/\/www.burleytools.com\/de\/produkt\/exzenterschleifer-150-mm-schwingungsweite-5-mm-6-variable-geschwindigkeiten-elektrischer-schleifer-r7304\/\" \/>\n<meta property=\"og:locale\" content=\"de_DE\" \/>\n<meta property=\"og:type\" content=\"article\" \/>\n<meta property=\"og:title\" content=\"Random Orbit Sander, 150mm \u00a0Orbit Size 5 Mm 6 Variable Speeds Electric Sander-R7304\" \/>\n<meta property=\"og:description\" content=\"\u25cf Adjustable auxiliary handle adapts the tool to the job and matches operator preference.  \u25cf Dual orbit sanding action with-free-run made for fine sanding.  \u25cf Variable speed control and backing pad braking system adaopt to a variety of materials.  \u25cf\" \/>\n<meta property=\"og:url\" content=\"https:\/\/www.burleytools.com\/de\/produkt\/exzenterschleifer-150-mm-schwingungsweite-5-mm-6-variable-geschwindigkeiten-elektrischer-schleifer-r7304\/\" \/>\n<meta property=\"og:site_name\" content=\"BURLEY\" \/>\n<meta property=\"article:modified_time\" content=\"2024-09-06T06:46:37+00:00\" \/>\n<meta property=\"og:image\" content=\"https:\/\/www.burleytools.com\/wp-content\/uploads\/2024\/05\/1608171400837648-1.jpg\" \/>\n\t<meta property=\"og:image:width\" content=\"700\" \/>\n\t<meta property=\"og:image:height\" content=\"700\" \/>\n\t<meta property=\"og:image:type\" content=\"image\/jpeg\" \/>\n<meta name=\"twitter:card\" content=\"summary_large_image\" \/>\n<meta name=\"twitter:label1\" content=\"Gesch\u00e4tzte Lesezeit\" \/>\n\t<meta name=\"twitter:data1\" content=\"1 Minute\" \/>\n<script type=\"application\/ld+json\" class=\"yoast-schema-graph\">{\"@context\":\"https:\/\/schema.org\",\"@graph\":[{\"@type\":\"WebPage\",\"@id\":\"https:\/\/www.burleytools.com\/product\/random-orbit-sander-150mm-orbit-size-5-mm-6-variable-speeds-electric-sander-r7304\/\",\"url\":\"https:\/\/www.burleytools.com\/product\/random-orbit-sander-150mm-orbit-size-5-mm-6-variable-speeds-electric-sander-r7304\/\",\"name\":\"Random Orbit Sander, 150mm \u00a0Orbit Size 5 Mm 6 Variable Speeds Electric Sander-R7304 - BURLEY\",\"isPartOf\":{\"@id\":\"https:\/\/www.burleytools.com\/#website\"},\"primaryImageOfPage\":{\"@id\":\"https:\/\/www.burleytools.com\/product\/random-orbit-sander-150mm-orbit-size-5-mm-6-variable-speeds-electric-sander-r7304\/#primaryimage\"},\"image\":{\"@id\":\"https:\/\/www.burleytools.com\/product\/random-orbit-sander-150mm-orbit-size-5-mm-6-variable-speeds-electric-sander-r7304\/#primaryimage\"},\"thumbnailUrl\":\"https:\/\/www.burleytools.com\/wp-content\/uploads\/2024\/05\/1608171400837648-1.jpg\",\"datePublished\":\"2024-05-09T07:43:56+00:00\",\"dateModified\":\"2024-09-06T06:46:37+00:00\",\"breadcrumb\":{\"@id\":\"https:\/\/www.burleytools.com\/product\/random-orbit-sander-150mm-orbit-size-5-mm-6-variable-speeds-electric-sander-r7304\/#breadcrumb\"},\"inLanguage\":\"de-DE\",\"potentialAction\":[{\"@type\":\"ReadAction\",\"target\":[\"https:\/\/www.burleytools.com\/product\/random-orbit-sander-150mm-orbit-size-5-mm-6-variable-speeds-electric-sander-r7304\/\"]}]},{\"@type\":\"ImageObject\",\"inLanguage\":\"de-DE\",\"@id\":\"https:\/\/www.burleytools.com\/product\/random-orbit-sander-150mm-orbit-size-5-mm-6-variable-speeds-electric-sander-r7304\/#primaryimage\",\"url\":\"https:\/\/www.burleytools.com\/wp-content\/uploads\/2024\/05\/1608171400837648-1.jpg\",\"contentUrl\":\"https:\/\/www.burleytools.com\/wp-content\/uploads\/2024\/05\/1608171400837648-1.jpg\",\"width\":700,\"height\":700},{\"@type\":\"BreadcrumbList\",\"@id\":\"https:\/\/www.burleytools.com\/product\/random-orbit-sander-150mm-orbit-size-5-mm-6-variable-speeds-electric-sander-r7304\/#breadcrumb\",\"itemListElement\":[{\"@type\":\"ListItem\",\"position\":1,\"name\":\"Home\",\"item\":\"https:\/\/www.burleytools.com\/\"},{\"@type\":\"ListItem\",\"position\":2,\"name\":\"Products\",\"item\":\"https:\/\/www.burleytools.com\/products\/\"},{\"@type\":\"ListItem\",\"position\":3,\"name\":\"Random Orbit Sander, 150mm \u00a0Orbit Size 5 Mm 6 Variable Speeds Electric Sander-R7304\"}]},{\"@type\":\"WebSite\",\"@id\":\"https:\/\/www.burleytools.com\/#website\",\"url\":\"https:\/\/www.burleytools.com\/\",\"name\":\"BURLEY\",\"description\":\"\",\"publisher\":{\"@id\":\"https:\/\/www.burleytools.com\/#organization\"},\"potentialAction\":[{\"@type\":\"SearchAction\",\"target\":{\"@type\":\"EntryPoint\",\"urlTemplate\":\"https:\/\/www.burleytools.com\/?s={search_term_string}\"},\"query-input\":\"required name=search_term_string\"}],\"inLanguage\":\"de-DE\"},{\"@type\":\"Organization\",\"@id\":\"https:\/\/www.burleytools.com\/#organization\",\"name\":\"BURLEY\",\"url\":\"https:\/\/www.burleytools.com\/\",\"logo\":{\"@type\":\"ImageObject\",\"inLanguage\":\"de-DE\",\"@id\":\"https:\/\/www.burleytools.com\/#\/schema\/logo\/image\/\",\"url\":\"https:\/\/www.burleytools.com\/wp-content\/uploads\/2023\/10\/logo.webp\",\"contentUrl\":\"https:\/\/www.burleytools.com\/wp-content\/uploads\/2023\/10\/logo.webp\",\"width\":165,\"height\":62,\"caption\":\"BURLEY\"},\"image\":{\"@id\":\"https:\/\/www.burleytools.com\/#\/schema\/logo\/image\/\"}}]}<\/script>\n<!-- \/ Yoast SEO Premium plugin. -->","yoast_head_json":{"title":"Random Orbit Sander, 150mm \u00a0Orbit Size 5 Mm 6 Variable Speeds Electric Sander-R7304 - BURLEY","robots":{"index":"index","follow":"follow","max-snippet":"max-snippet:-1","max-image-preview":"max-image-preview:large","max-video-preview":"max-video-preview:-1"},"canonical":"https:\/\/www.burleytools.com\/de\/produkt\/exzenterschleifer-150-mm-schwingungsweite-5-mm-6-variable-geschwindigkeiten-elektrischer-schleifer-r7304\/","og_locale":"de_DE","og_type":"article","og_title":"Random Orbit Sander, 150mm \u00a0Orbit Size 5 Mm 6 Variable Speeds Electric Sander-R7304","og_description":"\u25cf Adjustable auxiliary handle adapts the tool to the job and matches operator preference.  \u25cf Dual orbit sanding action with-free-run made for fine sanding.  \u25cf Variable speed control and backing pad braking system adaopt to a variety of materials.  \u25cf","og_url":"https:\/\/www.burleytools.com\/de\/produkt\/exzenterschleifer-150-mm-schwingungsweite-5-mm-6-variable-geschwindigkeiten-elektrischer-schleifer-r7304\/","og_site_name":"BURLEY","article_modified_time":"2024-09-06T06:46:37+00:00","og_image":[{"width":700,"height":700,"url":"https:\/\/www.burleytools.com\/wp-content\/uploads\/2024\/05\/1608171400837648-1.jpg","type":"image\/jpeg"}],"twitter_card":"summary_large_image","twitter_misc":{"Gesch\u00e4tzte Lesezeit":"1 Minute"},"schema":{"@context":"https:\/\/schema.org","@graph":[{"@type":"WebPage","@id":"https:\/\/www.burleytools.com\/product\/random-orbit-sander-150mm-orbit-size-5-mm-6-variable-speeds-electric-sander-r7304\/","url":"https:\/\/www.burleytools.com\/product\/random-orbit-sander-150mm-orbit-size-5-mm-6-variable-speeds-electric-sander-r7304\/","name":"Random Orbit Sander, 150mm \u00a0Orbit Size 5 Mm 6 Variable Speeds Electric Sander-R7304 - BURLEY","isPartOf":{"@id":"https:\/\/www.burleytools.com\/#website"},"primaryImageOfPage":{"@id":"https:\/\/www.burleytools.com\/product\/random-orbit-sander-150mm-orbit-size-5-mm-6-variable-speeds-electric-sander-r7304\/#primaryimage"},"image":{"@id":"https:\/\/www.burleytools.com\/product\/random-orbit-sander-150mm-orbit-size-5-mm-6-variable-speeds-electric-sander-r7304\/#primaryimage"},"thumbnailUrl":"https:\/\/www.burleytools.com\/wp-content\/uploads\/2024\/05\/1608171400837648-1.jpg","datePublished":"2024-05-09T07:43:56+00:00","dateModified":"2024-09-06T06:46:37+00:00","breadcrumb":{"@id":"https:\/\/www.burleytools.com\/product\/random-orbit-sander-150mm-orbit-size-5-mm-6-variable-speeds-electric-sander-r7304\/#breadcrumb"},"inLanguage":"de-DE","potentialAction":[{"@type":"ReadAction","target":["https:\/\/www.burleytools.com\/product\/random-orbit-sander-150mm-orbit-size-5-mm-6-variable-speeds-electric-sander-r7304\/"]}]},{"@type":"ImageObject","inLanguage":"de-DE","@id":"https:\/\/www.burleytools.com\/product\/random-orbit-sander-150mm-orbit-size-5-mm-6-variable-speeds-electric-sander-r7304\/#primaryimage","url":"https:\/\/www.burleytools.com\/wp-content\/uploads\/2024\/05\/1608171400837648-1.jpg","contentUrl":"https:\/\/www.burleytools.com\/wp-content\/uploads\/2024\/05\/1608171400837648-1.jpg","width":700,"height":700},{"@type":"BreadcrumbList","@id":"https:\/\/www.burleytools.com\/product\/random-orbit-sander-150mm-orbit-size-5-mm-6-variable-speeds-electric-sander-r7304\/#breadcrumb","itemListElement":[{"@type":"ListItem","position":1,"name":"Home","item":"https:\/\/www.burleytools.com\/"},{"@type":"ListItem","position":2,"name":"Products","item":"https:\/\/www.burleytools.com\/products\/"},{"@type":"ListItem","position":3,"name":"Random Orbit Sander, 150mm \u00a0Orbit Size 5 Mm 6 Variable Speeds Electric Sander-R7304"}]},{"@type":"WebSite","@id":"https:\/\/www.burleytools.com\/#website","url":"https:\/\/www.burleytools.com\/","name":"BURLEY","description":"","publisher":{"@id":"https:\/\/www.burleytools.com\/#organization"},"potentialAction":[{"@type":"SearchAction","target":{"@type":"EntryPoint","urlTemplate":"https:\/\/www.burleytools.com\/?s={search_term_string}"},"query-input":"required name=search_term_string"}],"inLanguage":"de-DE"},{"@type":"Organization","@id":"https:\/\/www.burleytools.com\/#organization","name":"BURLEY","url":"https:\/\/www.burleytools.com\/","logo":{"@type":"ImageObject","inLanguage":"de-DE","@id":"https:\/\/www.burleytools.com\/#\/schema\/logo\/image\/","url":"https:\/\/www.burleytools.com\/wp-content\/uploads\/2023\/10\/logo.webp","contentUrl":"https:\/\/www.burleytools.com\/wp-content\/uploads\/2023\/10\/logo.webp","width":165,"height":62,"caption":"BURLEY"},"image":{"@id":"https:\/\/www.burleytools.com\/#\/schema\/logo\/image\/"}}]}},"_links":{"self":[{"href":"https:\/\/www.burleytools.com\/de\/wp-json\/wp\/v2\/product\/558"}],"collection":[{"href":"https:\/\/www.burleytools.com\/de\/wp-json\/wp\/v2\/product"}],"about":[{"href":"https:\/\/www.burleytools.com\/de\/wp-json\/wp\/v2\/types\/product"}],"wp:featuredmedia":[{"embeddable":true,"href":"https:\/\/www.burleytools.com\/de\/wp-json\/wp\/v2\/media\/557"}],"wp:attachment":[{"href":"https:\/\/www.burleytools.com\/de\/wp-json\/wp\/v2\/media?parent=558"}],"wp:term":[{"taxonomy":"product_cat","embeddable":true,"href":"https:\/\/www.burleytools.com\/de\/wp-json\/wp\/v2\/product_cat?post=558"},{"taxonomy":"product_tag","embeddable":true,"href":"https:\/\/www.burleytools.com\/de\/wp-json\/wp\/v2\/product_tag?post=558"}],"curies":[{"name":"wp","href":"https:\/\/api.w.org\/{rel}","templated":true}]}}