{"id":717,"date":"2024-05-09T07:44:43","date_gmt":"2024-05-09T07:44:43","guid":{"rendered":"https:\/\/www.burleytools.com\/product\/2600w-electric-14-disc-cutter-circular-saw-concrete-saw-power-angle-cutter-wet-dry-circular-blade-w-guide-roller-kx355d\/"},"modified":"2024-09-06T02:58:53","modified_gmt":"2024-09-06T02:58:53","slug":"2600w-electric-14-disc-cutter-circular-saw-concrete-saw-power-angle-cutter-wet-dry-circular-blade-w-guide-roller-kx355d","status":"publish","type":"product","link":"https:\/\/www.burleytools.com\/de\/produkt\/2600-w-elektrische-14-scheiben-schneidkreissage-betonsage-power-winkelschneider-nass-trocken-kreissageblatt-mit-fuhrungsrolle-kx355d\/","title":{"rendered":"2600 W elektrische 14-Zoll-Scheibenschneider-Kreiss\u00e4ge, Betons\u00e4ge, Kraft-Winkelschneider, Nass-\/Trocken-Kreiss\u00e4geblatt mit F\u00fchrungsrolle, KX355D"},"content":{"rendered":"<p>\u25cf Gleichm\u00e4\u00dfiges und sanftes Schneiden. Elektrische Betons\u00e4ge mit dynamisch ausgeglichenem Motor, der w\u00e4hrend der Verwendung weniger Vibrationen erzeugt und so f\u00fcr gleichm\u00e4\u00dfiges Schneiden sorgt.<\/p>\n<p>\u25cf Kontrolle von Schmutz und Staub. Integrierter Staubanschluss zum Ablassen von Schneidresten und Staub; Wasserleitungsanschluss zum Abk\u00fchlen der Klinge beim Nassschneiden.<\/p>\n<p>\u25cf Breite Anwendung. Der 2600-W-Motor bietet die Leistung, um problemlos verschiedene Steinmaterialien mit einer maximalen Schnitttiefe von 5 Zoll zu schneiden, ideal f\u00fcr den Einsatz zu Hause, auf der Baustelle und in der Fabrik.<\/p>\n<p>\u25cf Sicherer Betrieb. \u00dcberlastschutz zur Vermeidung von \u00dcberstrom; Ausgestattet mit einem FI-Schutzschalter zur Reduzierung des Stromschlagrisikos; UL-Kabel gew\u00e4hrleistet Sicherheit bei der Verwendung.<\/p>\n<p>\u25cf Langlebig im Gebrauch. Sanftanlauf zum hervorragenden Schutz des Motors bei l\u00e4ngerem Gebrauch; das Hauptgeh\u00e4use besteht aus Aluminium und Kunststoff f\u00fcr eine lange Lebensdauer.<\/p>\n<p><img decoding=\"async\" title=\"KX355D-\u4e2d\u6027\u8bf4\u660e\u4e66 (\u6c38\u9686\u5e2e\u5fd9\u6392\u7248)\" src=\"\/wp-content\/uploads\/2024\/05\/1608693866924341.jpg\" alt=\"KX355D-\u4e2d\u6027\u8bf4\u660e\u4e66 (\u6c38\u9686\u5e2e\u5fd9\u6392\u7248)\" \/><\/p>","protected":false},"excerpt":{"rendered":"<p>\u25cf Gummischutz sch\u00fctzt die Hand des Bedieners und den Motor vor Schmutz. Die integrierte D\u00fcse kann f\u00fcr eine sauberere Arbeitsumgebung an einen Staubsauger angeschlossen werden.<\/p>\n<p>\u25cf Einstellbarer Tiefenschutz f\u00fcr gleichm\u00e4\u00dfiges Schneiden und F\u00fchrungsr\u00e4der am Werkzeug gew\u00e4hrleisten eine gleichm\u00e4\u00dfige Bewegung \u00fcber das Oberfl\u00e4chenmaterial.<\/p>\n<p>\u25cf <img decoding=\"async\" style=\"width: 180px; height: 27px;\" title=\"1606975649218025\" src=\"\/wp-content\/uploads\/2024\/05\/1608099564153407.png\" alt=\"undefiniert\" width=\"180\" height=\"27\" border=\"0\" vspace=\"0\" \/><\/p>","protected":false},"featured_media":2745,"template":"","meta":{"_acf_changed":false,"_mi_skip_tracking":false,"_monsterinsights_sitenote_active":false,"_monsterinsights_sitenote_note":"","_monsterinsights_sitenote_category":0},"product_cat":[33,28],"product_tag":[],"class_list":{"0":"post-717","1":"product","2":"type-product","3":"status-publish","4":"has-post-thumbnail","6":"product_cat-cutting-machine","7":"product_cat-general-power-tools","9":"first","10":"instock","11":"shipping-taxable","12":"product-type-simple"},"acf":[],"yoast_head":"<!-- This site is optimized with the Yoast SEO Premium plugin v21.6 (Yoast SEO v22.3) - https:\/\/yoast.com\/wordpress\/plugins\/seo\/ -->\n<title>2600W Electric 14&quot; Disc Cutter Circular Saw Concrete Saw Power Angle Cutter Wet\/Dry Circular Blade w\/Guide Roller-KX355D - BURLEY<\/title>\n<meta name=\"robots\" content=\"index, follow, max-snippet:-1, max-image-preview:large, max-video-preview:-1\" \/>\n<link rel=\"canonical\" href=\"https:\/\/www.burleytools.com\/de\/produkt\/2600-w-elektrische-14-scheiben-schneidkreissage-betonsage-power-winkelschneider-nass-trocken-kreissageblatt-mit-fuhrungsrolle-kx355d\/\" \/>\n<meta property=\"og:locale\" content=\"de_DE\" \/>\n<meta property=\"og:type\" content=\"article\" \/>\n<meta property=\"og:title\" content=\"2600W Electric 14&quot; Disc Cutter Circular Saw Concrete Saw Power Angle Cutter Wet\/Dry Circular Blade w\/Guide Roller-KX355D\" \/>\n<meta property=\"og:description\" content=\"\u25cf Rubber shield protects the operators hand and motor from debrisIntegrated nozzle can be connected to a vacuum cleaner for a cleaner work environment.  \u25cf Adjustable depth guard for consistent cutting and guide wheels on the tool ensure smooth travel over the surface material.  \u25cf\" \/>\n<meta property=\"og:url\" content=\"https:\/\/www.burleytools.com\/de\/produkt\/2600-w-elektrische-14-scheiben-schneidkreissage-betonsage-power-winkelschneider-nass-trocken-kreissageblatt-mit-fuhrungsrolle-kx355d\/\" \/>\n<meta property=\"og:site_name\" content=\"BURLEY\" \/>\n<meta property=\"article:modified_time\" content=\"2024-09-06T02:58:53+00:00\" \/>\n<meta property=\"og:image\" content=\"https:\/\/www.burleytools.com\/wp-content\/uploads\/2024\/08\/SKX355D-1.jpg\" \/>\n\t<meta property=\"og:image:width\" content=\"1000\" \/>\n\t<meta property=\"og:image:height\" content=\"1000\" \/>\n\t<meta property=\"og:image:type\" content=\"image\/jpeg\" \/>\n<meta name=\"twitter:card\" content=\"summary_large_image\" \/>\n<meta name=\"twitter:label1\" content=\"Gesch\u00e4tzte Lesezeit\" \/>\n\t<meta name=\"twitter:data1\" content=\"1 Minute\" \/>\n<script type=\"application\/ld+json\" class=\"yoast-schema-graph\">{\"@context\":\"https:\/\/schema.org\",\"@graph\":[{\"@type\":\"WebPage\",\"@id\":\"https:\/\/www.burleytools.com\/product\/2600w-electric-14-disc-cutter-circular-saw-concrete-saw-power-angle-cutter-wet-dry-circular-blade-w-guide-roller-kx355d\/\",\"url\":\"https:\/\/www.burleytools.com\/product\/2600w-electric-14-disc-cutter-circular-saw-concrete-saw-power-angle-cutter-wet-dry-circular-blade-w-guide-roller-kx355d\/\",\"name\":\"2600W Electric 14&quot; Disc Cutter Circular Saw Concrete Saw Power Angle Cutter Wet\/Dry Circular Blade w\/Guide Roller-KX355D - BURLEY\",\"isPartOf\":{\"@id\":\"https:\/\/www.burleytools.com\/#website\"},\"primaryImageOfPage\":{\"@id\":\"https:\/\/www.burleytools.com\/product\/2600w-electric-14-disc-cutter-circular-saw-concrete-saw-power-angle-cutter-wet-dry-circular-blade-w-guide-roller-kx355d\/#primaryimage\"},\"image\":{\"@id\":\"https:\/\/www.burleytools.com\/product\/2600w-electric-14-disc-cutter-circular-saw-concrete-saw-power-angle-cutter-wet-dry-circular-blade-w-guide-roller-kx355d\/#primaryimage\"},\"thumbnailUrl\":\"https:\/\/www.burleytools.com\/wp-content\/uploads\/2024\/08\/SKX355D-1.jpg\",\"datePublished\":\"2024-05-09T07:44:43+00:00\",\"dateModified\":\"2024-09-06T02:58:53+00:00\",\"breadcrumb\":{\"@id\":\"https:\/\/www.burleytools.com\/product\/2600w-electric-14-disc-cutter-circular-saw-concrete-saw-power-angle-cutter-wet-dry-circular-blade-w-guide-roller-kx355d\/#breadcrumb\"},\"inLanguage\":\"de-DE\",\"potentialAction\":[{\"@type\":\"ReadAction\",\"target\":[\"https:\/\/www.burleytools.com\/product\/2600w-electric-14-disc-cutter-circular-saw-concrete-saw-power-angle-cutter-wet-dry-circular-blade-w-guide-roller-kx355d\/\"]}]},{\"@type\":\"ImageObject\",\"inLanguage\":\"de-DE\",\"@id\":\"https:\/\/www.burleytools.com\/product\/2600w-electric-14-disc-cutter-circular-saw-concrete-saw-power-angle-cutter-wet-dry-circular-blade-w-guide-roller-kx355d\/#primaryimage\",\"url\":\"https:\/\/www.burleytools.com\/wp-content\/uploads\/2024\/08\/SKX355D-1.jpg\",\"contentUrl\":\"https:\/\/www.burleytools.com\/wp-content\/uploads\/2024\/08\/SKX355D-1.jpg\",\"width\":1000,\"height\":1000},{\"@type\":\"BreadcrumbList\",\"@id\":\"https:\/\/www.burleytools.com\/product\/2600w-electric-14-disc-cutter-circular-saw-concrete-saw-power-angle-cutter-wet-dry-circular-blade-w-guide-roller-kx355d\/#breadcrumb\",\"itemListElement\":[{\"@type\":\"ListItem\",\"position\":1,\"name\":\"Home\",\"item\":\"https:\/\/www.burleytools.com\/\"},{\"@type\":\"ListItem\",\"position\":2,\"name\":\"Products\",\"item\":\"https:\/\/www.burleytools.com\/products\/\"},{\"@type\":\"ListItem\",\"position\":3,\"name\":\"2600W Electric 14&quot; Disc Cutter Circular Saw Concrete Saw Power Angle Cutter Wet\/Dry Circular Blade w\/Guide Roller-KX355D\"}]},{\"@type\":\"WebSite\",\"@id\":\"https:\/\/www.burleytools.com\/#website\",\"url\":\"https:\/\/www.burleytools.com\/\",\"name\":\"BURLEY\",\"description\":\"\",\"publisher\":{\"@id\":\"https:\/\/www.burleytools.com\/#organization\"},\"potentialAction\":[{\"@type\":\"SearchAction\",\"target\":{\"@type\":\"EntryPoint\",\"urlTemplate\":\"https:\/\/www.burleytools.com\/?s={search_term_string}\"},\"query-input\":\"required name=search_term_string\"}],\"inLanguage\":\"de-DE\"},{\"@type\":\"Organization\",\"@id\":\"https:\/\/www.burleytools.com\/#organization\",\"name\":\"BURLEY\",\"url\":\"https:\/\/www.burleytools.com\/\",\"logo\":{\"@type\":\"ImageObject\",\"inLanguage\":\"de-DE\",\"@id\":\"https:\/\/www.burleytools.com\/#\/schema\/logo\/image\/\",\"url\":\"https:\/\/www.burleytools.com\/wp-content\/uploads\/2023\/10\/logo.webp\",\"contentUrl\":\"https:\/\/www.burleytools.com\/wp-content\/uploads\/2023\/10\/logo.webp\",\"width\":165,\"height\":62,\"caption\":\"BURLEY\"},\"image\":{\"@id\":\"https:\/\/www.burleytools.com\/#\/schema\/logo\/image\/\"}}]}<\/script>\n<!-- \/ Yoast SEO Premium plugin. -->","yoast_head_json":{"title":"2600W Electric 14&quot; Disc Cutter Circular Saw Concrete Saw Power Angle Cutter Wet\/Dry Circular Blade w\/Guide Roller-KX355D - BURLEY","robots":{"index":"index","follow":"follow","max-snippet":"max-snippet:-1","max-image-preview":"max-image-preview:large","max-video-preview":"max-video-preview:-1"},"canonical":"https:\/\/www.burleytools.com\/de\/produkt\/2600-w-elektrische-14-scheiben-schneidkreissage-betonsage-power-winkelschneider-nass-trocken-kreissageblatt-mit-fuhrungsrolle-kx355d\/","og_locale":"de_DE","og_type":"article","og_title":"2600W Electric 14&quot; Disc Cutter Circular Saw Concrete Saw Power Angle Cutter Wet\/Dry Circular Blade w\/Guide Roller-KX355D","og_description":"\u25cf Rubber shield protects the operators hand and motor from debrisIntegrated nozzle can be connected to a vacuum cleaner for a cleaner work environment.  \u25cf Adjustable depth guard for consistent cutting and guide wheels on the tool ensure smooth travel over the surface material.  \u25cf","og_url":"https:\/\/www.burleytools.com\/de\/produkt\/2600-w-elektrische-14-scheiben-schneidkreissage-betonsage-power-winkelschneider-nass-trocken-kreissageblatt-mit-fuhrungsrolle-kx355d\/","og_site_name":"BURLEY","article_modified_time":"2024-09-06T02:58:53+00:00","og_image":[{"width":1000,"height":1000,"url":"https:\/\/www.burleytools.com\/wp-content\/uploads\/2024\/08\/SKX355D-1.jpg","type":"image\/jpeg"}],"twitter_card":"summary_large_image","twitter_misc":{"Gesch\u00e4tzte Lesezeit":"1 Minute"},"schema":{"@context":"https:\/\/schema.org","@graph":[{"@type":"WebPage","@id":"https:\/\/www.burleytools.com\/product\/2600w-electric-14-disc-cutter-circular-saw-concrete-saw-power-angle-cutter-wet-dry-circular-blade-w-guide-roller-kx355d\/","url":"https:\/\/www.burleytools.com\/product\/2600w-electric-14-disc-cutter-circular-saw-concrete-saw-power-angle-cutter-wet-dry-circular-blade-w-guide-roller-kx355d\/","name":"2600W Electric 14&quot; Disc Cutter Circular Saw Concrete Saw Power Angle Cutter Wet\/Dry Circular Blade w\/Guide Roller-KX355D - BURLEY","isPartOf":{"@id":"https:\/\/www.burleytools.com\/#website"},"primaryImageOfPage":{"@id":"https:\/\/www.burleytools.com\/product\/2600w-electric-14-disc-cutter-circular-saw-concrete-saw-power-angle-cutter-wet-dry-circular-blade-w-guide-roller-kx355d\/#primaryimage"},"image":{"@id":"https:\/\/www.burleytools.com\/product\/2600w-electric-14-disc-cutter-circular-saw-concrete-saw-power-angle-cutter-wet-dry-circular-blade-w-guide-roller-kx355d\/#primaryimage"},"thumbnailUrl":"https:\/\/www.burleytools.com\/wp-content\/uploads\/2024\/08\/SKX355D-1.jpg","datePublished":"2024-05-09T07:44:43+00:00","dateModified":"2024-09-06T02:58:53+00:00","breadcrumb":{"@id":"https:\/\/www.burleytools.com\/product\/2600w-electric-14-disc-cutter-circular-saw-concrete-saw-power-angle-cutter-wet-dry-circular-blade-w-guide-roller-kx355d\/#breadcrumb"},"inLanguage":"de-DE","potentialAction":[{"@type":"ReadAction","target":["https:\/\/www.burleytools.com\/product\/2600w-electric-14-disc-cutter-circular-saw-concrete-saw-power-angle-cutter-wet-dry-circular-blade-w-guide-roller-kx355d\/"]}]},{"@type":"ImageObject","inLanguage":"de-DE","@id":"https:\/\/www.burleytools.com\/product\/2600w-electric-14-disc-cutter-circular-saw-concrete-saw-power-angle-cutter-wet-dry-circular-blade-w-guide-roller-kx355d\/#primaryimage","url":"https:\/\/www.burleytools.com\/wp-content\/uploads\/2024\/08\/SKX355D-1.jpg","contentUrl":"https:\/\/www.burleytools.com\/wp-content\/uploads\/2024\/08\/SKX355D-1.jpg","width":1000,"height":1000},{"@type":"BreadcrumbList","@id":"https:\/\/www.burleytools.com\/product\/2600w-electric-14-disc-cutter-circular-saw-concrete-saw-power-angle-cutter-wet-dry-circular-blade-w-guide-roller-kx355d\/#breadcrumb","itemListElement":[{"@type":"ListItem","position":1,"name":"Home","item":"https:\/\/www.burleytools.com\/"},{"@type":"ListItem","position":2,"name":"Products","item":"https:\/\/www.burleytools.com\/products\/"},{"@type":"ListItem","position":3,"name":"2600W Electric 14&quot; Disc Cutter Circular Saw Concrete Saw Power Angle Cutter Wet\/Dry Circular Blade w\/Guide Roller-KX355D"}]},{"@type":"WebSite","@id":"https:\/\/www.burleytools.com\/#website","url":"https:\/\/www.burleytools.com\/","name":"BURLEY","description":"","publisher":{"@id":"https:\/\/www.burleytools.com\/#organization"},"potentialAction":[{"@type":"SearchAction","target":{"@type":"EntryPoint","urlTemplate":"https:\/\/www.burleytools.com\/?s={search_term_string}"},"query-input":"required name=search_term_string"}],"inLanguage":"de-DE"},{"@type":"Organization","@id":"https:\/\/www.burleytools.com\/#organization","name":"BURLEY","url":"https:\/\/www.burleytools.com\/","logo":{"@type":"ImageObject","inLanguage":"de-DE","@id":"https:\/\/www.burleytools.com\/#\/schema\/logo\/image\/","url":"https:\/\/www.burleytools.com\/wp-content\/uploads\/2023\/10\/logo.webp","contentUrl":"https:\/\/www.burleytools.com\/wp-content\/uploads\/2023\/10\/logo.webp","width":165,"height":62,"caption":"BURLEY"},"image":{"@id":"https:\/\/www.burleytools.com\/#\/schema\/logo\/image\/"}}]}},"_links":{"self":[{"href":"https:\/\/www.burleytools.com\/de\/wp-json\/wp\/v2\/product\/717"}],"collection":[{"href":"https:\/\/www.burleytools.com\/de\/wp-json\/wp\/v2\/product"}],"about":[{"href":"https:\/\/www.burleytools.com\/de\/wp-json\/wp\/v2\/types\/product"}],"wp:featuredmedia":[{"embeddable":true,"href":"https:\/\/www.burleytools.com\/de\/wp-json\/wp\/v2\/media\/2745"}],"wp:attachment":[{"href":"https:\/\/www.burleytools.com\/de\/wp-json\/wp\/v2\/media?parent=717"}],"wp:term":[{"taxonomy":"product_cat","embeddable":true,"href":"https:\/\/www.burleytools.com\/de\/wp-json\/wp\/v2\/product_cat?post=717"},{"taxonomy":"product_tag","embeddable":true,"href":"https:\/\/www.burleytools.com\/de\/wp-json\/wp\/v2\/product_tag?post=717"}],"curies":[{"name":"wp","href":"https:\/\/api.w.org\/{rel}","templated":true}]}}