{"id":806,"date":"2024-05-09T07:45:09","date_gmt":"2024-05-09T07:45:09","guid":{"rendered":"https:\/\/www.burleytools.com\/product\/1200w-1400w-1600w-heavey-duty-robust-universal-powerful-2-speed-paddle-mixer-for-concrete-cement-plastic-paint-thinset-r6306\/"},"modified":"2024-08-20T07:28:41","modified_gmt":"2024-08-20T07:28:41","slug":"1200w-1400w-1600w-heavey-duty-robust-universal-powerful-2-speed-paddle-mixer-for-concrete-cement-plastic-paint-thinset-r6306","status":"publish","type":"product","link":"https:\/\/www.burleytools.com\/de\/produkt\/1200-w-1400-w-1600-w-hochleistungs-paddelmischer-robuster-universeller-leistungsstarker-2-gang-mixer-fur-beton-zement-kunststoff-farbe-dunnbettmischer-r6306\/","title":{"rendered":"1200 W\/1400 W\/1600 W Hochleistungsf\u00e4higer, robuster, universeller, leistungsstarker Paddelmischer mit 2 Geschwindigkeiten f\u00fcr Beton, Zement, Kunststoff, Farbe, D\u00fcnnbettmischer-R6306"},"content":{"rendered":"<p>\u25cf 2m PVC-Kabel H05VV-F 2*1,0mm2,VDE-Stecker<\/p>\n<p>\u25cf Schutzart: Doppelte Isolierung<\/p>\n<p>\u25cf Schutzklasse: Klasse II<\/p>\n<p>\u25cf R\u00fchrfl\u00fcgel (\u00d8 max.): 120mm\/140mm<\/p>\n<p>\u25cf Mischvolumen: 80 l\/120 l<\/p>\n<p><img decoding=\"async\" title=\"R6306-HANDBUCH\" src=\"\/wp-content\/uploads\/2024\/05\/1608693328109289.jpg\" alt=\"R6306-HANDBUCH\" \/><\/p>","protected":false},"excerpt":{"rendered":"<p>\u25cf Kontrollleuchte \u00dcberlastung &amp; B\u00fcrstenwechsel-Alarm. Betriebsanzeige<\/p>\n<p>\u25cf Optimun-Schutzb\u00fcgeleisengriff<\/p>\n<p>\u25cf Gro\u00dfes, robustes 2-Getriebe mit optimalen \u00dcbersetzungen f\u00fcr starkes Drehmoment und die richtige Drehzahl f\u00fcr unterschiedliche Materialien.<\/p>\n<p>\u25cf <img decoding=\"async\" style=\"width: 180px; height: 27px;\" title=\"4\" src=\"\/wp-content\/uploads\/2024\/05\/1606975649218025.png\" alt=\"4\" width=\"180\" height=\"27\" border=\"0\" vspace=\"0\" \/><\/p>","protected":false},"featured_media":805,"template":"","meta":{"_acf_changed":false,"_mi_skip_tracking":false,"_monsterinsights_sitenote_active":false,"_monsterinsights_sitenote_note":"","_monsterinsights_sitenote_category":0},"product_cat":[35,34],"product_tag":[],"class_list":{"0":"post-806","1":"product","2":"type-product","3":"status-publish","4":"has-post-thumbnail","6":"product_cat-electric-mixer","7":"product_cat-renovation-wallpainting","9":"first","10":"instock","11":"shipping-taxable","12":"product-type-simple"},"acf":[],"yoast_head":"<!-- This site is optimized with the Yoast SEO Premium plugin v21.6 (Yoast SEO v22.3) - https:\/\/yoast.com\/wordpress\/plugins\/seo\/ -->\n<title>1200W\/1400W\/1600W Heavey Duty Robust Universal, Powerful 2-Speed Paddle Mixer For Concrete Cement Plastic Paint Thinset-R6306 - BURLEY<\/title>\n<meta name=\"robots\" content=\"index, follow, max-snippet:-1, max-image-preview:large, max-video-preview:-1\" \/>\n<link rel=\"canonical\" href=\"https:\/\/www.burleytools.com\/de\/produkt\/1200-w-1400-w-1600-w-hochleistungs-paddelmischer-robuster-universeller-leistungsstarker-2-gang-mixer-fur-beton-zement-kunststoff-farbe-dunnbettmischer-r6306\/\" \/>\n<meta property=\"og:locale\" content=\"de_DE\" \/>\n<meta property=\"og:type\" content=\"article\" \/>\n<meta property=\"og:title\" content=\"1200W\/1400W\/1600W Heavey Duty Robust Universal, Powerful 2-Speed Paddle Mixer For Concrete Cement Plastic Paint Thinset-R6306\" \/>\n<meta property=\"og:description\" content=\"\u25cf Indicator light Overload&amp;brush changing alert.Power indicator  \u25cf Optimun protect iron handle  \u25cf Large,rugged 2-gear unit with optimum ratios for powerful toque and correct speed for different materials.  \u25cf\" \/>\n<meta property=\"og:url\" content=\"https:\/\/www.burleytools.com\/de\/produkt\/1200-w-1400-w-1600-w-hochleistungs-paddelmischer-robuster-universeller-leistungsstarker-2-gang-mixer-fur-beton-zement-kunststoff-farbe-dunnbettmischer-r6306\/\" \/>\n<meta property=\"og:site_name\" content=\"BURLEY\" \/>\n<meta property=\"article:modified_time\" content=\"2024-08-20T07:28:41+00:00\" \/>\n<meta property=\"og:image\" content=\"https:\/\/www.burleytools.com\/wp-content\/uploads\/2024\/05\/1606985608761818-1.jpg\" \/>\n\t<meta property=\"og:image:width\" content=\"700\" \/>\n\t<meta property=\"og:image:height\" content=\"700\" \/>\n\t<meta property=\"og:image:type\" content=\"image\/jpeg\" \/>\n<meta name=\"twitter:card\" content=\"summary_large_image\" \/>\n<meta name=\"twitter:label1\" content=\"Gesch\u00e4tzte Lesezeit\" \/>\n\t<meta name=\"twitter:data1\" content=\"1 Minute\" \/>\n<script type=\"application\/ld+json\" class=\"yoast-schema-graph\">{\"@context\":\"https:\/\/schema.org\",\"@graph\":[{\"@type\":\"WebPage\",\"@id\":\"https:\/\/www.burleytools.com\/product\/1200w-1400w-1600w-heavey-duty-robust-universal-powerful-2-speed-paddle-mixer-for-concrete-cement-plastic-paint-thinset-r6306\/\",\"url\":\"https:\/\/www.burleytools.com\/product\/1200w-1400w-1600w-heavey-duty-robust-universal-powerful-2-speed-paddle-mixer-for-concrete-cement-plastic-paint-thinset-r6306\/\",\"name\":\"1200W\/1400W\/1600W Heavey Duty Robust Universal, Powerful 2-Speed Paddle Mixer For Concrete Cement Plastic Paint Thinset-R6306 - BURLEY\",\"isPartOf\":{\"@id\":\"https:\/\/www.burleytools.com\/#website\"},\"primaryImageOfPage\":{\"@id\":\"https:\/\/www.burleytools.com\/product\/1200w-1400w-1600w-heavey-duty-robust-universal-powerful-2-speed-paddle-mixer-for-concrete-cement-plastic-paint-thinset-r6306\/#primaryimage\"},\"image\":{\"@id\":\"https:\/\/www.burleytools.com\/product\/1200w-1400w-1600w-heavey-duty-robust-universal-powerful-2-speed-paddle-mixer-for-concrete-cement-plastic-paint-thinset-r6306\/#primaryimage\"},\"thumbnailUrl\":\"https:\/\/www.burleytools.com\/wp-content\/uploads\/2024\/05\/1606985608761818-1.jpg\",\"datePublished\":\"2024-05-09T07:45:09+00:00\",\"dateModified\":\"2024-08-20T07:28:41+00:00\",\"breadcrumb\":{\"@id\":\"https:\/\/www.burleytools.com\/product\/1200w-1400w-1600w-heavey-duty-robust-universal-powerful-2-speed-paddle-mixer-for-concrete-cement-plastic-paint-thinset-r6306\/#breadcrumb\"},\"inLanguage\":\"de-DE\",\"potentialAction\":[{\"@type\":\"ReadAction\",\"target\":[\"https:\/\/www.burleytools.com\/product\/1200w-1400w-1600w-heavey-duty-robust-universal-powerful-2-speed-paddle-mixer-for-concrete-cement-plastic-paint-thinset-r6306\/\"]}]},{\"@type\":\"ImageObject\",\"inLanguage\":\"de-DE\",\"@id\":\"https:\/\/www.burleytools.com\/product\/1200w-1400w-1600w-heavey-duty-robust-universal-powerful-2-speed-paddle-mixer-for-concrete-cement-plastic-paint-thinset-r6306\/#primaryimage\",\"url\":\"https:\/\/www.burleytools.com\/wp-content\/uploads\/2024\/05\/1606985608761818-1.jpg\",\"contentUrl\":\"https:\/\/www.burleytools.com\/wp-content\/uploads\/2024\/05\/1606985608761818-1.jpg\",\"width\":700,\"height\":700},{\"@type\":\"BreadcrumbList\",\"@id\":\"https:\/\/www.burleytools.com\/product\/1200w-1400w-1600w-heavey-duty-robust-universal-powerful-2-speed-paddle-mixer-for-concrete-cement-plastic-paint-thinset-r6306\/#breadcrumb\",\"itemListElement\":[{\"@type\":\"ListItem\",\"position\":1,\"name\":\"Home\",\"item\":\"https:\/\/www.burleytools.com\/\"},{\"@type\":\"ListItem\",\"position\":2,\"name\":\"Products\",\"item\":\"https:\/\/www.burleytools.com\/products\/\"},{\"@type\":\"ListItem\",\"position\":3,\"name\":\"1200W\/1400W\/1600W Heavey Duty Robust Universal, Powerful 2-Speed Paddle Mixer For Concrete Cement Plastic Paint Thinset-R6306\"}]},{\"@type\":\"WebSite\",\"@id\":\"https:\/\/www.burleytools.com\/#website\",\"url\":\"https:\/\/www.burleytools.com\/\",\"name\":\"BURLEY\",\"description\":\"\",\"publisher\":{\"@id\":\"https:\/\/www.burleytools.com\/#organization\"},\"potentialAction\":[{\"@type\":\"SearchAction\",\"target\":{\"@type\":\"EntryPoint\",\"urlTemplate\":\"https:\/\/www.burleytools.com\/?s={search_term_string}\"},\"query-input\":\"required name=search_term_string\"}],\"inLanguage\":\"de-DE\"},{\"@type\":\"Organization\",\"@id\":\"https:\/\/www.burleytools.com\/#organization\",\"name\":\"BURLEY\",\"url\":\"https:\/\/www.burleytools.com\/\",\"logo\":{\"@type\":\"ImageObject\",\"inLanguage\":\"de-DE\",\"@id\":\"https:\/\/www.burleytools.com\/#\/schema\/logo\/image\/\",\"url\":\"https:\/\/www.burleytools.com\/wp-content\/uploads\/2023\/10\/logo.webp\",\"contentUrl\":\"https:\/\/www.burleytools.com\/wp-content\/uploads\/2023\/10\/logo.webp\",\"width\":165,\"height\":62,\"caption\":\"BURLEY\"},\"image\":{\"@id\":\"https:\/\/www.burleytools.com\/#\/schema\/logo\/image\/\"}}]}<\/script>\n<!-- \/ Yoast SEO Premium plugin. -->","yoast_head_json":{"title":"1200W\/1400W\/1600W Heavey Duty Robust Universal, Powerful 2-Speed Paddle Mixer For Concrete Cement Plastic Paint Thinset-R6306 - BURLEY","robots":{"index":"index","follow":"follow","max-snippet":"max-snippet:-1","max-image-preview":"max-image-preview:large","max-video-preview":"max-video-preview:-1"},"canonical":"https:\/\/www.burleytools.com\/de\/produkt\/1200-w-1400-w-1600-w-hochleistungs-paddelmischer-robuster-universeller-leistungsstarker-2-gang-mixer-fur-beton-zement-kunststoff-farbe-dunnbettmischer-r6306\/","og_locale":"de_DE","og_type":"article","og_title":"1200W\/1400W\/1600W Heavey Duty Robust Universal, Powerful 2-Speed Paddle Mixer For Concrete Cement Plastic Paint Thinset-R6306","og_description":"\u25cf Indicator light Overload&amp;brush changing alert.Power indicator  \u25cf Optimun protect iron handle  \u25cf Large,rugged 2-gear unit with optimum ratios for powerful toque and correct speed for different materials.  \u25cf","og_url":"https:\/\/www.burleytools.com\/de\/produkt\/1200-w-1400-w-1600-w-hochleistungs-paddelmischer-robuster-universeller-leistungsstarker-2-gang-mixer-fur-beton-zement-kunststoff-farbe-dunnbettmischer-r6306\/","og_site_name":"BURLEY","article_modified_time":"2024-08-20T07:28:41+00:00","og_image":[{"width":700,"height":700,"url":"https:\/\/www.burleytools.com\/wp-content\/uploads\/2024\/05\/1606985608761818-1.jpg","type":"image\/jpeg"}],"twitter_card":"summary_large_image","twitter_misc":{"Gesch\u00e4tzte Lesezeit":"1 Minute"},"schema":{"@context":"https:\/\/schema.org","@graph":[{"@type":"WebPage","@id":"https:\/\/www.burleytools.com\/product\/1200w-1400w-1600w-heavey-duty-robust-universal-powerful-2-speed-paddle-mixer-for-concrete-cement-plastic-paint-thinset-r6306\/","url":"https:\/\/www.burleytools.com\/product\/1200w-1400w-1600w-heavey-duty-robust-universal-powerful-2-speed-paddle-mixer-for-concrete-cement-plastic-paint-thinset-r6306\/","name":"1200W\/1400W\/1600W Heavey Duty Robust Universal, Powerful 2-Speed Paddle Mixer For Concrete Cement Plastic Paint Thinset-R6306 - BURLEY","isPartOf":{"@id":"https:\/\/www.burleytools.com\/#website"},"primaryImageOfPage":{"@id":"https:\/\/www.burleytools.com\/product\/1200w-1400w-1600w-heavey-duty-robust-universal-powerful-2-speed-paddle-mixer-for-concrete-cement-plastic-paint-thinset-r6306\/#primaryimage"},"image":{"@id":"https:\/\/www.burleytools.com\/product\/1200w-1400w-1600w-heavey-duty-robust-universal-powerful-2-speed-paddle-mixer-for-concrete-cement-plastic-paint-thinset-r6306\/#primaryimage"},"thumbnailUrl":"https:\/\/www.burleytools.com\/wp-content\/uploads\/2024\/05\/1606985608761818-1.jpg","datePublished":"2024-05-09T07:45:09+00:00","dateModified":"2024-08-20T07:28:41+00:00","breadcrumb":{"@id":"https:\/\/www.burleytools.com\/product\/1200w-1400w-1600w-heavey-duty-robust-universal-powerful-2-speed-paddle-mixer-for-concrete-cement-plastic-paint-thinset-r6306\/#breadcrumb"},"inLanguage":"de-DE","potentialAction":[{"@type":"ReadAction","target":["https:\/\/www.burleytools.com\/product\/1200w-1400w-1600w-heavey-duty-robust-universal-powerful-2-speed-paddle-mixer-for-concrete-cement-plastic-paint-thinset-r6306\/"]}]},{"@type":"ImageObject","inLanguage":"de-DE","@id":"https:\/\/www.burleytools.com\/product\/1200w-1400w-1600w-heavey-duty-robust-universal-powerful-2-speed-paddle-mixer-for-concrete-cement-plastic-paint-thinset-r6306\/#primaryimage","url":"https:\/\/www.burleytools.com\/wp-content\/uploads\/2024\/05\/1606985608761818-1.jpg","contentUrl":"https:\/\/www.burleytools.com\/wp-content\/uploads\/2024\/05\/1606985608761818-1.jpg","width":700,"height":700},{"@type":"BreadcrumbList","@id":"https:\/\/www.burleytools.com\/product\/1200w-1400w-1600w-heavey-duty-robust-universal-powerful-2-speed-paddle-mixer-for-concrete-cement-plastic-paint-thinset-r6306\/#breadcrumb","itemListElement":[{"@type":"ListItem","position":1,"name":"Home","item":"https:\/\/www.burleytools.com\/"},{"@type":"ListItem","position":2,"name":"Products","item":"https:\/\/www.burleytools.com\/products\/"},{"@type":"ListItem","position":3,"name":"1200W\/1400W\/1600W Heavey Duty Robust Universal, Powerful 2-Speed Paddle Mixer For Concrete Cement Plastic Paint Thinset-R6306"}]},{"@type":"WebSite","@id":"https:\/\/www.burleytools.com\/#website","url":"https:\/\/www.burleytools.com\/","name":"BURLEY","description":"","publisher":{"@id":"https:\/\/www.burleytools.com\/#organization"},"potentialAction":[{"@type":"SearchAction","target":{"@type":"EntryPoint","urlTemplate":"https:\/\/www.burleytools.com\/?s={search_term_string}"},"query-input":"required name=search_term_string"}],"inLanguage":"de-DE"},{"@type":"Organization","@id":"https:\/\/www.burleytools.com\/#organization","name":"BURLEY","url":"https:\/\/www.burleytools.com\/","logo":{"@type":"ImageObject","inLanguage":"de-DE","@id":"https:\/\/www.burleytools.com\/#\/schema\/logo\/image\/","url":"https:\/\/www.burleytools.com\/wp-content\/uploads\/2023\/10\/logo.webp","contentUrl":"https:\/\/www.burleytools.com\/wp-content\/uploads\/2023\/10\/logo.webp","width":165,"height":62,"caption":"BURLEY"},"image":{"@id":"https:\/\/www.burleytools.com\/#\/schema\/logo\/image\/"}}]}},"_links":{"self":[{"href":"https:\/\/www.burleytools.com\/de\/wp-json\/wp\/v2\/product\/806"}],"collection":[{"href":"https:\/\/www.burleytools.com\/de\/wp-json\/wp\/v2\/product"}],"about":[{"href":"https:\/\/www.burleytools.com\/de\/wp-json\/wp\/v2\/types\/product"}],"wp:featuredmedia":[{"embeddable":true,"href":"https:\/\/www.burleytools.com\/de\/wp-json\/wp\/v2\/media\/805"}],"wp:attachment":[{"href":"https:\/\/www.burleytools.com\/de\/wp-json\/wp\/v2\/media?parent=806"}],"wp:term":[{"taxonomy":"product_cat","embeddable":true,"href":"https:\/\/www.burleytools.com\/de\/wp-json\/wp\/v2\/product_cat?post=806"},{"taxonomy":"product_tag","embeddable":true,"href":"https:\/\/www.burleytools.com\/de\/wp-json\/wp\/v2\/product_tag?post=806"}],"curies":[{"name":"wp","href":"https:\/\/api.w.org\/{rel}","templated":true}]}}