{"id":889,"date":"2024-05-09T07:45:30","date_gmt":"2024-05-09T07:45:30","guid":{"rendered":"https:\/\/www.burleytools.com\/product\/1400w-1600w-double-paddle-involved-handheld-automatic-powder-electric-paint-mixer-r6216\/"},"modified":"2024-08-20T07:28:49","modified_gmt":"2024-08-20T07:28:49","slug":"1400w-1600w-double-paddle-involved-handheld-automatic-powder-electric-paint-mixer-r6216","status":"publish","type":"product","link":"https:\/\/www.burleytools.com\/de\/produkt\/1400w-1600w-doppelpaddel-beteiligt-handheld-automatische-pulver-elektrische-farbmischer-r6216\/","title":{"rendered":"1400 W\/1600 W Doppelpaddel-Handheld-Pulverfarbmischer mit automatischer Steuerung-R6216"},"content":{"rendered":"<p>\u25cf 2m PVC-Kabel H05VV-F 2*1,0mm2,VDE-Stecker<\/p>\n<p>\u25cf Schutzart: Doppelte Isolierung<\/p>\n<p>\u25cf Schutzklasse: Klasse II<\/p>\n<p>\u25cf R\u00fchrfl\u00fcgel (\u00d8 max.):120mm<\/p>\n<p>\u25cf 2-Gang-Powermixer mit doppelten Mixpaddeln<\/p>\n<p>\u25cf Hohe Leistung durch 2 Paddel, die im bzw. gegen den Uhrzeigersinn arbeiten<\/p>\n<p>\u25cf Robustes Getriebe mit leistungsstarkem High-Torque-Motor<\/p>\n<p>\u25cf Variable Geschwindigkeit<\/p>\n<p><img decoding=\"async\" title=\"R6216P-HANDBUCH\" src=\"\/wp-content\/uploads\/2024\/05\/1608693272399045.jpg\" alt=\"R6216P-HANDBUCH\" \/><\/p>","protected":false},"excerpt":{"rendered":"<p>\u25cf \u00c4ndern Sie die Geschwindigkeit mit einer Genauigkeit von 100%, indem Sie den Geschwindigkeitsknopf drehen, nachdem die Maschine vollst\u00e4ndig zum Stillstand gekommen ist.<\/p>\n<p>\u25cf Der Softstart-Beschleunigerschalter passt die Geschwindigkeit einfach und sicher an die Mischsituation und das Material an.<\/p>\n<p>\u25cf Ergonomisches Design mit Softgrip sorgt f\u00fcr komfortable Bedienung.<\/p>\n<p>\u25cf <img decoding=\"async\" style=\"width: 180px; height: 27px;\" title=\"4\" src=\"\/wp-content\/uploads\/2024\/05\/1606975649218025.png\" alt=\"4\" width=\"180\" height=\"27\" border=\"0\" vspace=\"0\" \/><\/p>","protected":false},"featured_media":888,"template":"","meta":{"_acf_changed":false,"_mi_skip_tracking":false,"_monsterinsights_sitenote_active":false,"_monsterinsights_sitenote_note":"","_monsterinsights_sitenote_category":0},"product_cat":[35,34],"product_tag":[],"class_list":{"0":"post-889","1":"product","2":"type-product","3":"status-publish","4":"has-post-thumbnail","6":"product_cat-electric-mixer","7":"product_cat-renovation-wallpainting","9":"first","10":"instock","11":"shipping-taxable","12":"product-type-simple"},"acf":[],"yoast_head":"<!-- This site is optimized with the Yoast SEO Premium plugin v21.6 (Yoast SEO v22.3) - https:\/\/yoast.com\/wordpress\/plugins\/seo\/ -->\n<title>1400W\/1600W Double Paddle Involved Handheld Automatic Powder Electric Paint Mixer-R6216 - BURLEY<\/title>\n<meta name=\"robots\" content=\"index, follow, max-snippet:-1, max-image-preview:large, max-video-preview:-1\" \/>\n<link rel=\"canonical\" href=\"https:\/\/www.burleytools.com\/de\/produkt\/1400w-1600w-doppelpaddel-beteiligt-handheld-automatische-pulver-elektrische-farbmischer-r6216\/\" \/>\n<meta property=\"og:locale\" content=\"de_DE\" \/>\n<meta property=\"og:type\" content=\"article\" \/>\n<meta property=\"og:title\" content=\"1400W\/1600W Double Paddle Involved Handheld Automatic Powder Electric Paint Mixer-R6216\" \/>\n<meta property=\"og:description\" content=\"\u25cf Shift the speeds with 100% accuracy by turning the speed knob after the machine is fully stopped.  \u25cf The soft start accelerator switch smoothly adjusts the speed to the mixing situation and material, easily and safely.  \u25cf Ergonomics design with soft grip provides comfortable operation.  \u25cf\" \/>\n<meta property=\"og:url\" content=\"https:\/\/www.burleytools.com\/de\/produkt\/1400w-1600w-doppelpaddel-beteiligt-handheld-automatische-pulver-elektrische-farbmischer-r6216\/\" \/>\n<meta property=\"og:site_name\" content=\"BURLEY\" \/>\n<meta property=\"article:modified_time\" content=\"2024-08-20T07:28:49+00:00\" \/>\n<meta property=\"og:image\" content=\"https:\/\/www.burleytools.com\/wp-content\/uploads\/2024\/05\/1607063148950216-1.jpg\" \/>\n\t<meta property=\"og:image:width\" content=\"700\" \/>\n\t<meta property=\"og:image:height\" content=\"700\" \/>\n\t<meta property=\"og:image:type\" content=\"image\/jpeg\" \/>\n<meta name=\"twitter:card\" content=\"summary_large_image\" \/>\n<meta name=\"twitter:label1\" content=\"Gesch\u00e4tzte Lesezeit\" \/>\n\t<meta name=\"twitter:data1\" content=\"1 Minute\" \/>\n<script type=\"application\/ld+json\" class=\"yoast-schema-graph\">{\"@context\":\"https:\/\/schema.org\",\"@graph\":[{\"@type\":\"WebPage\",\"@id\":\"https:\/\/www.burleytools.com\/product\/1400w-1600w-double-paddle-involved-handheld-automatic-powder-electric-paint-mixer-r6216\/\",\"url\":\"https:\/\/www.burleytools.com\/product\/1400w-1600w-double-paddle-involved-handheld-automatic-powder-electric-paint-mixer-r6216\/\",\"name\":\"1400W\/1600W Double Paddle Involved Handheld Automatic Powder Electric Paint Mixer-R6216 - BURLEY\",\"isPartOf\":{\"@id\":\"https:\/\/www.burleytools.com\/#website\"},\"primaryImageOfPage\":{\"@id\":\"https:\/\/www.burleytools.com\/product\/1400w-1600w-double-paddle-involved-handheld-automatic-powder-electric-paint-mixer-r6216\/#primaryimage\"},\"image\":{\"@id\":\"https:\/\/www.burleytools.com\/product\/1400w-1600w-double-paddle-involved-handheld-automatic-powder-electric-paint-mixer-r6216\/#primaryimage\"},\"thumbnailUrl\":\"https:\/\/www.burleytools.com\/wp-content\/uploads\/2024\/05\/1607063148950216-1.jpg\",\"datePublished\":\"2024-05-09T07:45:30+00:00\",\"dateModified\":\"2024-08-20T07:28:49+00:00\",\"breadcrumb\":{\"@id\":\"https:\/\/www.burleytools.com\/product\/1400w-1600w-double-paddle-involved-handheld-automatic-powder-electric-paint-mixer-r6216\/#breadcrumb\"},\"inLanguage\":\"de-DE\",\"potentialAction\":[{\"@type\":\"ReadAction\",\"target\":[\"https:\/\/www.burleytools.com\/product\/1400w-1600w-double-paddle-involved-handheld-automatic-powder-electric-paint-mixer-r6216\/\"]}]},{\"@type\":\"ImageObject\",\"inLanguage\":\"de-DE\",\"@id\":\"https:\/\/www.burleytools.com\/product\/1400w-1600w-double-paddle-involved-handheld-automatic-powder-electric-paint-mixer-r6216\/#primaryimage\",\"url\":\"https:\/\/www.burleytools.com\/wp-content\/uploads\/2024\/05\/1607063148950216-1.jpg\",\"contentUrl\":\"https:\/\/www.burleytools.com\/wp-content\/uploads\/2024\/05\/1607063148950216-1.jpg\",\"width\":700,\"height\":700},{\"@type\":\"BreadcrumbList\",\"@id\":\"https:\/\/www.burleytools.com\/product\/1400w-1600w-double-paddle-involved-handheld-automatic-powder-electric-paint-mixer-r6216\/#breadcrumb\",\"itemListElement\":[{\"@type\":\"ListItem\",\"position\":1,\"name\":\"Home\",\"item\":\"https:\/\/www.burleytools.com\/\"},{\"@type\":\"ListItem\",\"position\":2,\"name\":\"Products\",\"item\":\"https:\/\/www.burleytools.com\/products\/\"},{\"@type\":\"ListItem\",\"position\":3,\"name\":\"1400W\/1600W Double Paddle Involved Handheld Automatic Powder Electric Paint Mixer-R6216\"}]},{\"@type\":\"WebSite\",\"@id\":\"https:\/\/www.burleytools.com\/#website\",\"url\":\"https:\/\/www.burleytools.com\/\",\"name\":\"BURLEY\",\"description\":\"\",\"publisher\":{\"@id\":\"https:\/\/www.burleytools.com\/#organization\"},\"potentialAction\":[{\"@type\":\"SearchAction\",\"target\":{\"@type\":\"EntryPoint\",\"urlTemplate\":\"https:\/\/www.burleytools.com\/?s={search_term_string}\"},\"query-input\":\"required name=search_term_string\"}],\"inLanguage\":\"de-DE\"},{\"@type\":\"Organization\",\"@id\":\"https:\/\/www.burleytools.com\/#organization\",\"name\":\"BURLEY\",\"url\":\"https:\/\/www.burleytools.com\/\",\"logo\":{\"@type\":\"ImageObject\",\"inLanguage\":\"de-DE\",\"@id\":\"https:\/\/www.burleytools.com\/#\/schema\/logo\/image\/\",\"url\":\"https:\/\/www.burleytools.com\/wp-content\/uploads\/2023\/10\/logo.webp\",\"contentUrl\":\"https:\/\/www.burleytools.com\/wp-content\/uploads\/2023\/10\/logo.webp\",\"width\":165,\"height\":62,\"caption\":\"BURLEY\"},\"image\":{\"@id\":\"https:\/\/www.burleytools.com\/#\/schema\/logo\/image\/\"}}]}<\/script>\n<!-- \/ Yoast SEO Premium plugin. -->","yoast_head_json":{"title":"1400W\/1600W Double Paddle Involved Handheld Automatic Powder Electric Paint Mixer-R6216 - BURLEY","robots":{"index":"index","follow":"follow","max-snippet":"max-snippet:-1","max-image-preview":"max-image-preview:large","max-video-preview":"max-video-preview:-1"},"canonical":"https:\/\/www.burleytools.com\/de\/produkt\/1400w-1600w-doppelpaddel-beteiligt-handheld-automatische-pulver-elektrische-farbmischer-r6216\/","og_locale":"de_DE","og_type":"article","og_title":"1400W\/1600W Double Paddle Involved Handheld Automatic Powder Electric Paint Mixer-R6216","og_description":"\u25cf Shift the speeds with 100% accuracy by turning the speed knob after the machine is fully stopped.  \u25cf The soft start accelerator switch smoothly adjusts the speed to the mixing situation and material, easily and safely.  \u25cf Ergonomics design with soft grip provides comfortable operation.  \u25cf","og_url":"https:\/\/www.burleytools.com\/de\/produkt\/1400w-1600w-doppelpaddel-beteiligt-handheld-automatische-pulver-elektrische-farbmischer-r6216\/","og_site_name":"BURLEY","article_modified_time":"2024-08-20T07:28:49+00:00","og_image":[{"width":700,"height":700,"url":"https:\/\/www.burleytools.com\/wp-content\/uploads\/2024\/05\/1607063148950216-1.jpg","type":"image\/jpeg"}],"twitter_card":"summary_large_image","twitter_misc":{"Gesch\u00e4tzte Lesezeit":"1 Minute"},"schema":{"@context":"https:\/\/schema.org","@graph":[{"@type":"WebPage","@id":"https:\/\/www.burleytools.com\/product\/1400w-1600w-double-paddle-involved-handheld-automatic-powder-electric-paint-mixer-r6216\/","url":"https:\/\/www.burleytools.com\/product\/1400w-1600w-double-paddle-involved-handheld-automatic-powder-electric-paint-mixer-r6216\/","name":"1400W\/1600W Double Paddle Involved Handheld Automatic Powder Electric Paint Mixer-R6216 - BURLEY","isPartOf":{"@id":"https:\/\/www.burleytools.com\/#website"},"primaryImageOfPage":{"@id":"https:\/\/www.burleytools.com\/product\/1400w-1600w-double-paddle-involved-handheld-automatic-powder-electric-paint-mixer-r6216\/#primaryimage"},"image":{"@id":"https:\/\/www.burleytools.com\/product\/1400w-1600w-double-paddle-involved-handheld-automatic-powder-electric-paint-mixer-r6216\/#primaryimage"},"thumbnailUrl":"https:\/\/www.burleytools.com\/wp-content\/uploads\/2024\/05\/1607063148950216-1.jpg","datePublished":"2024-05-09T07:45:30+00:00","dateModified":"2024-08-20T07:28:49+00:00","breadcrumb":{"@id":"https:\/\/www.burleytools.com\/product\/1400w-1600w-double-paddle-involved-handheld-automatic-powder-electric-paint-mixer-r6216\/#breadcrumb"},"inLanguage":"de-DE","potentialAction":[{"@type":"ReadAction","target":["https:\/\/www.burleytools.com\/product\/1400w-1600w-double-paddle-involved-handheld-automatic-powder-electric-paint-mixer-r6216\/"]}]},{"@type":"ImageObject","inLanguage":"de-DE","@id":"https:\/\/www.burleytools.com\/product\/1400w-1600w-double-paddle-involved-handheld-automatic-powder-electric-paint-mixer-r6216\/#primaryimage","url":"https:\/\/www.burleytools.com\/wp-content\/uploads\/2024\/05\/1607063148950216-1.jpg","contentUrl":"https:\/\/www.burleytools.com\/wp-content\/uploads\/2024\/05\/1607063148950216-1.jpg","width":700,"height":700},{"@type":"BreadcrumbList","@id":"https:\/\/www.burleytools.com\/product\/1400w-1600w-double-paddle-involved-handheld-automatic-powder-electric-paint-mixer-r6216\/#breadcrumb","itemListElement":[{"@type":"ListItem","position":1,"name":"Home","item":"https:\/\/www.burleytools.com\/"},{"@type":"ListItem","position":2,"name":"Products","item":"https:\/\/www.burleytools.com\/products\/"},{"@type":"ListItem","position":3,"name":"1400W\/1600W Double Paddle Involved Handheld Automatic Powder Electric Paint Mixer-R6216"}]},{"@type":"WebSite","@id":"https:\/\/www.burleytools.com\/#website","url":"https:\/\/www.burleytools.com\/","name":"BURLEY","description":"","publisher":{"@id":"https:\/\/www.burleytools.com\/#organization"},"potentialAction":[{"@type":"SearchAction","target":{"@type":"EntryPoint","urlTemplate":"https:\/\/www.burleytools.com\/?s={search_term_string}"},"query-input":"required name=search_term_string"}],"inLanguage":"de-DE"},{"@type":"Organization","@id":"https:\/\/www.burleytools.com\/#organization","name":"BURLEY","url":"https:\/\/www.burleytools.com\/","logo":{"@type":"ImageObject","inLanguage":"de-DE","@id":"https:\/\/www.burleytools.com\/#\/schema\/logo\/image\/","url":"https:\/\/www.burleytools.com\/wp-content\/uploads\/2023\/10\/logo.webp","contentUrl":"https:\/\/www.burleytools.com\/wp-content\/uploads\/2023\/10\/logo.webp","width":165,"height":62,"caption":"BURLEY"},"image":{"@id":"https:\/\/www.burleytools.com\/#\/schema\/logo\/image\/"}}]}},"_links":{"self":[{"href":"https:\/\/www.burleytools.com\/de\/wp-json\/wp\/v2\/product\/889"}],"collection":[{"href":"https:\/\/www.burleytools.com\/de\/wp-json\/wp\/v2\/product"}],"about":[{"href":"https:\/\/www.burleytools.com\/de\/wp-json\/wp\/v2\/types\/product"}],"wp:featuredmedia":[{"embeddable":true,"href":"https:\/\/www.burleytools.com\/de\/wp-json\/wp\/v2\/media\/888"}],"wp:attachment":[{"href":"https:\/\/www.burleytools.com\/de\/wp-json\/wp\/v2\/media?parent=889"}],"wp:term":[{"taxonomy":"product_cat","embeddable":true,"href":"https:\/\/www.burleytools.com\/de\/wp-json\/wp\/v2\/product_cat?post=889"},{"taxonomy":"product_tag","embeddable":true,"href":"https:\/\/www.burleytools.com\/de\/wp-json\/wp\/v2\/product_tag?post=889"}],"curies":[{"name":"wp","href":"https:\/\/api.w.org\/{rel}","templated":true}]}}