{"id":970,"date":"2024-05-09T07:45:56","date_gmt":"2024-05-09T07:45:56","guid":{"rendered":"https:\/\/www.burleytools.com\/product\/1300w-different-pads-electric-drywall-sander-r7502\/"},"modified":"2024-08-20T07:28:56","modified_gmt":"2024-08-20T07:28:56","slug":"1300w-different-pads-electric-drywall-sander-r7502","status":"publish","type":"product","link":"https:\/\/www.burleytools.com\/de\/produkt\/1300-w-elektrischer-trockenbauschleifer-mit-verschiedenen-pads-r7502\/","title":{"rendered":"1300 W Elektrischer Trockenbauschleifer mit verschiedenen Pads - R7502"},"content":{"rendered":"<p>\u25cf Das Schleifen kann schwierig und zeitaufw\u00e4ndig sein, da die Oberfl\u00e4che so unscharf ist, dass Sie den Schleifvorgang wiederholen m\u00fcssen, wenn Sie eine Stelle \u00fcbersehen.<\/p>\n<p>\u25cf Trennung mit Motork\u00fchlung und Staubabsaugung<\/p>\n<p>\u25cf Verschiedene Pads um unterschiedliche Anwendungen zu realisieren.<\/p>\n<p><img decoding=\"async\" title=\"R7502-HANDBUCH\" src=\"\/wp-content\/uploads\/2024\/05\/1608692436977667.jpg\" alt=\"R7502-HANDBUCH\" \/><\/p>","protected":false},"excerpt":{"rendered":"<p>\u25cf Die Geschwindigkeit l\u00e4sst sich einfach von 1500\u20132300 U\/min einstellen.<\/p>\n<p>\u25cf Der Softgrip sorgt f\u00fcr eine komfortable Bedienung.<\/p>\n<p>\u25cf Von au\u00dfen zug\u00e4ngliche B\u00fcrsten f\u00fcr bessere Wartungsfreundlichkeit und l\u00e4ngere Motorlebensdauer.<\/p>\n<p>\u25cf Variable Saugleistung f\u00fcr unterschiedliche Wandverh\u00e4ltnisse und eine komfortable Nutzung.<\/p>\n<p>\u25cf <img decoding=\"async\" style=\"width: 180px; height: 27px;\" title=\"4\" src=\"\/wp-content\/uploads\/2024\/05\/1606975649218025.png\" alt=\"4\" width=\"180\" height=\"27\" border=\"0\" vspace=\"0\" \/><\/p>","protected":false},"featured_media":969,"template":"","meta":{"_acf_changed":false,"_mi_skip_tracking":false,"_monsterinsights_sitenote_active":false,"_monsterinsights_sitenote_note":"","_monsterinsights_sitenote_category":0},"product_cat":[37,34],"product_tag":[],"class_list":{"0":"post-970","1":"product","2":"type-product","3":"status-publish","4":"has-post-thumbnail","6":"product_cat-drywall-sander","7":"product_cat-renovation-wallpainting","9":"first","10":"instock","11":"shipping-taxable","12":"product-type-simple"},"acf":[],"yoast_head":"<!-- This site is optimized with the Yoast SEO Premium plugin v21.6 (Yoast SEO v22.3) - https:\/\/yoast.com\/wordpress\/plugins\/seo\/ -->\n<title>1300w Different pads Electric Drywall Sander-R7502 - BURLEY<\/title>\n<meta name=\"robots\" content=\"index, follow, max-snippet:-1, max-image-preview:large, max-video-preview:-1\" \/>\n<link rel=\"canonical\" href=\"https:\/\/www.burleytools.com\/de\/produkt\/1300-w-elektrischer-trockenbauschleifer-mit-verschiedenen-pads-r7502\/\" \/>\n<meta property=\"og:locale\" content=\"de_DE\" \/>\n<meta property=\"og:type\" content=\"article\" \/>\n<meta property=\"og:title\" content=\"1300w Different pads Electric Drywall Sander-R7502\" \/>\n<meta property=\"og:description\" content=\"\u25cf Speed can be adjusted easily from 1500-2300rpm.  \u25cf Soft grip provides comfortable operation.  \u25cf Externally accessible brushes for greater serviceability and longer motor life.  \u25cf Variable vacuum power for different wall conditions and for comfortable use.  \u25cf\" \/>\n<meta property=\"og:url\" content=\"https:\/\/www.burleytools.com\/de\/produkt\/1300-w-elektrischer-trockenbauschleifer-mit-verschiedenen-pads-r7502\/\" \/>\n<meta property=\"og:site_name\" content=\"BURLEY\" \/>\n<meta property=\"article:modified_time\" content=\"2024-08-20T07:28:56+00:00\" \/>\n<meta property=\"og:image\" content=\"https:\/\/www.burleytools.com\/wp-content\/uploads\/2024\/05\/1607483569535513-1.jpg\" \/>\n\t<meta property=\"og:image:width\" content=\"700\" \/>\n\t<meta property=\"og:image:height\" content=\"700\" \/>\n\t<meta property=\"og:image:type\" content=\"image\/jpeg\" \/>\n<meta name=\"twitter:card\" content=\"summary_large_image\" \/>\n<meta name=\"twitter:label1\" content=\"Gesch\u00e4tzte Lesezeit\" \/>\n\t<meta name=\"twitter:data1\" content=\"1 Minute\" \/>\n<script type=\"application\/ld+json\" class=\"yoast-schema-graph\">{\"@context\":\"https:\/\/schema.org\",\"@graph\":[{\"@type\":\"WebPage\",\"@id\":\"https:\/\/www.burleytools.com\/product\/1300w-different-pads-electric-drywall-sander-r7502\/\",\"url\":\"https:\/\/www.burleytools.com\/product\/1300w-different-pads-electric-drywall-sander-r7502\/\",\"name\":\"1300w Different pads Electric Drywall Sander-R7502 - BURLEY\",\"isPartOf\":{\"@id\":\"https:\/\/www.burleytools.com\/#website\"},\"primaryImageOfPage\":{\"@id\":\"https:\/\/www.burleytools.com\/product\/1300w-different-pads-electric-drywall-sander-r7502\/#primaryimage\"},\"image\":{\"@id\":\"https:\/\/www.burleytools.com\/product\/1300w-different-pads-electric-drywall-sander-r7502\/#primaryimage\"},\"thumbnailUrl\":\"https:\/\/www.burleytools.com\/wp-content\/uploads\/2024\/05\/1607483569535513-1.jpg\",\"datePublished\":\"2024-05-09T07:45:56+00:00\",\"dateModified\":\"2024-08-20T07:28:56+00:00\",\"breadcrumb\":{\"@id\":\"https:\/\/www.burleytools.com\/product\/1300w-different-pads-electric-drywall-sander-r7502\/#breadcrumb\"},\"inLanguage\":\"de-DE\",\"potentialAction\":[{\"@type\":\"ReadAction\",\"target\":[\"https:\/\/www.burleytools.com\/product\/1300w-different-pads-electric-drywall-sander-r7502\/\"]}]},{\"@type\":\"ImageObject\",\"inLanguage\":\"de-DE\",\"@id\":\"https:\/\/www.burleytools.com\/product\/1300w-different-pads-electric-drywall-sander-r7502\/#primaryimage\",\"url\":\"https:\/\/www.burleytools.com\/wp-content\/uploads\/2024\/05\/1607483569535513-1.jpg\",\"contentUrl\":\"https:\/\/www.burleytools.com\/wp-content\/uploads\/2024\/05\/1607483569535513-1.jpg\",\"width\":700,\"height\":700},{\"@type\":\"BreadcrumbList\",\"@id\":\"https:\/\/www.burleytools.com\/product\/1300w-different-pads-electric-drywall-sander-r7502\/#breadcrumb\",\"itemListElement\":[{\"@type\":\"ListItem\",\"position\":1,\"name\":\"Home\",\"item\":\"https:\/\/www.burleytools.com\/\"},{\"@type\":\"ListItem\",\"position\":2,\"name\":\"Products\",\"item\":\"https:\/\/www.burleytools.com\/products\/\"},{\"@type\":\"ListItem\",\"position\":3,\"name\":\"1300w Different pads Electric Drywall Sander-R7502\"}]},{\"@type\":\"WebSite\",\"@id\":\"https:\/\/www.burleytools.com\/#website\",\"url\":\"https:\/\/www.burleytools.com\/\",\"name\":\"BURLEY\",\"description\":\"\",\"publisher\":{\"@id\":\"https:\/\/www.burleytools.com\/#organization\"},\"potentialAction\":[{\"@type\":\"SearchAction\",\"target\":{\"@type\":\"EntryPoint\",\"urlTemplate\":\"https:\/\/www.burleytools.com\/?s={search_term_string}\"},\"query-input\":\"required name=search_term_string\"}],\"inLanguage\":\"de-DE\"},{\"@type\":\"Organization\",\"@id\":\"https:\/\/www.burleytools.com\/#organization\",\"name\":\"BURLEY\",\"url\":\"https:\/\/www.burleytools.com\/\",\"logo\":{\"@type\":\"ImageObject\",\"inLanguage\":\"de-DE\",\"@id\":\"https:\/\/www.burleytools.com\/#\/schema\/logo\/image\/\",\"url\":\"https:\/\/www.burleytools.com\/wp-content\/uploads\/2023\/10\/logo.webp\",\"contentUrl\":\"https:\/\/www.burleytools.com\/wp-content\/uploads\/2023\/10\/logo.webp\",\"width\":165,\"height\":62,\"caption\":\"BURLEY\"},\"image\":{\"@id\":\"https:\/\/www.burleytools.com\/#\/schema\/logo\/image\/\"}}]}<\/script>\n<!-- \/ Yoast SEO Premium plugin. -->","yoast_head_json":{"title":"1300w Different pads Electric Drywall Sander-R7502 - BURLEY","robots":{"index":"index","follow":"follow","max-snippet":"max-snippet:-1","max-image-preview":"max-image-preview:large","max-video-preview":"max-video-preview:-1"},"canonical":"https:\/\/www.burleytools.com\/de\/produkt\/1300-w-elektrischer-trockenbauschleifer-mit-verschiedenen-pads-r7502\/","og_locale":"de_DE","og_type":"article","og_title":"1300w Different pads Electric Drywall Sander-R7502","og_description":"\u25cf Speed can be adjusted easily from 1500-2300rpm.  \u25cf Soft grip provides comfortable operation.  \u25cf Externally accessible brushes for greater serviceability and longer motor life.  \u25cf Variable vacuum power for different wall conditions and for comfortable use.  \u25cf","og_url":"https:\/\/www.burleytools.com\/de\/produkt\/1300-w-elektrischer-trockenbauschleifer-mit-verschiedenen-pads-r7502\/","og_site_name":"BURLEY","article_modified_time":"2024-08-20T07:28:56+00:00","og_image":[{"width":700,"height":700,"url":"https:\/\/www.burleytools.com\/wp-content\/uploads\/2024\/05\/1607483569535513-1.jpg","type":"image\/jpeg"}],"twitter_card":"summary_large_image","twitter_misc":{"Gesch\u00e4tzte Lesezeit":"1 Minute"},"schema":{"@context":"https:\/\/schema.org","@graph":[{"@type":"WebPage","@id":"https:\/\/www.burleytools.com\/product\/1300w-different-pads-electric-drywall-sander-r7502\/","url":"https:\/\/www.burleytools.com\/product\/1300w-different-pads-electric-drywall-sander-r7502\/","name":"1300w Different pads Electric Drywall Sander-R7502 - BURLEY","isPartOf":{"@id":"https:\/\/www.burleytools.com\/#website"},"primaryImageOfPage":{"@id":"https:\/\/www.burleytools.com\/product\/1300w-different-pads-electric-drywall-sander-r7502\/#primaryimage"},"image":{"@id":"https:\/\/www.burleytools.com\/product\/1300w-different-pads-electric-drywall-sander-r7502\/#primaryimage"},"thumbnailUrl":"https:\/\/www.burleytools.com\/wp-content\/uploads\/2024\/05\/1607483569535513-1.jpg","datePublished":"2024-05-09T07:45:56+00:00","dateModified":"2024-08-20T07:28:56+00:00","breadcrumb":{"@id":"https:\/\/www.burleytools.com\/product\/1300w-different-pads-electric-drywall-sander-r7502\/#breadcrumb"},"inLanguage":"de-DE","potentialAction":[{"@type":"ReadAction","target":["https:\/\/www.burleytools.com\/product\/1300w-different-pads-electric-drywall-sander-r7502\/"]}]},{"@type":"ImageObject","inLanguage":"de-DE","@id":"https:\/\/www.burleytools.com\/product\/1300w-different-pads-electric-drywall-sander-r7502\/#primaryimage","url":"https:\/\/www.burleytools.com\/wp-content\/uploads\/2024\/05\/1607483569535513-1.jpg","contentUrl":"https:\/\/www.burleytools.com\/wp-content\/uploads\/2024\/05\/1607483569535513-1.jpg","width":700,"height":700},{"@type":"BreadcrumbList","@id":"https:\/\/www.burleytools.com\/product\/1300w-different-pads-electric-drywall-sander-r7502\/#breadcrumb","itemListElement":[{"@type":"ListItem","position":1,"name":"Home","item":"https:\/\/www.burleytools.com\/"},{"@type":"ListItem","position":2,"name":"Products","item":"https:\/\/www.burleytools.com\/products\/"},{"@type":"ListItem","position":3,"name":"1300w Different pads Electric Drywall Sander-R7502"}]},{"@type":"WebSite","@id":"https:\/\/www.burleytools.com\/#website","url":"https:\/\/www.burleytools.com\/","name":"BURLEY","description":"","publisher":{"@id":"https:\/\/www.burleytools.com\/#organization"},"potentialAction":[{"@type":"SearchAction","target":{"@type":"EntryPoint","urlTemplate":"https:\/\/www.burleytools.com\/?s={search_term_string}"},"query-input":"required name=search_term_string"}],"inLanguage":"de-DE"},{"@type":"Organization","@id":"https:\/\/www.burleytools.com\/#organization","name":"BURLEY","url":"https:\/\/www.burleytools.com\/","logo":{"@type":"ImageObject","inLanguage":"de-DE","@id":"https:\/\/www.burleytools.com\/#\/schema\/logo\/image\/","url":"https:\/\/www.burleytools.com\/wp-content\/uploads\/2023\/10\/logo.webp","contentUrl":"https:\/\/www.burleytools.com\/wp-content\/uploads\/2023\/10\/logo.webp","width":165,"height":62,"caption":"BURLEY"},"image":{"@id":"https:\/\/www.burleytools.com\/#\/schema\/logo\/image\/"}}]}},"_links":{"self":[{"href":"https:\/\/www.burleytools.com\/de\/wp-json\/wp\/v2\/product\/970"}],"collection":[{"href":"https:\/\/www.burleytools.com\/de\/wp-json\/wp\/v2\/product"}],"about":[{"href":"https:\/\/www.burleytools.com\/de\/wp-json\/wp\/v2\/types\/product"}],"wp:featuredmedia":[{"embeddable":true,"href":"https:\/\/www.burleytools.com\/de\/wp-json\/wp\/v2\/media\/969"}],"wp:attachment":[{"href":"https:\/\/www.burleytools.com\/de\/wp-json\/wp\/v2\/media?parent=970"}],"wp:term":[{"taxonomy":"product_cat","embeddable":true,"href":"https:\/\/www.burleytools.com\/de\/wp-json\/wp\/v2\/product_cat?post=970"},{"taxonomy":"product_tag","embeddable":true,"href":"https:\/\/www.burleytools.com\/de\/wp-json\/wp\/v2\/product_tag?post=970"}],"curies":[{"name":"wp","href":"https:\/\/api.w.org\/{rel}","templated":true}]}}