{"id":1015,"date":"2024-05-09T07:46:09","date_gmt":"2024-05-09T07:46:09","guid":{"rendered":"https:\/\/www.burleytools.com\/product\/600w-710w-extendible-handle-adjustable-speed-drywall-sander-ergonomics-design-r7249\/"},"modified":"2024-09-05T09:04:25","modified_gmt":"2024-09-05T09:04:25","slug":"600w-710w-extendible-handle-adjustable-speed-drywall-sander-ergonomics-design-r7249","status":"publish","type":"product","link":"https:\/\/www.burleytools.com\/es\/producto\/lijadora-de-paneles-de-yeso-con-mango-extensible-de-600-w-y-710-w-velocidad-ajustable-diseno-ergonomico-r7249\/","title":{"rendered":"Lijadora de paneles de yeso con mango extensible y velocidad ajustable de 600 W\/710 W, dise\u00f1o ergon\u00f3mico - R7249"},"content":{"rendered":"<p>\u25cf Cabezal de rectificado de alto par, hasta 2,8 NM<\/p>\n<p>\u25cf El segmento del cepillo se puede separar f\u00e1cilmente para lijar a lo largo de los bordes y en posiciones inc\u00f3modas (opcional).<\/p>\n<p>\u25cf Longitud m\u00e1xima de 190 cm con mango extendido para lijar los techos f\u00e1cilmente y ahorrar energ\u00eda.<\/p>\n<p>\u25cf Clase de protecci\u00f3n: II<\/p>\n<p>\u25cf Longitud corta (sin tubo de extensi\u00f3n): 135 cm<\/p>\n<p>\u25cf Longitud larga (con tubo de extensi\u00f3n): 135 cm-190 cm<\/p>","protected":false},"excerpt":{"rendered":"<p>\u25cf El robusto sistema de accionamiento transfiere la potencia de manera eficiente a la almohadilla de lijado y garantiza una larga vida \u00fatil.<\/p>\n<p>\u25cf El dise\u00f1o ergon\u00f3mico con agarre suave proporciona una operaci\u00f3n c\u00f3moda.<\/p>\n<p>\u25cf Sistema de transmisi\u00f3n por engranajes para garantizar la durabilidad.<\/p>\n<p>\u25cf <img decoding=\"async\" style=\"width: 180px; height: 27px;\" title=\"4\" src=\"\/wp-content\/uploads\/2024\/05\/1606975649218025.png\" alt=\"4\" width=\"180\" height=\"27\" border=\"0\" vspace=\"0\" \/><\/p>","protected":false},"featured_media":1014,"template":"","meta":{"_acf_changed":false,"_mi_skip_tracking":false,"_monsterinsights_sitenote_active":false,"_monsterinsights_sitenote_note":"","_monsterinsights_sitenote_category":0},"product_cat":[37,34],"product_tag":[],"class_list":{"0":"post-1015","1":"product","2":"type-product","3":"status-publish","4":"has-post-thumbnail","6":"product_cat-drywall-sander","7":"product_cat-renovation-wallpainting","9":"first","10":"instock","11":"shipping-taxable","12":"product-type-simple"},"acf":[],"yoast_head":"<!-- This site is optimized with the Yoast SEO Premium plugin v21.6 (Yoast SEO v22.3) - https:\/\/yoast.com\/wordpress\/plugins\/seo\/ -->\n<title>600W\/710W Extendible Handle Adjustable Speed Drywall Sander Ergonomics Design-R7249 - BURLEY<\/title>\n<meta name=\"robots\" content=\"index, follow, max-snippet:-1, max-image-preview:large, max-video-preview:-1\" \/>\n<link rel=\"canonical\" href=\"https:\/\/www.burleytools.com\/es\/producto\/lijadora-de-paneles-de-yeso-con-mango-extensible-de-600-w-y-710-w-velocidad-ajustable-diseno-ergonomico-r7249\/\" \/>\n<meta property=\"og:locale\" content=\"es_ES\" \/>\n<meta property=\"og:type\" content=\"article\" \/>\n<meta property=\"og:title\" content=\"600W\/710W Extendible Handle Adjustable Speed Drywall Sander Ergonomics Design-R7249\" \/>\n<meta property=\"og:description\" content=\"\u25cf The robust driving system transfers the power efficiently to the sanding pad and ensures a long service life.  \u25cf Ergonomic design with soft grip provides comfortable operation.  \u25cf Gear driving system to ensure durability.  \u25cf\" \/>\n<meta property=\"og:url\" content=\"https:\/\/www.burleytools.com\/es\/producto\/lijadora-de-paneles-de-yeso-con-mango-extensible-de-600-w-y-710-w-velocidad-ajustable-diseno-ergonomico-r7249\/\" \/>\n<meta property=\"og:site_name\" content=\"BURLEY\" \/>\n<meta property=\"article:modified_time\" content=\"2024-09-05T09:04:25+00:00\" \/>\n<meta property=\"og:image\" content=\"https:\/\/www.burleytools.com\/wp-content\/uploads\/2024\/05\/1607569073178885-1.jpg\" \/>\n\t<meta property=\"og:image:width\" content=\"700\" \/>\n\t<meta property=\"og:image:height\" content=\"700\" \/>\n\t<meta property=\"og:image:type\" content=\"image\/jpeg\" \/>\n<meta name=\"twitter:card\" content=\"summary_large_image\" \/>\n<meta name=\"twitter:label1\" content=\"Tiempo de lectura\" \/>\n\t<meta name=\"twitter:data1\" content=\"1 minuto\" \/>\n<script type=\"application\/ld+json\" class=\"yoast-schema-graph\">{\"@context\":\"https:\/\/schema.org\",\"@graph\":[{\"@type\":\"WebPage\",\"@id\":\"https:\/\/www.burleytools.com\/product\/600w-710w-extendible-handle-adjustable-speed-drywall-sander-ergonomics-design-r7249\/\",\"url\":\"https:\/\/www.burleytools.com\/product\/600w-710w-extendible-handle-adjustable-speed-drywall-sander-ergonomics-design-r7249\/\",\"name\":\"600W\/710W Extendible Handle Adjustable Speed Drywall Sander Ergonomics Design-R7249 - BURLEY\",\"isPartOf\":{\"@id\":\"https:\/\/www.burleytools.com\/#website\"},\"primaryImageOfPage\":{\"@id\":\"https:\/\/www.burleytools.com\/product\/600w-710w-extendible-handle-adjustable-speed-drywall-sander-ergonomics-design-r7249\/#primaryimage\"},\"image\":{\"@id\":\"https:\/\/www.burleytools.com\/product\/600w-710w-extendible-handle-adjustable-speed-drywall-sander-ergonomics-design-r7249\/#primaryimage\"},\"thumbnailUrl\":\"https:\/\/www.burleytools.com\/wp-content\/uploads\/2024\/05\/1607569073178885-1.jpg\",\"datePublished\":\"2024-05-09T07:46:09+00:00\",\"dateModified\":\"2024-09-05T09:04:25+00:00\",\"breadcrumb\":{\"@id\":\"https:\/\/www.burleytools.com\/product\/600w-710w-extendible-handle-adjustable-speed-drywall-sander-ergonomics-design-r7249\/#breadcrumb\"},\"inLanguage\":\"es\",\"potentialAction\":[{\"@type\":\"ReadAction\",\"target\":[\"https:\/\/www.burleytools.com\/product\/600w-710w-extendible-handle-adjustable-speed-drywall-sander-ergonomics-design-r7249\/\"]}]},{\"@type\":\"ImageObject\",\"inLanguage\":\"es\",\"@id\":\"https:\/\/www.burleytools.com\/product\/600w-710w-extendible-handle-adjustable-speed-drywall-sander-ergonomics-design-r7249\/#primaryimage\",\"url\":\"https:\/\/www.burleytools.com\/wp-content\/uploads\/2024\/05\/1607569073178885-1.jpg\",\"contentUrl\":\"https:\/\/www.burleytools.com\/wp-content\/uploads\/2024\/05\/1607569073178885-1.jpg\",\"width\":700,\"height\":700},{\"@type\":\"BreadcrumbList\",\"@id\":\"https:\/\/www.burleytools.com\/product\/600w-710w-extendible-handle-adjustable-speed-drywall-sander-ergonomics-design-r7249\/#breadcrumb\",\"itemListElement\":[{\"@type\":\"ListItem\",\"position\":1,\"name\":\"Home\",\"item\":\"https:\/\/www.burleytools.com\/\"},{\"@type\":\"ListItem\",\"position\":2,\"name\":\"Products\",\"item\":\"https:\/\/www.burleytools.com\/products\/\"},{\"@type\":\"ListItem\",\"position\":3,\"name\":\"600W\/710W Extendible Handle Adjustable Speed Drywall Sander Ergonomics Design-R7249\"}]},{\"@type\":\"WebSite\",\"@id\":\"https:\/\/www.burleytools.com\/#website\",\"url\":\"https:\/\/www.burleytools.com\/\",\"name\":\"BURLEY\",\"description\":\"\",\"publisher\":{\"@id\":\"https:\/\/www.burleytools.com\/#organization\"},\"potentialAction\":[{\"@type\":\"SearchAction\",\"target\":{\"@type\":\"EntryPoint\",\"urlTemplate\":\"https:\/\/www.burleytools.com\/?s={search_term_string}\"},\"query-input\":\"required name=search_term_string\"}],\"inLanguage\":\"es\"},{\"@type\":\"Organization\",\"@id\":\"https:\/\/www.burleytools.com\/#organization\",\"name\":\"BURLEY\",\"url\":\"https:\/\/www.burleytools.com\/\",\"logo\":{\"@type\":\"ImageObject\",\"inLanguage\":\"es\",\"@id\":\"https:\/\/www.burleytools.com\/#\/schema\/logo\/image\/\",\"url\":\"https:\/\/www.burleytools.com\/wp-content\/uploads\/2023\/10\/logo.webp\",\"contentUrl\":\"https:\/\/www.burleytools.com\/wp-content\/uploads\/2023\/10\/logo.webp\",\"width\":165,\"height\":62,\"caption\":\"BURLEY\"},\"image\":{\"@id\":\"https:\/\/www.burleytools.com\/#\/schema\/logo\/image\/\"}}]}<\/script>\n<!-- \/ Yoast SEO Premium plugin. -->","yoast_head_json":{"title":"600W\/710W Extendible Handle Adjustable Speed Drywall Sander Ergonomics Design-R7249 - BURLEY","robots":{"index":"index","follow":"follow","max-snippet":"max-snippet:-1","max-image-preview":"max-image-preview:large","max-video-preview":"max-video-preview:-1"},"canonical":"https:\/\/www.burleytools.com\/es\/producto\/lijadora-de-paneles-de-yeso-con-mango-extensible-de-600-w-y-710-w-velocidad-ajustable-diseno-ergonomico-r7249\/","og_locale":"es_ES","og_type":"article","og_title":"600W\/710W Extendible Handle Adjustable Speed Drywall Sander Ergonomics Design-R7249","og_description":"\u25cf The robust driving system transfers the power efficiently to the sanding pad and ensures a long service life.  \u25cf Ergonomic design with soft grip provides comfortable operation.  \u25cf Gear driving system to ensure durability.  \u25cf","og_url":"https:\/\/www.burleytools.com\/es\/producto\/lijadora-de-paneles-de-yeso-con-mango-extensible-de-600-w-y-710-w-velocidad-ajustable-diseno-ergonomico-r7249\/","og_site_name":"BURLEY","article_modified_time":"2024-09-05T09:04:25+00:00","og_image":[{"width":700,"height":700,"url":"https:\/\/www.burleytools.com\/wp-content\/uploads\/2024\/05\/1607569073178885-1.jpg","type":"image\/jpeg"}],"twitter_card":"summary_large_image","twitter_misc":{"Tiempo de lectura":"1 minuto"},"schema":{"@context":"https:\/\/schema.org","@graph":[{"@type":"WebPage","@id":"https:\/\/www.burleytools.com\/product\/600w-710w-extendible-handle-adjustable-speed-drywall-sander-ergonomics-design-r7249\/","url":"https:\/\/www.burleytools.com\/product\/600w-710w-extendible-handle-adjustable-speed-drywall-sander-ergonomics-design-r7249\/","name":"600W\/710W Extendible Handle Adjustable Speed Drywall Sander Ergonomics Design-R7249 - BURLEY","isPartOf":{"@id":"https:\/\/www.burleytools.com\/#website"},"primaryImageOfPage":{"@id":"https:\/\/www.burleytools.com\/product\/600w-710w-extendible-handle-adjustable-speed-drywall-sander-ergonomics-design-r7249\/#primaryimage"},"image":{"@id":"https:\/\/www.burleytools.com\/product\/600w-710w-extendible-handle-adjustable-speed-drywall-sander-ergonomics-design-r7249\/#primaryimage"},"thumbnailUrl":"https:\/\/www.burleytools.com\/wp-content\/uploads\/2024\/05\/1607569073178885-1.jpg","datePublished":"2024-05-09T07:46:09+00:00","dateModified":"2024-09-05T09:04:25+00:00","breadcrumb":{"@id":"https:\/\/www.burleytools.com\/product\/600w-710w-extendible-handle-adjustable-speed-drywall-sander-ergonomics-design-r7249\/#breadcrumb"},"inLanguage":"es","potentialAction":[{"@type":"ReadAction","target":["https:\/\/www.burleytools.com\/product\/600w-710w-extendible-handle-adjustable-speed-drywall-sander-ergonomics-design-r7249\/"]}]},{"@type":"ImageObject","inLanguage":"es","@id":"https:\/\/www.burleytools.com\/product\/600w-710w-extendible-handle-adjustable-speed-drywall-sander-ergonomics-design-r7249\/#primaryimage","url":"https:\/\/www.burleytools.com\/wp-content\/uploads\/2024\/05\/1607569073178885-1.jpg","contentUrl":"https:\/\/www.burleytools.com\/wp-content\/uploads\/2024\/05\/1607569073178885-1.jpg","width":700,"height":700},{"@type":"BreadcrumbList","@id":"https:\/\/www.burleytools.com\/product\/600w-710w-extendible-handle-adjustable-speed-drywall-sander-ergonomics-design-r7249\/#breadcrumb","itemListElement":[{"@type":"ListItem","position":1,"name":"Home","item":"https:\/\/www.burleytools.com\/"},{"@type":"ListItem","position":2,"name":"Products","item":"https:\/\/www.burleytools.com\/products\/"},{"@type":"ListItem","position":3,"name":"600W\/710W Extendible Handle Adjustable Speed Drywall Sander Ergonomics Design-R7249"}]},{"@type":"WebSite","@id":"https:\/\/www.burleytools.com\/#website","url":"https:\/\/www.burleytools.com\/","name":"BURLEY","description":"","publisher":{"@id":"https:\/\/www.burleytools.com\/#organization"},"potentialAction":[{"@type":"SearchAction","target":{"@type":"EntryPoint","urlTemplate":"https:\/\/www.burleytools.com\/?s={search_term_string}"},"query-input":"required name=search_term_string"}],"inLanguage":"es"},{"@type":"Organization","@id":"https:\/\/www.burleytools.com\/#organization","name":"BURLEY","url":"https:\/\/www.burleytools.com\/","logo":{"@type":"ImageObject","inLanguage":"es","@id":"https:\/\/www.burleytools.com\/#\/schema\/logo\/image\/","url":"https:\/\/www.burleytools.com\/wp-content\/uploads\/2023\/10\/logo.webp","contentUrl":"https:\/\/www.burleytools.com\/wp-content\/uploads\/2023\/10\/logo.webp","width":165,"height":62,"caption":"BURLEY"},"image":{"@id":"https:\/\/www.burleytools.com\/#\/schema\/logo\/image\/"}}]}},"_links":{"self":[{"href":"https:\/\/www.burleytools.com\/es\/wp-json\/wp\/v2\/product\/1015"}],"collection":[{"href":"https:\/\/www.burleytools.com\/es\/wp-json\/wp\/v2\/product"}],"about":[{"href":"https:\/\/www.burleytools.com\/es\/wp-json\/wp\/v2\/types\/product"}],"wp:featuredmedia":[{"embeddable":true,"href":"https:\/\/www.burleytools.com\/es\/wp-json\/wp\/v2\/media\/1014"}],"wp:attachment":[{"href":"https:\/\/www.burleytools.com\/es\/wp-json\/wp\/v2\/media?parent=1015"}],"wp:term":[{"taxonomy":"product_cat","embeddable":true,"href":"https:\/\/www.burleytools.com\/es\/wp-json\/wp\/v2\/product_cat?post=1015"},{"taxonomy":"product_tag","embeddable":true,"href":"https:\/\/www.burleytools.com\/es\/wp-json\/wp\/v2\/product_tag?post=1015"}],"curies":[{"name":"wp","href":"https:\/\/api.w.org\/{rel}","templated":true}]}}