{"id":2719,"date":"2024-08-15T06:59:13","date_gmt":"2024-08-15T06:59:13","guid":{"rendered":"https:\/\/www.burleytools.com\/product\/electric-2024-new-design-brushless-orbital-sander-with-round-sanding-pad-5-0mm-or-2-5mm-orbit-size-detachable-cabel\/"},"modified":"2024-09-06T06:28:01","modified_gmt":"2024-09-06T06:28:01","slug":"electric-2024-new-design-brushless-orbital-sander-with-round-sanding-pad-5-0mm-or-2-5mm-orbit-size-detachable-cabel","status":"publish","type":"product","link":"https:\/\/www.burleytools.com\/es\/producto\/lijadora-orbital-electrica-sin-escobillas-de-nuevo-diseno-2024-con-almohadilla-de-lijado-redonda-de-tamano-de-orbita-de-50-mm-o-25-mm-cable-desmontable\/","title":{"rendered":"Lijadora orbital el\u00e9ctrica sin escobillas de nuevo dise\u00f1o 2024 con almohadilla de lijado redonda Tama\u00f1o de \u00f3rbita de 5,0 mm o 2,5 mm Cable desmontable"},"content":{"rendered":"","protected":false},"excerpt":{"rendered":"<ul>\n<li><span class=\"fontstyle0\">Dise\u00f1o ergon\u00f3mico con mayor superficie para sujetar.<\/span><\/li>\n<li><span class=\"fontstyle0\">El dise\u00f1o bajo le brinda un buen control sobre el proceso de lijado ya que su mano est\u00e1 cerca de la superficie. <\/span><\/li>\n<li><span class=\"fontstyle0\">Lijado sin polvo que se puede realizar conectando al aspirador.<\/span><\/li>\n<li><span class=\"fontstyle0\">Motor sin escobillas para una vida \u00fatil mucho m\u00e1s larga, mayor eficiencia y menor ruido. <\/span><\/li>\n<li><span class=\"fontstyle0\">Cable desmontable para cambio r\u00e1pido de otras lijadoras para satisfacer diferentes necesidades de lijado.<\/span><\/li>\n<li><img decoding=\"async\" style=\"width: 180px; height: 27px;\" title=\"4\" src=\"\/wp-content\/uploads\/2024\/05\/1606975649218025.png\" alt=\"4\" width=\"180\" height=\"27\" border=\"0\" vspace=\"0\" \/><\/li>\n<\/ul>","protected":false},"featured_media":2718,"template":"","meta":{"_acf_changed":false,"_mi_skip_tracking":false,"_monsterinsights_sitenote_active":false,"_monsterinsights_sitenote_note":"","_monsterinsights_sitenote_category":0},"product_cat":[25,91],"product_tag":[],"class_list":{"0":"post-2719","1":"product","2":"type-product","3":"status-publish","4":"has-post-thumbnail","6":"product_cat-automotive","7":"product_cat-electric-orbial-sander","9":"first","10":"instock","11":"shipping-taxable","12":"product-type-simple"},"acf":[],"yoast_head":"<!-- This site is optimized with the Yoast SEO Premium plugin v21.6 (Yoast SEO v22.3) - https:\/\/yoast.com\/wordpress\/plugins\/seo\/ -->\n<title>Electric 2024 New Design Brushless Orbital Sander With Round Sanding Pad 5.0mm or 2.5mm orbit size Detachable cabel - BURLEY<\/title>\n<meta name=\"robots\" content=\"index, follow, max-snippet:-1, max-image-preview:large, max-video-preview:-1\" \/>\n<link rel=\"canonical\" href=\"https:\/\/www.burleytools.com\/es\/producto\/lijadora-orbital-electrica-sin-escobillas-de-nuevo-diseno-2024-con-almohadilla-de-lijado-redonda-de-tamano-de-orbita-de-50-mm-o-25-mm-cable-desmontable\/\" \/>\n<meta property=\"og:locale\" content=\"es_ES\" \/>\n<meta property=\"og:type\" content=\"article\" \/>\n<meta property=\"og:title\" content=\"Electric 2024 New Design Brushless Orbital Sander With Round Sanding Pad 5.0mm or 2.5mm orbit size Detachable cabel\" \/>\n<meta property=\"og:description\" content=\"Ergonomic design with bigger sueface for holding  The low design gives you good control over the sanding process since your hand is close to the surface.   Dustless sanding to be realized by connecting to the vacuum cleaner.  Brushless motor for much longer life time,higher efficiency and lower noise.   Detachable cable for quick change of other sanders to meet different sanding needs\" \/>\n<meta property=\"og:url\" content=\"https:\/\/www.burleytools.com\/es\/producto\/lijadora-orbital-electrica-sin-escobillas-de-nuevo-diseno-2024-con-almohadilla-de-lijado-redonda-de-tamano-de-orbita-de-50-mm-o-25-mm-cable-desmontable\/\" \/>\n<meta property=\"og:site_name\" content=\"BURLEY\" \/>\n<meta property=\"article:modified_time\" content=\"2024-09-06T06:28:01+00:00\" \/>\n<meta property=\"og:image\" content=\"https:\/\/www.burleytools.com\/wp-content\/uploads\/2024\/08\/R7313-1.jpg\" \/>\n\t<meta property=\"og:image:width\" content=\"1000\" \/>\n\t<meta property=\"og:image:height\" content=\"1000\" \/>\n\t<meta property=\"og:image:type\" content=\"image\/jpeg\" \/>\n<meta name=\"twitter:card\" content=\"summary_large_image\" \/>\n<meta name=\"twitter:label1\" content=\"Tiempo de lectura\" \/>\n\t<meta name=\"twitter:data1\" content=\"1 minuto\" \/>\n<script type=\"application\/ld+json\" class=\"yoast-schema-graph\">{\"@context\":\"https:\/\/schema.org\",\"@graph\":[{\"@type\":\"WebPage\",\"@id\":\"https:\/\/www.burleytools.com\/product\/electric-2024-new-design-brushless-orbital-sander-with-round-sanding-pad-5-0mm-or-2-5mm-orbit-size-detachable-cabel\/\",\"url\":\"https:\/\/www.burleytools.com\/product\/electric-2024-new-design-brushless-orbital-sander-with-round-sanding-pad-5-0mm-or-2-5mm-orbit-size-detachable-cabel\/\",\"name\":\"Electric 2024 New Design Brushless Orbital Sander With Round Sanding Pad 5.0mm or 2.5mm orbit size Detachable cabel - BURLEY\",\"isPartOf\":{\"@id\":\"https:\/\/www.burleytools.com\/#website\"},\"primaryImageOfPage\":{\"@id\":\"https:\/\/www.burleytools.com\/product\/electric-2024-new-design-brushless-orbital-sander-with-round-sanding-pad-5-0mm-or-2-5mm-orbit-size-detachable-cabel\/#primaryimage\"},\"image\":{\"@id\":\"https:\/\/www.burleytools.com\/product\/electric-2024-new-design-brushless-orbital-sander-with-round-sanding-pad-5-0mm-or-2-5mm-orbit-size-detachable-cabel\/#primaryimage\"},\"thumbnailUrl\":\"https:\/\/www.burleytools.com\/wp-content\/uploads\/2024\/08\/R7313-1.jpg\",\"datePublished\":\"2024-08-15T06:59:13+00:00\",\"dateModified\":\"2024-09-06T06:28:01+00:00\",\"breadcrumb\":{\"@id\":\"https:\/\/www.burleytools.com\/product\/electric-2024-new-design-brushless-orbital-sander-with-round-sanding-pad-5-0mm-or-2-5mm-orbit-size-detachable-cabel\/#breadcrumb\"},\"inLanguage\":\"es\",\"potentialAction\":[{\"@type\":\"ReadAction\",\"target\":[\"https:\/\/www.burleytools.com\/product\/electric-2024-new-design-brushless-orbital-sander-with-round-sanding-pad-5-0mm-or-2-5mm-orbit-size-detachable-cabel\/\"]}]},{\"@type\":\"ImageObject\",\"inLanguage\":\"es\",\"@id\":\"https:\/\/www.burleytools.com\/product\/electric-2024-new-design-brushless-orbital-sander-with-round-sanding-pad-5-0mm-or-2-5mm-orbit-size-detachable-cabel\/#primaryimage\",\"url\":\"https:\/\/www.burleytools.com\/wp-content\/uploads\/2024\/08\/R7313-1.jpg\",\"contentUrl\":\"https:\/\/www.burleytools.com\/wp-content\/uploads\/2024\/08\/R7313-1.jpg\",\"width\":1000,\"height\":1000},{\"@type\":\"BreadcrumbList\",\"@id\":\"https:\/\/www.burleytools.com\/product\/electric-2024-new-design-brushless-orbital-sander-with-round-sanding-pad-5-0mm-or-2-5mm-orbit-size-detachable-cabel\/#breadcrumb\",\"itemListElement\":[{\"@type\":\"ListItem\",\"position\":1,\"name\":\"Home\",\"item\":\"https:\/\/www.burleytools.com\/\"},{\"@type\":\"ListItem\",\"position\":2,\"name\":\"Products\",\"item\":\"https:\/\/www.burleytools.com\/products\/\"},{\"@type\":\"ListItem\",\"position\":3,\"name\":\"Electric 2024 New Design Brushless Orbital Sander With Round Sanding Pad 5.0mm or 2.5mm orbit size Detachable cabel\"}]},{\"@type\":\"WebSite\",\"@id\":\"https:\/\/www.burleytools.com\/#website\",\"url\":\"https:\/\/www.burleytools.com\/\",\"name\":\"BURLEY\",\"description\":\"\",\"publisher\":{\"@id\":\"https:\/\/www.burleytools.com\/#organization\"},\"potentialAction\":[{\"@type\":\"SearchAction\",\"target\":{\"@type\":\"EntryPoint\",\"urlTemplate\":\"https:\/\/www.burleytools.com\/?s={search_term_string}\"},\"query-input\":\"required name=search_term_string\"}],\"inLanguage\":\"es\"},{\"@type\":\"Organization\",\"@id\":\"https:\/\/www.burleytools.com\/#organization\",\"name\":\"BURLEY\",\"url\":\"https:\/\/www.burleytools.com\/\",\"logo\":{\"@type\":\"ImageObject\",\"inLanguage\":\"es\",\"@id\":\"https:\/\/www.burleytools.com\/#\/schema\/logo\/image\/\",\"url\":\"https:\/\/www.burleytools.com\/wp-content\/uploads\/2023\/10\/logo.webp\",\"contentUrl\":\"https:\/\/www.burleytools.com\/wp-content\/uploads\/2023\/10\/logo.webp\",\"width\":165,\"height\":62,\"caption\":\"BURLEY\"},\"image\":{\"@id\":\"https:\/\/www.burleytools.com\/#\/schema\/logo\/image\/\"}}]}<\/script>\n<!-- \/ Yoast SEO Premium plugin. -->","yoast_head_json":{"title":"Electric 2024 New Design Brushless Orbital Sander With Round Sanding Pad 5.0mm or 2.5mm orbit size Detachable cabel - BURLEY","robots":{"index":"index","follow":"follow","max-snippet":"max-snippet:-1","max-image-preview":"max-image-preview:large","max-video-preview":"max-video-preview:-1"},"canonical":"https:\/\/www.burleytools.com\/es\/producto\/lijadora-orbital-electrica-sin-escobillas-de-nuevo-diseno-2024-con-almohadilla-de-lijado-redonda-de-tamano-de-orbita-de-50-mm-o-25-mm-cable-desmontable\/","og_locale":"es_ES","og_type":"article","og_title":"Electric 2024 New Design Brushless Orbital Sander With Round Sanding Pad 5.0mm or 2.5mm orbit size Detachable cabel","og_description":"Ergonomic design with bigger sueface for holding  The low design gives you good control over the sanding process since your hand is close to the surface.   Dustless sanding to be realized by connecting to the vacuum cleaner.  Brushless motor for much longer life time,higher efficiency and lower noise.   Detachable cable for quick change of other sanders to meet different sanding needs","og_url":"https:\/\/www.burleytools.com\/es\/producto\/lijadora-orbital-electrica-sin-escobillas-de-nuevo-diseno-2024-con-almohadilla-de-lijado-redonda-de-tamano-de-orbita-de-50-mm-o-25-mm-cable-desmontable\/","og_site_name":"BURLEY","article_modified_time":"2024-09-06T06:28:01+00:00","og_image":[{"width":1000,"height":1000,"url":"https:\/\/www.burleytools.com\/wp-content\/uploads\/2024\/08\/R7313-1.jpg","type":"image\/jpeg"}],"twitter_card":"summary_large_image","twitter_misc":{"Tiempo de lectura":"1 minuto"},"schema":{"@context":"https:\/\/schema.org","@graph":[{"@type":"WebPage","@id":"https:\/\/www.burleytools.com\/product\/electric-2024-new-design-brushless-orbital-sander-with-round-sanding-pad-5-0mm-or-2-5mm-orbit-size-detachable-cabel\/","url":"https:\/\/www.burleytools.com\/product\/electric-2024-new-design-brushless-orbital-sander-with-round-sanding-pad-5-0mm-or-2-5mm-orbit-size-detachable-cabel\/","name":"Electric 2024 New Design Brushless Orbital Sander With Round Sanding Pad 5.0mm or 2.5mm orbit size Detachable cabel - BURLEY","isPartOf":{"@id":"https:\/\/www.burleytools.com\/#website"},"primaryImageOfPage":{"@id":"https:\/\/www.burleytools.com\/product\/electric-2024-new-design-brushless-orbital-sander-with-round-sanding-pad-5-0mm-or-2-5mm-orbit-size-detachable-cabel\/#primaryimage"},"image":{"@id":"https:\/\/www.burleytools.com\/product\/electric-2024-new-design-brushless-orbital-sander-with-round-sanding-pad-5-0mm-or-2-5mm-orbit-size-detachable-cabel\/#primaryimage"},"thumbnailUrl":"https:\/\/www.burleytools.com\/wp-content\/uploads\/2024\/08\/R7313-1.jpg","datePublished":"2024-08-15T06:59:13+00:00","dateModified":"2024-09-06T06:28:01+00:00","breadcrumb":{"@id":"https:\/\/www.burleytools.com\/product\/electric-2024-new-design-brushless-orbital-sander-with-round-sanding-pad-5-0mm-or-2-5mm-orbit-size-detachable-cabel\/#breadcrumb"},"inLanguage":"es","potentialAction":[{"@type":"ReadAction","target":["https:\/\/www.burleytools.com\/product\/electric-2024-new-design-brushless-orbital-sander-with-round-sanding-pad-5-0mm-or-2-5mm-orbit-size-detachable-cabel\/"]}]},{"@type":"ImageObject","inLanguage":"es","@id":"https:\/\/www.burleytools.com\/product\/electric-2024-new-design-brushless-orbital-sander-with-round-sanding-pad-5-0mm-or-2-5mm-orbit-size-detachable-cabel\/#primaryimage","url":"https:\/\/www.burleytools.com\/wp-content\/uploads\/2024\/08\/R7313-1.jpg","contentUrl":"https:\/\/www.burleytools.com\/wp-content\/uploads\/2024\/08\/R7313-1.jpg","width":1000,"height":1000},{"@type":"BreadcrumbList","@id":"https:\/\/www.burleytools.com\/product\/electric-2024-new-design-brushless-orbital-sander-with-round-sanding-pad-5-0mm-or-2-5mm-orbit-size-detachable-cabel\/#breadcrumb","itemListElement":[{"@type":"ListItem","position":1,"name":"Home","item":"https:\/\/www.burleytools.com\/"},{"@type":"ListItem","position":2,"name":"Products","item":"https:\/\/www.burleytools.com\/products\/"},{"@type":"ListItem","position":3,"name":"Electric 2024 New Design Brushless Orbital Sander With Round Sanding Pad 5.0mm or 2.5mm orbit size Detachable cabel"}]},{"@type":"WebSite","@id":"https:\/\/www.burleytools.com\/#website","url":"https:\/\/www.burleytools.com\/","name":"BURLEY","description":"","publisher":{"@id":"https:\/\/www.burleytools.com\/#organization"},"potentialAction":[{"@type":"SearchAction","target":{"@type":"EntryPoint","urlTemplate":"https:\/\/www.burleytools.com\/?s={search_term_string}"},"query-input":"required name=search_term_string"}],"inLanguage":"es"},{"@type":"Organization","@id":"https:\/\/www.burleytools.com\/#organization","name":"BURLEY","url":"https:\/\/www.burleytools.com\/","logo":{"@type":"ImageObject","inLanguage":"es","@id":"https:\/\/www.burleytools.com\/#\/schema\/logo\/image\/","url":"https:\/\/www.burleytools.com\/wp-content\/uploads\/2023\/10\/logo.webp","contentUrl":"https:\/\/www.burleytools.com\/wp-content\/uploads\/2023\/10\/logo.webp","width":165,"height":62,"caption":"BURLEY"},"image":{"@id":"https:\/\/www.burleytools.com\/#\/schema\/logo\/image\/"}}]}},"_links":{"self":[{"href":"https:\/\/www.burleytools.com\/es\/wp-json\/wp\/v2\/product\/2719"}],"collection":[{"href":"https:\/\/www.burleytools.com\/es\/wp-json\/wp\/v2\/product"}],"about":[{"href":"https:\/\/www.burleytools.com\/es\/wp-json\/wp\/v2\/types\/product"}],"wp:featuredmedia":[{"embeddable":true,"href":"https:\/\/www.burleytools.com\/es\/wp-json\/wp\/v2\/media\/2718"}],"wp:attachment":[{"href":"https:\/\/www.burleytools.com\/es\/wp-json\/wp\/v2\/media?parent=2719"}],"wp:term":[{"taxonomy":"product_cat","embeddable":true,"href":"https:\/\/www.burleytools.com\/es\/wp-json\/wp\/v2\/product_cat?post=2719"},{"taxonomy":"product_tag","embeddable":true,"href":"https:\/\/www.burleytools.com\/es\/wp-json\/wp\/v2\/product_tag?post=2719"}],"curies":[{"name":"wp","href":"https:\/\/api.w.org\/{rel}","templated":true}]}}