{"id":2741,"date":"2024-08-15T06:59:21","date_gmt":"2024-08-15T06:59:21","guid":{"rendered":"https:\/\/www.burleytools.com\/product\/20v-cordless-angler-pulling-fish-tape\/"},"modified":"2024-09-06T03:43:58","modified_gmt":"2024-09-06T03:43:58","slug":"20v-cordless-angler-pulling-fish-tape","status":"publish","type":"product","link":"https:\/\/www.burleytools.com\/es\/producto\/cinta-para-pescar-con-tirador-de-pescador-inalambrico-de-20-v\/","title":{"rendered":"Cinta para pescar con tirador de pescador inal\u00e1mbrico de 20 V"},"content":{"rendered":"","protected":false},"excerpt":{"rendered":"<ul>\n<li>Roscado r\u00e1pido y gran torque para alimentaci\u00f3n y recolecci\u00f3n de alambre<\/li>\n<li>Motor sin escobillas para una mayor vida \u00fatil y menor ruido.<\/li>\n<li>Con funci\u00f3n de prevenci\u00f3n de acumulaci\u00f3n excesiva de cables<\/li>\n<li>Con todo tipo de funciones, como decoraci\u00f3n del hogar, f\u00e1bricas, tiendas, cableado municipal, etc., o detecci\u00f3n de posici\u00f3n de bloqueo de tuber\u00edas subterr\u00e1neas.<\/li>\n<li><img decoding=\"async\" style=\"width: 180px; height: 27px;\" title=\"4\" src=\"\/wp-content\/uploads\/2024\/05\/1606975649218025.png\" alt=\"4\" width=\"180\" height=\"27\" border=\"0\" vspace=\"0\" \/><\/li>\n<\/ul>","protected":false},"featured_media":2740,"template":"","meta":{"_acf_changed":false,"_mi_skip_tracking":false,"_monsterinsights_sitenote_active":false,"_monsterinsights_sitenote_note":"","_monsterinsights_sitenote_category":0},"product_cat":[33,28],"product_tag":[],"class_list":{"0":"post-2741","1":"product","2":"type-product","3":"status-publish","4":"has-post-thumbnail","6":"product_cat-cutting-machine","7":"product_cat-general-power-tools","9":"first","10":"instock","11":"shipping-taxable","12":"product-type-simple"},"acf":[],"yoast_head":"<!-- This site is optimized with the Yoast SEO Premium plugin v21.6 (Yoast SEO v22.3) - https:\/\/yoast.com\/wordpress\/plugins\/seo\/ -->\n<title>20V Cordless Angler Pulling Fish Tape - BURLEY<\/title>\n<meta name=\"robots\" content=\"index, follow, max-snippet:-1, max-image-preview:large, max-video-preview:-1\" \/>\n<link rel=\"canonical\" href=\"https:\/\/www.burleytools.com\/es\/producto\/cinta-para-pescar-con-tirador-de-pescador-inalambrico-de-20-v\/\" \/>\n<meta property=\"og:locale\" content=\"es_ES\" \/>\n<meta property=\"og:type\" content=\"article\" \/>\n<meta property=\"og:title\" content=\"20V Cordless Angler Pulling Fish Tape\" \/>\n<meta property=\"og:description\" content=\"Fast threading large torque for wire feedand collection  Brushless motor for longer lifetime andlower noise  With function of preventing excessive wire collection  With all kinds of function , such for homedecoration, factories, stores, municipalwiring, etc., or detect blocking positionof underground pipeline\" \/>\n<meta property=\"og:url\" content=\"https:\/\/www.burleytools.com\/es\/producto\/cinta-para-pescar-con-tirador-de-pescador-inalambrico-de-20-v\/\" \/>\n<meta property=\"og:site_name\" content=\"BURLEY\" \/>\n<meta property=\"article:modified_time\" content=\"2024-09-06T03:43:58+00:00\" \/>\n<meta property=\"og:image\" content=\"https:\/\/www.burleytools.com\/wp-content\/uploads\/2024\/08\/BR3501-1.jpg\" \/>\n\t<meta property=\"og:image:width\" content=\"1000\" \/>\n\t<meta property=\"og:image:height\" content=\"1000\" \/>\n\t<meta property=\"og:image:type\" content=\"image\/jpeg\" \/>\n<meta name=\"twitter:card\" content=\"summary_large_image\" \/>\n<meta name=\"twitter:label1\" content=\"Tiempo de lectura\" \/>\n\t<meta name=\"twitter:data1\" content=\"1 minuto\" \/>\n<script type=\"application\/ld+json\" class=\"yoast-schema-graph\">{\"@context\":\"https:\/\/schema.org\",\"@graph\":[{\"@type\":\"WebPage\",\"@id\":\"https:\/\/www.burleytools.com\/product\/20v-cordless-angler-pulling-fish-tape\/\",\"url\":\"https:\/\/www.burleytools.com\/product\/20v-cordless-angler-pulling-fish-tape\/\",\"name\":\"20V Cordless Angler Pulling Fish Tape - BURLEY\",\"isPartOf\":{\"@id\":\"https:\/\/www.burleytools.com\/#website\"},\"primaryImageOfPage\":{\"@id\":\"https:\/\/www.burleytools.com\/product\/20v-cordless-angler-pulling-fish-tape\/#primaryimage\"},\"image\":{\"@id\":\"https:\/\/www.burleytools.com\/product\/20v-cordless-angler-pulling-fish-tape\/#primaryimage\"},\"thumbnailUrl\":\"https:\/\/www.burleytools.com\/wp-content\/uploads\/2024\/08\/BR3501-1.jpg\",\"datePublished\":\"2024-08-15T06:59:21+00:00\",\"dateModified\":\"2024-09-06T03:43:58+00:00\",\"breadcrumb\":{\"@id\":\"https:\/\/www.burleytools.com\/product\/20v-cordless-angler-pulling-fish-tape\/#breadcrumb\"},\"inLanguage\":\"es\",\"potentialAction\":[{\"@type\":\"ReadAction\",\"target\":[\"https:\/\/www.burleytools.com\/product\/20v-cordless-angler-pulling-fish-tape\/\"]}]},{\"@type\":\"ImageObject\",\"inLanguage\":\"es\",\"@id\":\"https:\/\/www.burleytools.com\/product\/20v-cordless-angler-pulling-fish-tape\/#primaryimage\",\"url\":\"https:\/\/www.burleytools.com\/wp-content\/uploads\/2024\/08\/BR3501-1.jpg\",\"contentUrl\":\"https:\/\/www.burleytools.com\/wp-content\/uploads\/2024\/08\/BR3501-1.jpg\",\"width\":1000,\"height\":1000},{\"@type\":\"BreadcrumbList\",\"@id\":\"https:\/\/www.burleytools.com\/product\/20v-cordless-angler-pulling-fish-tape\/#breadcrumb\",\"itemListElement\":[{\"@type\":\"ListItem\",\"position\":1,\"name\":\"Home\",\"item\":\"https:\/\/www.burleytools.com\/\"},{\"@type\":\"ListItem\",\"position\":2,\"name\":\"Products\",\"item\":\"https:\/\/www.burleytools.com\/products\/\"},{\"@type\":\"ListItem\",\"position\":3,\"name\":\"20V Cordless Angler Pulling Fish Tape\"}]},{\"@type\":\"WebSite\",\"@id\":\"https:\/\/www.burleytools.com\/#website\",\"url\":\"https:\/\/www.burleytools.com\/\",\"name\":\"BURLEY\",\"description\":\"\",\"publisher\":{\"@id\":\"https:\/\/www.burleytools.com\/#organization\"},\"potentialAction\":[{\"@type\":\"SearchAction\",\"target\":{\"@type\":\"EntryPoint\",\"urlTemplate\":\"https:\/\/www.burleytools.com\/?s={search_term_string}\"},\"query-input\":\"required name=search_term_string\"}],\"inLanguage\":\"es\"},{\"@type\":\"Organization\",\"@id\":\"https:\/\/www.burleytools.com\/#organization\",\"name\":\"BURLEY\",\"url\":\"https:\/\/www.burleytools.com\/\",\"logo\":{\"@type\":\"ImageObject\",\"inLanguage\":\"es\",\"@id\":\"https:\/\/www.burleytools.com\/#\/schema\/logo\/image\/\",\"url\":\"https:\/\/www.burleytools.com\/wp-content\/uploads\/2023\/10\/logo.webp\",\"contentUrl\":\"https:\/\/www.burleytools.com\/wp-content\/uploads\/2023\/10\/logo.webp\",\"width\":165,\"height\":62,\"caption\":\"BURLEY\"},\"image\":{\"@id\":\"https:\/\/www.burleytools.com\/#\/schema\/logo\/image\/\"}}]}<\/script>\n<!-- \/ Yoast SEO Premium plugin. -->","yoast_head_json":{"title":"20V Cordless Angler Pulling Fish Tape - BURLEY","robots":{"index":"index","follow":"follow","max-snippet":"max-snippet:-1","max-image-preview":"max-image-preview:large","max-video-preview":"max-video-preview:-1"},"canonical":"https:\/\/www.burleytools.com\/es\/producto\/cinta-para-pescar-con-tirador-de-pescador-inalambrico-de-20-v\/","og_locale":"es_ES","og_type":"article","og_title":"20V Cordless Angler Pulling Fish Tape","og_description":"Fast threading large torque for wire feedand collection  Brushless motor for longer lifetime andlower noise  With function of preventing excessive wire collection  With all kinds of function , such for homedecoration, factories, stores, municipalwiring, etc., or detect blocking positionof underground pipeline","og_url":"https:\/\/www.burleytools.com\/es\/producto\/cinta-para-pescar-con-tirador-de-pescador-inalambrico-de-20-v\/","og_site_name":"BURLEY","article_modified_time":"2024-09-06T03:43:58+00:00","og_image":[{"width":1000,"height":1000,"url":"https:\/\/www.burleytools.com\/wp-content\/uploads\/2024\/08\/BR3501-1.jpg","type":"image\/jpeg"}],"twitter_card":"summary_large_image","twitter_misc":{"Tiempo de lectura":"1 minuto"},"schema":{"@context":"https:\/\/schema.org","@graph":[{"@type":"WebPage","@id":"https:\/\/www.burleytools.com\/product\/20v-cordless-angler-pulling-fish-tape\/","url":"https:\/\/www.burleytools.com\/product\/20v-cordless-angler-pulling-fish-tape\/","name":"20V Cordless Angler Pulling Fish Tape - BURLEY","isPartOf":{"@id":"https:\/\/www.burleytools.com\/#website"},"primaryImageOfPage":{"@id":"https:\/\/www.burleytools.com\/product\/20v-cordless-angler-pulling-fish-tape\/#primaryimage"},"image":{"@id":"https:\/\/www.burleytools.com\/product\/20v-cordless-angler-pulling-fish-tape\/#primaryimage"},"thumbnailUrl":"https:\/\/www.burleytools.com\/wp-content\/uploads\/2024\/08\/BR3501-1.jpg","datePublished":"2024-08-15T06:59:21+00:00","dateModified":"2024-09-06T03:43:58+00:00","breadcrumb":{"@id":"https:\/\/www.burleytools.com\/product\/20v-cordless-angler-pulling-fish-tape\/#breadcrumb"},"inLanguage":"es","potentialAction":[{"@type":"ReadAction","target":["https:\/\/www.burleytools.com\/product\/20v-cordless-angler-pulling-fish-tape\/"]}]},{"@type":"ImageObject","inLanguage":"es","@id":"https:\/\/www.burleytools.com\/product\/20v-cordless-angler-pulling-fish-tape\/#primaryimage","url":"https:\/\/www.burleytools.com\/wp-content\/uploads\/2024\/08\/BR3501-1.jpg","contentUrl":"https:\/\/www.burleytools.com\/wp-content\/uploads\/2024\/08\/BR3501-1.jpg","width":1000,"height":1000},{"@type":"BreadcrumbList","@id":"https:\/\/www.burleytools.com\/product\/20v-cordless-angler-pulling-fish-tape\/#breadcrumb","itemListElement":[{"@type":"ListItem","position":1,"name":"Home","item":"https:\/\/www.burleytools.com\/"},{"@type":"ListItem","position":2,"name":"Products","item":"https:\/\/www.burleytools.com\/products\/"},{"@type":"ListItem","position":3,"name":"20V Cordless Angler Pulling Fish Tape"}]},{"@type":"WebSite","@id":"https:\/\/www.burleytools.com\/#website","url":"https:\/\/www.burleytools.com\/","name":"BURLEY","description":"","publisher":{"@id":"https:\/\/www.burleytools.com\/#organization"},"potentialAction":[{"@type":"SearchAction","target":{"@type":"EntryPoint","urlTemplate":"https:\/\/www.burleytools.com\/?s={search_term_string}"},"query-input":"required name=search_term_string"}],"inLanguage":"es"},{"@type":"Organization","@id":"https:\/\/www.burleytools.com\/#organization","name":"BURLEY","url":"https:\/\/www.burleytools.com\/","logo":{"@type":"ImageObject","inLanguage":"es","@id":"https:\/\/www.burleytools.com\/#\/schema\/logo\/image\/","url":"https:\/\/www.burleytools.com\/wp-content\/uploads\/2023\/10\/logo.webp","contentUrl":"https:\/\/www.burleytools.com\/wp-content\/uploads\/2023\/10\/logo.webp","width":165,"height":62,"caption":"BURLEY"},"image":{"@id":"https:\/\/www.burleytools.com\/#\/schema\/logo\/image\/"}}]}},"_links":{"self":[{"href":"https:\/\/www.burleytools.com\/es\/wp-json\/wp\/v2\/product\/2741"}],"collection":[{"href":"https:\/\/www.burleytools.com\/es\/wp-json\/wp\/v2\/product"}],"about":[{"href":"https:\/\/www.burleytools.com\/es\/wp-json\/wp\/v2\/types\/product"}],"wp:featuredmedia":[{"embeddable":true,"href":"https:\/\/www.burleytools.com\/es\/wp-json\/wp\/v2\/media\/2740"}],"wp:attachment":[{"href":"https:\/\/www.burleytools.com\/es\/wp-json\/wp\/v2\/media?parent=2741"}],"wp:term":[{"taxonomy":"product_cat","embeddable":true,"href":"https:\/\/www.burleytools.com\/es\/wp-json\/wp\/v2\/product_cat?post=2741"},{"taxonomy":"product_tag","embeddable":true,"href":"https:\/\/www.burleytools.com\/es\/wp-json\/wp\/v2\/product_tag?post=2741"}],"curies":[{"name":"wp","href":"https:\/\/api.w.org\/{rel}","templated":true}]}}