{"id":2750,"date":"2024-08-15T06:59:24","date_gmt":"2024-08-15T06:59:24","guid":{"rendered":"https:\/\/www.burleytools.com\/product\/2400w-electric-wall-chaser-grooving-cutting-machine\/"},"modified":"2024-09-06T03:43:14","modified_gmt":"2024-09-06T03:43:14","slug":"2400w-electric-wall-chaser-grooving-cutting-machine","status":"publish","type":"product","link":"https:\/\/www.burleytools.com\/es\/producto\/maquina-cortadora-y-ranuradora-de-pared-electrica-de-2400-w\/","title":{"rendered":"M\u00e1quina cortadora y ranuradora de pared el\u00e9ctrica de 2400 W"},"content":{"rendered":"","protected":false},"excerpt":{"rendered":"<ul>\n<li>Dise\u00f1o de dos rodillos de acero, durante la operaci\u00f3n, los usuarios de la herramienta pueden hacer coincidir la herramienta con la pared f\u00e1cilmente.<\/li>\n<li>La funci\u00f3n de recolecci\u00f3n de polvo protege a los trabajadores del ambiente polvoriento.<\/li>\n<li>Profundidad de corte ajustable de 8 mm a 43 mm, adecuado para diferentes requisitos de corte.<\/li>\n<li><img decoding=\"async\" style=\"width: 180px; height: 27px;\" title=\"4\" src=\"\/wp-content\/uploads\/2024\/05\/1606975649218025.png\" alt=\"4\" width=\"180\" height=\"27\" border=\"0\" vspace=\"0\" \/><\/li>\n<\/ul>","protected":false},"featured_media":2749,"template":"","meta":{"_acf_changed":false,"_mi_skip_tracking":false,"_monsterinsights_sitenote_active":false,"_monsterinsights_sitenote_note":"","_monsterinsights_sitenote_category":0},"product_cat":[33,28],"product_tag":[],"class_list":{"0":"post-2750","1":"product","2":"type-product","3":"status-publish","4":"has-post-thumbnail","6":"product_cat-cutting-machine","7":"product_cat-general-power-tools","9":"first","10":"instock","11":"shipping-taxable","12":"product-type-simple"},"acf":[],"yoast_head":"<!-- This site is optimized with the Yoast SEO Premium plugin v21.6 (Yoast SEO v22.3) - https:\/\/yoast.com\/wordpress\/plugins\/seo\/ -->\n<title>2400W Electric Wall Chaser Grooving Cutting Machine - BURLEY<\/title>\n<meta name=\"robots\" content=\"index, follow, max-snippet:-1, max-image-preview:large, max-video-preview:-1\" \/>\n<link rel=\"canonical\" href=\"https:\/\/www.burleytools.com\/es\/producto\/maquina-cortadora-y-ranuradora-de-pared-electrica-de-2400-w\/\" \/>\n<meta property=\"og:locale\" content=\"es_ES\" \/>\n<meta property=\"og:type\" content=\"article\" \/>\n<meta property=\"og:title\" content=\"2400W Electric Wall Chaser Grooving Cutting Machine\" \/>\n<meta property=\"og:description\" content=\"Two steel roll design, whileoperation the tool users canmatch the tool with wall easily.  Function of dust collectionresure workers from the dustyenviroment.  Adjustable cutting depth from8mm to 43mm, suitable fordifferent cutting requirements.\" \/>\n<meta property=\"og:url\" content=\"https:\/\/www.burleytools.com\/es\/producto\/maquina-cortadora-y-ranuradora-de-pared-electrica-de-2400-w\/\" \/>\n<meta property=\"og:site_name\" content=\"BURLEY\" \/>\n<meta property=\"article:modified_time\" content=\"2024-09-06T03:43:14+00:00\" \/>\n<meta property=\"og:image\" content=\"https:\/\/www.burleytools.com\/wp-content\/uploads\/2024\/08\/KE150A-1.jpg\" \/>\n\t<meta property=\"og:image:width\" content=\"1000\" \/>\n\t<meta property=\"og:image:height\" content=\"1000\" \/>\n\t<meta property=\"og:image:type\" content=\"image\/jpeg\" \/>\n<meta name=\"twitter:card\" content=\"summary_large_image\" \/>\n<meta name=\"twitter:label1\" content=\"Tiempo de lectura\" \/>\n\t<meta name=\"twitter:data1\" content=\"1 minuto\" \/>\n<script type=\"application\/ld+json\" class=\"yoast-schema-graph\">{\"@context\":\"https:\/\/schema.org\",\"@graph\":[{\"@type\":\"WebPage\",\"@id\":\"https:\/\/www.burleytools.com\/product\/2400w-electric-wall-chaser-grooving-cutting-machine\/\",\"url\":\"https:\/\/www.burleytools.com\/product\/2400w-electric-wall-chaser-grooving-cutting-machine\/\",\"name\":\"2400W Electric Wall Chaser Grooving Cutting Machine - BURLEY\",\"isPartOf\":{\"@id\":\"https:\/\/www.burleytools.com\/#website\"},\"primaryImageOfPage\":{\"@id\":\"https:\/\/www.burleytools.com\/product\/2400w-electric-wall-chaser-grooving-cutting-machine\/#primaryimage\"},\"image\":{\"@id\":\"https:\/\/www.burleytools.com\/product\/2400w-electric-wall-chaser-grooving-cutting-machine\/#primaryimage\"},\"thumbnailUrl\":\"https:\/\/www.burleytools.com\/wp-content\/uploads\/2024\/08\/KE150A-1.jpg\",\"datePublished\":\"2024-08-15T06:59:24+00:00\",\"dateModified\":\"2024-09-06T03:43:14+00:00\",\"breadcrumb\":{\"@id\":\"https:\/\/www.burleytools.com\/product\/2400w-electric-wall-chaser-grooving-cutting-machine\/#breadcrumb\"},\"inLanguage\":\"es\",\"potentialAction\":[{\"@type\":\"ReadAction\",\"target\":[\"https:\/\/www.burleytools.com\/product\/2400w-electric-wall-chaser-grooving-cutting-machine\/\"]}]},{\"@type\":\"ImageObject\",\"inLanguage\":\"es\",\"@id\":\"https:\/\/www.burleytools.com\/product\/2400w-electric-wall-chaser-grooving-cutting-machine\/#primaryimage\",\"url\":\"https:\/\/www.burleytools.com\/wp-content\/uploads\/2024\/08\/KE150A-1.jpg\",\"contentUrl\":\"https:\/\/www.burleytools.com\/wp-content\/uploads\/2024\/08\/KE150A-1.jpg\",\"width\":1000,\"height\":1000},{\"@type\":\"BreadcrumbList\",\"@id\":\"https:\/\/www.burleytools.com\/product\/2400w-electric-wall-chaser-grooving-cutting-machine\/#breadcrumb\",\"itemListElement\":[{\"@type\":\"ListItem\",\"position\":1,\"name\":\"Home\",\"item\":\"https:\/\/www.burleytools.com\/\"},{\"@type\":\"ListItem\",\"position\":2,\"name\":\"Products\",\"item\":\"https:\/\/www.burleytools.com\/products\/\"},{\"@type\":\"ListItem\",\"position\":3,\"name\":\"2400W Electric Wall Chaser Grooving Cutting Machine\"}]},{\"@type\":\"WebSite\",\"@id\":\"https:\/\/www.burleytools.com\/#website\",\"url\":\"https:\/\/www.burleytools.com\/\",\"name\":\"BURLEY\",\"description\":\"\",\"publisher\":{\"@id\":\"https:\/\/www.burleytools.com\/#organization\"},\"potentialAction\":[{\"@type\":\"SearchAction\",\"target\":{\"@type\":\"EntryPoint\",\"urlTemplate\":\"https:\/\/www.burleytools.com\/?s={search_term_string}\"},\"query-input\":\"required name=search_term_string\"}],\"inLanguage\":\"es\"},{\"@type\":\"Organization\",\"@id\":\"https:\/\/www.burleytools.com\/#organization\",\"name\":\"BURLEY\",\"url\":\"https:\/\/www.burleytools.com\/\",\"logo\":{\"@type\":\"ImageObject\",\"inLanguage\":\"es\",\"@id\":\"https:\/\/www.burleytools.com\/#\/schema\/logo\/image\/\",\"url\":\"https:\/\/www.burleytools.com\/wp-content\/uploads\/2023\/10\/logo.webp\",\"contentUrl\":\"https:\/\/www.burleytools.com\/wp-content\/uploads\/2023\/10\/logo.webp\",\"width\":165,\"height\":62,\"caption\":\"BURLEY\"},\"image\":{\"@id\":\"https:\/\/www.burleytools.com\/#\/schema\/logo\/image\/\"}}]}<\/script>\n<!-- \/ Yoast SEO Premium plugin. -->","yoast_head_json":{"title":"2400W Electric Wall Chaser Grooving Cutting Machine - BURLEY","robots":{"index":"index","follow":"follow","max-snippet":"max-snippet:-1","max-image-preview":"max-image-preview:large","max-video-preview":"max-video-preview:-1"},"canonical":"https:\/\/www.burleytools.com\/es\/producto\/maquina-cortadora-y-ranuradora-de-pared-electrica-de-2400-w\/","og_locale":"es_ES","og_type":"article","og_title":"2400W Electric Wall Chaser Grooving Cutting Machine","og_description":"Two steel roll design, whileoperation the tool users canmatch the tool with wall easily.  Function of dust collectionresure workers from the dustyenviroment.  Adjustable cutting depth from8mm to 43mm, suitable fordifferent cutting requirements.","og_url":"https:\/\/www.burleytools.com\/es\/producto\/maquina-cortadora-y-ranuradora-de-pared-electrica-de-2400-w\/","og_site_name":"BURLEY","article_modified_time":"2024-09-06T03:43:14+00:00","og_image":[{"width":1000,"height":1000,"url":"https:\/\/www.burleytools.com\/wp-content\/uploads\/2024\/08\/KE150A-1.jpg","type":"image\/jpeg"}],"twitter_card":"summary_large_image","twitter_misc":{"Tiempo de lectura":"1 minuto"},"schema":{"@context":"https:\/\/schema.org","@graph":[{"@type":"WebPage","@id":"https:\/\/www.burleytools.com\/product\/2400w-electric-wall-chaser-grooving-cutting-machine\/","url":"https:\/\/www.burleytools.com\/product\/2400w-electric-wall-chaser-grooving-cutting-machine\/","name":"2400W Electric Wall Chaser Grooving Cutting Machine - BURLEY","isPartOf":{"@id":"https:\/\/www.burleytools.com\/#website"},"primaryImageOfPage":{"@id":"https:\/\/www.burleytools.com\/product\/2400w-electric-wall-chaser-grooving-cutting-machine\/#primaryimage"},"image":{"@id":"https:\/\/www.burleytools.com\/product\/2400w-electric-wall-chaser-grooving-cutting-machine\/#primaryimage"},"thumbnailUrl":"https:\/\/www.burleytools.com\/wp-content\/uploads\/2024\/08\/KE150A-1.jpg","datePublished":"2024-08-15T06:59:24+00:00","dateModified":"2024-09-06T03:43:14+00:00","breadcrumb":{"@id":"https:\/\/www.burleytools.com\/product\/2400w-electric-wall-chaser-grooving-cutting-machine\/#breadcrumb"},"inLanguage":"es","potentialAction":[{"@type":"ReadAction","target":["https:\/\/www.burleytools.com\/product\/2400w-electric-wall-chaser-grooving-cutting-machine\/"]}]},{"@type":"ImageObject","inLanguage":"es","@id":"https:\/\/www.burleytools.com\/product\/2400w-electric-wall-chaser-grooving-cutting-machine\/#primaryimage","url":"https:\/\/www.burleytools.com\/wp-content\/uploads\/2024\/08\/KE150A-1.jpg","contentUrl":"https:\/\/www.burleytools.com\/wp-content\/uploads\/2024\/08\/KE150A-1.jpg","width":1000,"height":1000},{"@type":"BreadcrumbList","@id":"https:\/\/www.burleytools.com\/product\/2400w-electric-wall-chaser-grooving-cutting-machine\/#breadcrumb","itemListElement":[{"@type":"ListItem","position":1,"name":"Home","item":"https:\/\/www.burleytools.com\/"},{"@type":"ListItem","position":2,"name":"Products","item":"https:\/\/www.burleytools.com\/products\/"},{"@type":"ListItem","position":3,"name":"2400W Electric Wall Chaser Grooving Cutting Machine"}]},{"@type":"WebSite","@id":"https:\/\/www.burleytools.com\/#website","url":"https:\/\/www.burleytools.com\/","name":"BURLEY","description":"","publisher":{"@id":"https:\/\/www.burleytools.com\/#organization"},"potentialAction":[{"@type":"SearchAction","target":{"@type":"EntryPoint","urlTemplate":"https:\/\/www.burleytools.com\/?s={search_term_string}"},"query-input":"required name=search_term_string"}],"inLanguage":"es"},{"@type":"Organization","@id":"https:\/\/www.burleytools.com\/#organization","name":"BURLEY","url":"https:\/\/www.burleytools.com\/","logo":{"@type":"ImageObject","inLanguage":"es","@id":"https:\/\/www.burleytools.com\/#\/schema\/logo\/image\/","url":"https:\/\/www.burleytools.com\/wp-content\/uploads\/2023\/10\/logo.webp","contentUrl":"https:\/\/www.burleytools.com\/wp-content\/uploads\/2023\/10\/logo.webp","width":165,"height":62,"caption":"BURLEY"},"image":{"@id":"https:\/\/www.burleytools.com\/#\/schema\/logo\/image\/"}}]}},"_links":{"self":[{"href":"https:\/\/www.burleytools.com\/es\/wp-json\/wp\/v2\/product\/2750"}],"collection":[{"href":"https:\/\/www.burleytools.com\/es\/wp-json\/wp\/v2\/product"}],"about":[{"href":"https:\/\/www.burleytools.com\/es\/wp-json\/wp\/v2\/types\/product"}],"wp:featuredmedia":[{"embeddable":true,"href":"https:\/\/www.burleytools.com\/es\/wp-json\/wp\/v2\/media\/2749"}],"wp:attachment":[{"href":"https:\/\/www.burleytools.com\/es\/wp-json\/wp\/v2\/media?parent=2750"}],"wp:term":[{"taxonomy":"product_cat","embeddable":true,"href":"https:\/\/www.burleytools.com\/es\/wp-json\/wp\/v2\/product_cat?post=2750"},{"taxonomy":"product_tag","embeddable":true,"href":"https:\/\/www.burleytools.com\/es\/wp-json\/wp\/v2\/product_tag?post=2750"}],"curies":[{"name":"wp","href":"https:\/\/api.w.org\/{rel}","templated":true}]}}