{"id":2810,"date":"2024-08-20T01:57:48","date_gmt":"2024-08-20T01:57:48","guid":{"rendered":"https:\/\/www.burleytools.com\/?post_type=product&#038;p=2810"},"modified":"2024-09-06T03:03:13","modified_gmt":"2024-09-06T03:03:13","slug":"20v-cordless-100mm-burnishing-polisher-machine","status":"publish","type":"product","link":"https:\/\/www.burleytools.com\/es\/producto\/pulidora-de-100-mm-inalambrica-de-20-v\/","title":{"rendered":"Pulidora de 100 mm inal\u00e1mbrica de 20 V"},"content":{"rendered":"","protected":false},"excerpt":{"rendered":"<ul>\n<li>La rueda de bru\u00f1ido y el eje del motor est\u00e1n en un \u00e1ngulo de 30 grados para una operaci\u00f3n m\u00e1s c\u00f3moda.<\/li>\n<li>Escobillas de acceso externo para un f\u00e1cil mantenimiento y una mayor vida \u00fatil del motor.<\/li>\n<li>Con bot\u00f3n de bloqueo para cambiar f\u00e1cilmente las ruedas de bru\u00f1ido.<\/li>\n<li><img decoding=\"async\" src=\"https:\/\/www.burleytools.com\/wp-content\/uploads\/2024\/05\/1606975649218025.png\" alt=\"1606975649218025.png\" \/><\/li>\n<\/ul>","protected":false},"featured_media":2812,"template":"","meta":{"_acf_changed":false,"_mi_skip_tracking":false,"_monsterinsights_sitenote_active":false,"_monsterinsights_sitenote_note":"","_monsterinsights_sitenote_category":0},"product_cat":[25,93],"product_tag":[],"class_list":{"0":"post-2810","1":"product","2":"type-product","3":"status-publish","4":"has-post-thumbnail","6":"product_cat-automotive","7":"product_cat-burnishing-polishing-machine","9":"first","10":"instock","11":"shipping-taxable","12":"product-type-simple"},"acf":[],"yoast_head":"<!-- This site is optimized with the Yoast SEO Premium plugin v21.6 (Yoast SEO v22.3) - https:\/\/yoast.com\/wordpress\/plugins\/seo\/ -->\n<title>20V Cordless 100mm Burnishing Polisher Machine - BURLEY<\/title>\n<meta name=\"robots\" content=\"index, follow, max-snippet:-1, max-image-preview:large, max-video-preview:-1\" \/>\n<link rel=\"canonical\" href=\"https:\/\/www.burleytools.com\/es\/producto\/pulidora-de-100-mm-inalambrica-de-20-v\/\" \/>\n<meta property=\"og:locale\" content=\"es_ES\" \/>\n<meta property=\"og:type\" content=\"article\" \/>\n<meta property=\"og:title\" content=\"20V Cordless 100mm Burnishing Polisher Machine\" \/>\n<meta property=\"og:description\" content=\"The burnishing wheel and the motor axis are at an angle of 30 degrees for more convenient operation.  Externally accessible brushes for easy servicing and longer motor life.  With lock button for easy-change the burnishing wheels.\" \/>\n<meta property=\"og:url\" content=\"https:\/\/www.burleytools.com\/es\/producto\/pulidora-de-100-mm-inalambrica-de-20-v\/\" \/>\n<meta property=\"og:site_name\" content=\"BURLEY\" \/>\n<meta property=\"article:modified_time\" content=\"2024-09-06T03:03:13+00:00\" \/>\n<meta property=\"og:image\" content=\"https:\/\/www.burleytools.com\/wp-content\/uploads\/2024\/08\/BA7403.jpg\" \/>\n\t<meta property=\"og:image:width\" content=\"1000\" \/>\n\t<meta property=\"og:image:height\" content=\"1000\" \/>\n\t<meta property=\"og:image:type\" content=\"image\/jpeg\" \/>\n<meta name=\"twitter:card\" content=\"summary_large_image\" \/>\n<meta name=\"twitter:label1\" content=\"Tiempo de lectura\" \/>\n\t<meta name=\"twitter:data1\" content=\"1 minuto\" \/>\n<script type=\"application\/ld+json\" class=\"yoast-schema-graph\">{\"@context\":\"https:\/\/schema.org\",\"@graph\":[{\"@type\":\"WebPage\",\"@id\":\"https:\/\/www.burleytools.com\/product\/20v-cordless-100mm-burnishing-polisher-machine\/\",\"url\":\"https:\/\/www.burleytools.com\/product\/20v-cordless-100mm-burnishing-polisher-machine\/\",\"name\":\"20V Cordless 100mm Burnishing Polisher Machine - BURLEY\",\"isPartOf\":{\"@id\":\"https:\/\/www.burleytools.com\/#website\"},\"primaryImageOfPage\":{\"@id\":\"https:\/\/www.burleytools.com\/product\/20v-cordless-100mm-burnishing-polisher-machine\/#primaryimage\"},\"image\":{\"@id\":\"https:\/\/www.burleytools.com\/product\/20v-cordless-100mm-burnishing-polisher-machine\/#primaryimage\"},\"thumbnailUrl\":\"https:\/\/www.burleytools.com\/wp-content\/uploads\/2024\/08\/BA7403.jpg\",\"datePublished\":\"2024-08-20T01:57:48+00:00\",\"dateModified\":\"2024-09-06T03:03:13+00:00\",\"breadcrumb\":{\"@id\":\"https:\/\/www.burleytools.com\/product\/20v-cordless-100mm-burnishing-polisher-machine\/#breadcrumb\"},\"inLanguage\":\"es\",\"potentialAction\":[{\"@type\":\"ReadAction\",\"target\":[\"https:\/\/www.burleytools.com\/product\/20v-cordless-100mm-burnishing-polisher-machine\/\"]}]},{\"@type\":\"ImageObject\",\"inLanguage\":\"es\",\"@id\":\"https:\/\/www.burleytools.com\/product\/20v-cordless-100mm-burnishing-polisher-machine\/#primaryimage\",\"url\":\"https:\/\/www.burleytools.com\/wp-content\/uploads\/2024\/08\/BA7403.jpg\",\"contentUrl\":\"https:\/\/www.burleytools.com\/wp-content\/uploads\/2024\/08\/BA7403.jpg\",\"width\":1000,\"height\":1000},{\"@type\":\"BreadcrumbList\",\"@id\":\"https:\/\/www.burleytools.com\/product\/20v-cordless-100mm-burnishing-polisher-machine\/#breadcrumb\",\"itemListElement\":[{\"@type\":\"ListItem\",\"position\":1,\"name\":\"Home\",\"item\":\"https:\/\/www.burleytools.com\/\"},{\"@type\":\"ListItem\",\"position\":2,\"name\":\"Products\",\"item\":\"https:\/\/www.burleytools.com\/products\/\"},{\"@type\":\"ListItem\",\"position\":3,\"name\":\"20V Cordless 100mm Burnishing Polisher Machine\"}]},{\"@type\":\"WebSite\",\"@id\":\"https:\/\/www.burleytools.com\/#website\",\"url\":\"https:\/\/www.burleytools.com\/\",\"name\":\"BURLEY\",\"description\":\"\",\"publisher\":{\"@id\":\"https:\/\/www.burleytools.com\/#organization\"},\"potentialAction\":[{\"@type\":\"SearchAction\",\"target\":{\"@type\":\"EntryPoint\",\"urlTemplate\":\"https:\/\/www.burleytools.com\/?s={search_term_string}\"},\"query-input\":\"required name=search_term_string\"}],\"inLanguage\":\"es\"},{\"@type\":\"Organization\",\"@id\":\"https:\/\/www.burleytools.com\/#organization\",\"name\":\"BURLEY\",\"url\":\"https:\/\/www.burleytools.com\/\",\"logo\":{\"@type\":\"ImageObject\",\"inLanguage\":\"es\",\"@id\":\"https:\/\/www.burleytools.com\/#\/schema\/logo\/image\/\",\"url\":\"https:\/\/www.burleytools.com\/wp-content\/uploads\/2023\/10\/logo.webp\",\"contentUrl\":\"https:\/\/www.burleytools.com\/wp-content\/uploads\/2023\/10\/logo.webp\",\"width\":165,\"height\":62,\"caption\":\"BURLEY\"},\"image\":{\"@id\":\"https:\/\/www.burleytools.com\/#\/schema\/logo\/image\/\"}}]}<\/script>\n<!-- \/ Yoast SEO Premium plugin. -->","yoast_head_json":{"title":"20V Cordless 100mm Burnishing Polisher Machine - BURLEY","robots":{"index":"index","follow":"follow","max-snippet":"max-snippet:-1","max-image-preview":"max-image-preview:large","max-video-preview":"max-video-preview:-1"},"canonical":"https:\/\/www.burleytools.com\/es\/producto\/pulidora-de-100-mm-inalambrica-de-20-v\/","og_locale":"es_ES","og_type":"article","og_title":"20V Cordless 100mm Burnishing Polisher Machine","og_description":"The burnishing wheel and the motor axis are at an angle of 30 degrees for more convenient operation.  Externally accessible brushes for easy servicing and longer motor life.  With lock button for easy-change the burnishing wheels.","og_url":"https:\/\/www.burleytools.com\/es\/producto\/pulidora-de-100-mm-inalambrica-de-20-v\/","og_site_name":"BURLEY","article_modified_time":"2024-09-06T03:03:13+00:00","og_image":[{"width":1000,"height":1000,"url":"https:\/\/www.burleytools.com\/wp-content\/uploads\/2024\/08\/BA7403.jpg","type":"image\/jpeg"}],"twitter_card":"summary_large_image","twitter_misc":{"Tiempo de lectura":"1 minuto"},"schema":{"@context":"https:\/\/schema.org","@graph":[{"@type":"WebPage","@id":"https:\/\/www.burleytools.com\/product\/20v-cordless-100mm-burnishing-polisher-machine\/","url":"https:\/\/www.burleytools.com\/product\/20v-cordless-100mm-burnishing-polisher-machine\/","name":"20V Cordless 100mm Burnishing Polisher Machine - BURLEY","isPartOf":{"@id":"https:\/\/www.burleytools.com\/#website"},"primaryImageOfPage":{"@id":"https:\/\/www.burleytools.com\/product\/20v-cordless-100mm-burnishing-polisher-machine\/#primaryimage"},"image":{"@id":"https:\/\/www.burleytools.com\/product\/20v-cordless-100mm-burnishing-polisher-machine\/#primaryimage"},"thumbnailUrl":"https:\/\/www.burleytools.com\/wp-content\/uploads\/2024\/08\/BA7403.jpg","datePublished":"2024-08-20T01:57:48+00:00","dateModified":"2024-09-06T03:03:13+00:00","breadcrumb":{"@id":"https:\/\/www.burleytools.com\/product\/20v-cordless-100mm-burnishing-polisher-machine\/#breadcrumb"},"inLanguage":"es","potentialAction":[{"@type":"ReadAction","target":["https:\/\/www.burleytools.com\/product\/20v-cordless-100mm-burnishing-polisher-machine\/"]}]},{"@type":"ImageObject","inLanguage":"es","@id":"https:\/\/www.burleytools.com\/product\/20v-cordless-100mm-burnishing-polisher-machine\/#primaryimage","url":"https:\/\/www.burleytools.com\/wp-content\/uploads\/2024\/08\/BA7403.jpg","contentUrl":"https:\/\/www.burleytools.com\/wp-content\/uploads\/2024\/08\/BA7403.jpg","width":1000,"height":1000},{"@type":"BreadcrumbList","@id":"https:\/\/www.burleytools.com\/product\/20v-cordless-100mm-burnishing-polisher-machine\/#breadcrumb","itemListElement":[{"@type":"ListItem","position":1,"name":"Home","item":"https:\/\/www.burleytools.com\/"},{"@type":"ListItem","position":2,"name":"Products","item":"https:\/\/www.burleytools.com\/products\/"},{"@type":"ListItem","position":3,"name":"20V Cordless 100mm Burnishing Polisher Machine"}]},{"@type":"WebSite","@id":"https:\/\/www.burleytools.com\/#website","url":"https:\/\/www.burleytools.com\/","name":"BURLEY","description":"","publisher":{"@id":"https:\/\/www.burleytools.com\/#organization"},"potentialAction":[{"@type":"SearchAction","target":{"@type":"EntryPoint","urlTemplate":"https:\/\/www.burleytools.com\/?s={search_term_string}"},"query-input":"required name=search_term_string"}],"inLanguage":"es"},{"@type":"Organization","@id":"https:\/\/www.burleytools.com\/#organization","name":"BURLEY","url":"https:\/\/www.burleytools.com\/","logo":{"@type":"ImageObject","inLanguage":"es","@id":"https:\/\/www.burleytools.com\/#\/schema\/logo\/image\/","url":"https:\/\/www.burleytools.com\/wp-content\/uploads\/2023\/10\/logo.webp","contentUrl":"https:\/\/www.burleytools.com\/wp-content\/uploads\/2023\/10\/logo.webp","width":165,"height":62,"caption":"BURLEY"},"image":{"@id":"https:\/\/www.burleytools.com\/#\/schema\/logo\/image\/"}}]}},"_links":{"self":[{"href":"https:\/\/www.burleytools.com\/es\/wp-json\/wp\/v2\/product\/2810"}],"collection":[{"href":"https:\/\/www.burleytools.com\/es\/wp-json\/wp\/v2\/product"}],"about":[{"href":"https:\/\/www.burleytools.com\/es\/wp-json\/wp\/v2\/types\/product"}],"wp:featuredmedia":[{"embeddable":true,"href":"https:\/\/www.burleytools.com\/es\/wp-json\/wp\/v2\/media\/2812"}],"wp:attachment":[{"href":"https:\/\/www.burleytools.com\/es\/wp-json\/wp\/v2\/media?parent=2810"}],"wp:term":[{"taxonomy":"product_cat","embeddable":true,"href":"https:\/\/www.burleytools.com\/es\/wp-json\/wp\/v2\/product_cat?post=2810"},{"taxonomy":"product_tag","embeddable":true,"href":"https:\/\/www.burleytools.com\/es\/wp-json\/wp\/v2\/product_tag?post=2810"}],"curies":[{"name":"wp","href":"https:\/\/api.w.org\/{rel}","templated":true}]}}