{"id":596,"date":"2024-05-09T07:44:07","date_gmt":"2024-05-09T07:44:07","guid":{"rendered":"https:\/\/www.burleytools.com\/product\/900w-vertical-polisher-180mm-padvariable-speedcar-polisher-r7181\/"},"modified":"2024-08-20T07:28:22","modified_gmt":"2024-08-20T07:28:22","slug":"900w-vertical-polisher-180mm-padvariable-speedcar-polisher-r7181","status":"publish","type":"product","link":"https:\/\/www.burleytools.com\/es\/producto\/pulidora-vertical-900w-almohadilla-180mm-pulidora-speedcar-variable-r7181\/","title":{"rendered":"Pulidora vertical de 900 W, almohadilla de 180 mm, velocidad variable, pulidora de autom\u00f3viles - R7181"},"content":{"rendered":"<p>\u25cf Velocidad ajustable de 600 a 2000 rpm.<\/p>\n<p>\u25cf Interruptor de encendido y apagado de seguridad con bot\u00f3n de bloqueo para funcionamiento continuo.<\/p>\n<p>\u25cf Funci\u00f3n de arranque suave y control de velocidad constante y arranque suave en la superficie de trabajo.<\/p>\n<p>\u25cf Escobillas de acceso externo para una mayor facilidad de servicio y una mayor vida \u00fatil del motor.<\/p>\n<p>\u25cf El dise\u00f1o ergon\u00f3mico con agarre suave proporciona una operaci\u00f3n c\u00f3moda.<\/p>\n<p><img decoding=\"async\" title=\"7181 comentarios en chino\" src=\"\/wp-content\/uploads\/2024\/05\/1608693632397226.jpg\" alt=\"7181 comentarios en chino\" \/><\/p>","protected":false},"excerpt":{"rendered":"<p>\u25cf <img decoding=\"async\" style=\"width: 180px; height: 27px;\" title=\"1606975649218025\" src=\"\/wp-content\/uploads\/2024\/05\/1606975649218025.png\" alt=\"1606975649218025.png\" width=\"180\" height=\"27\" border=\"0\" vspace=\"0\" \/><\/p>","protected":false},"featured_media":595,"template":"","meta":{"_acf_changed":false,"_mi_skip_tracking":false,"_monsterinsights_sitenote_active":false,"_monsterinsights_sitenote_note":"","_monsterinsights_sitenote_category":0},"product_cat":[25,89],"product_tag":[],"class_list":{"0":"post-596","1":"product","2":"type-product","3":"status-publish","4":"has-post-thumbnail","6":"product_cat-automotive","7":"product_cat-electric-polisher","9":"first","10":"instock","11":"shipping-taxable","12":"product-type-simple"},"acf":[],"yoast_head":"<!-- This site is optimized with the Yoast SEO Premium plugin v21.6 (Yoast SEO v22.3) - https:\/\/yoast.com\/wordpress\/plugins\/seo\/ -->\n<title>900W Vertical Polisher 180mm Pad,Variable Speed,Car Polisher-R7181 - BURLEY<\/title>\n<meta name=\"robots\" content=\"index, follow, max-snippet:-1, max-image-preview:large, max-video-preview:-1\" \/>\n<link rel=\"canonical\" href=\"https:\/\/www.burleytools.com\/es\/producto\/pulidora-vertical-900w-almohadilla-180mm-pulidora-speedcar-variable-r7181\/\" \/>\n<meta property=\"og:locale\" content=\"es_ES\" \/>\n<meta property=\"og:type\" content=\"article\" \/>\n<meta property=\"og:title\" content=\"900W Vertical Polisher 180mm Pad,Variable Speed,Car Polisher-R7181\" \/>\n<meta property=\"og:description\" content=\"\u25cf\" \/>\n<meta property=\"og:url\" content=\"https:\/\/www.burleytools.com\/es\/producto\/pulidora-vertical-900w-almohadilla-180mm-pulidora-speedcar-variable-r7181\/\" \/>\n<meta property=\"og:site_name\" content=\"BURLEY\" \/>\n<meta property=\"article:modified_time\" content=\"2024-08-20T07:28:22+00:00\" \/>\n<meta property=\"og:image\" content=\"https:\/\/www.burleytools.com\/wp-content\/uploads\/2024\/05\/1608177672841360-1.jpg\" \/>\n\t<meta property=\"og:image:width\" content=\"700\" \/>\n\t<meta property=\"og:image:height\" content=\"700\" \/>\n\t<meta property=\"og:image:type\" content=\"image\/jpeg\" \/>\n<meta name=\"twitter:card\" content=\"summary_large_image\" \/>\n<meta name=\"twitter:label1\" content=\"Tiempo de lectura\" \/>\n\t<meta name=\"twitter:data1\" content=\"1 minuto\" \/>\n<script type=\"application\/ld+json\" class=\"yoast-schema-graph\">{\"@context\":\"https:\/\/schema.org\",\"@graph\":[{\"@type\":\"WebPage\",\"@id\":\"https:\/\/www.burleytools.com\/product\/900w-vertical-polisher-180mm-padvariable-speedcar-polisher-r7181\/\",\"url\":\"https:\/\/www.burleytools.com\/product\/900w-vertical-polisher-180mm-padvariable-speedcar-polisher-r7181\/\",\"name\":\"900W Vertical Polisher 180mm Pad,Variable Speed,Car Polisher-R7181 - BURLEY\",\"isPartOf\":{\"@id\":\"https:\/\/www.burleytools.com\/#website\"},\"primaryImageOfPage\":{\"@id\":\"https:\/\/www.burleytools.com\/product\/900w-vertical-polisher-180mm-padvariable-speedcar-polisher-r7181\/#primaryimage\"},\"image\":{\"@id\":\"https:\/\/www.burleytools.com\/product\/900w-vertical-polisher-180mm-padvariable-speedcar-polisher-r7181\/#primaryimage\"},\"thumbnailUrl\":\"https:\/\/www.burleytools.com\/wp-content\/uploads\/2024\/05\/1608177672841360-1.jpg\",\"datePublished\":\"2024-05-09T07:44:07+00:00\",\"dateModified\":\"2024-08-20T07:28:22+00:00\",\"breadcrumb\":{\"@id\":\"https:\/\/www.burleytools.com\/product\/900w-vertical-polisher-180mm-padvariable-speedcar-polisher-r7181\/#breadcrumb\"},\"inLanguage\":\"es\",\"potentialAction\":[{\"@type\":\"ReadAction\",\"target\":[\"https:\/\/www.burleytools.com\/product\/900w-vertical-polisher-180mm-padvariable-speedcar-polisher-r7181\/\"]}]},{\"@type\":\"ImageObject\",\"inLanguage\":\"es\",\"@id\":\"https:\/\/www.burleytools.com\/product\/900w-vertical-polisher-180mm-padvariable-speedcar-polisher-r7181\/#primaryimage\",\"url\":\"https:\/\/www.burleytools.com\/wp-content\/uploads\/2024\/05\/1608177672841360-1.jpg\",\"contentUrl\":\"https:\/\/www.burleytools.com\/wp-content\/uploads\/2024\/05\/1608177672841360-1.jpg\",\"width\":700,\"height\":700},{\"@type\":\"BreadcrumbList\",\"@id\":\"https:\/\/www.burleytools.com\/product\/900w-vertical-polisher-180mm-padvariable-speedcar-polisher-r7181\/#breadcrumb\",\"itemListElement\":[{\"@type\":\"ListItem\",\"position\":1,\"name\":\"Home\",\"item\":\"https:\/\/www.burleytools.com\/\"},{\"@type\":\"ListItem\",\"position\":2,\"name\":\"Products\",\"item\":\"https:\/\/www.burleytools.com\/products\/\"},{\"@type\":\"ListItem\",\"position\":3,\"name\":\"900W Vertical Polisher 180mm Pad,Variable Speed,Car Polisher-R7181\"}]},{\"@type\":\"WebSite\",\"@id\":\"https:\/\/www.burleytools.com\/#website\",\"url\":\"https:\/\/www.burleytools.com\/\",\"name\":\"BURLEY\",\"description\":\"\",\"publisher\":{\"@id\":\"https:\/\/www.burleytools.com\/#organization\"},\"potentialAction\":[{\"@type\":\"SearchAction\",\"target\":{\"@type\":\"EntryPoint\",\"urlTemplate\":\"https:\/\/www.burleytools.com\/?s={search_term_string}\"},\"query-input\":\"required name=search_term_string\"}],\"inLanguage\":\"es\"},{\"@type\":\"Organization\",\"@id\":\"https:\/\/www.burleytools.com\/#organization\",\"name\":\"BURLEY\",\"url\":\"https:\/\/www.burleytools.com\/\",\"logo\":{\"@type\":\"ImageObject\",\"inLanguage\":\"es\",\"@id\":\"https:\/\/www.burleytools.com\/#\/schema\/logo\/image\/\",\"url\":\"https:\/\/www.burleytools.com\/wp-content\/uploads\/2023\/10\/logo.webp\",\"contentUrl\":\"https:\/\/www.burleytools.com\/wp-content\/uploads\/2023\/10\/logo.webp\",\"width\":165,\"height\":62,\"caption\":\"BURLEY\"},\"image\":{\"@id\":\"https:\/\/www.burleytools.com\/#\/schema\/logo\/image\/\"}}]}<\/script>\n<!-- \/ Yoast SEO Premium plugin. -->","yoast_head_json":{"title":"900W Vertical Polisher 180mm Pad,Variable Speed,Car Polisher-R7181 - BURLEY","robots":{"index":"index","follow":"follow","max-snippet":"max-snippet:-1","max-image-preview":"max-image-preview:large","max-video-preview":"max-video-preview:-1"},"canonical":"https:\/\/www.burleytools.com\/es\/producto\/pulidora-vertical-900w-almohadilla-180mm-pulidora-speedcar-variable-r7181\/","og_locale":"es_ES","og_type":"article","og_title":"900W Vertical Polisher 180mm Pad,Variable Speed,Car Polisher-R7181","og_description":"\u25cf","og_url":"https:\/\/www.burleytools.com\/es\/producto\/pulidora-vertical-900w-almohadilla-180mm-pulidora-speedcar-variable-r7181\/","og_site_name":"BURLEY","article_modified_time":"2024-08-20T07:28:22+00:00","og_image":[{"width":700,"height":700,"url":"https:\/\/www.burleytools.com\/wp-content\/uploads\/2024\/05\/1608177672841360-1.jpg","type":"image\/jpeg"}],"twitter_card":"summary_large_image","twitter_misc":{"Tiempo de lectura":"1 minuto"},"schema":{"@context":"https:\/\/schema.org","@graph":[{"@type":"WebPage","@id":"https:\/\/www.burleytools.com\/product\/900w-vertical-polisher-180mm-padvariable-speedcar-polisher-r7181\/","url":"https:\/\/www.burleytools.com\/product\/900w-vertical-polisher-180mm-padvariable-speedcar-polisher-r7181\/","name":"900W Vertical Polisher 180mm Pad,Variable Speed,Car Polisher-R7181 - BURLEY","isPartOf":{"@id":"https:\/\/www.burleytools.com\/#website"},"primaryImageOfPage":{"@id":"https:\/\/www.burleytools.com\/product\/900w-vertical-polisher-180mm-padvariable-speedcar-polisher-r7181\/#primaryimage"},"image":{"@id":"https:\/\/www.burleytools.com\/product\/900w-vertical-polisher-180mm-padvariable-speedcar-polisher-r7181\/#primaryimage"},"thumbnailUrl":"https:\/\/www.burleytools.com\/wp-content\/uploads\/2024\/05\/1608177672841360-1.jpg","datePublished":"2024-05-09T07:44:07+00:00","dateModified":"2024-08-20T07:28:22+00:00","breadcrumb":{"@id":"https:\/\/www.burleytools.com\/product\/900w-vertical-polisher-180mm-padvariable-speedcar-polisher-r7181\/#breadcrumb"},"inLanguage":"es","potentialAction":[{"@type":"ReadAction","target":["https:\/\/www.burleytools.com\/product\/900w-vertical-polisher-180mm-padvariable-speedcar-polisher-r7181\/"]}]},{"@type":"ImageObject","inLanguage":"es","@id":"https:\/\/www.burleytools.com\/product\/900w-vertical-polisher-180mm-padvariable-speedcar-polisher-r7181\/#primaryimage","url":"https:\/\/www.burleytools.com\/wp-content\/uploads\/2024\/05\/1608177672841360-1.jpg","contentUrl":"https:\/\/www.burleytools.com\/wp-content\/uploads\/2024\/05\/1608177672841360-1.jpg","width":700,"height":700},{"@type":"BreadcrumbList","@id":"https:\/\/www.burleytools.com\/product\/900w-vertical-polisher-180mm-padvariable-speedcar-polisher-r7181\/#breadcrumb","itemListElement":[{"@type":"ListItem","position":1,"name":"Home","item":"https:\/\/www.burleytools.com\/"},{"@type":"ListItem","position":2,"name":"Products","item":"https:\/\/www.burleytools.com\/products\/"},{"@type":"ListItem","position":3,"name":"900W Vertical Polisher 180mm Pad,Variable Speed,Car Polisher-R7181"}]},{"@type":"WebSite","@id":"https:\/\/www.burleytools.com\/#website","url":"https:\/\/www.burleytools.com\/","name":"BURLEY","description":"","publisher":{"@id":"https:\/\/www.burleytools.com\/#organization"},"potentialAction":[{"@type":"SearchAction","target":{"@type":"EntryPoint","urlTemplate":"https:\/\/www.burleytools.com\/?s={search_term_string}"},"query-input":"required name=search_term_string"}],"inLanguage":"es"},{"@type":"Organization","@id":"https:\/\/www.burleytools.com\/#organization","name":"BURLEY","url":"https:\/\/www.burleytools.com\/","logo":{"@type":"ImageObject","inLanguage":"es","@id":"https:\/\/www.burleytools.com\/#\/schema\/logo\/image\/","url":"https:\/\/www.burleytools.com\/wp-content\/uploads\/2023\/10\/logo.webp","contentUrl":"https:\/\/www.burleytools.com\/wp-content\/uploads\/2023\/10\/logo.webp","width":165,"height":62,"caption":"BURLEY"},"image":{"@id":"https:\/\/www.burleytools.com\/#\/schema\/logo\/image\/"}}]}},"_links":{"self":[{"href":"https:\/\/www.burleytools.com\/es\/wp-json\/wp\/v2\/product\/596"}],"collection":[{"href":"https:\/\/www.burleytools.com\/es\/wp-json\/wp\/v2\/product"}],"about":[{"href":"https:\/\/www.burleytools.com\/es\/wp-json\/wp\/v2\/types\/product"}],"wp:featuredmedia":[{"embeddable":true,"href":"https:\/\/www.burleytools.com\/es\/wp-json\/wp\/v2\/media\/595"}],"wp:attachment":[{"href":"https:\/\/www.burleytools.com\/es\/wp-json\/wp\/v2\/media?parent=596"}],"wp:term":[{"taxonomy":"product_cat","embeddable":true,"href":"https:\/\/www.burleytools.com\/es\/wp-json\/wp\/v2\/product_cat?post=596"},{"taxonomy":"product_tag","embeddable":true,"href":"https:\/\/www.burleytools.com\/es\/wp-json\/wp\/v2\/product_tag?post=596"}],"curies":[{"name":"wp","href":"https:\/\/api.w.org\/{rel}","templated":true}]}}