{"id":645,"date":"2024-05-09T07:44:20","date_gmt":"2024-05-09T07:44:20","guid":{"rendered":"https:\/\/www.burleytools.com\/product\/cordless-oscillating-tool-400w-oscillating-multi-tool-with-4oscillation-angle-variable-speeds-quick-change-accessories-system-br5120-1\/"},"modified":"2024-08-20T07:28:28","modified_gmt":"2024-08-20T07:28:28","slug":"cordless-oscillating-tool-400w-oscillating-multi-tool-with-4oscillation-angle-variable-speeds-quick-change-accessories-system-br5120-1","status":"publish","type":"product","link":"https:\/\/www.burleytools.com\/es\/producto\/herramienta-oscilante-inalambrica-de-400-w-herramienta-multiusos-oscilante-con-4-angulos-de-oscilacion-velocidades-variables-sistema-de-accesorios-de-cambio-rapido-br5120-1\/","title":{"rendered":"Herramienta oscilante inal\u00e1mbrica, herramienta multiusos oscilante de 400 W con \u00e1ngulo de oscilaci\u00f3n de 4\u00b0, sistema de accesorios de cambio r\u00e1pido de velocidad variable - BR5120-1"},"content":{"rendered":"<p>\u25cf Ideal para trabajos de detalle y acabado.<\/p>\n<p>\u25cf M\u00e1ximo 400W con 4\u00b0.<\/p>\n<p>\u25cf Se suministra con diferentes accesorios para aplicaciones de lijado, corte, raspado, etc.<\/p>\n<p>\u25cf Kit de canal de extracci\u00f3n de polvo extra\u00edble disponible.<\/p>\n<p><img decoding=\"async\" title=\"BR5120-1-MANUAL\" src=\"\/wp-content\/uploads\/2024\/05\/1608692640505887.jpg\" alt=\"BR5120-1-MANUAL\" \/><\/p>","protected":false},"excerpt":{"rendered":"<p>\u25cf <img decoding=\"async\" style=\"width: 180px; height: 27px;\" title=\"1606975649218025\" src=\"\/wp-content\/uploads\/2024\/05\/1606975649218025.png\" alt=\"1606975649218025.png\" width=\"180\" height=\"27\" border=\"0\" vspace=\"0\" \/><\/p>","protected":false},"featured_media":644,"template":"","meta":{"_acf_changed":false,"_mi_skip_tracking":false,"_monsterinsights_sitenote_active":false,"_monsterinsights_sitenote_note":"","_monsterinsights_sitenote_category":0},"product_cat":[28,95],"product_tag":[],"class_list":{"0":"post-645","1":"product","2":"type-product","3":"status-publish","4":"has-post-thumbnail","6":"product_cat-general-power-tools","7":"product_cat-multi-tool","9":"first","10":"instock","11":"shipping-taxable","12":"product-type-simple"},"acf":[],"yoast_head":"<!-- This site is optimized with the Yoast SEO Premium plugin v21.6 (Yoast SEO v22.3) - https:\/\/yoast.com\/wordpress\/plugins\/seo\/ -->\n<title>Cordless Oscillating Tool, 400W Oscillating Multi Tool With 4\u00b0oscillation Angle, Variable Speeds Quick Change Accessories System-BR5120-1 - BURLEY<\/title>\n<meta name=\"robots\" content=\"index, follow, max-snippet:-1, max-image-preview:large, max-video-preview:-1\" \/>\n<link rel=\"canonical\" href=\"https:\/\/www.burleytools.com\/es\/producto\/herramienta-oscilante-inalambrica-de-400-w-herramienta-multiusos-oscilante-con-4-angulos-de-oscilacion-velocidades-variables-sistema-de-accesorios-de-cambio-rapido-br5120-1\/\" \/>\n<meta property=\"og:locale\" content=\"es_ES\" \/>\n<meta property=\"og:type\" content=\"article\" \/>\n<meta property=\"og:title\" content=\"Cordless Oscillating Tool, 400W Oscillating Multi Tool With 4\u00b0oscillation Angle, Variable Speeds Quick Change Accessories System-BR5120-1\" \/>\n<meta property=\"og:description\" content=\"\u25cf\" \/>\n<meta property=\"og:url\" content=\"https:\/\/www.burleytools.com\/es\/producto\/herramienta-oscilante-inalambrica-de-400-w-herramienta-multiusos-oscilante-con-4-angulos-de-oscilacion-velocidades-variables-sistema-de-accesorios-de-cambio-rapido-br5120-1\/\" \/>\n<meta property=\"og:site_name\" content=\"BURLEY\" \/>\n<meta property=\"article:modified_time\" content=\"2024-08-20T07:28:28+00:00\" \/>\n<meta property=\"og:image\" content=\"https:\/\/www.burleytools.com\/wp-content\/uploads\/2024\/05\/1608532397967939-1.jpg\" \/>\n\t<meta property=\"og:image:width\" content=\"700\" \/>\n\t<meta property=\"og:image:height\" content=\"700\" \/>\n\t<meta property=\"og:image:type\" content=\"image\/jpeg\" \/>\n<meta name=\"twitter:card\" content=\"summary_large_image\" \/>\n<meta name=\"twitter:label1\" content=\"Tiempo de lectura\" \/>\n\t<meta name=\"twitter:data1\" content=\"1 minuto\" \/>\n<script type=\"application\/ld+json\" class=\"yoast-schema-graph\">{\"@context\":\"https:\/\/schema.org\",\"@graph\":[{\"@type\":\"WebPage\",\"@id\":\"https:\/\/www.burleytools.com\/product\/cordless-oscillating-tool-400w-oscillating-multi-tool-with-4oscillation-angle-variable-speeds-quick-change-accessories-system-br5120-1\/\",\"url\":\"https:\/\/www.burleytools.com\/product\/cordless-oscillating-tool-400w-oscillating-multi-tool-with-4oscillation-angle-variable-speeds-quick-change-accessories-system-br5120-1\/\",\"name\":\"Cordless Oscillating Tool, 400W Oscillating Multi Tool With 4\u00b0oscillation Angle, Variable Speeds Quick Change Accessories System-BR5120-1 - BURLEY\",\"isPartOf\":{\"@id\":\"https:\/\/www.burleytools.com\/#website\"},\"primaryImageOfPage\":{\"@id\":\"https:\/\/www.burleytools.com\/product\/cordless-oscillating-tool-400w-oscillating-multi-tool-with-4oscillation-angle-variable-speeds-quick-change-accessories-system-br5120-1\/#primaryimage\"},\"image\":{\"@id\":\"https:\/\/www.burleytools.com\/product\/cordless-oscillating-tool-400w-oscillating-multi-tool-with-4oscillation-angle-variable-speeds-quick-change-accessories-system-br5120-1\/#primaryimage\"},\"thumbnailUrl\":\"https:\/\/www.burleytools.com\/wp-content\/uploads\/2024\/05\/1608532397967939-1.jpg\",\"datePublished\":\"2024-05-09T07:44:20+00:00\",\"dateModified\":\"2024-08-20T07:28:28+00:00\",\"breadcrumb\":{\"@id\":\"https:\/\/www.burleytools.com\/product\/cordless-oscillating-tool-400w-oscillating-multi-tool-with-4oscillation-angle-variable-speeds-quick-change-accessories-system-br5120-1\/#breadcrumb\"},\"inLanguage\":\"es\",\"potentialAction\":[{\"@type\":\"ReadAction\",\"target\":[\"https:\/\/www.burleytools.com\/product\/cordless-oscillating-tool-400w-oscillating-multi-tool-with-4oscillation-angle-variable-speeds-quick-change-accessories-system-br5120-1\/\"]}]},{\"@type\":\"ImageObject\",\"inLanguage\":\"es\",\"@id\":\"https:\/\/www.burleytools.com\/product\/cordless-oscillating-tool-400w-oscillating-multi-tool-with-4oscillation-angle-variable-speeds-quick-change-accessories-system-br5120-1\/#primaryimage\",\"url\":\"https:\/\/www.burleytools.com\/wp-content\/uploads\/2024\/05\/1608532397967939-1.jpg\",\"contentUrl\":\"https:\/\/www.burleytools.com\/wp-content\/uploads\/2024\/05\/1608532397967939-1.jpg\",\"width\":700,\"height\":700},{\"@type\":\"BreadcrumbList\",\"@id\":\"https:\/\/www.burleytools.com\/product\/cordless-oscillating-tool-400w-oscillating-multi-tool-with-4oscillation-angle-variable-speeds-quick-change-accessories-system-br5120-1\/#breadcrumb\",\"itemListElement\":[{\"@type\":\"ListItem\",\"position\":1,\"name\":\"Home\",\"item\":\"https:\/\/www.burleytools.com\/\"},{\"@type\":\"ListItem\",\"position\":2,\"name\":\"Products\",\"item\":\"https:\/\/www.burleytools.com\/products\/\"},{\"@type\":\"ListItem\",\"position\":3,\"name\":\"Cordless Oscillating Tool, 400W Oscillating Multi Tool With 4\u00b0oscillation Angle, Variable Speeds Quick Change Accessories System-BR5120-1\"}]},{\"@type\":\"WebSite\",\"@id\":\"https:\/\/www.burleytools.com\/#website\",\"url\":\"https:\/\/www.burleytools.com\/\",\"name\":\"BURLEY\",\"description\":\"\",\"publisher\":{\"@id\":\"https:\/\/www.burleytools.com\/#organization\"},\"potentialAction\":[{\"@type\":\"SearchAction\",\"target\":{\"@type\":\"EntryPoint\",\"urlTemplate\":\"https:\/\/www.burleytools.com\/?s={search_term_string}\"},\"query-input\":\"required name=search_term_string\"}],\"inLanguage\":\"es\"},{\"@type\":\"Organization\",\"@id\":\"https:\/\/www.burleytools.com\/#organization\",\"name\":\"BURLEY\",\"url\":\"https:\/\/www.burleytools.com\/\",\"logo\":{\"@type\":\"ImageObject\",\"inLanguage\":\"es\",\"@id\":\"https:\/\/www.burleytools.com\/#\/schema\/logo\/image\/\",\"url\":\"https:\/\/www.burleytools.com\/wp-content\/uploads\/2023\/10\/logo.webp\",\"contentUrl\":\"https:\/\/www.burleytools.com\/wp-content\/uploads\/2023\/10\/logo.webp\",\"width\":165,\"height\":62,\"caption\":\"BURLEY\"},\"image\":{\"@id\":\"https:\/\/www.burleytools.com\/#\/schema\/logo\/image\/\"}}]}<\/script>\n<!-- \/ Yoast SEO Premium plugin. -->","yoast_head_json":{"title":"Cordless Oscillating Tool, 400W Oscillating Multi Tool With 4\u00b0oscillation Angle, Variable Speeds Quick Change Accessories System-BR5120-1 - BURLEY","robots":{"index":"index","follow":"follow","max-snippet":"max-snippet:-1","max-image-preview":"max-image-preview:large","max-video-preview":"max-video-preview:-1"},"canonical":"https:\/\/www.burleytools.com\/es\/producto\/herramienta-oscilante-inalambrica-de-400-w-herramienta-multiusos-oscilante-con-4-angulos-de-oscilacion-velocidades-variables-sistema-de-accesorios-de-cambio-rapido-br5120-1\/","og_locale":"es_ES","og_type":"article","og_title":"Cordless Oscillating Tool, 400W Oscillating Multi Tool With 4\u00b0oscillation Angle, Variable Speeds Quick Change Accessories System-BR5120-1","og_description":"\u25cf","og_url":"https:\/\/www.burleytools.com\/es\/producto\/herramienta-oscilante-inalambrica-de-400-w-herramienta-multiusos-oscilante-con-4-angulos-de-oscilacion-velocidades-variables-sistema-de-accesorios-de-cambio-rapido-br5120-1\/","og_site_name":"BURLEY","article_modified_time":"2024-08-20T07:28:28+00:00","og_image":[{"width":700,"height":700,"url":"https:\/\/www.burleytools.com\/wp-content\/uploads\/2024\/05\/1608532397967939-1.jpg","type":"image\/jpeg"}],"twitter_card":"summary_large_image","twitter_misc":{"Tiempo de lectura":"1 minuto"},"schema":{"@context":"https:\/\/schema.org","@graph":[{"@type":"WebPage","@id":"https:\/\/www.burleytools.com\/product\/cordless-oscillating-tool-400w-oscillating-multi-tool-with-4oscillation-angle-variable-speeds-quick-change-accessories-system-br5120-1\/","url":"https:\/\/www.burleytools.com\/product\/cordless-oscillating-tool-400w-oscillating-multi-tool-with-4oscillation-angle-variable-speeds-quick-change-accessories-system-br5120-1\/","name":"Cordless Oscillating Tool, 400W Oscillating Multi Tool With 4\u00b0oscillation Angle, Variable Speeds Quick Change Accessories System-BR5120-1 - BURLEY","isPartOf":{"@id":"https:\/\/www.burleytools.com\/#website"},"primaryImageOfPage":{"@id":"https:\/\/www.burleytools.com\/product\/cordless-oscillating-tool-400w-oscillating-multi-tool-with-4oscillation-angle-variable-speeds-quick-change-accessories-system-br5120-1\/#primaryimage"},"image":{"@id":"https:\/\/www.burleytools.com\/product\/cordless-oscillating-tool-400w-oscillating-multi-tool-with-4oscillation-angle-variable-speeds-quick-change-accessories-system-br5120-1\/#primaryimage"},"thumbnailUrl":"https:\/\/www.burleytools.com\/wp-content\/uploads\/2024\/05\/1608532397967939-1.jpg","datePublished":"2024-05-09T07:44:20+00:00","dateModified":"2024-08-20T07:28:28+00:00","breadcrumb":{"@id":"https:\/\/www.burleytools.com\/product\/cordless-oscillating-tool-400w-oscillating-multi-tool-with-4oscillation-angle-variable-speeds-quick-change-accessories-system-br5120-1\/#breadcrumb"},"inLanguage":"es","potentialAction":[{"@type":"ReadAction","target":["https:\/\/www.burleytools.com\/product\/cordless-oscillating-tool-400w-oscillating-multi-tool-with-4oscillation-angle-variable-speeds-quick-change-accessories-system-br5120-1\/"]}]},{"@type":"ImageObject","inLanguage":"es","@id":"https:\/\/www.burleytools.com\/product\/cordless-oscillating-tool-400w-oscillating-multi-tool-with-4oscillation-angle-variable-speeds-quick-change-accessories-system-br5120-1\/#primaryimage","url":"https:\/\/www.burleytools.com\/wp-content\/uploads\/2024\/05\/1608532397967939-1.jpg","contentUrl":"https:\/\/www.burleytools.com\/wp-content\/uploads\/2024\/05\/1608532397967939-1.jpg","width":700,"height":700},{"@type":"BreadcrumbList","@id":"https:\/\/www.burleytools.com\/product\/cordless-oscillating-tool-400w-oscillating-multi-tool-with-4oscillation-angle-variable-speeds-quick-change-accessories-system-br5120-1\/#breadcrumb","itemListElement":[{"@type":"ListItem","position":1,"name":"Home","item":"https:\/\/www.burleytools.com\/"},{"@type":"ListItem","position":2,"name":"Products","item":"https:\/\/www.burleytools.com\/products\/"},{"@type":"ListItem","position":3,"name":"Cordless Oscillating Tool, 400W Oscillating Multi Tool With 4\u00b0oscillation Angle, Variable Speeds Quick Change Accessories System-BR5120-1"}]},{"@type":"WebSite","@id":"https:\/\/www.burleytools.com\/#website","url":"https:\/\/www.burleytools.com\/","name":"BURLEY","description":"","publisher":{"@id":"https:\/\/www.burleytools.com\/#organization"},"potentialAction":[{"@type":"SearchAction","target":{"@type":"EntryPoint","urlTemplate":"https:\/\/www.burleytools.com\/?s={search_term_string}"},"query-input":"required name=search_term_string"}],"inLanguage":"es"},{"@type":"Organization","@id":"https:\/\/www.burleytools.com\/#organization","name":"BURLEY","url":"https:\/\/www.burleytools.com\/","logo":{"@type":"ImageObject","inLanguage":"es","@id":"https:\/\/www.burleytools.com\/#\/schema\/logo\/image\/","url":"https:\/\/www.burleytools.com\/wp-content\/uploads\/2023\/10\/logo.webp","contentUrl":"https:\/\/www.burleytools.com\/wp-content\/uploads\/2023\/10\/logo.webp","width":165,"height":62,"caption":"BURLEY"},"image":{"@id":"https:\/\/www.burleytools.com\/#\/schema\/logo\/image\/"}}]}},"_links":{"self":[{"href":"https:\/\/www.burleytools.com\/es\/wp-json\/wp\/v2\/product\/645"}],"collection":[{"href":"https:\/\/www.burleytools.com\/es\/wp-json\/wp\/v2\/product"}],"about":[{"href":"https:\/\/www.burleytools.com\/es\/wp-json\/wp\/v2\/types\/product"}],"wp:featuredmedia":[{"embeddable":true,"href":"https:\/\/www.burleytools.com\/es\/wp-json\/wp\/v2\/media\/644"}],"wp:attachment":[{"href":"https:\/\/www.burleytools.com\/es\/wp-json\/wp\/v2\/media?parent=645"}],"wp:term":[{"taxonomy":"product_cat","embeddable":true,"href":"https:\/\/www.burleytools.com\/es\/wp-json\/wp\/v2\/product_cat?post=645"},{"taxonomy":"product_tag","embeddable":true,"href":"https:\/\/www.burleytools.com\/es\/wp-json\/wp\/v2\/product_tag?post=645"}],"curies":[{"name":"wp","href":"https:\/\/api.w.org\/{rel}","templated":true}]}}