{"id":717,"date":"2024-05-09T07:44:43","date_gmt":"2024-05-09T07:44:43","guid":{"rendered":"https:\/\/www.burleytools.com\/product\/2600w-electric-14-disc-cutter-circular-saw-concrete-saw-power-angle-cutter-wet-dry-circular-blade-w-guide-roller-kx355d\/"},"modified":"2024-09-06T02:58:53","modified_gmt":"2024-09-06T02:58:53","slug":"2600w-electric-14-disc-cutter-circular-saw-concrete-saw-power-angle-cutter-wet-dry-circular-blade-w-guide-roller-kx355d","status":"publish","type":"product","link":"https:\/\/www.burleytools.com\/es\/producto\/sierra-circular-electrica-de-2600-w-con-14-discos-sierra-para-hormigon-cortadora-angular-electrica-cuchilla-circular-para-seco-y-humedo-con-rodillo-guia-kx355d\/","title":{"rendered":"Sierra circular el\u00e9ctrica de 14&quot; y 2600 W, cortadora de discos, sierra para hormig\u00f3n, cortadora angular el\u00e9ctrica, cuchilla circular para trabajo en seco y h\u00famedo con rodillo gu\u00eda, KX355D"},"content":{"rendered":"<p>\u25cf Corte constante y suave. Sierra de hormig\u00f3n el\u00e9ctrica con motor de equilibrio din\u00e1mico, que producir\u00e1 menos vibraciones durante el uso para proporcionar un corte constante.<\/p>\n<p>\u25cf Control de residuos y polvo. Puerto de polvo integrado para ventilar los residuos y el polvo del corte; Accesorio de l\u00ednea de agua para enfriar la cuchilla durante el corte h\u00famedo.<\/p>\n<p>\u25cf Amplia aplicaci\u00f3n. El motor de 2600 W ofrece potencia para cortar f\u00e1cilmente diferentes materiales de piedra con una profundidad de corte m\u00e1xima de 5\u2033, ideal para usar en casa, en el sitio de construcci\u00f3n y en la f\u00e1brica.<\/p>\n<p>\u25cf Operaci\u00f3n segura. Protecci\u00f3n contra sobrecarga para evitar sobrecorriente; Equipado con un GFCI para reducir el riesgo de descarga el\u00e9ctrica; El cable UL garantiza la seguridad en el uso.<\/p>\n<p>\u25cf Durable en uso. Arrancador suave para proteger en gran medida el motor durante un uso prolongado; el cuerpo principal est\u00e1 hecho de aluminio y pl\u00e1stico para una larga vida \u00fatil.<\/p>\n<p><img decoding=\"async\" title=\"KX355D-\u4e2d\u6027\u8bf4\u660e\u4e66\uff08\u6c38\u9686\u5e2e\u5fd9\u6392\u7248\uff09\" src=\"\/wp-content\/uploads\/2024\/05\/1608693866924341.jpg\" alt=\"KX355D-\u4e2d\u6027\u8bf4\u660e\u4e66\uff08\u6c38\u9686\u5e2e\u5fd9\u6392\u7248\uff09\" \/><\/p>","protected":false},"excerpt":{"rendered":"<p>\u25cf El protector de goma protege la mano del operador y el motor contra residuos. La boquilla integrada se puede conectar a una aspiradora para un entorno de trabajo m\u00e1s limpio.<\/p>\n<p>\u25cf Protector de profundidad ajustable para un corte uniforme y las ruedas gu\u00eda en la herramienta garantizan un desplazamiento suave sobre el material de la superficie.<\/p>\n<p>\u25cf <img decoding=\"async\" style=\"width: 180px; height: 27px;\" title=\"1606975649218025\" src=\"\/wp-content\/uploads\/2024\/05\/1608099564153407.png\" alt=\"indefinido\" width=\"180\" height=\"27\" border=\"0\" vspace=\"0\" \/><\/p>","protected":false},"featured_media":2745,"template":"","meta":{"_acf_changed":false,"_mi_skip_tracking":false,"_monsterinsights_sitenote_active":false,"_monsterinsights_sitenote_note":"","_monsterinsights_sitenote_category":0},"product_cat":[33,28],"product_tag":[],"class_list":{"0":"post-717","1":"product","2":"type-product","3":"status-publish","4":"has-post-thumbnail","6":"product_cat-cutting-machine","7":"product_cat-general-power-tools","9":"first","10":"instock","11":"shipping-taxable","12":"product-type-simple"},"acf":[],"yoast_head":"<!-- This site is optimized with the Yoast SEO Premium plugin v21.6 (Yoast SEO v22.3) - https:\/\/yoast.com\/wordpress\/plugins\/seo\/ -->\n<title>2600W Electric 14&quot; Disc Cutter Circular Saw Concrete Saw Power Angle Cutter Wet\/Dry Circular Blade w\/Guide Roller-KX355D - BURLEY<\/title>\n<meta name=\"robots\" content=\"index, follow, max-snippet:-1, max-image-preview:large, max-video-preview:-1\" \/>\n<link rel=\"canonical\" href=\"https:\/\/www.burleytools.com\/es\/producto\/sierra-circular-electrica-de-2600-w-con-14-discos-sierra-para-hormigon-cortadora-angular-electrica-cuchilla-circular-para-seco-y-humedo-con-rodillo-guia-kx355d\/\" \/>\n<meta property=\"og:locale\" content=\"es_ES\" \/>\n<meta property=\"og:type\" content=\"article\" \/>\n<meta property=\"og:title\" content=\"2600W Electric 14&quot; Disc Cutter Circular Saw Concrete Saw Power Angle Cutter Wet\/Dry Circular Blade w\/Guide Roller-KX355D\" \/>\n<meta property=\"og:description\" content=\"\u25cf Rubber shield protects the operators hand and motor from debrisIntegrated nozzle can be connected to a vacuum cleaner for a cleaner work environment.  \u25cf Adjustable depth guard for consistent cutting and guide wheels on the tool ensure smooth travel over the surface material.  \u25cf\" \/>\n<meta property=\"og:url\" content=\"https:\/\/www.burleytools.com\/es\/producto\/sierra-circular-electrica-de-2600-w-con-14-discos-sierra-para-hormigon-cortadora-angular-electrica-cuchilla-circular-para-seco-y-humedo-con-rodillo-guia-kx355d\/\" \/>\n<meta property=\"og:site_name\" content=\"BURLEY\" \/>\n<meta property=\"article:modified_time\" content=\"2024-09-06T02:58:53+00:00\" \/>\n<meta property=\"og:image\" content=\"https:\/\/www.burleytools.com\/wp-content\/uploads\/2024\/08\/SKX355D-1.jpg\" \/>\n\t<meta property=\"og:image:width\" content=\"1000\" \/>\n\t<meta property=\"og:image:height\" content=\"1000\" \/>\n\t<meta property=\"og:image:type\" content=\"image\/jpeg\" \/>\n<meta name=\"twitter:card\" content=\"summary_large_image\" \/>\n<meta name=\"twitter:label1\" content=\"Tiempo de lectura\" \/>\n\t<meta name=\"twitter:data1\" content=\"1 minuto\" \/>\n<script type=\"application\/ld+json\" class=\"yoast-schema-graph\">{\"@context\":\"https:\/\/schema.org\",\"@graph\":[{\"@type\":\"WebPage\",\"@id\":\"https:\/\/www.burleytools.com\/product\/2600w-electric-14-disc-cutter-circular-saw-concrete-saw-power-angle-cutter-wet-dry-circular-blade-w-guide-roller-kx355d\/\",\"url\":\"https:\/\/www.burleytools.com\/product\/2600w-electric-14-disc-cutter-circular-saw-concrete-saw-power-angle-cutter-wet-dry-circular-blade-w-guide-roller-kx355d\/\",\"name\":\"2600W Electric 14&quot; Disc Cutter Circular Saw Concrete Saw Power Angle Cutter Wet\/Dry Circular Blade w\/Guide Roller-KX355D - BURLEY\",\"isPartOf\":{\"@id\":\"https:\/\/www.burleytools.com\/#website\"},\"primaryImageOfPage\":{\"@id\":\"https:\/\/www.burleytools.com\/product\/2600w-electric-14-disc-cutter-circular-saw-concrete-saw-power-angle-cutter-wet-dry-circular-blade-w-guide-roller-kx355d\/#primaryimage\"},\"image\":{\"@id\":\"https:\/\/www.burleytools.com\/product\/2600w-electric-14-disc-cutter-circular-saw-concrete-saw-power-angle-cutter-wet-dry-circular-blade-w-guide-roller-kx355d\/#primaryimage\"},\"thumbnailUrl\":\"https:\/\/www.burleytools.com\/wp-content\/uploads\/2024\/08\/SKX355D-1.jpg\",\"datePublished\":\"2024-05-09T07:44:43+00:00\",\"dateModified\":\"2024-09-06T02:58:53+00:00\",\"breadcrumb\":{\"@id\":\"https:\/\/www.burleytools.com\/product\/2600w-electric-14-disc-cutter-circular-saw-concrete-saw-power-angle-cutter-wet-dry-circular-blade-w-guide-roller-kx355d\/#breadcrumb\"},\"inLanguage\":\"es\",\"potentialAction\":[{\"@type\":\"ReadAction\",\"target\":[\"https:\/\/www.burleytools.com\/product\/2600w-electric-14-disc-cutter-circular-saw-concrete-saw-power-angle-cutter-wet-dry-circular-blade-w-guide-roller-kx355d\/\"]}]},{\"@type\":\"ImageObject\",\"inLanguage\":\"es\",\"@id\":\"https:\/\/www.burleytools.com\/product\/2600w-electric-14-disc-cutter-circular-saw-concrete-saw-power-angle-cutter-wet-dry-circular-blade-w-guide-roller-kx355d\/#primaryimage\",\"url\":\"https:\/\/www.burleytools.com\/wp-content\/uploads\/2024\/08\/SKX355D-1.jpg\",\"contentUrl\":\"https:\/\/www.burleytools.com\/wp-content\/uploads\/2024\/08\/SKX355D-1.jpg\",\"width\":1000,\"height\":1000},{\"@type\":\"BreadcrumbList\",\"@id\":\"https:\/\/www.burleytools.com\/product\/2600w-electric-14-disc-cutter-circular-saw-concrete-saw-power-angle-cutter-wet-dry-circular-blade-w-guide-roller-kx355d\/#breadcrumb\",\"itemListElement\":[{\"@type\":\"ListItem\",\"position\":1,\"name\":\"Home\",\"item\":\"https:\/\/www.burleytools.com\/\"},{\"@type\":\"ListItem\",\"position\":2,\"name\":\"Products\",\"item\":\"https:\/\/www.burleytools.com\/products\/\"},{\"@type\":\"ListItem\",\"position\":3,\"name\":\"2600W Electric 14&quot; Disc Cutter Circular Saw Concrete Saw Power Angle Cutter Wet\/Dry Circular Blade w\/Guide Roller-KX355D\"}]},{\"@type\":\"WebSite\",\"@id\":\"https:\/\/www.burleytools.com\/#website\",\"url\":\"https:\/\/www.burleytools.com\/\",\"name\":\"BURLEY\",\"description\":\"\",\"publisher\":{\"@id\":\"https:\/\/www.burleytools.com\/#organization\"},\"potentialAction\":[{\"@type\":\"SearchAction\",\"target\":{\"@type\":\"EntryPoint\",\"urlTemplate\":\"https:\/\/www.burleytools.com\/?s={search_term_string}\"},\"query-input\":\"required name=search_term_string\"}],\"inLanguage\":\"es\"},{\"@type\":\"Organization\",\"@id\":\"https:\/\/www.burleytools.com\/#organization\",\"name\":\"BURLEY\",\"url\":\"https:\/\/www.burleytools.com\/\",\"logo\":{\"@type\":\"ImageObject\",\"inLanguage\":\"es\",\"@id\":\"https:\/\/www.burleytools.com\/#\/schema\/logo\/image\/\",\"url\":\"https:\/\/www.burleytools.com\/wp-content\/uploads\/2023\/10\/logo.webp\",\"contentUrl\":\"https:\/\/www.burleytools.com\/wp-content\/uploads\/2023\/10\/logo.webp\",\"width\":165,\"height\":62,\"caption\":\"BURLEY\"},\"image\":{\"@id\":\"https:\/\/www.burleytools.com\/#\/schema\/logo\/image\/\"}}]}<\/script>\n<!-- \/ Yoast SEO Premium plugin. -->","yoast_head_json":{"title":"2600W Electric 14&quot; Disc Cutter Circular Saw Concrete Saw Power Angle Cutter Wet\/Dry Circular Blade w\/Guide Roller-KX355D - BURLEY","robots":{"index":"index","follow":"follow","max-snippet":"max-snippet:-1","max-image-preview":"max-image-preview:large","max-video-preview":"max-video-preview:-1"},"canonical":"https:\/\/www.burleytools.com\/es\/producto\/sierra-circular-electrica-de-2600-w-con-14-discos-sierra-para-hormigon-cortadora-angular-electrica-cuchilla-circular-para-seco-y-humedo-con-rodillo-guia-kx355d\/","og_locale":"es_ES","og_type":"article","og_title":"2600W Electric 14&quot; Disc Cutter Circular Saw Concrete Saw Power Angle Cutter Wet\/Dry Circular Blade w\/Guide Roller-KX355D","og_description":"\u25cf Rubber shield protects the operators hand and motor from debrisIntegrated nozzle can be connected to a vacuum cleaner for a cleaner work environment.  \u25cf Adjustable depth guard for consistent cutting and guide wheels on the tool ensure smooth travel over the surface material.  \u25cf","og_url":"https:\/\/www.burleytools.com\/es\/producto\/sierra-circular-electrica-de-2600-w-con-14-discos-sierra-para-hormigon-cortadora-angular-electrica-cuchilla-circular-para-seco-y-humedo-con-rodillo-guia-kx355d\/","og_site_name":"BURLEY","article_modified_time":"2024-09-06T02:58:53+00:00","og_image":[{"width":1000,"height":1000,"url":"https:\/\/www.burleytools.com\/wp-content\/uploads\/2024\/08\/SKX355D-1.jpg","type":"image\/jpeg"}],"twitter_card":"summary_large_image","twitter_misc":{"Tiempo de lectura":"1 minuto"},"schema":{"@context":"https:\/\/schema.org","@graph":[{"@type":"WebPage","@id":"https:\/\/www.burleytools.com\/product\/2600w-electric-14-disc-cutter-circular-saw-concrete-saw-power-angle-cutter-wet-dry-circular-blade-w-guide-roller-kx355d\/","url":"https:\/\/www.burleytools.com\/product\/2600w-electric-14-disc-cutter-circular-saw-concrete-saw-power-angle-cutter-wet-dry-circular-blade-w-guide-roller-kx355d\/","name":"2600W Electric 14&quot; Disc Cutter Circular Saw Concrete Saw Power Angle Cutter Wet\/Dry Circular Blade w\/Guide Roller-KX355D - BURLEY","isPartOf":{"@id":"https:\/\/www.burleytools.com\/#website"},"primaryImageOfPage":{"@id":"https:\/\/www.burleytools.com\/product\/2600w-electric-14-disc-cutter-circular-saw-concrete-saw-power-angle-cutter-wet-dry-circular-blade-w-guide-roller-kx355d\/#primaryimage"},"image":{"@id":"https:\/\/www.burleytools.com\/product\/2600w-electric-14-disc-cutter-circular-saw-concrete-saw-power-angle-cutter-wet-dry-circular-blade-w-guide-roller-kx355d\/#primaryimage"},"thumbnailUrl":"https:\/\/www.burleytools.com\/wp-content\/uploads\/2024\/08\/SKX355D-1.jpg","datePublished":"2024-05-09T07:44:43+00:00","dateModified":"2024-09-06T02:58:53+00:00","breadcrumb":{"@id":"https:\/\/www.burleytools.com\/product\/2600w-electric-14-disc-cutter-circular-saw-concrete-saw-power-angle-cutter-wet-dry-circular-blade-w-guide-roller-kx355d\/#breadcrumb"},"inLanguage":"es","potentialAction":[{"@type":"ReadAction","target":["https:\/\/www.burleytools.com\/product\/2600w-electric-14-disc-cutter-circular-saw-concrete-saw-power-angle-cutter-wet-dry-circular-blade-w-guide-roller-kx355d\/"]}]},{"@type":"ImageObject","inLanguage":"es","@id":"https:\/\/www.burleytools.com\/product\/2600w-electric-14-disc-cutter-circular-saw-concrete-saw-power-angle-cutter-wet-dry-circular-blade-w-guide-roller-kx355d\/#primaryimage","url":"https:\/\/www.burleytools.com\/wp-content\/uploads\/2024\/08\/SKX355D-1.jpg","contentUrl":"https:\/\/www.burleytools.com\/wp-content\/uploads\/2024\/08\/SKX355D-1.jpg","width":1000,"height":1000},{"@type":"BreadcrumbList","@id":"https:\/\/www.burleytools.com\/product\/2600w-electric-14-disc-cutter-circular-saw-concrete-saw-power-angle-cutter-wet-dry-circular-blade-w-guide-roller-kx355d\/#breadcrumb","itemListElement":[{"@type":"ListItem","position":1,"name":"Home","item":"https:\/\/www.burleytools.com\/"},{"@type":"ListItem","position":2,"name":"Products","item":"https:\/\/www.burleytools.com\/products\/"},{"@type":"ListItem","position":3,"name":"2600W Electric 14&quot; Disc Cutter Circular Saw Concrete Saw Power Angle Cutter Wet\/Dry Circular Blade w\/Guide Roller-KX355D"}]},{"@type":"WebSite","@id":"https:\/\/www.burleytools.com\/#website","url":"https:\/\/www.burleytools.com\/","name":"BURLEY","description":"","publisher":{"@id":"https:\/\/www.burleytools.com\/#organization"},"potentialAction":[{"@type":"SearchAction","target":{"@type":"EntryPoint","urlTemplate":"https:\/\/www.burleytools.com\/?s={search_term_string}"},"query-input":"required name=search_term_string"}],"inLanguage":"es"},{"@type":"Organization","@id":"https:\/\/www.burleytools.com\/#organization","name":"BURLEY","url":"https:\/\/www.burleytools.com\/","logo":{"@type":"ImageObject","inLanguage":"es","@id":"https:\/\/www.burleytools.com\/#\/schema\/logo\/image\/","url":"https:\/\/www.burleytools.com\/wp-content\/uploads\/2023\/10\/logo.webp","contentUrl":"https:\/\/www.burleytools.com\/wp-content\/uploads\/2023\/10\/logo.webp","width":165,"height":62,"caption":"BURLEY"},"image":{"@id":"https:\/\/www.burleytools.com\/#\/schema\/logo\/image\/"}}]}},"_links":{"self":[{"href":"https:\/\/www.burleytools.com\/es\/wp-json\/wp\/v2\/product\/717"}],"collection":[{"href":"https:\/\/www.burleytools.com\/es\/wp-json\/wp\/v2\/product"}],"about":[{"href":"https:\/\/www.burleytools.com\/es\/wp-json\/wp\/v2\/types\/product"}],"wp:featuredmedia":[{"embeddable":true,"href":"https:\/\/www.burleytools.com\/es\/wp-json\/wp\/v2\/media\/2745"}],"wp:attachment":[{"href":"https:\/\/www.burleytools.com\/es\/wp-json\/wp\/v2\/media?parent=717"}],"wp:term":[{"taxonomy":"product_cat","embeddable":true,"href":"https:\/\/www.burleytools.com\/es\/wp-json\/wp\/v2\/product_cat?post=717"},{"taxonomy":"product_tag","embeddable":true,"href":"https:\/\/www.burleytools.com\/es\/wp-json\/wp\/v2\/product_tag?post=717"}],"curies":[{"name":"wp","href":"https:\/\/api.w.org\/{rel}","templated":true}]}}