{"id":840,"date":"2024-05-09T07:45:17","date_gmt":"2024-05-09T07:45:17","guid":{"rendered":"https:\/\/www.burleytools.com\/product\/1220w-1400w-electric-mortar-mixer-handheld-concrete-cement-plaster-adjustable-2-level-variable-speed-mixer-machine-with-120mm-140mm-mixing-paddlesteering-wheel-design-r6219s\/"},"modified":"2024-08-20T07:28:45","modified_gmt":"2024-08-20T07:28:45","slug":"1220w-1400w-electric-mortar-mixer-handheld-concrete-cement-plaster-adjustable-2-level-variable-speed-mixer-machine-with-120mm-140mm-mixing-paddlesteering-wheel-design-r6219s","status":"publish","type":"product","link":"https:\/\/www.burleytools.com\/es\/producto\/mezclador-de-mortero-electrico-de-1220-w-y-1400-w-mezclador-de-cemento-y-yeso-de-mano-mezclador-de-velocidad-variable-de-2-niveles-ajustable-con-paleta-de-mezcla-de-120-mm-y-140-mm-diseno-de-volant\/","title":{"rendered":"Mezclador de mortero el\u00e9ctrico de mano de 1220 W\/1400 W para cemento, yeso y hormig\u00f3n, mezclador de velocidad variable y 2 niveles ajustables con paleta mezcladora de 120 mm\/140 mm, dise\u00f1o de volante - R6219S"},"content":{"rendered":"<p>\u25cf Cable de PVC de 2 m H05VV-F 2*1,0 mm2, enchufe VDE<\/p>\n<p>\u25cf Tipo de protecci\u00f3n: Doble aislamiento<\/p>\n<p>\u25cf Clase de protecci\u00f3n: clase II<\/p>\n<p>\u25cf Unidad de 2 engranajes grande y resistente con relaciones \u00f3ptimas para un par potente y una velocidad correcta para diferentes materiales<\/p>","protected":false},"excerpt":{"rendered":"<p>\u25cf El arranque suave evita la pulverizaci\u00f3n descontrolada mientras que el control de velocidad constante garantiza la velocidad constante incluso cuando se cambia la carga de la m\u00e1quina.<\/p>\n<p>\u25cf Mezclador serie P: se aplica para mezclar materiales de diversa viscosidad, especialmente masilla, mortero, resina y pinturas en emulsi\u00f3n.<\/p>\n<p>\u25cf Interruptor electr\u00f3nico para control de velocidad infinitamente variable y transmisi\u00f3n de potencia suave; sin salpicaduras incluso a m\u00e1xima potencia.<\/p>\n<p>\u25cf Los engranajes son capaces de ofrecer un alto rendimiento. Se logra un resultado m\u00e1ximo sin p\u00e9rdida de potencia.<\/p>\n<p>\u25cf <img decoding=\"async\" style=\"width: 180px; height: 27px;\" title=\"4\" src=\"\/wp-content\/uploads\/2024\/05\/1606975649218025.png\" alt=\"4\" width=\"180\" height=\"27\" border=\"0\" vspace=\"0\" \/><\/p>","protected":false},"featured_media":839,"template":"","meta":{"_acf_changed":false,"_mi_skip_tracking":false,"_monsterinsights_sitenote_active":false,"_monsterinsights_sitenote_note":"","_monsterinsights_sitenote_category":0},"product_cat":[35,34],"product_tag":[],"class_list":{"0":"post-840","1":"product","2":"type-product","3":"status-publish","4":"has-post-thumbnail","6":"product_cat-electric-mixer","7":"product_cat-renovation-wallpainting","9":"first","10":"instock","11":"shipping-taxable","12":"product-type-simple"},"acf":[],"yoast_head":"<!-- This site is optimized with the Yoast SEO Premium plugin v21.6 (Yoast SEO v22.3) - https:\/\/yoast.com\/wordpress\/plugins\/seo\/ -->\n<title>1220W\/1400W Electric Mortar Mixer Handheld Concrete Cement Plaster, Adjustable 2 Level\/ \u00a0Variable Speed Mixer Machine With 120Mm\/140Mm Mixing Paddle,Steering Wheel Design-R6219S - BURLEY<\/title>\n<meta name=\"robots\" content=\"index, follow, max-snippet:-1, max-image-preview:large, max-video-preview:-1\" \/>\n<link rel=\"canonical\" href=\"https:\/\/www.burleytools.com\/es\/producto\/mezclador-de-mortero-electrico-de-1220-w-y-1400-w-mezclador-de-cemento-y-yeso-de-mano-mezclador-de-velocidad-variable-de-2-niveles-ajustable-con-paleta-de-mezcla-de-120-mm-y-140-mm-diseno-de-volant\/\" \/>\n<meta property=\"og:locale\" content=\"es_ES\" \/>\n<meta property=\"og:type\" content=\"article\" \/>\n<meta property=\"og:title\" content=\"1220W\/1400W Electric Mortar Mixer Handheld Concrete Cement Plaster, Adjustable 2 Level\/ \u00a0Variable Speed Mixer Machine With 120Mm\/140Mm Mixing Paddle,Steering Wheel Design-R6219S\" \/>\n<meta property=\"og:description\" content=\"\u25cf soft start prevents uncontrolled spraying while constant speed control ensures the constant speed even the machine&#039;s loading is changed.  \u25cf P-serie mixer:applies to various viscosity materials mixing,especially in putty,mortar,resin,and emulsion paints.  \u25cf Electronic switch for infinitely variable speed control and smooth power transmission;No splashing even at full power.  \u25cf The gears are capable of high performance. A maximum resukt without loss of power is achieved.  \u25cf\" \/>\n<meta property=\"og:url\" content=\"https:\/\/www.burleytools.com\/es\/producto\/mezclador-de-mortero-electrico-de-1220-w-y-1400-w-mezclador-de-cemento-y-yeso-de-mano-mezclador-de-velocidad-variable-de-2-niveles-ajustable-con-paleta-de-mezcla-de-120-mm-y-140-mm-diseno-de-volant\/\" \/>\n<meta property=\"og:site_name\" content=\"BURLEY\" \/>\n<meta property=\"article:modified_time\" content=\"2024-08-20T07:28:45+00:00\" \/>\n<meta property=\"og:image\" content=\"https:\/\/www.burleytools.com\/wp-content\/uploads\/2024\/05\/1607044911195798-1.jpg\" \/>\n\t<meta property=\"og:image:width\" content=\"700\" \/>\n\t<meta property=\"og:image:height\" content=\"700\" \/>\n\t<meta property=\"og:image:type\" content=\"image\/jpeg\" \/>\n<meta name=\"twitter:card\" content=\"summary_large_image\" \/>\n<meta name=\"twitter:label1\" content=\"Tiempo de lectura\" \/>\n\t<meta name=\"twitter:data1\" content=\"1 minuto\" \/>\n<script type=\"application\/ld+json\" class=\"yoast-schema-graph\">{\"@context\":\"https:\/\/schema.org\",\"@graph\":[{\"@type\":\"WebPage\",\"@id\":\"https:\/\/www.burleytools.com\/product\/1220w-1400w-electric-mortar-mixer-handheld-concrete-cement-plaster-adjustable-2-level-variable-speed-mixer-machine-with-120mm-140mm-mixing-paddlesteering-wheel-design-r6219s\/\",\"url\":\"https:\/\/www.burleytools.com\/product\/1220w-1400w-electric-mortar-mixer-handheld-concrete-cement-plaster-adjustable-2-level-variable-speed-mixer-machine-with-120mm-140mm-mixing-paddlesteering-wheel-design-r6219s\/\",\"name\":\"1220W\/1400W Electric Mortar Mixer Handheld Concrete Cement Plaster, Adjustable 2 Level\/ \u00a0Variable Speed Mixer Machine With 120Mm\/140Mm Mixing Paddle,Steering Wheel Design-R6219S - BURLEY\",\"isPartOf\":{\"@id\":\"https:\/\/www.burleytools.com\/#website\"},\"primaryImageOfPage\":{\"@id\":\"https:\/\/www.burleytools.com\/product\/1220w-1400w-electric-mortar-mixer-handheld-concrete-cement-plaster-adjustable-2-level-variable-speed-mixer-machine-with-120mm-140mm-mixing-paddlesteering-wheel-design-r6219s\/#primaryimage\"},\"image\":{\"@id\":\"https:\/\/www.burleytools.com\/product\/1220w-1400w-electric-mortar-mixer-handheld-concrete-cement-plaster-adjustable-2-level-variable-speed-mixer-machine-with-120mm-140mm-mixing-paddlesteering-wheel-design-r6219s\/#primaryimage\"},\"thumbnailUrl\":\"https:\/\/www.burleytools.com\/wp-content\/uploads\/2024\/05\/1607044911195798-1.jpg\",\"datePublished\":\"2024-05-09T07:45:17+00:00\",\"dateModified\":\"2024-08-20T07:28:45+00:00\",\"breadcrumb\":{\"@id\":\"https:\/\/www.burleytools.com\/product\/1220w-1400w-electric-mortar-mixer-handheld-concrete-cement-plaster-adjustable-2-level-variable-speed-mixer-machine-with-120mm-140mm-mixing-paddlesteering-wheel-design-r6219s\/#breadcrumb\"},\"inLanguage\":\"es\",\"potentialAction\":[{\"@type\":\"ReadAction\",\"target\":[\"https:\/\/www.burleytools.com\/product\/1220w-1400w-electric-mortar-mixer-handheld-concrete-cement-plaster-adjustable-2-level-variable-speed-mixer-machine-with-120mm-140mm-mixing-paddlesteering-wheel-design-r6219s\/\"]}]},{\"@type\":\"ImageObject\",\"inLanguage\":\"es\",\"@id\":\"https:\/\/www.burleytools.com\/product\/1220w-1400w-electric-mortar-mixer-handheld-concrete-cement-plaster-adjustable-2-level-variable-speed-mixer-machine-with-120mm-140mm-mixing-paddlesteering-wheel-design-r6219s\/#primaryimage\",\"url\":\"https:\/\/www.burleytools.com\/wp-content\/uploads\/2024\/05\/1607044911195798-1.jpg\",\"contentUrl\":\"https:\/\/www.burleytools.com\/wp-content\/uploads\/2024\/05\/1607044911195798-1.jpg\",\"width\":700,\"height\":700},{\"@type\":\"BreadcrumbList\",\"@id\":\"https:\/\/www.burleytools.com\/product\/1220w-1400w-electric-mortar-mixer-handheld-concrete-cement-plaster-adjustable-2-level-variable-speed-mixer-machine-with-120mm-140mm-mixing-paddlesteering-wheel-design-r6219s\/#breadcrumb\",\"itemListElement\":[{\"@type\":\"ListItem\",\"position\":1,\"name\":\"Home\",\"item\":\"https:\/\/www.burleytools.com\/\"},{\"@type\":\"ListItem\",\"position\":2,\"name\":\"Products\",\"item\":\"https:\/\/www.burleytools.com\/products\/\"},{\"@type\":\"ListItem\",\"position\":3,\"name\":\"1220W\/1400W Electric Mortar Mixer Handheld Concrete Cement Plaster, Adjustable 2 Level\/ \u00a0Variable Speed Mixer Machine With 120Mm\/140Mm Mixing Paddle,Steering Wheel Design-R6219S\"}]},{\"@type\":\"WebSite\",\"@id\":\"https:\/\/www.burleytools.com\/#website\",\"url\":\"https:\/\/www.burleytools.com\/\",\"name\":\"BURLEY\",\"description\":\"\",\"publisher\":{\"@id\":\"https:\/\/www.burleytools.com\/#organization\"},\"potentialAction\":[{\"@type\":\"SearchAction\",\"target\":{\"@type\":\"EntryPoint\",\"urlTemplate\":\"https:\/\/www.burleytools.com\/?s={search_term_string}\"},\"query-input\":\"required name=search_term_string\"}],\"inLanguage\":\"es\"},{\"@type\":\"Organization\",\"@id\":\"https:\/\/www.burleytools.com\/#organization\",\"name\":\"BURLEY\",\"url\":\"https:\/\/www.burleytools.com\/\",\"logo\":{\"@type\":\"ImageObject\",\"inLanguage\":\"es\",\"@id\":\"https:\/\/www.burleytools.com\/#\/schema\/logo\/image\/\",\"url\":\"https:\/\/www.burleytools.com\/wp-content\/uploads\/2023\/10\/logo.webp\",\"contentUrl\":\"https:\/\/www.burleytools.com\/wp-content\/uploads\/2023\/10\/logo.webp\",\"width\":165,\"height\":62,\"caption\":\"BURLEY\"},\"image\":{\"@id\":\"https:\/\/www.burleytools.com\/#\/schema\/logo\/image\/\"}}]}<\/script>\n<!-- \/ Yoast SEO Premium plugin. -->","yoast_head_json":{"title":"1220W\/1400W Electric Mortar Mixer Handheld Concrete Cement Plaster, Adjustable 2 Level\/ \u00a0Variable Speed Mixer Machine With 120Mm\/140Mm Mixing Paddle,Steering Wheel Design-R6219S - BURLEY","robots":{"index":"index","follow":"follow","max-snippet":"max-snippet:-1","max-image-preview":"max-image-preview:large","max-video-preview":"max-video-preview:-1"},"canonical":"https:\/\/www.burleytools.com\/es\/producto\/mezclador-de-mortero-electrico-de-1220-w-y-1400-w-mezclador-de-cemento-y-yeso-de-mano-mezclador-de-velocidad-variable-de-2-niveles-ajustable-con-paleta-de-mezcla-de-120-mm-y-140-mm-diseno-de-volant\/","og_locale":"es_ES","og_type":"article","og_title":"1220W\/1400W Electric Mortar Mixer Handheld Concrete Cement Plaster, Adjustable 2 Level\/ \u00a0Variable Speed Mixer Machine With 120Mm\/140Mm Mixing Paddle,Steering Wheel Design-R6219S","og_description":"\u25cf soft start prevents uncontrolled spraying while constant speed control ensures the constant speed even the machine's loading is changed.  \u25cf P-serie mixer:applies to various viscosity materials mixing,especially in putty,mortar,resin,and emulsion paints.  \u25cf Electronic switch for infinitely variable speed control and smooth power transmission;No splashing even at full power.  \u25cf The gears are capable of high performance. A maximum resukt without loss of power is achieved.  \u25cf","og_url":"https:\/\/www.burleytools.com\/es\/producto\/mezclador-de-mortero-electrico-de-1220-w-y-1400-w-mezclador-de-cemento-y-yeso-de-mano-mezclador-de-velocidad-variable-de-2-niveles-ajustable-con-paleta-de-mezcla-de-120-mm-y-140-mm-diseno-de-volant\/","og_site_name":"BURLEY","article_modified_time":"2024-08-20T07:28:45+00:00","og_image":[{"width":700,"height":700,"url":"https:\/\/www.burleytools.com\/wp-content\/uploads\/2024\/05\/1607044911195798-1.jpg","type":"image\/jpeg"}],"twitter_card":"summary_large_image","twitter_misc":{"Tiempo de lectura":"1 minuto"},"schema":{"@context":"https:\/\/schema.org","@graph":[{"@type":"WebPage","@id":"https:\/\/www.burleytools.com\/product\/1220w-1400w-electric-mortar-mixer-handheld-concrete-cement-plaster-adjustable-2-level-variable-speed-mixer-machine-with-120mm-140mm-mixing-paddlesteering-wheel-design-r6219s\/","url":"https:\/\/www.burleytools.com\/product\/1220w-1400w-electric-mortar-mixer-handheld-concrete-cement-plaster-adjustable-2-level-variable-speed-mixer-machine-with-120mm-140mm-mixing-paddlesteering-wheel-design-r6219s\/","name":"1220W\/1400W Electric Mortar Mixer Handheld Concrete Cement Plaster, Adjustable 2 Level\/ \u00a0Variable Speed Mixer Machine With 120Mm\/140Mm Mixing Paddle,Steering Wheel Design-R6219S - BURLEY","isPartOf":{"@id":"https:\/\/www.burleytools.com\/#website"},"primaryImageOfPage":{"@id":"https:\/\/www.burleytools.com\/product\/1220w-1400w-electric-mortar-mixer-handheld-concrete-cement-plaster-adjustable-2-level-variable-speed-mixer-machine-with-120mm-140mm-mixing-paddlesteering-wheel-design-r6219s\/#primaryimage"},"image":{"@id":"https:\/\/www.burleytools.com\/product\/1220w-1400w-electric-mortar-mixer-handheld-concrete-cement-plaster-adjustable-2-level-variable-speed-mixer-machine-with-120mm-140mm-mixing-paddlesteering-wheel-design-r6219s\/#primaryimage"},"thumbnailUrl":"https:\/\/www.burleytools.com\/wp-content\/uploads\/2024\/05\/1607044911195798-1.jpg","datePublished":"2024-05-09T07:45:17+00:00","dateModified":"2024-08-20T07:28:45+00:00","breadcrumb":{"@id":"https:\/\/www.burleytools.com\/product\/1220w-1400w-electric-mortar-mixer-handheld-concrete-cement-plaster-adjustable-2-level-variable-speed-mixer-machine-with-120mm-140mm-mixing-paddlesteering-wheel-design-r6219s\/#breadcrumb"},"inLanguage":"es","potentialAction":[{"@type":"ReadAction","target":["https:\/\/www.burleytools.com\/product\/1220w-1400w-electric-mortar-mixer-handheld-concrete-cement-plaster-adjustable-2-level-variable-speed-mixer-machine-with-120mm-140mm-mixing-paddlesteering-wheel-design-r6219s\/"]}]},{"@type":"ImageObject","inLanguage":"es","@id":"https:\/\/www.burleytools.com\/product\/1220w-1400w-electric-mortar-mixer-handheld-concrete-cement-plaster-adjustable-2-level-variable-speed-mixer-machine-with-120mm-140mm-mixing-paddlesteering-wheel-design-r6219s\/#primaryimage","url":"https:\/\/www.burleytools.com\/wp-content\/uploads\/2024\/05\/1607044911195798-1.jpg","contentUrl":"https:\/\/www.burleytools.com\/wp-content\/uploads\/2024\/05\/1607044911195798-1.jpg","width":700,"height":700},{"@type":"BreadcrumbList","@id":"https:\/\/www.burleytools.com\/product\/1220w-1400w-electric-mortar-mixer-handheld-concrete-cement-plaster-adjustable-2-level-variable-speed-mixer-machine-with-120mm-140mm-mixing-paddlesteering-wheel-design-r6219s\/#breadcrumb","itemListElement":[{"@type":"ListItem","position":1,"name":"Home","item":"https:\/\/www.burleytools.com\/"},{"@type":"ListItem","position":2,"name":"Products","item":"https:\/\/www.burleytools.com\/products\/"},{"@type":"ListItem","position":3,"name":"1220W\/1400W Electric Mortar Mixer Handheld Concrete Cement Plaster, Adjustable 2 Level\/ \u00a0Variable Speed Mixer Machine With 120Mm\/140Mm Mixing Paddle,Steering Wheel Design-R6219S"}]},{"@type":"WebSite","@id":"https:\/\/www.burleytools.com\/#website","url":"https:\/\/www.burleytools.com\/","name":"BURLEY","description":"","publisher":{"@id":"https:\/\/www.burleytools.com\/#organization"},"potentialAction":[{"@type":"SearchAction","target":{"@type":"EntryPoint","urlTemplate":"https:\/\/www.burleytools.com\/?s={search_term_string}"},"query-input":"required name=search_term_string"}],"inLanguage":"es"},{"@type":"Organization","@id":"https:\/\/www.burleytools.com\/#organization","name":"BURLEY","url":"https:\/\/www.burleytools.com\/","logo":{"@type":"ImageObject","inLanguage":"es","@id":"https:\/\/www.burleytools.com\/#\/schema\/logo\/image\/","url":"https:\/\/www.burleytools.com\/wp-content\/uploads\/2023\/10\/logo.webp","contentUrl":"https:\/\/www.burleytools.com\/wp-content\/uploads\/2023\/10\/logo.webp","width":165,"height":62,"caption":"BURLEY"},"image":{"@id":"https:\/\/www.burleytools.com\/#\/schema\/logo\/image\/"}}]}},"_links":{"self":[{"href":"https:\/\/www.burleytools.com\/es\/wp-json\/wp\/v2\/product\/840"}],"collection":[{"href":"https:\/\/www.burleytools.com\/es\/wp-json\/wp\/v2\/product"}],"about":[{"href":"https:\/\/www.burleytools.com\/es\/wp-json\/wp\/v2\/types\/product"}],"wp:featuredmedia":[{"embeddable":true,"href":"https:\/\/www.burleytools.com\/es\/wp-json\/wp\/v2\/media\/839"}],"wp:attachment":[{"href":"https:\/\/www.burleytools.com\/es\/wp-json\/wp\/v2\/media?parent=840"}],"wp:term":[{"taxonomy":"product_cat","embeddable":true,"href":"https:\/\/www.burleytools.com\/es\/wp-json\/wp\/v2\/product_cat?post=840"},{"taxonomy":"product_tag","embeddable":true,"href":"https:\/\/www.burleytools.com\/es\/wp-json\/wp\/v2\/product_tag?post=840"}],"curies":[{"name":"wp","href":"https:\/\/api.w.org\/{rel}","templated":true}]}}