{"id":964,"date":"2024-05-09T07:45:54","date_gmt":"2024-05-09T07:45:54","guid":{"rendered":"https:\/\/www.burleytools.com\/product\/750w-electric-drywall-sander-with-automatic-vacuum-dust-collection-system-2-strips-led-lights-6-pcs-sanding-discs-and-a-dust-bag-detachable-handle-6-variable-speeds-r7503\/"},"modified":"2024-08-20T07:28:56","modified_gmt":"2024-08-20T07:28:56","slug":"750w-electric-drywall-sander-with-automatic-vacuum-dust-collection-system-2-strips-led-lights-6-pcs-sanding-discs-and-a-dust-bag-detachable-handle-6-variable-speeds-r7503","status":"publish","type":"product","link":"https:\/\/www.burleytools.com\/es\/producto\/lijadora-electrica-para-paneles-de-yeso-de-750-w-con-sistema-automatico-de-recoleccion-de-polvo-por-aspiracion-2-tiras-de-luces-led-6-discos-de-lijado-y-una-bolsa-para-polvo-mango-desmontable-6-ve\/","title":{"rendered":"Lijadora el\u00e9ctrica para paneles de yeso de 750 W con sistema autom\u00e1tico de recolecci\u00f3n de polvo por aspiraci\u00f3n, 2 tiras de luces LED, 6 discos de lijado y una bolsa para polvo, mango desmontable, 6 velocidades variables - R7503"},"content":{"rendered":"<p>\u25cf Agarre suave en el mango para un uso c\u00f3modo.<\/p>\n<p>\u25cf Extrae el polvo por s\u00ed solo, no se necesita aspiraci\u00f3n.<\/p>\n<p>\u25cf Puede aspirarse en la pared, ahorrando energ\u00eda durante el funcionamiento.<\/p>\n<p>\u25cf La cubierta de la almohadilla de lijado es ajustable.<\/p>\n<p>\u25cf Velocidad variable: 1500-2700 rpm<\/p>\n<p>\u25cf Cuerpo peque\u00f1o para f\u00e1cil transporte.<\/p>","protected":false},"excerpt":{"rendered":"<p>\u25cf Funci\u00f3n antipolvo<\/p>\n<p>\u25cf Cubierta desmontable para facilitar la limpieza del polvo.<\/p>\n<p>\u25cf Luces LED de 10 W que rodean la almohadilla con una distancia de 3 cm de la superficie de trabajo para iluminar los puntos ahuecados y elevados de la pared.<\/p>\n<p>\u25cf <img decoding=\"async\" style=\"width: 180px; height: 27px;\" title=\"4\" src=\"\/wp-content\/uploads\/2024\/05\/1606975649218025.png\" alt=\"4\" width=\"180\" height=\"27\" border=\"0\" vspace=\"0\" \/><\/p>","protected":false},"featured_media":963,"template":"","meta":{"_acf_changed":false,"_mi_skip_tracking":false,"_monsterinsights_sitenote_active":false,"_monsterinsights_sitenote_note":"","_monsterinsights_sitenote_category":0},"product_cat":[37,34],"product_tag":[],"class_list":{"0":"post-964","1":"product","2":"type-product","3":"status-publish","4":"has-post-thumbnail","6":"product_cat-drywall-sander","7":"product_cat-renovation-wallpainting","9":"first","10":"instock","11":"shipping-taxable","12":"product-type-simple"},"acf":[],"yoast_head":"<!-- This site is optimized with the Yoast SEO Premium plugin v21.6 (Yoast SEO v22.3) - https:\/\/yoast.com\/wordpress\/plugins\/seo\/ -->\n<title>750W Electric Drywall Sander With Automatic Vacuum Dust Collection System, 2 strips LED Lights, 6 Pcs Sanding Discs and a Dust Bag, Detachable Handle, 6 Variable Speeds-R7503 - BURLEY<\/title>\n<meta name=\"robots\" content=\"index, follow, max-snippet:-1, max-image-preview:large, max-video-preview:-1\" \/>\n<link rel=\"canonical\" href=\"https:\/\/www.burleytools.com\/es\/producto\/lijadora-electrica-para-paneles-de-yeso-de-750-w-con-sistema-automatico-de-recoleccion-de-polvo-por-aspiracion-2-tiras-de-luces-led-6-discos-de-lijado-y-una-bolsa-para-polvo-mango-desmontable-6-ve\/\" \/>\n<meta property=\"og:locale\" content=\"es_ES\" \/>\n<meta property=\"og:type\" content=\"article\" \/>\n<meta property=\"og:title\" content=\"750W Electric Drywall Sander With Automatic Vacuum Dust Collection System, 2 strips LED Lights, 6 Pcs Sanding Discs and a Dust Bag, Detachable Handle, 6 Variable Speeds-R7503\" \/>\n<meta property=\"og:description\" content=\"\u25cf Anti-dust function  \u25cf Detachable cover for easy dust cleaning.  \u25cf 10W LED lights surrounding the pad with 3cm distance to the working surface to lighten the cupped and raised spots on the wall.  \u25cf\" \/>\n<meta property=\"og:url\" content=\"https:\/\/www.burleytools.com\/es\/producto\/lijadora-electrica-para-paneles-de-yeso-de-750-w-con-sistema-automatico-de-recoleccion-de-polvo-por-aspiracion-2-tiras-de-luces-led-6-discos-de-lijado-y-una-bolsa-para-polvo-mango-desmontable-6-ve\/\" \/>\n<meta property=\"og:site_name\" content=\"BURLEY\" \/>\n<meta property=\"article:modified_time\" content=\"2024-08-20T07:28:56+00:00\" \/>\n<meta property=\"og:image\" content=\"https:\/\/www.burleytools.com\/wp-content\/uploads\/2024\/05\/1607476765609064-1.jpg\" \/>\n\t<meta property=\"og:image:width\" content=\"700\" \/>\n\t<meta property=\"og:image:height\" content=\"700\" \/>\n\t<meta property=\"og:image:type\" content=\"image\/jpeg\" \/>\n<meta name=\"twitter:card\" content=\"summary_large_image\" \/>\n<meta name=\"twitter:label1\" content=\"Tiempo de lectura\" \/>\n\t<meta name=\"twitter:data1\" content=\"1 minuto\" \/>\n<script type=\"application\/ld+json\" class=\"yoast-schema-graph\">{\"@context\":\"https:\/\/schema.org\",\"@graph\":[{\"@type\":\"WebPage\",\"@id\":\"https:\/\/www.burleytools.com\/product\/750w-electric-drywall-sander-with-automatic-vacuum-dust-collection-system-2-strips-led-lights-6-pcs-sanding-discs-and-a-dust-bag-detachable-handle-6-variable-speeds-r7503\/\",\"url\":\"https:\/\/www.burleytools.com\/product\/750w-electric-drywall-sander-with-automatic-vacuum-dust-collection-system-2-strips-led-lights-6-pcs-sanding-discs-and-a-dust-bag-detachable-handle-6-variable-speeds-r7503\/\",\"name\":\"750W Electric Drywall Sander With Automatic Vacuum Dust Collection System, 2 strips LED Lights, 6 Pcs Sanding Discs and a Dust Bag, Detachable Handle, 6 Variable Speeds-R7503 - BURLEY\",\"isPartOf\":{\"@id\":\"https:\/\/www.burleytools.com\/#website\"},\"primaryImageOfPage\":{\"@id\":\"https:\/\/www.burleytools.com\/product\/750w-electric-drywall-sander-with-automatic-vacuum-dust-collection-system-2-strips-led-lights-6-pcs-sanding-discs-and-a-dust-bag-detachable-handle-6-variable-speeds-r7503\/#primaryimage\"},\"image\":{\"@id\":\"https:\/\/www.burleytools.com\/product\/750w-electric-drywall-sander-with-automatic-vacuum-dust-collection-system-2-strips-led-lights-6-pcs-sanding-discs-and-a-dust-bag-detachable-handle-6-variable-speeds-r7503\/#primaryimage\"},\"thumbnailUrl\":\"https:\/\/www.burleytools.com\/wp-content\/uploads\/2024\/05\/1607476765609064-1.jpg\",\"datePublished\":\"2024-05-09T07:45:54+00:00\",\"dateModified\":\"2024-08-20T07:28:56+00:00\",\"breadcrumb\":{\"@id\":\"https:\/\/www.burleytools.com\/product\/750w-electric-drywall-sander-with-automatic-vacuum-dust-collection-system-2-strips-led-lights-6-pcs-sanding-discs-and-a-dust-bag-detachable-handle-6-variable-speeds-r7503\/#breadcrumb\"},\"inLanguage\":\"es\",\"potentialAction\":[{\"@type\":\"ReadAction\",\"target\":[\"https:\/\/www.burleytools.com\/product\/750w-electric-drywall-sander-with-automatic-vacuum-dust-collection-system-2-strips-led-lights-6-pcs-sanding-discs-and-a-dust-bag-detachable-handle-6-variable-speeds-r7503\/\"]}]},{\"@type\":\"ImageObject\",\"inLanguage\":\"es\",\"@id\":\"https:\/\/www.burleytools.com\/product\/750w-electric-drywall-sander-with-automatic-vacuum-dust-collection-system-2-strips-led-lights-6-pcs-sanding-discs-and-a-dust-bag-detachable-handle-6-variable-speeds-r7503\/#primaryimage\",\"url\":\"https:\/\/www.burleytools.com\/wp-content\/uploads\/2024\/05\/1607476765609064-1.jpg\",\"contentUrl\":\"https:\/\/www.burleytools.com\/wp-content\/uploads\/2024\/05\/1607476765609064-1.jpg\",\"width\":700,\"height\":700},{\"@type\":\"BreadcrumbList\",\"@id\":\"https:\/\/www.burleytools.com\/product\/750w-electric-drywall-sander-with-automatic-vacuum-dust-collection-system-2-strips-led-lights-6-pcs-sanding-discs-and-a-dust-bag-detachable-handle-6-variable-speeds-r7503\/#breadcrumb\",\"itemListElement\":[{\"@type\":\"ListItem\",\"position\":1,\"name\":\"Home\",\"item\":\"https:\/\/www.burleytools.com\/\"},{\"@type\":\"ListItem\",\"position\":2,\"name\":\"Products\",\"item\":\"https:\/\/www.burleytools.com\/products\/\"},{\"@type\":\"ListItem\",\"position\":3,\"name\":\"750W Electric Drywall Sander With Automatic Vacuum Dust Collection System, 2 strips LED Lights, 6 Pcs Sanding Discs and a Dust Bag, Detachable Handle, 6 Variable Speeds-R7503\"}]},{\"@type\":\"WebSite\",\"@id\":\"https:\/\/www.burleytools.com\/#website\",\"url\":\"https:\/\/www.burleytools.com\/\",\"name\":\"BURLEY\",\"description\":\"\",\"publisher\":{\"@id\":\"https:\/\/www.burleytools.com\/#organization\"},\"potentialAction\":[{\"@type\":\"SearchAction\",\"target\":{\"@type\":\"EntryPoint\",\"urlTemplate\":\"https:\/\/www.burleytools.com\/?s={search_term_string}\"},\"query-input\":\"required name=search_term_string\"}],\"inLanguage\":\"es\"},{\"@type\":\"Organization\",\"@id\":\"https:\/\/www.burleytools.com\/#organization\",\"name\":\"BURLEY\",\"url\":\"https:\/\/www.burleytools.com\/\",\"logo\":{\"@type\":\"ImageObject\",\"inLanguage\":\"es\",\"@id\":\"https:\/\/www.burleytools.com\/#\/schema\/logo\/image\/\",\"url\":\"https:\/\/www.burleytools.com\/wp-content\/uploads\/2023\/10\/logo.webp\",\"contentUrl\":\"https:\/\/www.burleytools.com\/wp-content\/uploads\/2023\/10\/logo.webp\",\"width\":165,\"height\":62,\"caption\":\"BURLEY\"},\"image\":{\"@id\":\"https:\/\/www.burleytools.com\/#\/schema\/logo\/image\/\"}}]}<\/script>\n<!-- \/ Yoast SEO Premium plugin. -->","yoast_head_json":{"title":"750W Electric Drywall Sander With Automatic Vacuum Dust Collection System, 2 strips LED Lights, 6 Pcs Sanding Discs and a Dust Bag, Detachable Handle, 6 Variable Speeds-R7503 - BURLEY","robots":{"index":"index","follow":"follow","max-snippet":"max-snippet:-1","max-image-preview":"max-image-preview:large","max-video-preview":"max-video-preview:-1"},"canonical":"https:\/\/www.burleytools.com\/es\/producto\/lijadora-electrica-para-paneles-de-yeso-de-750-w-con-sistema-automatico-de-recoleccion-de-polvo-por-aspiracion-2-tiras-de-luces-led-6-discos-de-lijado-y-una-bolsa-para-polvo-mango-desmontable-6-ve\/","og_locale":"es_ES","og_type":"article","og_title":"750W Electric Drywall Sander With Automatic Vacuum Dust Collection System, 2 strips LED Lights, 6 Pcs Sanding Discs and a Dust Bag, Detachable Handle, 6 Variable Speeds-R7503","og_description":"\u25cf Anti-dust function  \u25cf Detachable cover for easy dust cleaning.  \u25cf 10W LED lights surrounding the pad with 3cm distance to the working surface to lighten the cupped and raised spots on the wall.  \u25cf","og_url":"https:\/\/www.burleytools.com\/es\/producto\/lijadora-electrica-para-paneles-de-yeso-de-750-w-con-sistema-automatico-de-recoleccion-de-polvo-por-aspiracion-2-tiras-de-luces-led-6-discos-de-lijado-y-una-bolsa-para-polvo-mango-desmontable-6-ve\/","og_site_name":"BURLEY","article_modified_time":"2024-08-20T07:28:56+00:00","og_image":[{"width":700,"height":700,"url":"https:\/\/www.burleytools.com\/wp-content\/uploads\/2024\/05\/1607476765609064-1.jpg","type":"image\/jpeg"}],"twitter_card":"summary_large_image","twitter_misc":{"Tiempo de lectura":"1 minuto"},"schema":{"@context":"https:\/\/schema.org","@graph":[{"@type":"WebPage","@id":"https:\/\/www.burleytools.com\/product\/750w-electric-drywall-sander-with-automatic-vacuum-dust-collection-system-2-strips-led-lights-6-pcs-sanding-discs-and-a-dust-bag-detachable-handle-6-variable-speeds-r7503\/","url":"https:\/\/www.burleytools.com\/product\/750w-electric-drywall-sander-with-automatic-vacuum-dust-collection-system-2-strips-led-lights-6-pcs-sanding-discs-and-a-dust-bag-detachable-handle-6-variable-speeds-r7503\/","name":"750W Electric Drywall Sander With Automatic Vacuum Dust Collection System, 2 strips LED Lights, 6 Pcs Sanding Discs and a Dust Bag, Detachable Handle, 6 Variable Speeds-R7503 - BURLEY","isPartOf":{"@id":"https:\/\/www.burleytools.com\/#website"},"primaryImageOfPage":{"@id":"https:\/\/www.burleytools.com\/product\/750w-electric-drywall-sander-with-automatic-vacuum-dust-collection-system-2-strips-led-lights-6-pcs-sanding-discs-and-a-dust-bag-detachable-handle-6-variable-speeds-r7503\/#primaryimage"},"image":{"@id":"https:\/\/www.burleytools.com\/product\/750w-electric-drywall-sander-with-automatic-vacuum-dust-collection-system-2-strips-led-lights-6-pcs-sanding-discs-and-a-dust-bag-detachable-handle-6-variable-speeds-r7503\/#primaryimage"},"thumbnailUrl":"https:\/\/www.burleytools.com\/wp-content\/uploads\/2024\/05\/1607476765609064-1.jpg","datePublished":"2024-05-09T07:45:54+00:00","dateModified":"2024-08-20T07:28:56+00:00","breadcrumb":{"@id":"https:\/\/www.burleytools.com\/product\/750w-electric-drywall-sander-with-automatic-vacuum-dust-collection-system-2-strips-led-lights-6-pcs-sanding-discs-and-a-dust-bag-detachable-handle-6-variable-speeds-r7503\/#breadcrumb"},"inLanguage":"es","potentialAction":[{"@type":"ReadAction","target":["https:\/\/www.burleytools.com\/product\/750w-electric-drywall-sander-with-automatic-vacuum-dust-collection-system-2-strips-led-lights-6-pcs-sanding-discs-and-a-dust-bag-detachable-handle-6-variable-speeds-r7503\/"]}]},{"@type":"ImageObject","inLanguage":"es","@id":"https:\/\/www.burleytools.com\/product\/750w-electric-drywall-sander-with-automatic-vacuum-dust-collection-system-2-strips-led-lights-6-pcs-sanding-discs-and-a-dust-bag-detachable-handle-6-variable-speeds-r7503\/#primaryimage","url":"https:\/\/www.burleytools.com\/wp-content\/uploads\/2024\/05\/1607476765609064-1.jpg","contentUrl":"https:\/\/www.burleytools.com\/wp-content\/uploads\/2024\/05\/1607476765609064-1.jpg","width":700,"height":700},{"@type":"BreadcrumbList","@id":"https:\/\/www.burleytools.com\/product\/750w-electric-drywall-sander-with-automatic-vacuum-dust-collection-system-2-strips-led-lights-6-pcs-sanding-discs-and-a-dust-bag-detachable-handle-6-variable-speeds-r7503\/#breadcrumb","itemListElement":[{"@type":"ListItem","position":1,"name":"Home","item":"https:\/\/www.burleytools.com\/"},{"@type":"ListItem","position":2,"name":"Products","item":"https:\/\/www.burleytools.com\/products\/"},{"@type":"ListItem","position":3,"name":"750W Electric Drywall Sander With Automatic Vacuum Dust Collection System, 2 strips LED Lights, 6 Pcs Sanding Discs and a Dust Bag, Detachable Handle, 6 Variable Speeds-R7503"}]},{"@type":"WebSite","@id":"https:\/\/www.burleytools.com\/#website","url":"https:\/\/www.burleytools.com\/","name":"BURLEY","description":"","publisher":{"@id":"https:\/\/www.burleytools.com\/#organization"},"potentialAction":[{"@type":"SearchAction","target":{"@type":"EntryPoint","urlTemplate":"https:\/\/www.burleytools.com\/?s={search_term_string}"},"query-input":"required name=search_term_string"}],"inLanguage":"es"},{"@type":"Organization","@id":"https:\/\/www.burleytools.com\/#organization","name":"BURLEY","url":"https:\/\/www.burleytools.com\/","logo":{"@type":"ImageObject","inLanguage":"es","@id":"https:\/\/www.burleytools.com\/#\/schema\/logo\/image\/","url":"https:\/\/www.burleytools.com\/wp-content\/uploads\/2023\/10\/logo.webp","contentUrl":"https:\/\/www.burleytools.com\/wp-content\/uploads\/2023\/10\/logo.webp","width":165,"height":62,"caption":"BURLEY"},"image":{"@id":"https:\/\/www.burleytools.com\/#\/schema\/logo\/image\/"}}]}},"_links":{"self":[{"href":"https:\/\/www.burleytools.com\/es\/wp-json\/wp\/v2\/product\/964"}],"collection":[{"href":"https:\/\/www.burleytools.com\/es\/wp-json\/wp\/v2\/product"}],"about":[{"href":"https:\/\/www.burleytools.com\/es\/wp-json\/wp\/v2\/types\/product"}],"wp:featuredmedia":[{"embeddable":true,"href":"https:\/\/www.burleytools.com\/es\/wp-json\/wp\/v2\/media\/963"}],"wp:attachment":[{"href":"https:\/\/www.burleytools.com\/es\/wp-json\/wp\/v2\/media?parent=964"}],"wp:term":[{"taxonomy":"product_cat","embeddable":true,"href":"https:\/\/www.burleytools.com\/es\/wp-json\/wp\/v2\/product_cat?post=964"},{"taxonomy":"product_tag","embeddable":true,"href":"https:\/\/www.burleytools.com\/es\/wp-json\/wp\/v2\/product_tag?post=964"}],"curies":[{"name":"wp","href":"https:\/\/api.w.org\/{rel}","templated":true}]}}