{"id":976,"date":"2024-05-09T07:45:57","date_gmt":"2024-05-09T07:45:57","guid":{"rendered":"https:\/\/www.burleytools.com\/product\/750w-electric-drywall-sander-with-automatic-vacuum-dust-collection-system-6-pcs-sanding-discs-and-a-dust-bag-detachable-handle-6-variable-speeds-r7241-w\/"},"modified":"2024-08-20T07:28:57","modified_gmt":"2024-08-20T07:28:57","slug":"750w-electric-drywall-sander-with-automatic-vacuum-dust-collection-system-6-pcs-sanding-discs-and-a-dust-bag-detachable-handle-6-variable-speeds-r7241-w","status":"publish","type":"product","link":"https:\/\/www.burleytools.com\/es\/producto\/lijadora-electrica-para-paneles-de-yeso-de-750-w-con-sistema-automatico-de-recoleccion-de-polvo-por-aspiracion-6-discos-de-lijado-y-una-bolsa-para-polvo-mango-desmontable-6-velocidades-variables-r\/","title":{"rendered":"Lijadora el\u00e9ctrica para paneles de yeso de 750 W con sistema autom\u00e1tico de recolecci\u00f3n de polvo por aspiraci\u00f3n, 6 discos de lijado y bolsa para polvo, mango desmontable, 6 velocidades variables - R7241-W"},"content":{"rendered":"<p>\u25cf El dise\u00f1o ergon\u00f3mico con agarre suave proporciona una operaci\u00f3n c\u00f3moda.<\/p>\n<p>\u25cf Autoaspiraci\u00f3n, con sistema de extracci\u00f3n de polvo, no se requiere aspiradora, lo que hace que toda la operaci\u00f3n de lijado sea extremadamente conveniente.<\/p>\n<p>\u25cf Separaci\u00f3n con refrigeraci\u00f3n del motor y extracci\u00f3n de polvo.<\/p>\n<p>\u25cf Almohadilla de lijado flexible para una operaci\u00f3n conveniente en diferentes condiciones de pared.<\/p>\n<p>\u25cf La gran superficie de la almohadilla de lijado garantiza un trabajo eficiente.<\/p>\n<p>\u25cf El tama\u00f1o m\u00e1s peque\u00f1o de esta serie, f\u00e1cil manejo. \u00datil en diferentes aplicaciones: lijado y pulido en piedra, madera y metal.<\/p>\n<p>\u25cf La velocidad se puede ajustar f\u00e1cilmente de 1500 a 2700 rpm.<\/p>\n<p>\u25cf Funci\u00f3n de techo para trabajos en techos superiores y con perilla de ajuste de gasto que ajusta f\u00e1cilmente la succi\u00f3n en cualquier momento que lo necesite.<\/p>\n<p>\u25cfEl segmento se puede separar f\u00e1cilmente para lijar a lo largo de los bordes y en posiciones inc\u00f3modas.<\/p>","protected":false},"excerpt":{"rendered":"<p>\u25cf <img decoding=\"async\" style=\"width: 180px; height: 27px;\" title=\"4\" src=\"\/wp-content\/uploads\/2024\/05\/1606975649218025.png\" alt=\"4\" width=\"180\" height=\"27\" border=\"0\" vspace=\"0\" \/><\/p>","protected":false},"featured_media":975,"template":"","meta":{"_acf_changed":false,"_mi_skip_tracking":false,"_monsterinsights_sitenote_active":false,"_monsterinsights_sitenote_note":"","_monsterinsights_sitenote_category":0},"product_cat":[37,34],"product_tag":[],"class_list":{"0":"post-976","1":"product","2":"type-product","3":"status-publish","4":"has-post-thumbnail","6":"product_cat-drywall-sander","7":"product_cat-renovation-wallpainting","9":"first","10":"instock","11":"shipping-taxable","12":"product-type-simple"},"acf":[],"yoast_head":"<!-- This site is optimized with the Yoast SEO Premium plugin v21.6 (Yoast SEO v22.3) - https:\/\/yoast.com\/wordpress\/plugins\/seo\/ -->\n<title>750W Electric Drywall Sander With Automatic Vacuum Dust Collection System, 6 Pcs sanding discs and a Dust Bag, Detachable Handle, 6 Variable Speeds-R7241-W - BURLEY<\/title>\n<meta name=\"robots\" content=\"index, follow, max-snippet:-1, max-image-preview:large, max-video-preview:-1\" \/>\n<link rel=\"canonical\" href=\"https:\/\/www.burleytools.com\/es\/producto\/lijadora-electrica-para-paneles-de-yeso-de-750-w-con-sistema-automatico-de-recoleccion-de-polvo-por-aspiracion-6-discos-de-lijado-y-una-bolsa-para-polvo-mango-desmontable-6-velocidades-variables-r\/\" \/>\n<meta property=\"og:locale\" content=\"es_ES\" \/>\n<meta property=\"og:type\" content=\"article\" \/>\n<meta property=\"og:title\" content=\"750W Electric Drywall Sander With Automatic Vacuum Dust Collection System, 6 Pcs sanding discs and a Dust Bag, Detachable Handle, 6 Variable Speeds-R7241-W\" \/>\n<meta property=\"og:description\" content=\"\u25cf\" \/>\n<meta property=\"og:url\" content=\"https:\/\/www.burleytools.com\/es\/producto\/lijadora-electrica-para-paneles-de-yeso-de-750-w-con-sistema-automatico-de-recoleccion-de-polvo-por-aspiracion-6-discos-de-lijado-y-una-bolsa-para-polvo-mango-desmontable-6-velocidades-variables-r\/\" \/>\n<meta property=\"og:site_name\" content=\"BURLEY\" \/>\n<meta property=\"article:modified_time\" content=\"2024-08-20T07:28:57+00:00\" \/>\n<meta property=\"og:image\" content=\"https:\/\/www.burleytools.com\/wp-content\/uploads\/2024\/05\/1607501262124088-1.jpg\" \/>\n\t<meta property=\"og:image:width\" content=\"700\" \/>\n\t<meta property=\"og:image:height\" content=\"700\" \/>\n\t<meta property=\"og:image:type\" content=\"image\/jpeg\" \/>\n<meta name=\"twitter:card\" content=\"summary_large_image\" \/>\n<meta name=\"twitter:label1\" content=\"Tiempo de lectura\" \/>\n\t<meta name=\"twitter:data1\" content=\"1 minuto\" \/>\n<script type=\"application\/ld+json\" class=\"yoast-schema-graph\">{\"@context\":\"https:\/\/schema.org\",\"@graph\":[{\"@type\":\"WebPage\",\"@id\":\"https:\/\/www.burleytools.com\/product\/750w-electric-drywall-sander-with-automatic-vacuum-dust-collection-system-6-pcs-sanding-discs-and-a-dust-bag-detachable-handle-6-variable-speeds-r7241-w\/\",\"url\":\"https:\/\/www.burleytools.com\/product\/750w-electric-drywall-sander-with-automatic-vacuum-dust-collection-system-6-pcs-sanding-discs-and-a-dust-bag-detachable-handle-6-variable-speeds-r7241-w\/\",\"name\":\"750W Electric Drywall Sander With Automatic Vacuum Dust Collection System, 6 Pcs sanding discs and a Dust Bag, Detachable Handle, 6 Variable Speeds-R7241-W - BURLEY\",\"isPartOf\":{\"@id\":\"https:\/\/www.burleytools.com\/#website\"},\"primaryImageOfPage\":{\"@id\":\"https:\/\/www.burleytools.com\/product\/750w-electric-drywall-sander-with-automatic-vacuum-dust-collection-system-6-pcs-sanding-discs-and-a-dust-bag-detachable-handle-6-variable-speeds-r7241-w\/#primaryimage\"},\"image\":{\"@id\":\"https:\/\/www.burleytools.com\/product\/750w-electric-drywall-sander-with-automatic-vacuum-dust-collection-system-6-pcs-sanding-discs-and-a-dust-bag-detachable-handle-6-variable-speeds-r7241-w\/#primaryimage\"},\"thumbnailUrl\":\"https:\/\/www.burleytools.com\/wp-content\/uploads\/2024\/05\/1607501262124088-1.jpg\",\"datePublished\":\"2024-05-09T07:45:57+00:00\",\"dateModified\":\"2024-08-20T07:28:57+00:00\",\"breadcrumb\":{\"@id\":\"https:\/\/www.burleytools.com\/product\/750w-electric-drywall-sander-with-automatic-vacuum-dust-collection-system-6-pcs-sanding-discs-and-a-dust-bag-detachable-handle-6-variable-speeds-r7241-w\/#breadcrumb\"},\"inLanguage\":\"es\",\"potentialAction\":[{\"@type\":\"ReadAction\",\"target\":[\"https:\/\/www.burleytools.com\/product\/750w-electric-drywall-sander-with-automatic-vacuum-dust-collection-system-6-pcs-sanding-discs-and-a-dust-bag-detachable-handle-6-variable-speeds-r7241-w\/\"]}]},{\"@type\":\"ImageObject\",\"inLanguage\":\"es\",\"@id\":\"https:\/\/www.burleytools.com\/product\/750w-electric-drywall-sander-with-automatic-vacuum-dust-collection-system-6-pcs-sanding-discs-and-a-dust-bag-detachable-handle-6-variable-speeds-r7241-w\/#primaryimage\",\"url\":\"https:\/\/www.burleytools.com\/wp-content\/uploads\/2024\/05\/1607501262124088-1.jpg\",\"contentUrl\":\"https:\/\/www.burleytools.com\/wp-content\/uploads\/2024\/05\/1607501262124088-1.jpg\",\"width\":700,\"height\":700},{\"@type\":\"BreadcrumbList\",\"@id\":\"https:\/\/www.burleytools.com\/product\/750w-electric-drywall-sander-with-automatic-vacuum-dust-collection-system-6-pcs-sanding-discs-and-a-dust-bag-detachable-handle-6-variable-speeds-r7241-w\/#breadcrumb\",\"itemListElement\":[{\"@type\":\"ListItem\",\"position\":1,\"name\":\"Home\",\"item\":\"https:\/\/www.burleytools.com\/\"},{\"@type\":\"ListItem\",\"position\":2,\"name\":\"Products\",\"item\":\"https:\/\/www.burleytools.com\/products\/\"},{\"@type\":\"ListItem\",\"position\":3,\"name\":\"750W Electric Drywall Sander With Automatic Vacuum Dust Collection System, 6 Pcs sanding discs and a Dust Bag, Detachable Handle, 6 Variable Speeds-R7241-W\"}]},{\"@type\":\"WebSite\",\"@id\":\"https:\/\/www.burleytools.com\/#website\",\"url\":\"https:\/\/www.burleytools.com\/\",\"name\":\"BURLEY\",\"description\":\"\",\"publisher\":{\"@id\":\"https:\/\/www.burleytools.com\/#organization\"},\"potentialAction\":[{\"@type\":\"SearchAction\",\"target\":{\"@type\":\"EntryPoint\",\"urlTemplate\":\"https:\/\/www.burleytools.com\/?s={search_term_string}\"},\"query-input\":\"required name=search_term_string\"}],\"inLanguage\":\"es\"},{\"@type\":\"Organization\",\"@id\":\"https:\/\/www.burleytools.com\/#organization\",\"name\":\"BURLEY\",\"url\":\"https:\/\/www.burleytools.com\/\",\"logo\":{\"@type\":\"ImageObject\",\"inLanguage\":\"es\",\"@id\":\"https:\/\/www.burleytools.com\/#\/schema\/logo\/image\/\",\"url\":\"https:\/\/www.burleytools.com\/wp-content\/uploads\/2023\/10\/logo.webp\",\"contentUrl\":\"https:\/\/www.burleytools.com\/wp-content\/uploads\/2023\/10\/logo.webp\",\"width\":165,\"height\":62,\"caption\":\"BURLEY\"},\"image\":{\"@id\":\"https:\/\/www.burleytools.com\/#\/schema\/logo\/image\/\"}}]}<\/script>\n<!-- \/ Yoast SEO Premium plugin. -->","yoast_head_json":{"title":"750W Electric Drywall Sander With Automatic Vacuum Dust Collection System, 6 Pcs sanding discs and a Dust Bag, Detachable Handle, 6 Variable Speeds-R7241-W - BURLEY","robots":{"index":"index","follow":"follow","max-snippet":"max-snippet:-1","max-image-preview":"max-image-preview:large","max-video-preview":"max-video-preview:-1"},"canonical":"https:\/\/www.burleytools.com\/es\/producto\/lijadora-electrica-para-paneles-de-yeso-de-750-w-con-sistema-automatico-de-recoleccion-de-polvo-por-aspiracion-6-discos-de-lijado-y-una-bolsa-para-polvo-mango-desmontable-6-velocidades-variables-r\/","og_locale":"es_ES","og_type":"article","og_title":"750W Electric Drywall Sander With Automatic Vacuum Dust Collection System, 6 Pcs sanding discs and a Dust Bag, Detachable Handle, 6 Variable Speeds-R7241-W","og_description":"\u25cf","og_url":"https:\/\/www.burleytools.com\/es\/producto\/lijadora-electrica-para-paneles-de-yeso-de-750-w-con-sistema-automatico-de-recoleccion-de-polvo-por-aspiracion-6-discos-de-lijado-y-una-bolsa-para-polvo-mango-desmontable-6-velocidades-variables-r\/","og_site_name":"BURLEY","article_modified_time":"2024-08-20T07:28:57+00:00","og_image":[{"width":700,"height":700,"url":"https:\/\/www.burleytools.com\/wp-content\/uploads\/2024\/05\/1607501262124088-1.jpg","type":"image\/jpeg"}],"twitter_card":"summary_large_image","twitter_misc":{"Tiempo de lectura":"1 minuto"},"schema":{"@context":"https:\/\/schema.org","@graph":[{"@type":"WebPage","@id":"https:\/\/www.burleytools.com\/product\/750w-electric-drywall-sander-with-automatic-vacuum-dust-collection-system-6-pcs-sanding-discs-and-a-dust-bag-detachable-handle-6-variable-speeds-r7241-w\/","url":"https:\/\/www.burleytools.com\/product\/750w-electric-drywall-sander-with-automatic-vacuum-dust-collection-system-6-pcs-sanding-discs-and-a-dust-bag-detachable-handle-6-variable-speeds-r7241-w\/","name":"750W Electric Drywall Sander With Automatic Vacuum Dust Collection System, 6 Pcs sanding discs and a Dust Bag, Detachable Handle, 6 Variable Speeds-R7241-W - BURLEY","isPartOf":{"@id":"https:\/\/www.burleytools.com\/#website"},"primaryImageOfPage":{"@id":"https:\/\/www.burleytools.com\/product\/750w-electric-drywall-sander-with-automatic-vacuum-dust-collection-system-6-pcs-sanding-discs-and-a-dust-bag-detachable-handle-6-variable-speeds-r7241-w\/#primaryimage"},"image":{"@id":"https:\/\/www.burleytools.com\/product\/750w-electric-drywall-sander-with-automatic-vacuum-dust-collection-system-6-pcs-sanding-discs-and-a-dust-bag-detachable-handle-6-variable-speeds-r7241-w\/#primaryimage"},"thumbnailUrl":"https:\/\/www.burleytools.com\/wp-content\/uploads\/2024\/05\/1607501262124088-1.jpg","datePublished":"2024-05-09T07:45:57+00:00","dateModified":"2024-08-20T07:28:57+00:00","breadcrumb":{"@id":"https:\/\/www.burleytools.com\/product\/750w-electric-drywall-sander-with-automatic-vacuum-dust-collection-system-6-pcs-sanding-discs-and-a-dust-bag-detachable-handle-6-variable-speeds-r7241-w\/#breadcrumb"},"inLanguage":"es","potentialAction":[{"@type":"ReadAction","target":["https:\/\/www.burleytools.com\/product\/750w-electric-drywall-sander-with-automatic-vacuum-dust-collection-system-6-pcs-sanding-discs-and-a-dust-bag-detachable-handle-6-variable-speeds-r7241-w\/"]}]},{"@type":"ImageObject","inLanguage":"es","@id":"https:\/\/www.burleytools.com\/product\/750w-electric-drywall-sander-with-automatic-vacuum-dust-collection-system-6-pcs-sanding-discs-and-a-dust-bag-detachable-handle-6-variable-speeds-r7241-w\/#primaryimage","url":"https:\/\/www.burleytools.com\/wp-content\/uploads\/2024\/05\/1607501262124088-1.jpg","contentUrl":"https:\/\/www.burleytools.com\/wp-content\/uploads\/2024\/05\/1607501262124088-1.jpg","width":700,"height":700},{"@type":"BreadcrumbList","@id":"https:\/\/www.burleytools.com\/product\/750w-electric-drywall-sander-with-automatic-vacuum-dust-collection-system-6-pcs-sanding-discs-and-a-dust-bag-detachable-handle-6-variable-speeds-r7241-w\/#breadcrumb","itemListElement":[{"@type":"ListItem","position":1,"name":"Home","item":"https:\/\/www.burleytools.com\/"},{"@type":"ListItem","position":2,"name":"Products","item":"https:\/\/www.burleytools.com\/products\/"},{"@type":"ListItem","position":3,"name":"750W Electric Drywall Sander With Automatic Vacuum Dust Collection System, 6 Pcs sanding discs and a Dust Bag, Detachable Handle, 6 Variable Speeds-R7241-W"}]},{"@type":"WebSite","@id":"https:\/\/www.burleytools.com\/#website","url":"https:\/\/www.burleytools.com\/","name":"BURLEY","description":"","publisher":{"@id":"https:\/\/www.burleytools.com\/#organization"},"potentialAction":[{"@type":"SearchAction","target":{"@type":"EntryPoint","urlTemplate":"https:\/\/www.burleytools.com\/?s={search_term_string}"},"query-input":"required name=search_term_string"}],"inLanguage":"es"},{"@type":"Organization","@id":"https:\/\/www.burleytools.com\/#organization","name":"BURLEY","url":"https:\/\/www.burleytools.com\/","logo":{"@type":"ImageObject","inLanguage":"es","@id":"https:\/\/www.burleytools.com\/#\/schema\/logo\/image\/","url":"https:\/\/www.burleytools.com\/wp-content\/uploads\/2023\/10\/logo.webp","contentUrl":"https:\/\/www.burleytools.com\/wp-content\/uploads\/2023\/10\/logo.webp","width":165,"height":62,"caption":"BURLEY"},"image":{"@id":"https:\/\/www.burleytools.com\/#\/schema\/logo\/image\/"}}]}},"_links":{"self":[{"href":"https:\/\/www.burleytools.com\/es\/wp-json\/wp\/v2\/product\/976"}],"collection":[{"href":"https:\/\/www.burleytools.com\/es\/wp-json\/wp\/v2\/product"}],"about":[{"href":"https:\/\/www.burleytools.com\/es\/wp-json\/wp\/v2\/types\/product"}],"wp:featuredmedia":[{"embeddable":true,"href":"https:\/\/www.burleytools.com\/es\/wp-json\/wp\/v2\/media\/975"}],"wp:attachment":[{"href":"https:\/\/www.burleytools.com\/es\/wp-json\/wp\/v2\/media?parent=976"}],"wp:term":[{"taxonomy":"product_cat","embeddable":true,"href":"https:\/\/www.burleytools.com\/es\/wp-json\/wp\/v2\/product_cat?post=976"},{"taxonomy":"product_tag","embeddable":true,"href":"https:\/\/www.burleytools.com\/es\/wp-json\/wp\/v2\/product_tag?post=976"}],"curies":[{"name":"wp","href":"https:\/\/api.w.org\/{rel}","templated":true}]}}