{"id":1044,"date":"2024-05-09T07:46:20","date_gmt":"2024-05-09T07:46:20","guid":{"rendered":"https:\/\/www.burleytools.com\/product\/600w-710w-foldable-handle-adjustable-speed-drywall-sander-ergonomics-design-r7234\/"},"modified":"2024-08-20T07:29:05","modified_gmt":"2024-08-20T07:29:05","slug":"600w-710w-foldable-handle-adjustable-speed-drywall-sander-ergonomics-design-r7234","status":"publish","type":"product","link":"https:\/\/www.burleytools.com\/fr\/produit\/ponceuse-pour-cloisons-seches-a-vitesse-reglable-avec-poignee-pliable-600-w-710-w-conception-ergonomique-r7234\/","title":{"rendered":"Ponceuse pour cloisons s\u00e8ches \u00e0 vitesse r\u00e9glable avec poign\u00e9e pliable 600 W\/710 W - Design ergonomique - R7234"},"content":{"rendered":"<p>\u25cf Un moteur puissant pour un fonctionnement optimal avec un engrenage haute performance.<\/p>\n<p>\u25cf La vitesse variable en continu entre 600 et 1 500 tr\/min garantit un travail \u00e0 la bonne vitesse.<\/p>\n<p>\u25cf Couple \u00e9lev\u00e9 pour un fonctionnement optimal. (15 NM)<\/p>\n<p>\u25cf Diam\u00e8tre du tube : 32 mm<\/p>\n<p>\u25cf Longueur courte (sans tube rallonge) : 110 cm<\/p>\n<p>\u25cf Grande longueur (avec tube rallonge) : 165 cm<\/p>\n<p>\u25cf Poids (sans tube rallonge) : 3,7 kg<\/p>\n<p>\u25cf Poids (avec tube rallonge) : 4,1 kg<\/p>\n<p>\u25cf Classe de protection : II<\/p>\n<p><img decoding=\"async\" title=\"R7234-MANUEL\" src=\"\/wp-content\/uploads\/2024\/05\/1608691840943520.jpg\" alt=\"R7234-MANUEL\" \/><\/p>","protected":false},"excerpt":{"rendered":"<p>\u25cf La conception ergonomique avec poign\u00e9e souple offre une utilisation confortable.<\/p>\n<p>\u25cf Vitesse variable et d\u00e9marrage lent et en douceur.<\/p>\n<p>\u25cf Poign\u00e9e souple pour une utilisation confortable<\/p>\n<p>\u25cf <img decoding=\"async\" style=\"width: 180px; height: 27px;\" title=\"4\" src=\"\/wp-content\/uploads\/2024\/05\/1606975649218025.png\" alt=\"4\" width=\"180\" height=\"27\" border=\"0\" vspace=\"0\" \/><\/p>","protected":false},"featured_media":1043,"template":"","meta":{"_acf_changed":false,"_mi_skip_tracking":false,"_monsterinsights_sitenote_active":false,"_monsterinsights_sitenote_note":"","_monsterinsights_sitenote_category":0},"product_cat":[37,34],"product_tag":[],"class_list":{"0":"post-1044","1":"product","2":"type-product","3":"status-publish","4":"has-post-thumbnail","6":"product_cat-drywall-sander","7":"product_cat-renovation-wallpainting","9":"first","10":"instock","11":"shipping-taxable","12":"product-type-simple"},"acf":[],"yoast_head":"<!-- This site is optimized with the Yoast SEO Premium plugin v21.6 (Yoast SEO v22.3) - https:\/\/yoast.com\/wordpress\/plugins\/seo\/ -->\n<title>600W\/710W Foldable Handle Adjustable Speed Drywall Sander Ergonomics Design-R7234 - BURLEY<\/title>\n<meta name=\"robots\" content=\"index, follow, max-snippet:-1, max-image-preview:large, max-video-preview:-1\" \/>\n<link rel=\"canonical\" href=\"https:\/\/www.burleytools.com\/fr\/produit\/ponceuse-pour-cloisons-seches-a-vitesse-reglable-avec-poignee-pliable-600-w-710-w-conception-ergonomique-r7234\/\" \/>\n<meta property=\"og:locale\" content=\"fr_FR\" \/>\n<meta property=\"og:type\" content=\"article\" \/>\n<meta property=\"og:title\" content=\"600W\/710W Foldable Handle Adjustable Speed Drywall Sander Ergonomics Design-R7234\" \/>\n<meta property=\"og:description\" content=\"\u25cf Ergonomics design with soft grip provides comfortable operation.  \u25cf Variable speed and slow smooth start-up.  \u25cf Soft grip for comfortable use  \u25cf\" \/>\n<meta property=\"og:url\" content=\"https:\/\/www.burleytools.com\/fr\/produit\/ponceuse-pour-cloisons-seches-a-vitesse-reglable-avec-poignee-pliable-600-w-710-w-conception-ergonomique-r7234\/\" \/>\n<meta property=\"og:site_name\" content=\"BURLEY\" \/>\n<meta property=\"article:modified_time\" content=\"2024-08-20T07:29:05+00:00\" \/>\n<meta property=\"og:image\" content=\"https:\/\/www.burleytools.com\/wp-content\/uploads\/2024\/05\/1607581456228698-1.jpg\" \/>\n\t<meta property=\"og:image:width\" content=\"700\" \/>\n\t<meta property=\"og:image:height\" content=\"700\" \/>\n\t<meta property=\"og:image:type\" content=\"image\/jpeg\" \/>\n<meta name=\"twitter:card\" content=\"summary_large_image\" \/>\n<meta name=\"twitter:label1\" content=\"Dur\u00e9e de lecture estim\u00e9e\" \/>\n\t<meta name=\"twitter:data1\" content=\"1 minute\" \/>\n<script type=\"application\/ld+json\" class=\"yoast-schema-graph\">{\"@context\":\"https:\/\/schema.org\",\"@graph\":[{\"@type\":\"WebPage\",\"@id\":\"https:\/\/www.burleytools.com\/product\/600w-710w-foldable-handle-adjustable-speed-drywall-sander-ergonomics-design-r7234\/\",\"url\":\"https:\/\/www.burleytools.com\/product\/600w-710w-foldable-handle-adjustable-speed-drywall-sander-ergonomics-design-r7234\/\",\"name\":\"600W\/710W Foldable Handle Adjustable Speed Drywall Sander Ergonomics Design-R7234 - BURLEY\",\"isPartOf\":{\"@id\":\"https:\/\/www.burleytools.com\/#website\"},\"primaryImageOfPage\":{\"@id\":\"https:\/\/www.burleytools.com\/product\/600w-710w-foldable-handle-adjustable-speed-drywall-sander-ergonomics-design-r7234\/#primaryimage\"},\"image\":{\"@id\":\"https:\/\/www.burleytools.com\/product\/600w-710w-foldable-handle-adjustable-speed-drywall-sander-ergonomics-design-r7234\/#primaryimage\"},\"thumbnailUrl\":\"https:\/\/www.burleytools.com\/wp-content\/uploads\/2024\/05\/1607581456228698-1.jpg\",\"datePublished\":\"2024-05-09T07:46:20+00:00\",\"dateModified\":\"2024-08-20T07:29:05+00:00\",\"breadcrumb\":{\"@id\":\"https:\/\/www.burleytools.com\/product\/600w-710w-foldable-handle-adjustable-speed-drywall-sander-ergonomics-design-r7234\/#breadcrumb\"},\"inLanguage\":\"fr-FR\",\"potentialAction\":[{\"@type\":\"ReadAction\",\"target\":[\"https:\/\/www.burleytools.com\/product\/600w-710w-foldable-handle-adjustable-speed-drywall-sander-ergonomics-design-r7234\/\"]}]},{\"@type\":\"ImageObject\",\"inLanguage\":\"fr-FR\",\"@id\":\"https:\/\/www.burleytools.com\/product\/600w-710w-foldable-handle-adjustable-speed-drywall-sander-ergonomics-design-r7234\/#primaryimage\",\"url\":\"https:\/\/www.burleytools.com\/wp-content\/uploads\/2024\/05\/1607581456228698-1.jpg\",\"contentUrl\":\"https:\/\/www.burleytools.com\/wp-content\/uploads\/2024\/05\/1607581456228698-1.jpg\",\"width\":700,\"height\":700},{\"@type\":\"BreadcrumbList\",\"@id\":\"https:\/\/www.burleytools.com\/product\/600w-710w-foldable-handle-adjustable-speed-drywall-sander-ergonomics-design-r7234\/#breadcrumb\",\"itemListElement\":[{\"@type\":\"ListItem\",\"position\":1,\"name\":\"Home\",\"item\":\"https:\/\/www.burleytools.com\/\"},{\"@type\":\"ListItem\",\"position\":2,\"name\":\"Products\",\"item\":\"https:\/\/www.burleytools.com\/products\/\"},{\"@type\":\"ListItem\",\"position\":3,\"name\":\"600W\/710W Foldable Handle Adjustable Speed Drywall Sander Ergonomics Design-R7234\"}]},{\"@type\":\"WebSite\",\"@id\":\"https:\/\/www.burleytools.com\/#website\",\"url\":\"https:\/\/www.burleytools.com\/\",\"name\":\"BURLEY\",\"description\":\"\",\"publisher\":{\"@id\":\"https:\/\/www.burleytools.com\/#organization\"},\"potentialAction\":[{\"@type\":\"SearchAction\",\"target\":{\"@type\":\"EntryPoint\",\"urlTemplate\":\"https:\/\/www.burleytools.com\/?s={search_term_string}\"},\"query-input\":\"required name=search_term_string\"}],\"inLanguage\":\"fr-FR\"},{\"@type\":\"Organization\",\"@id\":\"https:\/\/www.burleytools.com\/#organization\",\"name\":\"BURLEY\",\"url\":\"https:\/\/www.burleytools.com\/\",\"logo\":{\"@type\":\"ImageObject\",\"inLanguage\":\"fr-FR\",\"@id\":\"https:\/\/www.burleytools.com\/#\/schema\/logo\/image\/\",\"url\":\"https:\/\/www.burleytools.com\/wp-content\/uploads\/2023\/10\/logo.webp\",\"contentUrl\":\"https:\/\/www.burleytools.com\/wp-content\/uploads\/2023\/10\/logo.webp\",\"width\":165,\"height\":62,\"caption\":\"BURLEY\"},\"image\":{\"@id\":\"https:\/\/www.burleytools.com\/#\/schema\/logo\/image\/\"}}]}<\/script>\n<!-- \/ Yoast SEO Premium plugin. -->","yoast_head_json":{"title":"600W\/710W Foldable Handle Adjustable Speed Drywall Sander Ergonomics Design-R7234 - BURLEY","robots":{"index":"index","follow":"follow","max-snippet":"max-snippet:-1","max-image-preview":"max-image-preview:large","max-video-preview":"max-video-preview:-1"},"canonical":"https:\/\/www.burleytools.com\/fr\/produit\/ponceuse-pour-cloisons-seches-a-vitesse-reglable-avec-poignee-pliable-600-w-710-w-conception-ergonomique-r7234\/","og_locale":"fr_FR","og_type":"article","og_title":"600W\/710W Foldable Handle Adjustable Speed Drywall Sander Ergonomics Design-R7234","og_description":"\u25cf Ergonomics design with soft grip provides comfortable operation.  \u25cf Variable speed and slow smooth start-up.  \u25cf Soft grip for comfortable use  \u25cf","og_url":"https:\/\/www.burleytools.com\/fr\/produit\/ponceuse-pour-cloisons-seches-a-vitesse-reglable-avec-poignee-pliable-600-w-710-w-conception-ergonomique-r7234\/","og_site_name":"BURLEY","article_modified_time":"2024-08-20T07:29:05+00:00","og_image":[{"width":700,"height":700,"url":"https:\/\/www.burleytools.com\/wp-content\/uploads\/2024\/05\/1607581456228698-1.jpg","type":"image\/jpeg"}],"twitter_card":"summary_large_image","twitter_misc":{"Dur\u00e9e de lecture estim\u00e9e":"1 minute"},"schema":{"@context":"https:\/\/schema.org","@graph":[{"@type":"WebPage","@id":"https:\/\/www.burleytools.com\/product\/600w-710w-foldable-handle-adjustable-speed-drywall-sander-ergonomics-design-r7234\/","url":"https:\/\/www.burleytools.com\/product\/600w-710w-foldable-handle-adjustable-speed-drywall-sander-ergonomics-design-r7234\/","name":"600W\/710W Foldable Handle Adjustable Speed Drywall Sander Ergonomics Design-R7234 - BURLEY","isPartOf":{"@id":"https:\/\/www.burleytools.com\/#website"},"primaryImageOfPage":{"@id":"https:\/\/www.burleytools.com\/product\/600w-710w-foldable-handle-adjustable-speed-drywall-sander-ergonomics-design-r7234\/#primaryimage"},"image":{"@id":"https:\/\/www.burleytools.com\/product\/600w-710w-foldable-handle-adjustable-speed-drywall-sander-ergonomics-design-r7234\/#primaryimage"},"thumbnailUrl":"https:\/\/www.burleytools.com\/wp-content\/uploads\/2024\/05\/1607581456228698-1.jpg","datePublished":"2024-05-09T07:46:20+00:00","dateModified":"2024-08-20T07:29:05+00:00","breadcrumb":{"@id":"https:\/\/www.burleytools.com\/product\/600w-710w-foldable-handle-adjustable-speed-drywall-sander-ergonomics-design-r7234\/#breadcrumb"},"inLanguage":"fr-FR","potentialAction":[{"@type":"ReadAction","target":["https:\/\/www.burleytools.com\/product\/600w-710w-foldable-handle-adjustable-speed-drywall-sander-ergonomics-design-r7234\/"]}]},{"@type":"ImageObject","inLanguage":"fr-FR","@id":"https:\/\/www.burleytools.com\/product\/600w-710w-foldable-handle-adjustable-speed-drywall-sander-ergonomics-design-r7234\/#primaryimage","url":"https:\/\/www.burleytools.com\/wp-content\/uploads\/2024\/05\/1607581456228698-1.jpg","contentUrl":"https:\/\/www.burleytools.com\/wp-content\/uploads\/2024\/05\/1607581456228698-1.jpg","width":700,"height":700},{"@type":"BreadcrumbList","@id":"https:\/\/www.burleytools.com\/product\/600w-710w-foldable-handle-adjustable-speed-drywall-sander-ergonomics-design-r7234\/#breadcrumb","itemListElement":[{"@type":"ListItem","position":1,"name":"Home","item":"https:\/\/www.burleytools.com\/"},{"@type":"ListItem","position":2,"name":"Products","item":"https:\/\/www.burleytools.com\/products\/"},{"@type":"ListItem","position":3,"name":"600W\/710W Foldable Handle Adjustable Speed Drywall Sander Ergonomics Design-R7234"}]},{"@type":"WebSite","@id":"https:\/\/www.burleytools.com\/#website","url":"https:\/\/www.burleytools.com\/","name":"BURLEY","description":"","publisher":{"@id":"https:\/\/www.burleytools.com\/#organization"},"potentialAction":[{"@type":"SearchAction","target":{"@type":"EntryPoint","urlTemplate":"https:\/\/www.burleytools.com\/?s={search_term_string}"},"query-input":"required name=search_term_string"}],"inLanguage":"fr-FR"},{"@type":"Organization","@id":"https:\/\/www.burleytools.com\/#organization","name":"BURLEY","url":"https:\/\/www.burleytools.com\/","logo":{"@type":"ImageObject","inLanguage":"fr-FR","@id":"https:\/\/www.burleytools.com\/#\/schema\/logo\/image\/","url":"https:\/\/www.burleytools.com\/wp-content\/uploads\/2023\/10\/logo.webp","contentUrl":"https:\/\/www.burleytools.com\/wp-content\/uploads\/2023\/10\/logo.webp","width":165,"height":62,"caption":"BURLEY"},"image":{"@id":"https:\/\/www.burleytools.com\/#\/schema\/logo\/image\/"}}]}},"_links":{"self":[{"href":"https:\/\/www.burleytools.com\/fr\/wp-json\/wp\/v2\/product\/1044"}],"collection":[{"href":"https:\/\/www.burleytools.com\/fr\/wp-json\/wp\/v2\/product"}],"about":[{"href":"https:\/\/www.burleytools.com\/fr\/wp-json\/wp\/v2\/types\/product"}],"wp:featuredmedia":[{"embeddable":true,"href":"https:\/\/www.burleytools.com\/fr\/wp-json\/wp\/v2\/media\/1043"}],"wp:attachment":[{"href":"https:\/\/www.burleytools.com\/fr\/wp-json\/wp\/v2\/media?parent=1044"}],"wp:term":[{"taxonomy":"product_cat","embeddable":true,"href":"https:\/\/www.burleytools.com\/fr\/wp-json\/wp\/v2\/product_cat?post=1044"},{"taxonomy":"product_tag","embeddable":true,"href":"https:\/\/www.burleytools.com\/fr\/wp-json\/wp\/v2\/product_tag?post=1044"}],"curies":[{"name":"wp","href":"https:\/\/api.w.org\/{rel}","templated":true}]}}