{"id":2671,"date":"2024-08-15T06:19:04","date_gmt":"2024-08-15T06:19:04","guid":{"rendered":"https:\/\/www.burleytools.com\/?post_type=product&#038;p=2671"},"modified":"2024-09-06T07:21:45","modified_gmt":"2024-09-06T07:21:45","slug":"20v-cordless-brushless-self-feeding-drywall-screwdriver-br8504","status":"publish","type":"product","link":"https:\/\/www.burleytools.com\/fr\/produit\/tournevis-a-cloison-seche-sans-fil-20-v-a-alimentation-automatique-sans-balais-br8504\/","title":{"rendered":"Tournevis \u00e0 cloison s\u00e8che sans fil 20 V \u00e0 alimentation automatique sans balais BR8504"},"content":{"rendered":"","protected":false},"excerpt":{"rendered":"<ul>\n<li>Moteur sans balais pour une dur\u00e9e de vie plus longue<\/li>\n<li>Fournit 0 \u00e0 4 200 tr\/min avec un couple accru pour g\u00e9rer les applications de fixation \u00e0 forte demande<\/li>\n<li><img decoding=\"async\" style=\"width: 180px; height: 27px;\" title=\"4\" src=\"\/wp-content\/uploads\/2024\/05\/1606975649218025.png\" alt=\"4\" width=\"180\" height=\"27\" border=\"0\" vspace=\"0\" \/><\/li>\n<\/ul>","protected":false},"featured_media":2673,"template":"","meta":{"_acf_changed":false,"_mi_skip_tracking":false,"_monsterinsights_sitenote_active":false,"_monsterinsights_sitenote_note":"","_monsterinsights_sitenote_category":0},"product_cat":[87,34],"product_tag":[],"class_list":{"0":"post-2671","1":"product","2":"type-product","3":"status-publish","4":"has-post-thumbnail","6":"product_cat-drywall-screwdriver","7":"product_cat-renovation-wallpainting","9":"first","10":"instock","11":"shipping-taxable","12":"product-type-simple"},"acf":[],"yoast_head":"<!-- This site is optimized with the Yoast SEO Premium plugin v21.6 (Yoast SEO v22.3) - https:\/\/yoast.com\/wordpress\/plugins\/seo\/ -->\n<title>20V Cordless Brushless Self Feeding Drywall Screwdriver BR8504 - BURLEY<\/title>\n<meta name=\"robots\" content=\"index, follow, max-snippet:-1, max-image-preview:large, max-video-preview:-1\" \/>\n<link rel=\"canonical\" href=\"https:\/\/www.burleytools.com\/fr\/produit\/tournevis-a-cloison-seche-sans-fil-20-v-a-alimentation-automatique-sans-balais-br8504\/\" \/>\n<meta property=\"og:locale\" content=\"fr_FR\" \/>\n<meta property=\"og:type\" content=\"article\" \/>\n<meta property=\"og:title\" content=\"20V Cordless Brushless Self Feeding Drywall Screwdriver BR8504\" \/>\n<meta property=\"og:description\" content=\"Brushless motor fot longer lifetimee  Delivers 0- 4200rpm with increased torqueto handle high demand fastening applications\" \/>\n<meta property=\"og:url\" content=\"https:\/\/www.burleytools.com\/fr\/produit\/tournevis-a-cloison-seche-sans-fil-20-v-a-alimentation-automatique-sans-balais-br8504\/\" \/>\n<meta property=\"og:site_name\" content=\"BURLEY\" \/>\n<meta property=\"article:modified_time\" content=\"2024-09-06T07:21:45+00:00\" \/>\n<meta property=\"og:image\" content=\"https:\/\/www.burleytools.com\/wp-content\/uploads\/2024\/08\/BR8504-1.jpg\" \/>\n\t<meta property=\"og:image:width\" content=\"1601\" \/>\n\t<meta property=\"og:image:height\" content=\"1601\" \/>\n\t<meta property=\"og:image:type\" content=\"image\/jpeg\" \/>\n<meta name=\"twitter:card\" content=\"summary_large_image\" \/>\n<meta name=\"twitter:label1\" content=\"Dur\u00e9e de lecture estim\u00e9e\" \/>\n\t<meta name=\"twitter:data1\" content=\"1 minute\" \/>\n<script type=\"application\/ld+json\" class=\"yoast-schema-graph\">{\"@context\":\"https:\/\/schema.org\",\"@graph\":[{\"@type\":\"WebPage\",\"@id\":\"https:\/\/www.burleytools.com\/product\/20v-cordless-brushless-self-feeding-drywall-screwdriver-br8504\/\",\"url\":\"https:\/\/www.burleytools.com\/product\/20v-cordless-brushless-self-feeding-drywall-screwdriver-br8504\/\",\"name\":\"20V Cordless Brushless Self Feeding Drywall Screwdriver BR8504 - BURLEY\",\"isPartOf\":{\"@id\":\"https:\/\/www.burleytools.com\/#website\"},\"primaryImageOfPage\":{\"@id\":\"https:\/\/www.burleytools.com\/product\/20v-cordless-brushless-self-feeding-drywall-screwdriver-br8504\/#primaryimage\"},\"image\":{\"@id\":\"https:\/\/www.burleytools.com\/product\/20v-cordless-brushless-self-feeding-drywall-screwdriver-br8504\/#primaryimage\"},\"thumbnailUrl\":\"https:\/\/www.burleytools.com\/wp-content\/uploads\/2024\/08\/BR8504-1.jpg\",\"datePublished\":\"2024-08-15T06:19:04+00:00\",\"dateModified\":\"2024-09-06T07:21:45+00:00\",\"breadcrumb\":{\"@id\":\"https:\/\/www.burleytools.com\/product\/20v-cordless-brushless-self-feeding-drywall-screwdriver-br8504\/#breadcrumb\"},\"inLanguage\":\"fr-FR\",\"potentialAction\":[{\"@type\":\"ReadAction\",\"target\":[\"https:\/\/www.burleytools.com\/product\/20v-cordless-brushless-self-feeding-drywall-screwdriver-br8504\/\"]}]},{\"@type\":\"ImageObject\",\"inLanguage\":\"fr-FR\",\"@id\":\"https:\/\/www.burleytools.com\/product\/20v-cordless-brushless-self-feeding-drywall-screwdriver-br8504\/#primaryimage\",\"url\":\"https:\/\/www.burleytools.com\/wp-content\/uploads\/2024\/08\/BR8504-1.jpg\",\"contentUrl\":\"https:\/\/www.burleytools.com\/wp-content\/uploads\/2024\/08\/BR8504-1.jpg\",\"width\":1601,\"height\":1601},{\"@type\":\"BreadcrumbList\",\"@id\":\"https:\/\/www.burleytools.com\/product\/20v-cordless-brushless-self-feeding-drywall-screwdriver-br8504\/#breadcrumb\",\"itemListElement\":[{\"@type\":\"ListItem\",\"position\":1,\"name\":\"Home\",\"item\":\"https:\/\/www.burleytools.com\/\"},{\"@type\":\"ListItem\",\"position\":2,\"name\":\"Products\",\"item\":\"https:\/\/www.burleytools.com\/products\/\"},{\"@type\":\"ListItem\",\"position\":3,\"name\":\"20V Cordless Brushless Self Feeding Drywall Screwdriver BR8504\"}]},{\"@type\":\"WebSite\",\"@id\":\"https:\/\/www.burleytools.com\/#website\",\"url\":\"https:\/\/www.burleytools.com\/\",\"name\":\"BURLEY\",\"description\":\"\",\"publisher\":{\"@id\":\"https:\/\/www.burleytools.com\/#organization\"},\"potentialAction\":[{\"@type\":\"SearchAction\",\"target\":{\"@type\":\"EntryPoint\",\"urlTemplate\":\"https:\/\/www.burleytools.com\/?s={search_term_string}\"},\"query-input\":\"required name=search_term_string\"}],\"inLanguage\":\"fr-FR\"},{\"@type\":\"Organization\",\"@id\":\"https:\/\/www.burleytools.com\/#organization\",\"name\":\"BURLEY\",\"url\":\"https:\/\/www.burleytools.com\/\",\"logo\":{\"@type\":\"ImageObject\",\"inLanguage\":\"fr-FR\",\"@id\":\"https:\/\/www.burleytools.com\/#\/schema\/logo\/image\/\",\"url\":\"https:\/\/www.burleytools.com\/wp-content\/uploads\/2023\/10\/logo.webp\",\"contentUrl\":\"https:\/\/www.burleytools.com\/wp-content\/uploads\/2023\/10\/logo.webp\",\"width\":165,\"height\":62,\"caption\":\"BURLEY\"},\"image\":{\"@id\":\"https:\/\/www.burleytools.com\/#\/schema\/logo\/image\/\"}}]}<\/script>\n<!-- \/ Yoast SEO Premium plugin. -->","yoast_head_json":{"title":"20V Cordless Brushless Self Feeding Drywall Screwdriver BR8504 - BURLEY","robots":{"index":"index","follow":"follow","max-snippet":"max-snippet:-1","max-image-preview":"max-image-preview:large","max-video-preview":"max-video-preview:-1"},"canonical":"https:\/\/www.burleytools.com\/fr\/produit\/tournevis-a-cloison-seche-sans-fil-20-v-a-alimentation-automatique-sans-balais-br8504\/","og_locale":"fr_FR","og_type":"article","og_title":"20V Cordless Brushless Self Feeding Drywall Screwdriver BR8504","og_description":"Brushless motor fot longer lifetimee  Delivers 0- 4200rpm with increased torqueto handle high demand fastening applications","og_url":"https:\/\/www.burleytools.com\/fr\/produit\/tournevis-a-cloison-seche-sans-fil-20-v-a-alimentation-automatique-sans-balais-br8504\/","og_site_name":"BURLEY","article_modified_time":"2024-09-06T07:21:45+00:00","og_image":[{"width":1601,"height":1601,"url":"https:\/\/www.burleytools.com\/wp-content\/uploads\/2024\/08\/BR8504-1.jpg","type":"image\/jpeg"}],"twitter_card":"summary_large_image","twitter_misc":{"Dur\u00e9e de lecture estim\u00e9e":"1 minute"},"schema":{"@context":"https:\/\/schema.org","@graph":[{"@type":"WebPage","@id":"https:\/\/www.burleytools.com\/product\/20v-cordless-brushless-self-feeding-drywall-screwdriver-br8504\/","url":"https:\/\/www.burleytools.com\/product\/20v-cordless-brushless-self-feeding-drywall-screwdriver-br8504\/","name":"20V Cordless Brushless Self Feeding Drywall Screwdriver BR8504 - BURLEY","isPartOf":{"@id":"https:\/\/www.burleytools.com\/#website"},"primaryImageOfPage":{"@id":"https:\/\/www.burleytools.com\/product\/20v-cordless-brushless-self-feeding-drywall-screwdriver-br8504\/#primaryimage"},"image":{"@id":"https:\/\/www.burleytools.com\/product\/20v-cordless-brushless-self-feeding-drywall-screwdriver-br8504\/#primaryimage"},"thumbnailUrl":"https:\/\/www.burleytools.com\/wp-content\/uploads\/2024\/08\/BR8504-1.jpg","datePublished":"2024-08-15T06:19:04+00:00","dateModified":"2024-09-06T07:21:45+00:00","breadcrumb":{"@id":"https:\/\/www.burleytools.com\/product\/20v-cordless-brushless-self-feeding-drywall-screwdriver-br8504\/#breadcrumb"},"inLanguage":"fr-FR","potentialAction":[{"@type":"ReadAction","target":["https:\/\/www.burleytools.com\/product\/20v-cordless-brushless-self-feeding-drywall-screwdriver-br8504\/"]}]},{"@type":"ImageObject","inLanguage":"fr-FR","@id":"https:\/\/www.burleytools.com\/product\/20v-cordless-brushless-self-feeding-drywall-screwdriver-br8504\/#primaryimage","url":"https:\/\/www.burleytools.com\/wp-content\/uploads\/2024\/08\/BR8504-1.jpg","contentUrl":"https:\/\/www.burleytools.com\/wp-content\/uploads\/2024\/08\/BR8504-1.jpg","width":1601,"height":1601},{"@type":"BreadcrumbList","@id":"https:\/\/www.burleytools.com\/product\/20v-cordless-brushless-self-feeding-drywall-screwdriver-br8504\/#breadcrumb","itemListElement":[{"@type":"ListItem","position":1,"name":"Home","item":"https:\/\/www.burleytools.com\/"},{"@type":"ListItem","position":2,"name":"Products","item":"https:\/\/www.burleytools.com\/products\/"},{"@type":"ListItem","position":3,"name":"20V Cordless Brushless Self Feeding Drywall Screwdriver BR8504"}]},{"@type":"WebSite","@id":"https:\/\/www.burleytools.com\/#website","url":"https:\/\/www.burleytools.com\/","name":"BURLEY","description":"","publisher":{"@id":"https:\/\/www.burleytools.com\/#organization"},"potentialAction":[{"@type":"SearchAction","target":{"@type":"EntryPoint","urlTemplate":"https:\/\/www.burleytools.com\/?s={search_term_string}"},"query-input":"required name=search_term_string"}],"inLanguage":"fr-FR"},{"@type":"Organization","@id":"https:\/\/www.burleytools.com\/#organization","name":"BURLEY","url":"https:\/\/www.burleytools.com\/","logo":{"@type":"ImageObject","inLanguage":"fr-FR","@id":"https:\/\/www.burleytools.com\/#\/schema\/logo\/image\/","url":"https:\/\/www.burleytools.com\/wp-content\/uploads\/2023\/10\/logo.webp","contentUrl":"https:\/\/www.burleytools.com\/wp-content\/uploads\/2023\/10\/logo.webp","width":165,"height":62,"caption":"BURLEY"},"image":{"@id":"https:\/\/www.burleytools.com\/#\/schema\/logo\/image\/"}}]}},"_links":{"self":[{"href":"https:\/\/www.burleytools.com\/fr\/wp-json\/wp\/v2\/product\/2671"}],"collection":[{"href":"https:\/\/www.burleytools.com\/fr\/wp-json\/wp\/v2\/product"}],"about":[{"href":"https:\/\/www.burleytools.com\/fr\/wp-json\/wp\/v2\/types\/product"}],"wp:featuredmedia":[{"embeddable":true,"href":"https:\/\/www.burleytools.com\/fr\/wp-json\/wp\/v2\/media\/2673"}],"wp:attachment":[{"href":"https:\/\/www.burleytools.com\/fr\/wp-json\/wp\/v2\/media?parent=2671"}],"wp:term":[{"taxonomy":"product_cat","embeddable":true,"href":"https:\/\/www.burleytools.com\/fr\/wp-json\/wp\/v2\/product_cat?post=2671"},{"taxonomy":"product_tag","embeddable":true,"href":"https:\/\/www.burleytools.com\/fr\/wp-json\/wp\/v2\/product_tag?post=2671"}],"curies":[{"name":"wp","href":"https:\/\/api.w.org\/{rel}","templated":true}]}}