{"id":2693,"date":"2024-08-15T06:32:18","date_gmt":"2024-08-15T06:32:18","guid":{"rendered":"https:\/\/www.burleytools.com\/?post_type=product&#038;p=2693"},"modified":"2024-09-06T03:39:14","modified_gmt":"2024-09-06T03:39:14","slug":"710w-electric-dual-action-polisher-random-orbital-car-polisher-with-15mm-21mm-orbital-size","status":"publish","type":"product","link":"https:\/\/www.burleytools.com\/fr\/produit\/polisseuse-electrique-a-double-action-710-w-polisseuse-orbitale-aleatoire-pour-voiture-avec-taille-orbitale-de-15-mm-et-21-mm\/","title":{"rendered":"Polisseuse \u00e9lectrique \u00e0 double action 710 W Polisseuse orbitale al\u00e9atoire pour voiture avec taille orbitale de 15 mm\/21 mm"},"content":{"rendered":"","protected":false},"excerpt":{"rendered":"<ul>\n<li>Un syst\u00e8me de conduite con\u00e7u par des professionnels permet de r\u00e9duire le bruit et d&#039;obtenir une puissance plus \u00e9lev\u00e9e.<\/li>\n<li>Diam\u00e8tre excentrique plus grand (21 mm) pour r\u00e9aliser une efficacit\u00e9 sup\u00e9rieure et de meilleurs r\u00e9sultats de polissage.<\/li>\n<li>Le d\u00e9marrage progressif emp\u00eache le d\u00e9marrage incontr\u00f4l\u00e9 tandis que le contr\u00f4le de vitesse constante maintient la m\u00eame vitesse sous diff\u00e9rentes charges.<\/li>\n<li>L&#039;interrupteur marche-arr\u00eat avec fonction de r\u00e9glage de la vitesse en appuyant sur le bouton<\/li>\n<li><img decoding=\"async\" style=\"width: 180px; height: 27px;\" title=\"4\" src=\"\/wp-content\/uploads\/2024\/05\/1606975649218025.png\" alt=\"4\" width=\"180\" height=\"27\" border=\"0\" vspace=\"0\" \/><\/li>\n<\/ul>","protected":false},"featured_media":2695,"template":"","meta":{"_acf_changed":false,"_mi_skip_tracking":false,"_monsterinsights_sitenote_active":false,"_monsterinsights_sitenote_note":"","_monsterinsights_sitenote_category":0},"product_cat":[25,89],"product_tag":[],"class_list":{"0":"post-2693","1":"product","2":"type-product","3":"status-publish","4":"has-post-thumbnail","6":"product_cat-automotive","7":"product_cat-electric-polisher","9":"first","10":"instock","11":"shipping-taxable","12":"product-type-simple"},"acf":[],"yoast_head":"<!-- This site is optimized with the Yoast SEO Premium plugin v21.6 (Yoast SEO v22.3) - https:\/\/yoast.com\/wordpress\/plugins\/seo\/ -->\n<title>710W Electric Dual Action Polisher Random Orbital Car Polisher With 15mm\/21mm orbital size - BURLEY<\/title>\n<meta name=\"robots\" content=\"index, follow, max-snippet:-1, max-image-preview:large, max-video-preview:-1\" \/>\n<link rel=\"canonical\" href=\"https:\/\/www.burleytools.com\/fr\/produit\/polisseuse-electrique-a-double-action-710-w-polisseuse-orbitale-aleatoire-pour-voiture-avec-taille-orbitale-de-15-mm-et-21-mm\/\" \/>\n<meta property=\"og:locale\" content=\"fr_FR\" \/>\n<meta property=\"og:type\" content=\"article\" \/>\n<meta property=\"og:title\" content=\"710W Electric Dual Action Polisher Random Orbital Car Polisher With 15mm\/21mm orbital size\" \/>\n<meta property=\"og:description\" content=\"Professionally designed driving system realizeslower noise and stronger power.  Bigger eccentric diameter (21mm) to realizehigher effciency and better polishing results.  Soft start prevents uncontrolled start whileconstant speed control maintains same speedunder different loadings.  The on-off switch with speed adjustablefunction by pressing the button\" \/>\n<meta property=\"og:url\" content=\"https:\/\/www.burleytools.com\/fr\/produit\/polisseuse-electrique-a-double-action-710-w-polisseuse-orbitale-aleatoire-pour-voiture-avec-taille-orbitale-de-15-mm-et-21-mm\/\" \/>\n<meta property=\"og:site_name\" content=\"BURLEY\" \/>\n<meta property=\"article:modified_time\" content=\"2024-09-06T03:39:14+00:00\" \/>\n<meta property=\"og:image\" content=\"https:\/\/www.burleytools.com\/wp-content\/uploads\/2024\/08\/A7175-A7176.jpg\" \/>\n\t<meta property=\"og:image:width\" content=\"1000\" \/>\n\t<meta property=\"og:image:height\" content=\"1000\" \/>\n\t<meta property=\"og:image:type\" content=\"image\/jpeg\" \/>\n<meta name=\"twitter:card\" content=\"summary_large_image\" \/>\n<meta name=\"twitter:label1\" content=\"Dur\u00e9e de lecture estim\u00e9e\" \/>\n\t<meta name=\"twitter:data1\" content=\"1 minute\" \/>\n<script type=\"application\/ld+json\" class=\"yoast-schema-graph\">{\"@context\":\"https:\/\/schema.org\",\"@graph\":[{\"@type\":\"WebPage\",\"@id\":\"https:\/\/www.burleytools.com\/product\/710w-electric-dual-action-polisher-random-orbital-car-polisher-with-15mm-21mm-orbital-size\/\",\"url\":\"https:\/\/www.burleytools.com\/product\/710w-electric-dual-action-polisher-random-orbital-car-polisher-with-15mm-21mm-orbital-size\/\",\"name\":\"710W Electric Dual Action Polisher Random Orbital Car Polisher With 15mm\/21mm orbital size - BURLEY\",\"isPartOf\":{\"@id\":\"https:\/\/www.burleytools.com\/#website\"},\"primaryImageOfPage\":{\"@id\":\"https:\/\/www.burleytools.com\/product\/710w-electric-dual-action-polisher-random-orbital-car-polisher-with-15mm-21mm-orbital-size\/#primaryimage\"},\"image\":{\"@id\":\"https:\/\/www.burleytools.com\/product\/710w-electric-dual-action-polisher-random-orbital-car-polisher-with-15mm-21mm-orbital-size\/#primaryimage\"},\"thumbnailUrl\":\"https:\/\/www.burleytools.com\/wp-content\/uploads\/2024\/08\/A7175-A7176.jpg\",\"datePublished\":\"2024-08-15T06:32:18+00:00\",\"dateModified\":\"2024-09-06T03:39:14+00:00\",\"breadcrumb\":{\"@id\":\"https:\/\/www.burleytools.com\/product\/710w-electric-dual-action-polisher-random-orbital-car-polisher-with-15mm-21mm-orbital-size\/#breadcrumb\"},\"inLanguage\":\"fr-FR\",\"potentialAction\":[{\"@type\":\"ReadAction\",\"target\":[\"https:\/\/www.burleytools.com\/product\/710w-electric-dual-action-polisher-random-orbital-car-polisher-with-15mm-21mm-orbital-size\/\"]}]},{\"@type\":\"ImageObject\",\"inLanguage\":\"fr-FR\",\"@id\":\"https:\/\/www.burleytools.com\/product\/710w-electric-dual-action-polisher-random-orbital-car-polisher-with-15mm-21mm-orbital-size\/#primaryimage\",\"url\":\"https:\/\/www.burleytools.com\/wp-content\/uploads\/2024\/08\/A7175-A7176.jpg\",\"contentUrl\":\"https:\/\/www.burleytools.com\/wp-content\/uploads\/2024\/08\/A7175-A7176.jpg\",\"width\":1000,\"height\":1000},{\"@type\":\"BreadcrumbList\",\"@id\":\"https:\/\/www.burleytools.com\/product\/710w-electric-dual-action-polisher-random-orbital-car-polisher-with-15mm-21mm-orbital-size\/#breadcrumb\",\"itemListElement\":[{\"@type\":\"ListItem\",\"position\":1,\"name\":\"Home\",\"item\":\"https:\/\/www.burleytools.com\/\"},{\"@type\":\"ListItem\",\"position\":2,\"name\":\"Products\",\"item\":\"https:\/\/www.burleytools.com\/products\/\"},{\"@type\":\"ListItem\",\"position\":3,\"name\":\"710W Electric Dual Action Polisher Random Orbital Car Polisher With 15mm\/21mm orbital size\"}]},{\"@type\":\"WebSite\",\"@id\":\"https:\/\/www.burleytools.com\/#website\",\"url\":\"https:\/\/www.burleytools.com\/\",\"name\":\"BURLEY\",\"description\":\"\",\"publisher\":{\"@id\":\"https:\/\/www.burleytools.com\/#organization\"},\"potentialAction\":[{\"@type\":\"SearchAction\",\"target\":{\"@type\":\"EntryPoint\",\"urlTemplate\":\"https:\/\/www.burleytools.com\/?s={search_term_string}\"},\"query-input\":\"required name=search_term_string\"}],\"inLanguage\":\"fr-FR\"},{\"@type\":\"Organization\",\"@id\":\"https:\/\/www.burleytools.com\/#organization\",\"name\":\"BURLEY\",\"url\":\"https:\/\/www.burleytools.com\/\",\"logo\":{\"@type\":\"ImageObject\",\"inLanguage\":\"fr-FR\",\"@id\":\"https:\/\/www.burleytools.com\/#\/schema\/logo\/image\/\",\"url\":\"https:\/\/www.burleytools.com\/wp-content\/uploads\/2023\/10\/logo.webp\",\"contentUrl\":\"https:\/\/www.burleytools.com\/wp-content\/uploads\/2023\/10\/logo.webp\",\"width\":165,\"height\":62,\"caption\":\"BURLEY\"},\"image\":{\"@id\":\"https:\/\/www.burleytools.com\/#\/schema\/logo\/image\/\"}}]}<\/script>\n<!-- \/ Yoast SEO Premium plugin. -->","yoast_head_json":{"title":"710W Electric Dual Action Polisher Random Orbital Car Polisher With 15mm\/21mm orbital size - BURLEY","robots":{"index":"index","follow":"follow","max-snippet":"max-snippet:-1","max-image-preview":"max-image-preview:large","max-video-preview":"max-video-preview:-1"},"canonical":"https:\/\/www.burleytools.com\/fr\/produit\/polisseuse-electrique-a-double-action-710-w-polisseuse-orbitale-aleatoire-pour-voiture-avec-taille-orbitale-de-15-mm-et-21-mm\/","og_locale":"fr_FR","og_type":"article","og_title":"710W Electric Dual Action Polisher Random Orbital Car Polisher With 15mm\/21mm orbital size","og_description":"Professionally designed driving system realizeslower noise and stronger power.  Bigger eccentric diameter (21mm) to realizehigher effciency and better polishing results.  Soft start prevents uncontrolled start whileconstant speed control maintains same speedunder different loadings.  The on-off switch with speed adjustablefunction by pressing the button","og_url":"https:\/\/www.burleytools.com\/fr\/produit\/polisseuse-electrique-a-double-action-710-w-polisseuse-orbitale-aleatoire-pour-voiture-avec-taille-orbitale-de-15-mm-et-21-mm\/","og_site_name":"BURLEY","article_modified_time":"2024-09-06T03:39:14+00:00","og_image":[{"width":1000,"height":1000,"url":"https:\/\/www.burleytools.com\/wp-content\/uploads\/2024\/08\/A7175-A7176.jpg","type":"image\/jpeg"}],"twitter_card":"summary_large_image","twitter_misc":{"Dur\u00e9e de lecture estim\u00e9e":"1 minute"},"schema":{"@context":"https:\/\/schema.org","@graph":[{"@type":"WebPage","@id":"https:\/\/www.burleytools.com\/product\/710w-electric-dual-action-polisher-random-orbital-car-polisher-with-15mm-21mm-orbital-size\/","url":"https:\/\/www.burleytools.com\/product\/710w-electric-dual-action-polisher-random-orbital-car-polisher-with-15mm-21mm-orbital-size\/","name":"710W Electric Dual Action Polisher Random Orbital Car Polisher With 15mm\/21mm orbital size - BURLEY","isPartOf":{"@id":"https:\/\/www.burleytools.com\/#website"},"primaryImageOfPage":{"@id":"https:\/\/www.burleytools.com\/product\/710w-electric-dual-action-polisher-random-orbital-car-polisher-with-15mm-21mm-orbital-size\/#primaryimage"},"image":{"@id":"https:\/\/www.burleytools.com\/product\/710w-electric-dual-action-polisher-random-orbital-car-polisher-with-15mm-21mm-orbital-size\/#primaryimage"},"thumbnailUrl":"https:\/\/www.burleytools.com\/wp-content\/uploads\/2024\/08\/A7175-A7176.jpg","datePublished":"2024-08-15T06:32:18+00:00","dateModified":"2024-09-06T03:39:14+00:00","breadcrumb":{"@id":"https:\/\/www.burleytools.com\/product\/710w-electric-dual-action-polisher-random-orbital-car-polisher-with-15mm-21mm-orbital-size\/#breadcrumb"},"inLanguage":"fr-FR","potentialAction":[{"@type":"ReadAction","target":["https:\/\/www.burleytools.com\/product\/710w-electric-dual-action-polisher-random-orbital-car-polisher-with-15mm-21mm-orbital-size\/"]}]},{"@type":"ImageObject","inLanguage":"fr-FR","@id":"https:\/\/www.burleytools.com\/product\/710w-electric-dual-action-polisher-random-orbital-car-polisher-with-15mm-21mm-orbital-size\/#primaryimage","url":"https:\/\/www.burleytools.com\/wp-content\/uploads\/2024\/08\/A7175-A7176.jpg","contentUrl":"https:\/\/www.burleytools.com\/wp-content\/uploads\/2024\/08\/A7175-A7176.jpg","width":1000,"height":1000},{"@type":"BreadcrumbList","@id":"https:\/\/www.burleytools.com\/product\/710w-electric-dual-action-polisher-random-orbital-car-polisher-with-15mm-21mm-orbital-size\/#breadcrumb","itemListElement":[{"@type":"ListItem","position":1,"name":"Home","item":"https:\/\/www.burleytools.com\/"},{"@type":"ListItem","position":2,"name":"Products","item":"https:\/\/www.burleytools.com\/products\/"},{"@type":"ListItem","position":3,"name":"710W Electric Dual Action Polisher Random Orbital Car Polisher With 15mm\/21mm orbital size"}]},{"@type":"WebSite","@id":"https:\/\/www.burleytools.com\/#website","url":"https:\/\/www.burleytools.com\/","name":"BURLEY","description":"","publisher":{"@id":"https:\/\/www.burleytools.com\/#organization"},"potentialAction":[{"@type":"SearchAction","target":{"@type":"EntryPoint","urlTemplate":"https:\/\/www.burleytools.com\/?s={search_term_string}"},"query-input":"required name=search_term_string"}],"inLanguage":"fr-FR"},{"@type":"Organization","@id":"https:\/\/www.burleytools.com\/#organization","name":"BURLEY","url":"https:\/\/www.burleytools.com\/","logo":{"@type":"ImageObject","inLanguage":"fr-FR","@id":"https:\/\/www.burleytools.com\/#\/schema\/logo\/image\/","url":"https:\/\/www.burleytools.com\/wp-content\/uploads\/2023\/10\/logo.webp","contentUrl":"https:\/\/www.burleytools.com\/wp-content\/uploads\/2023\/10\/logo.webp","width":165,"height":62,"caption":"BURLEY"},"image":{"@id":"https:\/\/www.burleytools.com\/#\/schema\/logo\/image\/"}}]}},"_links":{"self":[{"href":"https:\/\/www.burleytools.com\/fr\/wp-json\/wp\/v2\/product\/2693"}],"collection":[{"href":"https:\/\/www.burleytools.com\/fr\/wp-json\/wp\/v2\/product"}],"about":[{"href":"https:\/\/www.burleytools.com\/fr\/wp-json\/wp\/v2\/types\/product"}],"wp:featuredmedia":[{"embeddable":true,"href":"https:\/\/www.burleytools.com\/fr\/wp-json\/wp\/v2\/media\/2695"}],"wp:attachment":[{"href":"https:\/\/www.burleytools.com\/fr\/wp-json\/wp\/v2\/media?parent=2693"}],"wp:term":[{"taxonomy":"product_cat","embeddable":true,"href":"https:\/\/www.burleytools.com\/fr\/wp-json\/wp\/v2\/product_cat?post=2693"},{"taxonomy":"product_tag","embeddable":true,"href":"https:\/\/www.burleytools.com\/fr\/wp-json\/wp\/v2\/product_tag?post=2693"}],"curies":[{"name":"wp","href":"https:\/\/api.w.org\/{rel}","templated":true}]}}