{"id":2710,"date":"2024-08-15T06:44:34","date_gmt":"2024-08-15T06:44:34","guid":{"rendered":"https:\/\/www.burleytools.com\/?post_type=product&#038;p=2710"},"modified":"2024-09-06T06:54:21","modified_gmt":"2024-09-06T06:54:21","slug":"electric-brushless-orbital-sander-with-98131mm-retangle-sanding-pad-3mm-orbit-size","status":"publish","type":"product","link":"https:\/\/www.burleytools.com\/fr\/produit\/ponceuse-orbitale-electrique-sans-balais-avec-patin-de-poncage-rectangulaire-de-98-a-131-mm-taille-dorbite-de-3-mm\/","title":{"rendered":"Ponceuse orbitale \u00e9lectrique sans balais avec tampon de pon\u00e7age rectangulaire de 98 x 131 mm, taille d&#039;orbite de 3 mm"},"content":{"rendered":"","protected":false},"excerpt":{"rendered":"<ul>\n<li><span class=\"fontstyle0\">L\u00e9ger avec une conception compacte pour un d\u00e9placement facile, facile \u00e0 utiliser \u00e0 2 mains pour les applications de pon\u00e7age lourdes.<\/span><\/li>\n<li><span class=\"fontstyle0\">La conception basse vous donne un bon contr\u00f4le sur le processus de pon\u00e7age puisque votre main est proche de la surface.<\/span><\/li>\n<li><span class=\"fontstyle0\">Pon\u00e7age sans poussi\u00e8re \u00e0 r\u00e9aliser en raccordant \u00e0 l&#039;aspirateur. <\/span><\/li>\n<li><span class=\"fontstyle0\">Moteur sans balais pour une dur\u00e9e de vie beaucoup plus longue, une efficacit\u00e9 sup\u00e9rieure et un bruit plus faible.<\/span><\/li>\n<li><img decoding=\"async\" style=\"width: 180px; height: 27px;\" title=\"4\" src=\"\/wp-content\/uploads\/2024\/05\/1606975649218025.png\" alt=\"4\" width=\"180\" height=\"27\" border=\"0\" vspace=\"0\" \/><\/li>\n<\/ul>","protected":false},"featured_media":2712,"template":"","meta":{"_acf_changed":false,"_mi_skip_tracking":false,"_monsterinsights_sitenote_active":false,"_monsterinsights_sitenote_note":"","_monsterinsights_sitenote_category":0},"product_cat":[25,91],"product_tag":[],"class_list":{"0":"post-2710","1":"product","2":"type-product","3":"status-publish","4":"has-post-thumbnail","6":"product_cat-automotive","7":"product_cat-electric-orbial-sander","9":"first","10":"instock","11":"shipping-taxable","12":"product-type-simple"},"acf":[],"yoast_head":"<!-- This site is optimized with the Yoast SEO Premium plugin v21.6 (Yoast SEO v22.3) - https:\/\/yoast.com\/wordpress\/plugins\/seo\/ -->\n<title>Electric Brushless Orbital Sander With 98*131mm Retangle Sanding Pad 3mm orbit size - BURLEY<\/title>\n<meta name=\"robots\" content=\"index, follow, max-snippet:-1, max-image-preview:large, max-video-preview:-1\" \/>\n<link rel=\"canonical\" href=\"https:\/\/www.burleytools.com\/fr\/produit\/ponceuse-orbitale-electrique-sans-balais-avec-patin-de-poncage-rectangulaire-de-98-a-131-mm-taille-dorbite-de-3-mm\/\" \/>\n<meta property=\"og:locale\" content=\"fr_FR\" \/>\n<meta property=\"og:type\" content=\"article\" \/>\n<meta property=\"og:title\" content=\"Electric Brushless Orbital Sander With 98*131mm Retangle Sanding Pad 3mm orbit size\" \/>\n<meta property=\"og:description\" content=\"Light weight with compact design for easy to move around, easily use by 2 hands for heavy sanding applications.  The low design gives you good control over the sanding process since your hand is close to the surface.  Dustless sanding to be realized by connecting to the vacuum cleaner.   Brushless motor for much longer life time,higher efficiency and lower noise.\" \/>\n<meta property=\"og:url\" content=\"https:\/\/www.burleytools.com\/fr\/produit\/ponceuse-orbitale-electrique-sans-balais-avec-patin-de-poncage-rectangulaire-de-98-a-131-mm-taille-dorbite-de-3-mm\/\" \/>\n<meta property=\"og:site_name\" content=\"BURLEY\" \/>\n<meta property=\"article:modified_time\" content=\"2024-09-06T06:54:21+00:00\" \/>\n<meta property=\"og:image\" content=\"https:\/\/www.burleytools.com\/wp-content\/uploads\/2024\/08\/R7307.jpg\" \/>\n\t<meta property=\"og:image:width\" content=\"1000\" \/>\n\t<meta property=\"og:image:height\" content=\"1000\" \/>\n\t<meta property=\"og:image:type\" content=\"image\/jpeg\" \/>\n<meta name=\"twitter:card\" content=\"summary_large_image\" \/>\n<meta name=\"twitter:label1\" content=\"Dur\u00e9e de lecture estim\u00e9e\" \/>\n\t<meta name=\"twitter:data1\" content=\"1 minute\" \/>\n<script type=\"application\/ld+json\" class=\"yoast-schema-graph\">{\"@context\":\"https:\/\/schema.org\",\"@graph\":[{\"@type\":\"WebPage\",\"@id\":\"https:\/\/www.burleytools.com\/product\/electric-brushless-orbital-sander-with-98131mm-retangle-sanding-pad-3mm-orbit-size\/\",\"url\":\"https:\/\/www.burleytools.com\/product\/electric-brushless-orbital-sander-with-98131mm-retangle-sanding-pad-3mm-orbit-size\/\",\"name\":\"Electric Brushless Orbital Sander With 98*131mm Retangle Sanding Pad 3mm orbit size - BURLEY\",\"isPartOf\":{\"@id\":\"https:\/\/www.burleytools.com\/#website\"},\"primaryImageOfPage\":{\"@id\":\"https:\/\/www.burleytools.com\/product\/electric-brushless-orbital-sander-with-98131mm-retangle-sanding-pad-3mm-orbit-size\/#primaryimage\"},\"image\":{\"@id\":\"https:\/\/www.burleytools.com\/product\/electric-brushless-orbital-sander-with-98131mm-retangle-sanding-pad-3mm-orbit-size\/#primaryimage\"},\"thumbnailUrl\":\"https:\/\/www.burleytools.com\/wp-content\/uploads\/2024\/08\/R7307.jpg\",\"datePublished\":\"2024-08-15T06:44:34+00:00\",\"dateModified\":\"2024-09-06T06:54:21+00:00\",\"breadcrumb\":{\"@id\":\"https:\/\/www.burleytools.com\/product\/electric-brushless-orbital-sander-with-98131mm-retangle-sanding-pad-3mm-orbit-size\/#breadcrumb\"},\"inLanguage\":\"fr-FR\",\"potentialAction\":[{\"@type\":\"ReadAction\",\"target\":[\"https:\/\/www.burleytools.com\/product\/electric-brushless-orbital-sander-with-98131mm-retangle-sanding-pad-3mm-orbit-size\/\"]}]},{\"@type\":\"ImageObject\",\"inLanguage\":\"fr-FR\",\"@id\":\"https:\/\/www.burleytools.com\/product\/electric-brushless-orbital-sander-with-98131mm-retangle-sanding-pad-3mm-orbit-size\/#primaryimage\",\"url\":\"https:\/\/www.burleytools.com\/wp-content\/uploads\/2024\/08\/R7307.jpg\",\"contentUrl\":\"https:\/\/www.burleytools.com\/wp-content\/uploads\/2024\/08\/R7307.jpg\",\"width\":1000,\"height\":1000},{\"@type\":\"BreadcrumbList\",\"@id\":\"https:\/\/www.burleytools.com\/product\/electric-brushless-orbital-sander-with-98131mm-retangle-sanding-pad-3mm-orbit-size\/#breadcrumb\",\"itemListElement\":[{\"@type\":\"ListItem\",\"position\":1,\"name\":\"Home\",\"item\":\"https:\/\/www.burleytools.com\/\"},{\"@type\":\"ListItem\",\"position\":2,\"name\":\"Products\",\"item\":\"https:\/\/www.burleytools.com\/products\/\"},{\"@type\":\"ListItem\",\"position\":3,\"name\":\"Electric Brushless Orbital Sander With 98*131mm Retangle Sanding Pad 3mm orbit size\"}]},{\"@type\":\"WebSite\",\"@id\":\"https:\/\/www.burleytools.com\/#website\",\"url\":\"https:\/\/www.burleytools.com\/\",\"name\":\"BURLEY\",\"description\":\"\",\"publisher\":{\"@id\":\"https:\/\/www.burleytools.com\/#organization\"},\"potentialAction\":[{\"@type\":\"SearchAction\",\"target\":{\"@type\":\"EntryPoint\",\"urlTemplate\":\"https:\/\/www.burleytools.com\/?s={search_term_string}\"},\"query-input\":\"required name=search_term_string\"}],\"inLanguage\":\"fr-FR\"},{\"@type\":\"Organization\",\"@id\":\"https:\/\/www.burleytools.com\/#organization\",\"name\":\"BURLEY\",\"url\":\"https:\/\/www.burleytools.com\/\",\"logo\":{\"@type\":\"ImageObject\",\"inLanguage\":\"fr-FR\",\"@id\":\"https:\/\/www.burleytools.com\/#\/schema\/logo\/image\/\",\"url\":\"https:\/\/www.burleytools.com\/wp-content\/uploads\/2023\/10\/logo.webp\",\"contentUrl\":\"https:\/\/www.burleytools.com\/wp-content\/uploads\/2023\/10\/logo.webp\",\"width\":165,\"height\":62,\"caption\":\"BURLEY\"},\"image\":{\"@id\":\"https:\/\/www.burleytools.com\/#\/schema\/logo\/image\/\"}}]}<\/script>\n<!-- \/ Yoast SEO Premium plugin. -->","yoast_head_json":{"title":"Electric Brushless Orbital Sander With 98*131mm Retangle Sanding Pad 3mm orbit size - BURLEY","robots":{"index":"index","follow":"follow","max-snippet":"max-snippet:-1","max-image-preview":"max-image-preview:large","max-video-preview":"max-video-preview:-1"},"canonical":"https:\/\/www.burleytools.com\/fr\/produit\/ponceuse-orbitale-electrique-sans-balais-avec-patin-de-poncage-rectangulaire-de-98-a-131-mm-taille-dorbite-de-3-mm\/","og_locale":"fr_FR","og_type":"article","og_title":"Electric Brushless Orbital Sander With 98*131mm Retangle Sanding Pad 3mm orbit size","og_description":"Light weight with compact design for easy to move around, easily use by 2 hands for heavy sanding applications.  The low design gives you good control over the sanding process since your hand is close to the surface.  Dustless sanding to be realized by connecting to the vacuum cleaner.   Brushless motor for much longer life time,higher efficiency and lower noise.","og_url":"https:\/\/www.burleytools.com\/fr\/produit\/ponceuse-orbitale-electrique-sans-balais-avec-patin-de-poncage-rectangulaire-de-98-a-131-mm-taille-dorbite-de-3-mm\/","og_site_name":"BURLEY","article_modified_time":"2024-09-06T06:54:21+00:00","og_image":[{"width":1000,"height":1000,"url":"https:\/\/www.burleytools.com\/wp-content\/uploads\/2024\/08\/R7307.jpg","type":"image\/jpeg"}],"twitter_card":"summary_large_image","twitter_misc":{"Dur\u00e9e de lecture estim\u00e9e":"1 minute"},"schema":{"@context":"https:\/\/schema.org","@graph":[{"@type":"WebPage","@id":"https:\/\/www.burleytools.com\/product\/electric-brushless-orbital-sander-with-98131mm-retangle-sanding-pad-3mm-orbit-size\/","url":"https:\/\/www.burleytools.com\/product\/electric-brushless-orbital-sander-with-98131mm-retangle-sanding-pad-3mm-orbit-size\/","name":"Electric Brushless Orbital Sander With 98*131mm Retangle Sanding Pad 3mm orbit size - BURLEY","isPartOf":{"@id":"https:\/\/www.burleytools.com\/#website"},"primaryImageOfPage":{"@id":"https:\/\/www.burleytools.com\/product\/electric-brushless-orbital-sander-with-98131mm-retangle-sanding-pad-3mm-orbit-size\/#primaryimage"},"image":{"@id":"https:\/\/www.burleytools.com\/product\/electric-brushless-orbital-sander-with-98131mm-retangle-sanding-pad-3mm-orbit-size\/#primaryimage"},"thumbnailUrl":"https:\/\/www.burleytools.com\/wp-content\/uploads\/2024\/08\/R7307.jpg","datePublished":"2024-08-15T06:44:34+00:00","dateModified":"2024-09-06T06:54:21+00:00","breadcrumb":{"@id":"https:\/\/www.burleytools.com\/product\/electric-brushless-orbital-sander-with-98131mm-retangle-sanding-pad-3mm-orbit-size\/#breadcrumb"},"inLanguage":"fr-FR","potentialAction":[{"@type":"ReadAction","target":["https:\/\/www.burleytools.com\/product\/electric-brushless-orbital-sander-with-98131mm-retangle-sanding-pad-3mm-orbit-size\/"]}]},{"@type":"ImageObject","inLanguage":"fr-FR","@id":"https:\/\/www.burleytools.com\/product\/electric-brushless-orbital-sander-with-98131mm-retangle-sanding-pad-3mm-orbit-size\/#primaryimage","url":"https:\/\/www.burleytools.com\/wp-content\/uploads\/2024\/08\/R7307.jpg","contentUrl":"https:\/\/www.burleytools.com\/wp-content\/uploads\/2024\/08\/R7307.jpg","width":1000,"height":1000},{"@type":"BreadcrumbList","@id":"https:\/\/www.burleytools.com\/product\/electric-brushless-orbital-sander-with-98131mm-retangle-sanding-pad-3mm-orbit-size\/#breadcrumb","itemListElement":[{"@type":"ListItem","position":1,"name":"Home","item":"https:\/\/www.burleytools.com\/"},{"@type":"ListItem","position":2,"name":"Products","item":"https:\/\/www.burleytools.com\/products\/"},{"@type":"ListItem","position":3,"name":"Electric Brushless Orbital Sander With 98*131mm Retangle Sanding Pad 3mm orbit size"}]},{"@type":"WebSite","@id":"https:\/\/www.burleytools.com\/#website","url":"https:\/\/www.burleytools.com\/","name":"BURLEY","description":"","publisher":{"@id":"https:\/\/www.burleytools.com\/#organization"},"potentialAction":[{"@type":"SearchAction","target":{"@type":"EntryPoint","urlTemplate":"https:\/\/www.burleytools.com\/?s={search_term_string}"},"query-input":"required name=search_term_string"}],"inLanguage":"fr-FR"},{"@type":"Organization","@id":"https:\/\/www.burleytools.com\/#organization","name":"BURLEY","url":"https:\/\/www.burleytools.com\/","logo":{"@type":"ImageObject","inLanguage":"fr-FR","@id":"https:\/\/www.burleytools.com\/#\/schema\/logo\/image\/","url":"https:\/\/www.burleytools.com\/wp-content\/uploads\/2023\/10\/logo.webp","contentUrl":"https:\/\/www.burleytools.com\/wp-content\/uploads\/2023\/10\/logo.webp","width":165,"height":62,"caption":"BURLEY"},"image":{"@id":"https:\/\/www.burleytools.com\/#\/schema\/logo\/image\/"}}]}},"_links":{"self":[{"href":"https:\/\/www.burleytools.com\/fr\/wp-json\/wp\/v2\/product\/2710"}],"collection":[{"href":"https:\/\/www.burleytools.com\/fr\/wp-json\/wp\/v2\/product"}],"about":[{"href":"https:\/\/www.burleytools.com\/fr\/wp-json\/wp\/v2\/types\/product"}],"wp:featuredmedia":[{"embeddable":true,"href":"https:\/\/www.burleytools.com\/fr\/wp-json\/wp\/v2\/media\/2712"}],"wp:attachment":[{"href":"https:\/\/www.burleytools.com\/fr\/wp-json\/wp\/v2\/media?parent=2710"}],"wp:term":[{"taxonomy":"product_cat","embeddable":true,"href":"https:\/\/www.burleytools.com\/fr\/wp-json\/wp\/v2\/product_cat?post=2710"},{"taxonomy":"product_tag","embeddable":true,"href":"https:\/\/www.burleytools.com\/fr\/wp-json\/wp\/v2\/product_tag?post=2710"}],"curies":[{"name":"wp","href":"https:\/\/api.w.org\/{rel}","templated":true}]}}