{"id":2717,"date":"2024-08-15T06:59:12","date_gmt":"2024-08-15T06:59:12","guid":{"rendered":"https:\/\/www.burleytools.com\/product\/electric-brushless-orbital-sander-with-round-sanding-pad-5-0mm-or-2-5mm-orbit-size-detachable-cabel\/"},"modified":"2024-09-06T07:01:34","modified_gmt":"2024-09-06T07:01:34","slug":"electric-brushless-orbital-sander-with-round-sanding-pad-5-0mm-or-2-5mm-orbit-size-detachable-cabel","status":"publish","type":"product","link":"https:\/\/www.burleytools.com\/fr\/produit\/ponceuse-orbitale-electrique-sans-balais-avec-patin-de-poncage-rond-taille-dorbite-de-5-0-mm-ou-2-5-mm-cable-detachable\/","title":{"rendered":"Ponceuse orbitale \u00e9lectrique sans balais avec patin de pon\u00e7age rond Taille d&#039;orbite de 5,0 mm ou 2,5 mm C\u00e2ble d\u00e9tachable"},"content":{"rendered":"","protected":false},"excerpt":{"rendered":"<ul>\n<li><span class=\"fontstyle0\">Conception ergonomique avec une surface plus grande pour la prise en main<\/span><\/li>\n<li><span class=\"fontstyle0\">La conception basse vous donne un bon contr\u00f4le sur le processus de pon\u00e7age puisque votre main est proche de la surface. <\/span><\/li>\n<li><span class=\"fontstyle0\">Pon\u00e7age sans poussi\u00e8re \u00e0 r\u00e9aliser en raccordant \u00e0 l&#039;aspirateur.<\/span><\/li>\n<li><span class=\"fontstyle0\">Moteur sans balais pour une dur\u00e9e de vie beaucoup plus longue, une efficacit\u00e9 sup\u00e9rieure et un bruit plus faible. <\/span><\/li>\n<li><span class=\"fontstyle0\">C\u00e2ble d\u00e9tachable pour un changement rapide d&#039;autres ponceuses pour r\u00e9pondre \u00e0 diff\u00e9rents besoins de pon\u00e7age<\/span><\/li>\n<li><img decoding=\"async\" style=\"width: 180px; height: 27px;\" title=\"4\" src=\"\/wp-content\/uploads\/2024\/05\/1606975649218025.png\" alt=\"4\" width=\"180\" height=\"27\" border=\"0\" vspace=\"0\" \/><\/li>\n<\/ul>","protected":false},"featured_media":2716,"template":"","meta":{"_acf_changed":false,"_mi_skip_tracking":false,"_monsterinsights_sitenote_active":false,"_monsterinsights_sitenote_note":"","_monsterinsights_sitenote_category":0},"product_cat":[25,91],"product_tag":[],"class_list":{"0":"post-2717","1":"product","2":"type-product","3":"status-publish","4":"has-post-thumbnail","6":"product_cat-automotive","7":"product_cat-electric-orbial-sander","9":"first","10":"instock","11":"shipping-taxable","12":"product-type-simple"},"acf":[],"yoast_head":"<!-- This site is optimized with the Yoast SEO Premium plugin v21.6 (Yoast SEO v22.3) - https:\/\/yoast.com\/wordpress\/plugins\/seo\/ -->\n<title>Electric Brushless Orbital Sander With Round Sanding Pad 5.0mm or 2.5mm orbit size Detachable cabel - BURLEY<\/title>\n<meta name=\"robots\" content=\"index, follow, max-snippet:-1, max-image-preview:large, max-video-preview:-1\" \/>\n<link rel=\"canonical\" href=\"https:\/\/www.burleytools.com\/fr\/produit\/ponceuse-orbitale-electrique-sans-balais-avec-patin-de-poncage-rond-taille-dorbite-de-5-0-mm-ou-2-5-mm-cable-detachable\/\" \/>\n<meta property=\"og:locale\" content=\"fr_FR\" \/>\n<meta property=\"og:type\" content=\"article\" \/>\n<meta property=\"og:title\" content=\"Electric Brushless Orbital Sander With Round Sanding Pad 5.0mm or 2.5mm orbit size Detachable cabel\" \/>\n<meta property=\"og:description\" content=\"Ergonomic design with bigger sueface for holding  The low design gives you good control over the sanding process since your hand is close to the surface.   Dustless sanding to be realized by connecting to the vacuum cleaner.  Brushless motor for much longer life time,higher efficiency and lower noise.   Detachable cable for quick change of other sanders to meet different sanding needs\" \/>\n<meta property=\"og:url\" content=\"https:\/\/www.burleytools.com\/fr\/produit\/ponceuse-orbitale-electrique-sans-balais-avec-patin-de-poncage-rond-taille-dorbite-de-5-0-mm-ou-2-5-mm-cable-detachable\/\" \/>\n<meta property=\"og:site_name\" content=\"BURLEY\" \/>\n<meta property=\"article:modified_time\" content=\"2024-09-06T07:01:34+00:00\" \/>\n<meta property=\"og:image\" content=\"https:\/\/www.burleytools.com\/wp-content\/uploads\/2024\/08\/R7308-1.jpg\" \/>\n\t<meta property=\"og:image:width\" content=\"1000\" \/>\n\t<meta property=\"og:image:height\" content=\"1000\" \/>\n\t<meta property=\"og:image:type\" content=\"image\/jpeg\" \/>\n<meta name=\"twitter:card\" content=\"summary_large_image\" \/>\n<meta name=\"twitter:label1\" content=\"Dur\u00e9e de lecture estim\u00e9e\" \/>\n\t<meta name=\"twitter:data1\" content=\"1 minute\" \/>\n<script type=\"application\/ld+json\" class=\"yoast-schema-graph\">{\"@context\":\"https:\/\/schema.org\",\"@graph\":[{\"@type\":\"WebPage\",\"@id\":\"https:\/\/www.burleytools.com\/product\/electric-brushless-orbital-sander-with-round-sanding-pad-5-0mm-or-2-5mm-orbit-size-detachable-cabel\/\",\"url\":\"https:\/\/www.burleytools.com\/product\/electric-brushless-orbital-sander-with-round-sanding-pad-5-0mm-or-2-5mm-orbit-size-detachable-cabel\/\",\"name\":\"Electric Brushless Orbital Sander With Round Sanding Pad 5.0mm or 2.5mm orbit size Detachable cabel - BURLEY\",\"isPartOf\":{\"@id\":\"https:\/\/www.burleytools.com\/#website\"},\"primaryImageOfPage\":{\"@id\":\"https:\/\/www.burleytools.com\/product\/electric-brushless-orbital-sander-with-round-sanding-pad-5-0mm-or-2-5mm-orbit-size-detachable-cabel\/#primaryimage\"},\"image\":{\"@id\":\"https:\/\/www.burleytools.com\/product\/electric-brushless-orbital-sander-with-round-sanding-pad-5-0mm-or-2-5mm-orbit-size-detachable-cabel\/#primaryimage\"},\"thumbnailUrl\":\"https:\/\/www.burleytools.com\/wp-content\/uploads\/2024\/08\/R7308-1.jpg\",\"datePublished\":\"2024-08-15T06:59:12+00:00\",\"dateModified\":\"2024-09-06T07:01:34+00:00\",\"breadcrumb\":{\"@id\":\"https:\/\/www.burleytools.com\/product\/electric-brushless-orbital-sander-with-round-sanding-pad-5-0mm-or-2-5mm-orbit-size-detachable-cabel\/#breadcrumb\"},\"inLanguage\":\"fr-FR\",\"potentialAction\":[{\"@type\":\"ReadAction\",\"target\":[\"https:\/\/www.burleytools.com\/product\/electric-brushless-orbital-sander-with-round-sanding-pad-5-0mm-or-2-5mm-orbit-size-detachable-cabel\/\"]}]},{\"@type\":\"ImageObject\",\"inLanguage\":\"fr-FR\",\"@id\":\"https:\/\/www.burleytools.com\/product\/electric-brushless-orbital-sander-with-round-sanding-pad-5-0mm-or-2-5mm-orbit-size-detachable-cabel\/#primaryimage\",\"url\":\"https:\/\/www.burleytools.com\/wp-content\/uploads\/2024\/08\/R7308-1.jpg\",\"contentUrl\":\"https:\/\/www.burleytools.com\/wp-content\/uploads\/2024\/08\/R7308-1.jpg\",\"width\":1000,\"height\":1000},{\"@type\":\"BreadcrumbList\",\"@id\":\"https:\/\/www.burleytools.com\/product\/electric-brushless-orbital-sander-with-round-sanding-pad-5-0mm-or-2-5mm-orbit-size-detachable-cabel\/#breadcrumb\",\"itemListElement\":[{\"@type\":\"ListItem\",\"position\":1,\"name\":\"Home\",\"item\":\"https:\/\/www.burleytools.com\/\"},{\"@type\":\"ListItem\",\"position\":2,\"name\":\"Products\",\"item\":\"https:\/\/www.burleytools.com\/products\/\"},{\"@type\":\"ListItem\",\"position\":3,\"name\":\"Electric Brushless Orbital Sander With Round Sanding Pad 5.0mm or 2.5mm orbit size Detachable cabel\"}]},{\"@type\":\"WebSite\",\"@id\":\"https:\/\/www.burleytools.com\/#website\",\"url\":\"https:\/\/www.burleytools.com\/\",\"name\":\"BURLEY\",\"description\":\"\",\"publisher\":{\"@id\":\"https:\/\/www.burleytools.com\/#organization\"},\"potentialAction\":[{\"@type\":\"SearchAction\",\"target\":{\"@type\":\"EntryPoint\",\"urlTemplate\":\"https:\/\/www.burleytools.com\/?s={search_term_string}\"},\"query-input\":\"required name=search_term_string\"}],\"inLanguage\":\"fr-FR\"},{\"@type\":\"Organization\",\"@id\":\"https:\/\/www.burleytools.com\/#organization\",\"name\":\"BURLEY\",\"url\":\"https:\/\/www.burleytools.com\/\",\"logo\":{\"@type\":\"ImageObject\",\"inLanguage\":\"fr-FR\",\"@id\":\"https:\/\/www.burleytools.com\/#\/schema\/logo\/image\/\",\"url\":\"https:\/\/www.burleytools.com\/wp-content\/uploads\/2023\/10\/logo.webp\",\"contentUrl\":\"https:\/\/www.burleytools.com\/wp-content\/uploads\/2023\/10\/logo.webp\",\"width\":165,\"height\":62,\"caption\":\"BURLEY\"},\"image\":{\"@id\":\"https:\/\/www.burleytools.com\/#\/schema\/logo\/image\/\"}}]}<\/script>\n<!-- \/ Yoast SEO Premium plugin. -->","yoast_head_json":{"title":"Electric Brushless Orbital Sander With Round Sanding Pad 5.0mm or 2.5mm orbit size Detachable cabel - BURLEY","robots":{"index":"index","follow":"follow","max-snippet":"max-snippet:-1","max-image-preview":"max-image-preview:large","max-video-preview":"max-video-preview:-1"},"canonical":"https:\/\/www.burleytools.com\/fr\/produit\/ponceuse-orbitale-electrique-sans-balais-avec-patin-de-poncage-rond-taille-dorbite-de-5-0-mm-ou-2-5-mm-cable-detachable\/","og_locale":"fr_FR","og_type":"article","og_title":"Electric Brushless Orbital Sander With Round Sanding Pad 5.0mm or 2.5mm orbit size Detachable cabel","og_description":"Ergonomic design with bigger sueface for holding  The low design gives you good control over the sanding process since your hand is close to the surface.   Dustless sanding to be realized by connecting to the vacuum cleaner.  Brushless motor for much longer life time,higher efficiency and lower noise.   Detachable cable for quick change of other sanders to meet different sanding needs","og_url":"https:\/\/www.burleytools.com\/fr\/produit\/ponceuse-orbitale-electrique-sans-balais-avec-patin-de-poncage-rond-taille-dorbite-de-5-0-mm-ou-2-5-mm-cable-detachable\/","og_site_name":"BURLEY","article_modified_time":"2024-09-06T07:01:34+00:00","og_image":[{"width":1000,"height":1000,"url":"https:\/\/www.burleytools.com\/wp-content\/uploads\/2024\/08\/R7308-1.jpg","type":"image\/jpeg"}],"twitter_card":"summary_large_image","twitter_misc":{"Dur\u00e9e de lecture estim\u00e9e":"1 minute"},"schema":{"@context":"https:\/\/schema.org","@graph":[{"@type":"WebPage","@id":"https:\/\/www.burleytools.com\/product\/electric-brushless-orbital-sander-with-round-sanding-pad-5-0mm-or-2-5mm-orbit-size-detachable-cabel\/","url":"https:\/\/www.burleytools.com\/product\/electric-brushless-orbital-sander-with-round-sanding-pad-5-0mm-or-2-5mm-orbit-size-detachable-cabel\/","name":"Electric Brushless Orbital Sander With Round Sanding Pad 5.0mm or 2.5mm orbit size Detachable cabel - BURLEY","isPartOf":{"@id":"https:\/\/www.burleytools.com\/#website"},"primaryImageOfPage":{"@id":"https:\/\/www.burleytools.com\/product\/electric-brushless-orbital-sander-with-round-sanding-pad-5-0mm-or-2-5mm-orbit-size-detachable-cabel\/#primaryimage"},"image":{"@id":"https:\/\/www.burleytools.com\/product\/electric-brushless-orbital-sander-with-round-sanding-pad-5-0mm-or-2-5mm-orbit-size-detachable-cabel\/#primaryimage"},"thumbnailUrl":"https:\/\/www.burleytools.com\/wp-content\/uploads\/2024\/08\/R7308-1.jpg","datePublished":"2024-08-15T06:59:12+00:00","dateModified":"2024-09-06T07:01:34+00:00","breadcrumb":{"@id":"https:\/\/www.burleytools.com\/product\/electric-brushless-orbital-sander-with-round-sanding-pad-5-0mm-or-2-5mm-orbit-size-detachable-cabel\/#breadcrumb"},"inLanguage":"fr-FR","potentialAction":[{"@type":"ReadAction","target":["https:\/\/www.burleytools.com\/product\/electric-brushless-orbital-sander-with-round-sanding-pad-5-0mm-or-2-5mm-orbit-size-detachable-cabel\/"]}]},{"@type":"ImageObject","inLanguage":"fr-FR","@id":"https:\/\/www.burleytools.com\/product\/electric-brushless-orbital-sander-with-round-sanding-pad-5-0mm-or-2-5mm-orbit-size-detachable-cabel\/#primaryimage","url":"https:\/\/www.burleytools.com\/wp-content\/uploads\/2024\/08\/R7308-1.jpg","contentUrl":"https:\/\/www.burleytools.com\/wp-content\/uploads\/2024\/08\/R7308-1.jpg","width":1000,"height":1000},{"@type":"BreadcrumbList","@id":"https:\/\/www.burleytools.com\/product\/electric-brushless-orbital-sander-with-round-sanding-pad-5-0mm-or-2-5mm-orbit-size-detachable-cabel\/#breadcrumb","itemListElement":[{"@type":"ListItem","position":1,"name":"Home","item":"https:\/\/www.burleytools.com\/"},{"@type":"ListItem","position":2,"name":"Products","item":"https:\/\/www.burleytools.com\/products\/"},{"@type":"ListItem","position":3,"name":"Electric Brushless Orbital Sander With Round Sanding Pad 5.0mm or 2.5mm orbit size Detachable cabel"}]},{"@type":"WebSite","@id":"https:\/\/www.burleytools.com\/#website","url":"https:\/\/www.burleytools.com\/","name":"BURLEY","description":"","publisher":{"@id":"https:\/\/www.burleytools.com\/#organization"},"potentialAction":[{"@type":"SearchAction","target":{"@type":"EntryPoint","urlTemplate":"https:\/\/www.burleytools.com\/?s={search_term_string}"},"query-input":"required name=search_term_string"}],"inLanguage":"fr-FR"},{"@type":"Organization","@id":"https:\/\/www.burleytools.com\/#organization","name":"BURLEY","url":"https:\/\/www.burleytools.com\/","logo":{"@type":"ImageObject","inLanguage":"fr-FR","@id":"https:\/\/www.burleytools.com\/#\/schema\/logo\/image\/","url":"https:\/\/www.burleytools.com\/wp-content\/uploads\/2023\/10\/logo.webp","contentUrl":"https:\/\/www.burleytools.com\/wp-content\/uploads\/2023\/10\/logo.webp","width":165,"height":62,"caption":"BURLEY"},"image":{"@id":"https:\/\/www.burleytools.com\/#\/schema\/logo\/image\/"}}]}},"_links":{"self":[{"href":"https:\/\/www.burleytools.com\/fr\/wp-json\/wp\/v2\/product\/2717"}],"collection":[{"href":"https:\/\/www.burleytools.com\/fr\/wp-json\/wp\/v2\/product"}],"about":[{"href":"https:\/\/www.burleytools.com\/fr\/wp-json\/wp\/v2\/types\/product"}],"wp:featuredmedia":[{"embeddable":true,"href":"https:\/\/www.burleytools.com\/fr\/wp-json\/wp\/v2\/media\/2716"}],"wp:attachment":[{"href":"https:\/\/www.burleytools.com\/fr\/wp-json\/wp\/v2\/media?parent=2717"}],"wp:term":[{"taxonomy":"product_cat","embeddable":true,"href":"https:\/\/www.burleytools.com\/fr\/wp-json\/wp\/v2\/product_cat?post=2717"},{"taxonomy":"product_tag","embeddable":true,"href":"https:\/\/www.burleytools.com\/fr\/wp-json\/wp\/v2\/product_tag?post=2717"}],"curies":[{"name":"wp","href":"https:\/\/api.w.org\/{rel}","templated":true}]}}