{"id":521,"date":"2024-05-09T07:43:46","date_gmt":"2024-05-09T07:43:46","guid":{"rendered":"https:\/\/www.burleytools.com\/product\/1800w-hot-air-gun-kit-with-variable-temperature-50%e2%84%83-580%e2%84%83for-paint-remover-stripper-home-improvement-restoration-r1610\/"},"modified":"2024-08-20T07:28:14","modified_gmt":"2024-08-20T07:28:14","slug":"1800w-hot-air-gun-kit-with-variable-temperature-50%e2%84%83-580%e2%84%83for-paint-remover-stripper-home-improvement-restoration-r1610","status":"publish","type":"product","link":"https:\/\/www.burleytools.com\/fr\/produit\/kit-pistolet-a-air-chaud-1800w-a-temperature-variable-50\u2103-580\u2103pour-decapant-decapant-renovation-renovation-r1610\/","title":{"rendered":"Kit de pistolet \u00e0 air chaud 1800 W \u00e0 temp\u00e9rature variable (50 \u2103-580 \u2103) pour d\u00e9capant\/d\u00e9capant de peinture, am\u00e9lioration de l&#039;habitat\/restauration-R1610"},"content":{"rendered":"<p>\u25cf \u00c9l\u00e9ment chauffant puissant de 2000 watts pour une temp\u00e9rature de travail \u00e9lev\u00e9e.<\/p>\n<p>\u25cf La bague avant amovible permet de travailler dans les endroits difficiles d\u2019acc\u00e8s.<\/p>\n<p>\u25cf Utilisation mains libres s\u00fbre pour de nombreux travaux gr\u00e2ce \u00e0 la position stationnaire stable.<\/p>\n<p>\u25cf Id\u00e9al pour enlever la peinture et les autocollants, cirer et d\u00e9paraffiner les skis, d\u00e9sinfecter les cages d&#039;animaux, allumer les barbecues et bien plus encore.<\/p>\n<p>\u25cf Double isolation pour un fonctionnement en toute s\u00e9curit\u00e9.<\/p>\n<p><img decoding=\"async\" title=\"1610\u4e2d\u6027\u8bf4\u660e\u4e66\" src=\"\/wp-content\/uploads\/2024\/05\/1608693901715213.jpg\" alt=\"1610\u4e2d\u6027\u8bf4\u660e\u4e66\" \/><\/p>","protected":false},"excerpt":{"rendered":"<p>\u25cf La bague avant amovible permet de travailler dans les endroits difficiles d&#039;acc\u00e8s.<\/p>\n<p>\u25cf Un \u00e9l\u00e9ment chauffant en c\u00e9ramique haute temp\u00e9rature et un conduit en acier inoxydable sont utilis\u00e9s pour assurer la durabilit\u00e9.<\/p>\n<p>\u25cf <img decoding=\"async\" style=\"width: 180px; height: 27px;\" title=\"4\" src=\"\/wp-content\/uploads\/2024\/05\/1606975649218025.png\" alt=\"4\" width=\"180\" height=\"27\" border=\"0\" vspace=\"0\" \/><\/p>","protected":false},"featured_media":520,"template":"","meta":{"_acf_changed":false,"_mi_skip_tracking":false,"_monsterinsights_sitenote_active":false,"_monsterinsights_sitenote_note":"","_monsterinsights_sitenote_category":0},"product_cat":[25,26],"product_tag":[],"class_list":{"0":"post-521","1":"product","2":"type-product","3":"status-publish","4":"has-post-thumbnail","6":"product_cat-automotive","7":"product_cat-heat-gun","9":"first","10":"instock","11":"shipping-taxable","12":"product-type-simple"},"acf":[],"yoast_head":"<!-- This site is optimized with the Yoast SEO Premium plugin v21.6 (Yoast SEO v22.3) - https:\/\/yoast.com\/wordpress\/plugins\/seo\/ -->\n<title>1800W Hot Air Gun Kit With Variable Temperature (50\u2103-580\u2103)For Paint Remover\/Stripper, Home Improvement\/Restoration-R1610 - BURLEY<\/title>\n<meta name=\"robots\" content=\"index, follow, max-snippet:-1, max-image-preview:large, max-video-preview:-1\" \/>\n<link rel=\"canonical\" href=\"https:\/\/www.burleytools.com\/fr\/produit\/kit-pistolet-a-air-chaud-1800w-a-temperature-variable-50\u2103-580\u2103pour-decapant-decapant-renovation-renovation-r1610\/\" \/>\n<meta property=\"og:locale\" content=\"fr_FR\" \/>\n<meta property=\"og:type\" content=\"article\" \/>\n<meta property=\"og:title\" content=\"1800W Hot Air Gun Kit With Variable Temperature (50\u2103-580\u2103)For Paint Remover\/Stripper, Home Improvement\/Restoration-R1610\" \/>\n<meta property=\"og:description\" content=\"\u25cf Removale front ring enables working in hard-to-reach places.  \u25cf High temperature ceramic heater and stainless steel duct are employed to ensure durability.  \u25cf\" \/>\n<meta property=\"og:url\" content=\"https:\/\/www.burleytools.com\/fr\/produit\/kit-pistolet-a-air-chaud-1800w-a-temperature-variable-50\u2103-580\u2103pour-decapant-decapant-renovation-renovation-r1610\/\" \/>\n<meta property=\"og:site_name\" content=\"BURLEY\" \/>\n<meta property=\"article:modified_time\" content=\"2024-08-20T07:28:14+00:00\" \/>\n<meta property=\"og:image\" content=\"https:\/\/www.burleytools.com\/wp-content\/uploads\/2024\/05\/1608081057523845-1.jpg\" \/>\n\t<meta property=\"og:image:width\" content=\"700\" \/>\n\t<meta property=\"og:image:height\" content=\"700\" \/>\n\t<meta property=\"og:image:type\" content=\"image\/jpeg\" \/>\n<meta name=\"twitter:card\" content=\"summary_large_image\" \/>\n<meta name=\"twitter:label1\" content=\"Dur\u00e9e de lecture estim\u00e9e\" \/>\n\t<meta name=\"twitter:data1\" content=\"1 minute\" \/>\n<script type=\"application\/ld+json\" class=\"yoast-schema-graph\">{\"@context\":\"https:\/\/schema.org\",\"@graph\":[{\"@type\":\"WebPage\",\"@id\":\"https:\/\/www.burleytools.com\/product\/1800w-hot-air-gun-kit-with-variable-temperature-50%e2%84%83-580%e2%84%83for-paint-remover-stripper-home-improvement-restoration-r1610\/\",\"url\":\"https:\/\/www.burleytools.com\/product\/1800w-hot-air-gun-kit-with-variable-temperature-50%e2%84%83-580%e2%84%83for-paint-remover-stripper-home-improvement-restoration-r1610\/\",\"name\":\"1800W Hot Air Gun Kit With Variable Temperature (50\u2103-580\u2103)For Paint Remover\/Stripper, Home Improvement\/Restoration-R1610 - BURLEY\",\"isPartOf\":{\"@id\":\"https:\/\/www.burleytools.com\/#website\"},\"primaryImageOfPage\":{\"@id\":\"https:\/\/www.burleytools.com\/product\/1800w-hot-air-gun-kit-with-variable-temperature-50%e2%84%83-580%e2%84%83for-paint-remover-stripper-home-improvement-restoration-r1610\/#primaryimage\"},\"image\":{\"@id\":\"https:\/\/www.burleytools.com\/product\/1800w-hot-air-gun-kit-with-variable-temperature-50%e2%84%83-580%e2%84%83for-paint-remover-stripper-home-improvement-restoration-r1610\/#primaryimage\"},\"thumbnailUrl\":\"https:\/\/www.burleytools.com\/wp-content\/uploads\/2024\/05\/1608081057523845-1.jpg\",\"datePublished\":\"2024-05-09T07:43:46+00:00\",\"dateModified\":\"2024-08-20T07:28:14+00:00\",\"breadcrumb\":{\"@id\":\"https:\/\/www.burleytools.com\/product\/1800w-hot-air-gun-kit-with-variable-temperature-50%e2%84%83-580%e2%84%83for-paint-remover-stripper-home-improvement-restoration-r1610\/#breadcrumb\"},\"inLanguage\":\"fr-FR\",\"potentialAction\":[{\"@type\":\"ReadAction\",\"target\":[\"https:\/\/www.burleytools.com\/product\/1800w-hot-air-gun-kit-with-variable-temperature-50%e2%84%83-580%e2%84%83for-paint-remover-stripper-home-improvement-restoration-r1610\/\"]}]},{\"@type\":\"ImageObject\",\"inLanguage\":\"fr-FR\",\"@id\":\"https:\/\/www.burleytools.com\/product\/1800w-hot-air-gun-kit-with-variable-temperature-50%e2%84%83-580%e2%84%83for-paint-remover-stripper-home-improvement-restoration-r1610\/#primaryimage\",\"url\":\"https:\/\/www.burleytools.com\/wp-content\/uploads\/2024\/05\/1608081057523845-1.jpg\",\"contentUrl\":\"https:\/\/www.burleytools.com\/wp-content\/uploads\/2024\/05\/1608081057523845-1.jpg\",\"width\":700,\"height\":700},{\"@type\":\"BreadcrumbList\",\"@id\":\"https:\/\/www.burleytools.com\/product\/1800w-hot-air-gun-kit-with-variable-temperature-50%e2%84%83-580%e2%84%83for-paint-remover-stripper-home-improvement-restoration-r1610\/#breadcrumb\",\"itemListElement\":[{\"@type\":\"ListItem\",\"position\":1,\"name\":\"Home\",\"item\":\"https:\/\/www.burleytools.com\/\"},{\"@type\":\"ListItem\",\"position\":2,\"name\":\"Products\",\"item\":\"https:\/\/www.burleytools.com\/products\/\"},{\"@type\":\"ListItem\",\"position\":3,\"name\":\"1800W Hot Air Gun Kit With Variable Temperature (50\u2103-580\u2103)For Paint Remover\/Stripper, Home Improvement\/Restoration-R1610\"}]},{\"@type\":\"WebSite\",\"@id\":\"https:\/\/www.burleytools.com\/#website\",\"url\":\"https:\/\/www.burleytools.com\/\",\"name\":\"BURLEY\",\"description\":\"\",\"publisher\":{\"@id\":\"https:\/\/www.burleytools.com\/#organization\"},\"potentialAction\":[{\"@type\":\"SearchAction\",\"target\":{\"@type\":\"EntryPoint\",\"urlTemplate\":\"https:\/\/www.burleytools.com\/?s={search_term_string}\"},\"query-input\":\"required name=search_term_string\"}],\"inLanguage\":\"fr-FR\"},{\"@type\":\"Organization\",\"@id\":\"https:\/\/www.burleytools.com\/#organization\",\"name\":\"BURLEY\",\"url\":\"https:\/\/www.burleytools.com\/\",\"logo\":{\"@type\":\"ImageObject\",\"inLanguage\":\"fr-FR\",\"@id\":\"https:\/\/www.burleytools.com\/#\/schema\/logo\/image\/\",\"url\":\"https:\/\/www.burleytools.com\/wp-content\/uploads\/2023\/10\/logo.webp\",\"contentUrl\":\"https:\/\/www.burleytools.com\/wp-content\/uploads\/2023\/10\/logo.webp\",\"width\":165,\"height\":62,\"caption\":\"BURLEY\"},\"image\":{\"@id\":\"https:\/\/www.burleytools.com\/#\/schema\/logo\/image\/\"}}]}<\/script>\n<!-- \/ Yoast SEO Premium plugin. -->","yoast_head_json":{"title":"1800W Hot Air Gun Kit With Variable Temperature (50\u2103-580\u2103)For Paint Remover\/Stripper, Home Improvement\/Restoration-R1610 - BURLEY","robots":{"index":"index","follow":"follow","max-snippet":"max-snippet:-1","max-image-preview":"max-image-preview:large","max-video-preview":"max-video-preview:-1"},"canonical":"https:\/\/www.burleytools.com\/fr\/produit\/kit-pistolet-a-air-chaud-1800w-a-temperature-variable-50\u2103-580\u2103pour-decapant-decapant-renovation-renovation-r1610\/","og_locale":"fr_FR","og_type":"article","og_title":"1800W Hot Air Gun Kit With Variable Temperature (50\u2103-580\u2103)For Paint Remover\/Stripper, Home Improvement\/Restoration-R1610","og_description":"\u25cf Removale front ring enables working in hard-to-reach places.  \u25cf High temperature ceramic heater and stainless steel duct are employed to ensure durability.  \u25cf","og_url":"https:\/\/www.burleytools.com\/fr\/produit\/kit-pistolet-a-air-chaud-1800w-a-temperature-variable-50\u2103-580\u2103pour-decapant-decapant-renovation-renovation-r1610\/","og_site_name":"BURLEY","article_modified_time":"2024-08-20T07:28:14+00:00","og_image":[{"width":700,"height":700,"url":"https:\/\/www.burleytools.com\/wp-content\/uploads\/2024\/05\/1608081057523845-1.jpg","type":"image\/jpeg"}],"twitter_card":"summary_large_image","twitter_misc":{"Dur\u00e9e de lecture estim\u00e9e":"1 minute"},"schema":{"@context":"https:\/\/schema.org","@graph":[{"@type":"WebPage","@id":"https:\/\/www.burleytools.com\/product\/1800w-hot-air-gun-kit-with-variable-temperature-50%e2%84%83-580%e2%84%83for-paint-remover-stripper-home-improvement-restoration-r1610\/","url":"https:\/\/www.burleytools.com\/product\/1800w-hot-air-gun-kit-with-variable-temperature-50%e2%84%83-580%e2%84%83for-paint-remover-stripper-home-improvement-restoration-r1610\/","name":"1800W Hot Air Gun Kit With Variable Temperature (50\u2103-580\u2103)For Paint Remover\/Stripper, Home Improvement\/Restoration-R1610 - BURLEY","isPartOf":{"@id":"https:\/\/www.burleytools.com\/#website"},"primaryImageOfPage":{"@id":"https:\/\/www.burleytools.com\/product\/1800w-hot-air-gun-kit-with-variable-temperature-50%e2%84%83-580%e2%84%83for-paint-remover-stripper-home-improvement-restoration-r1610\/#primaryimage"},"image":{"@id":"https:\/\/www.burleytools.com\/product\/1800w-hot-air-gun-kit-with-variable-temperature-50%e2%84%83-580%e2%84%83for-paint-remover-stripper-home-improvement-restoration-r1610\/#primaryimage"},"thumbnailUrl":"https:\/\/www.burleytools.com\/wp-content\/uploads\/2024\/05\/1608081057523845-1.jpg","datePublished":"2024-05-09T07:43:46+00:00","dateModified":"2024-08-20T07:28:14+00:00","breadcrumb":{"@id":"https:\/\/www.burleytools.com\/product\/1800w-hot-air-gun-kit-with-variable-temperature-50%e2%84%83-580%e2%84%83for-paint-remover-stripper-home-improvement-restoration-r1610\/#breadcrumb"},"inLanguage":"fr-FR","potentialAction":[{"@type":"ReadAction","target":["https:\/\/www.burleytools.com\/product\/1800w-hot-air-gun-kit-with-variable-temperature-50%e2%84%83-580%e2%84%83for-paint-remover-stripper-home-improvement-restoration-r1610\/"]}]},{"@type":"ImageObject","inLanguage":"fr-FR","@id":"https:\/\/www.burleytools.com\/product\/1800w-hot-air-gun-kit-with-variable-temperature-50%e2%84%83-580%e2%84%83for-paint-remover-stripper-home-improvement-restoration-r1610\/#primaryimage","url":"https:\/\/www.burleytools.com\/wp-content\/uploads\/2024\/05\/1608081057523845-1.jpg","contentUrl":"https:\/\/www.burleytools.com\/wp-content\/uploads\/2024\/05\/1608081057523845-1.jpg","width":700,"height":700},{"@type":"BreadcrumbList","@id":"https:\/\/www.burleytools.com\/product\/1800w-hot-air-gun-kit-with-variable-temperature-50%e2%84%83-580%e2%84%83for-paint-remover-stripper-home-improvement-restoration-r1610\/#breadcrumb","itemListElement":[{"@type":"ListItem","position":1,"name":"Home","item":"https:\/\/www.burleytools.com\/"},{"@type":"ListItem","position":2,"name":"Products","item":"https:\/\/www.burleytools.com\/products\/"},{"@type":"ListItem","position":3,"name":"1800W Hot Air Gun Kit With Variable Temperature (50\u2103-580\u2103)For Paint Remover\/Stripper, Home Improvement\/Restoration-R1610"}]},{"@type":"WebSite","@id":"https:\/\/www.burleytools.com\/#website","url":"https:\/\/www.burleytools.com\/","name":"BURLEY","description":"","publisher":{"@id":"https:\/\/www.burleytools.com\/#organization"},"potentialAction":[{"@type":"SearchAction","target":{"@type":"EntryPoint","urlTemplate":"https:\/\/www.burleytools.com\/?s={search_term_string}"},"query-input":"required name=search_term_string"}],"inLanguage":"fr-FR"},{"@type":"Organization","@id":"https:\/\/www.burleytools.com\/#organization","name":"BURLEY","url":"https:\/\/www.burleytools.com\/","logo":{"@type":"ImageObject","inLanguage":"fr-FR","@id":"https:\/\/www.burleytools.com\/#\/schema\/logo\/image\/","url":"https:\/\/www.burleytools.com\/wp-content\/uploads\/2023\/10\/logo.webp","contentUrl":"https:\/\/www.burleytools.com\/wp-content\/uploads\/2023\/10\/logo.webp","width":165,"height":62,"caption":"BURLEY"},"image":{"@id":"https:\/\/www.burleytools.com\/#\/schema\/logo\/image\/"}}]}},"_links":{"self":[{"href":"https:\/\/www.burleytools.com\/fr\/wp-json\/wp\/v2\/product\/521"}],"collection":[{"href":"https:\/\/www.burleytools.com\/fr\/wp-json\/wp\/v2\/product"}],"about":[{"href":"https:\/\/www.burleytools.com\/fr\/wp-json\/wp\/v2\/types\/product"}],"wp:featuredmedia":[{"embeddable":true,"href":"https:\/\/www.burleytools.com\/fr\/wp-json\/wp\/v2\/media\/520"}],"wp:attachment":[{"href":"https:\/\/www.burleytools.com\/fr\/wp-json\/wp\/v2\/media?parent=521"}],"wp:term":[{"taxonomy":"product_cat","embeddable":true,"href":"https:\/\/www.burleytools.com\/fr\/wp-json\/wp\/v2\/product_cat?post=521"},{"taxonomy":"product_tag","embeddable":true,"href":"https:\/\/www.burleytools.com\/fr\/wp-json\/wp\/v2\/product_tag?post=521"}],"curies":[{"name":"wp","href":"https:\/\/api.w.org\/{rel}","templated":true}]}}