{"id":591,"date":"2024-05-09T07:44:06","date_gmt":"2024-05-09T07:44:06","guid":{"rendered":"https:\/\/www.burleytools.com\/product\/buffer-polisher-180mm-1200w-with-6-variable-speeds-for-car-sanding-polishing-waxing-sealing-glaze-r7182\/"},"modified":"2024-08-20T07:28:22","modified_gmt":"2024-08-20T07:28:22","slug":"buffer-polisher-180mm-1200w-with-6-variable-speeds-for-car-sanding-polishing-waxing-sealing-glaze-r7182","status":"publish","type":"product","link":"https:\/\/www.burleytools.com\/fr\/produit\/polisseuse-tampon-180mm-1200w-avec-6-vitesses-variables-pour-poncage-de-voiture-polissage-cirage-scellement-glacis-r7182\/","title":{"rendered":"Polisseuse tampon 180 mm 1 200 W avec 6 vitesses variables pour pon\u00e7age, polissage, cirage, scellement de vitres de voiture-R7182"},"content":{"rendered":"<p>\u25cf Design attrayant.<\/p>\n<p>\u25cf Vitesse r\u00e9glable.<\/p>\n<p>\u25cf Interrupteur marche\/arr\u00eat de s\u00e9curit\u00e9 avec bouton de verrouillage pour un fonctionnement continu.<\/p>\n<p><img decoding=\"async\" title=\"7182\u4e2d\u6027\u8bf4\u660e\u4e66\" src=\"\/wp-content\/uploads\/2024\/05\/1608693649847793.jpg\" alt=\"7182\u4e2d\u6027\u8bf4\u660e\u4e66\" \/><\/p>","protected":false},"excerpt":{"rendered":"<p>\u25cf Num\u00e9rotation rapide pour un r\u00e9glage de vitesse optimal de 600 \u00e0 3 300 tr\/min.<\/p>\n<p>\u25cf Brosses accessibles de l&#039;ext\u00e9rieur pour un entretien facile et une dur\u00e9e de vie du moteur plus longue.<\/p>\n<p>\u25cf Verrouillez la broche pour faciliter le montage et le retrait du tampon de polissage.<\/p>\n<p>\u25cf <img decoding=\"async\" style=\"width: 180px; height: 27px;\" title=\"1606975649218025\" src=\"\/wp-content\/uploads\/2024\/05\/1606975649218025.png\" alt=\"1606975649218025.png\" width=\"180\" height=\"27\" border=\"0\" vspace=\"0\" \/><\/p>","protected":false},"featured_media":2707,"template":"","meta":{"_acf_changed":false,"_mi_skip_tracking":false,"_monsterinsights_sitenote_active":false,"_monsterinsights_sitenote_note":"","_monsterinsights_sitenote_category":0},"product_cat":[25,89],"product_tag":[],"class_list":{"0":"post-591","1":"product","2":"type-product","3":"status-publish","4":"has-post-thumbnail","6":"product_cat-automotive","7":"product_cat-electric-polisher","9":"first","10":"instock","11":"shipping-taxable","12":"product-type-simple"},"acf":[],"yoast_head":"<!-- This site is optimized with the Yoast SEO Premium plugin v21.6 (Yoast SEO v22.3) - https:\/\/yoast.com\/wordpress\/plugins\/seo\/ -->\n<title>Buffer Polisher 180mm 1200W With 6 Variable Speeds For Car Sanding, Polishing, Waxing, Sealing Glaze-R7182 - BURLEY<\/title>\n<meta name=\"robots\" content=\"index, follow, max-snippet:-1, max-image-preview:large, max-video-preview:-1\" \/>\n<link rel=\"canonical\" href=\"https:\/\/www.burleytools.com\/fr\/produit\/polisseuse-tampon-180mm-1200w-avec-6-vitesses-variables-pour-poncage-de-voiture-polissage-cirage-scellement-glacis-r7182\/\" \/>\n<meta property=\"og:locale\" content=\"fr_FR\" \/>\n<meta property=\"og:type\" content=\"article\" \/>\n<meta property=\"og:title\" content=\"Buffer Polisher 180mm 1200W With 6 Variable Speeds For Car Sanding, Polishing, Waxing, Sealing Glaze-R7182\" \/>\n<meta property=\"og:description\" content=\"\u25cf Speed dial for optimum speed setting from 600 to 3300rpm.  \u25cf Externally accessible brushes for easy servicing and longer motor life.  \u25cf Lock the spindle for easy assembly and removing off the polishing pad.  \u25cf\" \/>\n<meta property=\"og:url\" content=\"https:\/\/www.burleytools.com\/fr\/produit\/polisseuse-tampon-180mm-1200w-avec-6-vitesses-variables-pour-poncage-de-voiture-polissage-cirage-scellement-glacis-r7182\/\" \/>\n<meta property=\"og:site_name\" content=\"BURLEY\" \/>\n<meta property=\"article:modified_time\" content=\"2024-08-20T07:28:22+00:00\" \/>\n<meta property=\"og:image\" content=\"https:\/\/www.burleytools.com\/wp-content\/uploads\/2024\/05\/R7182.jpg\" \/>\n\t<meta property=\"og:image:width\" content=\"1000\" \/>\n\t<meta property=\"og:image:height\" content=\"1000\" \/>\n\t<meta property=\"og:image:type\" content=\"image\/jpeg\" \/>\n<meta name=\"twitter:card\" content=\"summary_large_image\" \/>\n<meta name=\"twitter:label1\" content=\"Dur\u00e9e de lecture estim\u00e9e\" \/>\n\t<meta name=\"twitter:data1\" content=\"1 minute\" \/>\n<script type=\"application\/ld+json\" class=\"yoast-schema-graph\">{\"@context\":\"https:\/\/schema.org\",\"@graph\":[{\"@type\":\"WebPage\",\"@id\":\"https:\/\/www.burleytools.com\/product\/buffer-polisher-180mm-1200w-with-6-variable-speeds-for-car-sanding-polishing-waxing-sealing-glaze-r7182\/\",\"url\":\"https:\/\/www.burleytools.com\/product\/buffer-polisher-180mm-1200w-with-6-variable-speeds-for-car-sanding-polishing-waxing-sealing-glaze-r7182\/\",\"name\":\"Buffer Polisher 180mm 1200W With 6 Variable Speeds For Car Sanding, Polishing, Waxing, Sealing Glaze-R7182 - BURLEY\",\"isPartOf\":{\"@id\":\"https:\/\/www.burleytools.com\/#website\"},\"primaryImageOfPage\":{\"@id\":\"https:\/\/www.burleytools.com\/product\/buffer-polisher-180mm-1200w-with-6-variable-speeds-for-car-sanding-polishing-waxing-sealing-glaze-r7182\/#primaryimage\"},\"image\":{\"@id\":\"https:\/\/www.burleytools.com\/product\/buffer-polisher-180mm-1200w-with-6-variable-speeds-for-car-sanding-polishing-waxing-sealing-glaze-r7182\/#primaryimage\"},\"thumbnailUrl\":\"https:\/\/www.burleytools.com\/wp-content\/uploads\/2024\/05\/R7182.jpg\",\"datePublished\":\"2024-05-09T07:44:06+00:00\",\"dateModified\":\"2024-08-20T07:28:22+00:00\",\"breadcrumb\":{\"@id\":\"https:\/\/www.burleytools.com\/product\/buffer-polisher-180mm-1200w-with-6-variable-speeds-for-car-sanding-polishing-waxing-sealing-glaze-r7182\/#breadcrumb\"},\"inLanguage\":\"fr-FR\",\"potentialAction\":[{\"@type\":\"ReadAction\",\"target\":[\"https:\/\/www.burleytools.com\/product\/buffer-polisher-180mm-1200w-with-6-variable-speeds-for-car-sanding-polishing-waxing-sealing-glaze-r7182\/\"]}]},{\"@type\":\"ImageObject\",\"inLanguage\":\"fr-FR\",\"@id\":\"https:\/\/www.burleytools.com\/product\/buffer-polisher-180mm-1200w-with-6-variable-speeds-for-car-sanding-polishing-waxing-sealing-glaze-r7182\/#primaryimage\",\"url\":\"https:\/\/www.burleytools.com\/wp-content\/uploads\/2024\/05\/R7182.jpg\",\"contentUrl\":\"https:\/\/www.burleytools.com\/wp-content\/uploads\/2024\/05\/R7182.jpg\",\"width\":1000,\"height\":1000},{\"@type\":\"BreadcrumbList\",\"@id\":\"https:\/\/www.burleytools.com\/product\/buffer-polisher-180mm-1200w-with-6-variable-speeds-for-car-sanding-polishing-waxing-sealing-glaze-r7182\/#breadcrumb\",\"itemListElement\":[{\"@type\":\"ListItem\",\"position\":1,\"name\":\"Home\",\"item\":\"https:\/\/www.burleytools.com\/\"},{\"@type\":\"ListItem\",\"position\":2,\"name\":\"Products\",\"item\":\"https:\/\/www.burleytools.com\/products\/\"},{\"@type\":\"ListItem\",\"position\":3,\"name\":\"Buffer Polisher 180mm 1200W With 6 Variable Speeds For Car Sanding, Polishing, Waxing, Sealing Glaze-R7182\"}]},{\"@type\":\"WebSite\",\"@id\":\"https:\/\/www.burleytools.com\/#website\",\"url\":\"https:\/\/www.burleytools.com\/\",\"name\":\"BURLEY\",\"description\":\"\",\"publisher\":{\"@id\":\"https:\/\/www.burleytools.com\/#organization\"},\"potentialAction\":[{\"@type\":\"SearchAction\",\"target\":{\"@type\":\"EntryPoint\",\"urlTemplate\":\"https:\/\/www.burleytools.com\/?s={search_term_string}\"},\"query-input\":\"required name=search_term_string\"}],\"inLanguage\":\"fr-FR\"},{\"@type\":\"Organization\",\"@id\":\"https:\/\/www.burleytools.com\/#organization\",\"name\":\"BURLEY\",\"url\":\"https:\/\/www.burleytools.com\/\",\"logo\":{\"@type\":\"ImageObject\",\"inLanguage\":\"fr-FR\",\"@id\":\"https:\/\/www.burleytools.com\/#\/schema\/logo\/image\/\",\"url\":\"https:\/\/www.burleytools.com\/wp-content\/uploads\/2023\/10\/logo.webp\",\"contentUrl\":\"https:\/\/www.burleytools.com\/wp-content\/uploads\/2023\/10\/logo.webp\",\"width\":165,\"height\":62,\"caption\":\"BURLEY\"},\"image\":{\"@id\":\"https:\/\/www.burleytools.com\/#\/schema\/logo\/image\/\"}}]}<\/script>\n<!-- \/ Yoast SEO Premium plugin. -->","yoast_head_json":{"title":"Buffer Polisher 180mm 1200W With 6 Variable Speeds For Car Sanding, Polishing, Waxing, Sealing Glaze-R7182 - BURLEY","robots":{"index":"index","follow":"follow","max-snippet":"max-snippet:-1","max-image-preview":"max-image-preview:large","max-video-preview":"max-video-preview:-1"},"canonical":"https:\/\/www.burleytools.com\/fr\/produit\/polisseuse-tampon-180mm-1200w-avec-6-vitesses-variables-pour-poncage-de-voiture-polissage-cirage-scellement-glacis-r7182\/","og_locale":"fr_FR","og_type":"article","og_title":"Buffer Polisher 180mm 1200W With 6 Variable Speeds For Car Sanding, Polishing, Waxing, Sealing Glaze-R7182","og_description":"\u25cf Speed dial for optimum speed setting from 600 to 3300rpm.  \u25cf Externally accessible brushes for easy servicing and longer motor life.  \u25cf Lock the spindle for easy assembly and removing off the polishing pad.  \u25cf","og_url":"https:\/\/www.burleytools.com\/fr\/produit\/polisseuse-tampon-180mm-1200w-avec-6-vitesses-variables-pour-poncage-de-voiture-polissage-cirage-scellement-glacis-r7182\/","og_site_name":"BURLEY","article_modified_time":"2024-08-20T07:28:22+00:00","og_image":[{"width":1000,"height":1000,"url":"https:\/\/www.burleytools.com\/wp-content\/uploads\/2024\/05\/R7182.jpg","type":"image\/jpeg"}],"twitter_card":"summary_large_image","twitter_misc":{"Dur\u00e9e de lecture estim\u00e9e":"1 minute"},"schema":{"@context":"https:\/\/schema.org","@graph":[{"@type":"WebPage","@id":"https:\/\/www.burleytools.com\/product\/buffer-polisher-180mm-1200w-with-6-variable-speeds-for-car-sanding-polishing-waxing-sealing-glaze-r7182\/","url":"https:\/\/www.burleytools.com\/product\/buffer-polisher-180mm-1200w-with-6-variable-speeds-for-car-sanding-polishing-waxing-sealing-glaze-r7182\/","name":"Buffer Polisher 180mm 1200W With 6 Variable Speeds For Car Sanding, Polishing, Waxing, Sealing Glaze-R7182 - BURLEY","isPartOf":{"@id":"https:\/\/www.burleytools.com\/#website"},"primaryImageOfPage":{"@id":"https:\/\/www.burleytools.com\/product\/buffer-polisher-180mm-1200w-with-6-variable-speeds-for-car-sanding-polishing-waxing-sealing-glaze-r7182\/#primaryimage"},"image":{"@id":"https:\/\/www.burleytools.com\/product\/buffer-polisher-180mm-1200w-with-6-variable-speeds-for-car-sanding-polishing-waxing-sealing-glaze-r7182\/#primaryimage"},"thumbnailUrl":"https:\/\/www.burleytools.com\/wp-content\/uploads\/2024\/05\/R7182.jpg","datePublished":"2024-05-09T07:44:06+00:00","dateModified":"2024-08-20T07:28:22+00:00","breadcrumb":{"@id":"https:\/\/www.burleytools.com\/product\/buffer-polisher-180mm-1200w-with-6-variable-speeds-for-car-sanding-polishing-waxing-sealing-glaze-r7182\/#breadcrumb"},"inLanguage":"fr-FR","potentialAction":[{"@type":"ReadAction","target":["https:\/\/www.burleytools.com\/product\/buffer-polisher-180mm-1200w-with-6-variable-speeds-for-car-sanding-polishing-waxing-sealing-glaze-r7182\/"]}]},{"@type":"ImageObject","inLanguage":"fr-FR","@id":"https:\/\/www.burleytools.com\/product\/buffer-polisher-180mm-1200w-with-6-variable-speeds-for-car-sanding-polishing-waxing-sealing-glaze-r7182\/#primaryimage","url":"https:\/\/www.burleytools.com\/wp-content\/uploads\/2024\/05\/R7182.jpg","contentUrl":"https:\/\/www.burleytools.com\/wp-content\/uploads\/2024\/05\/R7182.jpg","width":1000,"height":1000},{"@type":"BreadcrumbList","@id":"https:\/\/www.burleytools.com\/product\/buffer-polisher-180mm-1200w-with-6-variable-speeds-for-car-sanding-polishing-waxing-sealing-glaze-r7182\/#breadcrumb","itemListElement":[{"@type":"ListItem","position":1,"name":"Home","item":"https:\/\/www.burleytools.com\/"},{"@type":"ListItem","position":2,"name":"Products","item":"https:\/\/www.burleytools.com\/products\/"},{"@type":"ListItem","position":3,"name":"Buffer Polisher 180mm 1200W With 6 Variable Speeds For Car Sanding, Polishing, Waxing, Sealing Glaze-R7182"}]},{"@type":"WebSite","@id":"https:\/\/www.burleytools.com\/#website","url":"https:\/\/www.burleytools.com\/","name":"BURLEY","description":"","publisher":{"@id":"https:\/\/www.burleytools.com\/#organization"},"potentialAction":[{"@type":"SearchAction","target":{"@type":"EntryPoint","urlTemplate":"https:\/\/www.burleytools.com\/?s={search_term_string}"},"query-input":"required name=search_term_string"}],"inLanguage":"fr-FR"},{"@type":"Organization","@id":"https:\/\/www.burleytools.com\/#organization","name":"BURLEY","url":"https:\/\/www.burleytools.com\/","logo":{"@type":"ImageObject","inLanguage":"fr-FR","@id":"https:\/\/www.burleytools.com\/#\/schema\/logo\/image\/","url":"https:\/\/www.burleytools.com\/wp-content\/uploads\/2023\/10\/logo.webp","contentUrl":"https:\/\/www.burleytools.com\/wp-content\/uploads\/2023\/10\/logo.webp","width":165,"height":62,"caption":"BURLEY"},"image":{"@id":"https:\/\/www.burleytools.com\/#\/schema\/logo\/image\/"}}]}},"_links":{"self":[{"href":"https:\/\/www.burleytools.com\/fr\/wp-json\/wp\/v2\/product\/591"}],"collection":[{"href":"https:\/\/www.burleytools.com\/fr\/wp-json\/wp\/v2\/product"}],"about":[{"href":"https:\/\/www.burleytools.com\/fr\/wp-json\/wp\/v2\/types\/product"}],"wp:featuredmedia":[{"embeddable":true,"href":"https:\/\/www.burleytools.com\/fr\/wp-json\/wp\/v2\/media\/2707"}],"wp:attachment":[{"href":"https:\/\/www.burleytools.com\/fr\/wp-json\/wp\/v2\/media?parent=591"}],"wp:term":[{"taxonomy":"product_cat","embeddable":true,"href":"https:\/\/www.burleytools.com\/fr\/wp-json\/wp\/v2\/product_cat?post=591"},{"taxonomy":"product_tag","embeddable":true,"href":"https:\/\/www.burleytools.com\/fr\/wp-json\/wp\/v2\/product_tag?post=591"}],"curies":[{"name":"wp","href":"https:\/\/api.w.org\/{rel}","templated":true}]}}