{"id":605,"date":"2024-05-09T07:44:10","date_gmt":"2024-05-09T07:44:10","guid":{"rendered":"https:\/\/www.burleytools.com\/product\/720w-900w-dual-action-polishercar-polisher-use-w-detailing-car-wash-clay-bar-ceramic-coating-r7171\/"},"modified":"2024-08-20T07:28:23","modified_gmt":"2024-08-20T07:28:23","slug":"720w-900w-dual-action-polishercar-polisher-use-w-detailing-car-wash-clay-bar-ceramic-coating-r7171","status":"publish","type":"product","link":"https:\/\/www.burleytools.com\/fr\/produit\/polisseuse-a-double-action-720w-900w-polisseuse-de-voiture-a-utiliser-avec-un-revetement-en-ceramique-pour-barre-dargile-pour-lavage-de-voiture-detaille-r7171\/","title":{"rendered":"Polisseuse \u00e0 double action 720 W\/900 W, polisseuse pour voiture, \u00e0 utiliser avec un rev\u00eatement en c\u00e9ramique pour barre d&#039;argile pour lavage de voiture - R7171"},"content":{"rendered":"<p>\u25cf Poign\u00e9e souple pour un fonctionnement confortable et \u00e9conome en \u00e9nergie.<\/p>\n<p>\u25cf Un syst\u00e8me de conduite con\u00e7u par des professionnels permet de r\u00e9duire le bruit et d&#039;obtenir une puissance plus \u00e9lev\u00e9e.<\/p>\n<p>\u25cf Diam\u00e8tre excentrique plus grand pour obtenir une efficacit\u00e9 sup\u00e9rieure et de meilleurs r\u00e9sultats de polissage.<\/p>\n<p>\u25cf Le d\u00e9marrage progressif emp\u00eache un d\u00e9marrage incontr\u00f4l\u00e9 tandis que le contr\u00f4le de vitesse constante maintient la m\u00eame vitesse sous diff\u00e9rentes charges.<\/p>\n<p><img decoding=\"async\" title=\"7171\u4e2d\u6027\u8bf4\u660e\u4e66\" src=\"\/wp-content\/uploads\/2024\/05\/1608693583589306.jpg\" alt=\"7171\u4e2d\u6027\u8bf4\u660e\u4e66\" \/><\/p>","protected":false},"excerpt":{"rendered":"<p>\u25cf <img decoding=\"async\" style=\"width: 180px; height: 27px;\" title=\"1606975649218025\" src=\"\/wp-content\/uploads\/2024\/05\/1606975649218025.png\" alt=\"1606975649218025.png\" width=\"180\" height=\"27\" border=\"0\" vspace=\"0\" \/><\/p>","protected":false},"featured_media":2703,"template":"","meta":{"_acf_changed":false,"_mi_skip_tracking":false,"_monsterinsights_sitenote_active":false,"_monsterinsights_sitenote_note":"","_monsterinsights_sitenote_category":0},"product_cat":[25,89],"product_tag":[],"class_list":{"0":"post-605","1":"product","2":"type-product","3":"status-publish","4":"has-post-thumbnail","6":"product_cat-automotive","7":"product_cat-electric-polisher","9":"first","10":"instock","11":"shipping-taxable","12":"product-type-simple"},"acf":[],"yoast_head":"<!-- This site is optimized with the Yoast SEO Premium plugin v21.6 (Yoast SEO v22.3) - https:\/\/yoast.com\/wordpress\/plugins\/seo\/ -->\n<title>720W\/900W \u00a0Dual Action Polisher,Car Polisher, Use W\/Detailing Car Wash Clay Bar Ceramic Coating-R7171 - BURLEY<\/title>\n<meta name=\"robots\" content=\"index, follow, max-snippet:-1, max-image-preview:large, max-video-preview:-1\" \/>\n<link rel=\"canonical\" href=\"https:\/\/www.burleytools.com\/fr\/produit\/polisseuse-a-double-action-720w-900w-polisseuse-de-voiture-a-utiliser-avec-un-revetement-en-ceramique-pour-barre-dargile-pour-lavage-de-voiture-detaille-r7171\/\" \/>\n<meta property=\"og:locale\" content=\"fr_FR\" \/>\n<meta property=\"og:type\" content=\"article\" \/>\n<meta property=\"og:title\" content=\"720W\/900W \u00a0Dual Action Polisher,Car Polisher, Use W\/Detailing Car Wash Clay Bar Ceramic Coating-R7171\" \/>\n<meta property=\"og:description\" content=\"\u25cf\" \/>\n<meta property=\"og:url\" content=\"https:\/\/www.burleytools.com\/fr\/produit\/polisseuse-a-double-action-720w-900w-polisseuse-de-voiture-a-utiliser-avec-un-revetement-en-ceramique-pour-barre-dargile-pour-lavage-de-voiture-detaille-r7171\/\" \/>\n<meta property=\"og:site_name\" content=\"BURLEY\" \/>\n<meta property=\"article:modified_time\" content=\"2024-08-20T07:28:23+00:00\" \/>\n<meta property=\"og:image\" content=\"https:\/\/www.burleytools.com\/wp-content\/uploads\/2024\/05\/R7171.jpg\" \/>\n\t<meta property=\"og:image:width\" content=\"1000\" \/>\n\t<meta property=\"og:image:height\" content=\"1000\" \/>\n\t<meta property=\"og:image:type\" content=\"image\/jpeg\" \/>\n<meta name=\"twitter:card\" content=\"summary_large_image\" \/>\n<meta name=\"twitter:label1\" content=\"Dur\u00e9e de lecture estim\u00e9e\" \/>\n\t<meta name=\"twitter:data1\" content=\"1 minute\" \/>\n<script type=\"application\/ld+json\" class=\"yoast-schema-graph\">{\"@context\":\"https:\/\/schema.org\",\"@graph\":[{\"@type\":\"WebPage\",\"@id\":\"https:\/\/www.burleytools.com\/product\/720w-900w-dual-action-polishercar-polisher-use-w-detailing-car-wash-clay-bar-ceramic-coating-r7171\/\",\"url\":\"https:\/\/www.burleytools.com\/product\/720w-900w-dual-action-polishercar-polisher-use-w-detailing-car-wash-clay-bar-ceramic-coating-r7171\/\",\"name\":\"720W\/900W \u00a0Dual Action Polisher,Car Polisher, Use W\/Detailing Car Wash Clay Bar Ceramic Coating-R7171 - BURLEY\",\"isPartOf\":{\"@id\":\"https:\/\/www.burleytools.com\/#website\"},\"primaryImageOfPage\":{\"@id\":\"https:\/\/www.burleytools.com\/product\/720w-900w-dual-action-polishercar-polisher-use-w-detailing-car-wash-clay-bar-ceramic-coating-r7171\/#primaryimage\"},\"image\":{\"@id\":\"https:\/\/www.burleytools.com\/product\/720w-900w-dual-action-polishercar-polisher-use-w-detailing-car-wash-clay-bar-ceramic-coating-r7171\/#primaryimage\"},\"thumbnailUrl\":\"https:\/\/www.burleytools.com\/wp-content\/uploads\/2024\/05\/R7171.jpg\",\"datePublished\":\"2024-05-09T07:44:10+00:00\",\"dateModified\":\"2024-08-20T07:28:23+00:00\",\"breadcrumb\":{\"@id\":\"https:\/\/www.burleytools.com\/product\/720w-900w-dual-action-polishercar-polisher-use-w-detailing-car-wash-clay-bar-ceramic-coating-r7171\/#breadcrumb\"},\"inLanguage\":\"fr-FR\",\"potentialAction\":[{\"@type\":\"ReadAction\",\"target\":[\"https:\/\/www.burleytools.com\/product\/720w-900w-dual-action-polishercar-polisher-use-w-detailing-car-wash-clay-bar-ceramic-coating-r7171\/\"]}]},{\"@type\":\"ImageObject\",\"inLanguage\":\"fr-FR\",\"@id\":\"https:\/\/www.burleytools.com\/product\/720w-900w-dual-action-polishercar-polisher-use-w-detailing-car-wash-clay-bar-ceramic-coating-r7171\/#primaryimage\",\"url\":\"https:\/\/www.burleytools.com\/wp-content\/uploads\/2024\/05\/R7171.jpg\",\"contentUrl\":\"https:\/\/www.burleytools.com\/wp-content\/uploads\/2024\/05\/R7171.jpg\",\"width\":1000,\"height\":1000},{\"@type\":\"BreadcrumbList\",\"@id\":\"https:\/\/www.burleytools.com\/product\/720w-900w-dual-action-polishercar-polisher-use-w-detailing-car-wash-clay-bar-ceramic-coating-r7171\/#breadcrumb\",\"itemListElement\":[{\"@type\":\"ListItem\",\"position\":1,\"name\":\"Home\",\"item\":\"https:\/\/www.burleytools.com\/\"},{\"@type\":\"ListItem\",\"position\":2,\"name\":\"Products\",\"item\":\"https:\/\/www.burleytools.com\/products\/\"},{\"@type\":\"ListItem\",\"position\":3,\"name\":\"720W\/900W \u00a0Dual Action Polisher,Car Polisher, Use W\/Detailing Car Wash Clay Bar Ceramic Coating-R7171\"}]},{\"@type\":\"WebSite\",\"@id\":\"https:\/\/www.burleytools.com\/#website\",\"url\":\"https:\/\/www.burleytools.com\/\",\"name\":\"BURLEY\",\"description\":\"\",\"publisher\":{\"@id\":\"https:\/\/www.burleytools.com\/#organization\"},\"potentialAction\":[{\"@type\":\"SearchAction\",\"target\":{\"@type\":\"EntryPoint\",\"urlTemplate\":\"https:\/\/www.burleytools.com\/?s={search_term_string}\"},\"query-input\":\"required name=search_term_string\"}],\"inLanguage\":\"fr-FR\"},{\"@type\":\"Organization\",\"@id\":\"https:\/\/www.burleytools.com\/#organization\",\"name\":\"BURLEY\",\"url\":\"https:\/\/www.burleytools.com\/\",\"logo\":{\"@type\":\"ImageObject\",\"inLanguage\":\"fr-FR\",\"@id\":\"https:\/\/www.burleytools.com\/#\/schema\/logo\/image\/\",\"url\":\"https:\/\/www.burleytools.com\/wp-content\/uploads\/2023\/10\/logo.webp\",\"contentUrl\":\"https:\/\/www.burleytools.com\/wp-content\/uploads\/2023\/10\/logo.webp\",\"width\":165,\"height\":62,\"caption\":\"BURLEY\"},\"image\":{\"@id\":\"https:\/\/www.burleytools.com\/#\/schema\/logo\/image\/\"}}]}<\/script>\n<!-- \/ Yoast SEO Premium plugin. -->","yoast_head_json":{"title":"720W\/900W \u00a0Dual Action Polisher,Car Polisher, Use W\/Detailing Car Wash Clay Bar Ceramic Coating-R7171 - BURLEY","robots":{"index":"index","follow":"follow","max-snippet":"max-snippet:-1","max-image-preview":"max-image-preview:large","max-video-preview":"max-video-preview:-1"},"canonical":"https:\/\/www.burleytools.com\/fr\/produit\/polisseuse-a-double-action-720w-900w-polisseuse-de-voiture-a-utiliser-avec-un-revetement-en-ceramique-pour-barre-dargile-pour-lavage-de-voiture-detaille-r7171\/","og_locale":"fr_FR","og_type":"article","og_title":"720W\/900W \u00a0Dual Action Polisher,Car Polisher, Use W\/Detailing Car Wash Clay Bar Ceramic Coating-R7171","og_description":"\u25cf","og_url":"https:\/\/www.burleytools.com\/fr\/produit\/polisseuse-a-double-action-720w-900w-polisseuse-de-voiture-a-utiliser-avec-un-revetement-en-ceramique-pour-barre-dargile-pour-lavage-de-voiture-detaille-r7171\/","og_site_name":"BURLEY","article_modified_time":"2024-08-20T07:28:23+00:00","og_image":[{"width":1000,"height":1000,"url":"https:\/\/www.burleytools.com\/wp-content\/uploads\/2024\/05\/R7171.jpg","type":"image\/jpeg"}],"twitter_card":"summary_large_image","twitter_misc":{"Dur\u00e9e de lecture estim\u00e9e":"1 minute"},"schema":{"@context":"https:\/\/schema.org","@graph":[{"@type":"WebPage","@id":"https:\/\/www.burleytools.com\/product\/720w-900w-dual-action-polishercar-polisher-use-w-detailing-car-wash-clay-bar-ceramic-coating-r7171\/","url":"https:\/\/www.burleytools.com\/product\/720w-900w-dual-action-polishercar-polisher-use-w-detailing-car-wash-clay-bar-ceramic-coating-r7171\/","name":"720W\/900W \u00a0Dual Action Polisher,Car Polisher, Use W\/Detailing Car Wash Clay Bar Ceramic Coating-R7171 - BURLEY","isPartOf":{"@id":"https:\/\/www.burleytools.com\/#website"},"primaryImageOfPage":{"@id":"https:\/\/www.burleytools.com\/product\/720w-900w-dual-action-polishercar-polisher-use-w-detailing-car-wash-clay-bar-ceramic-coating-r7171\/#primaryimage"},"image":{"@id":"https:\/\/www.burleytools.com\/product\/720w-900w-dual-action-polishercar-polisher-use-w-detailing-car-wash-clay-bar-ceramic-coating-r7171\/#primaryimage"},"thumbnailUrl":"https:\/\/www.burleytools.com\/wp-content\/uploads\/2024\/05\/R7171.jpg","datePublished":"2024-05-09T07:44:10+00:00","dateModified":"2024-08-20T07:28:23+00:00","breadcrumb":{"@id":"https:\/\/www.burleytools.com\/product\/720w-900w-dual-action-polishercar-polisher-use-w-detailing-car-wash-clay-bar-ceramic-coating-r7171\/#breadcrumb"},"inLanguage":"fr-FR","potentialAction":[{"@type":"ReadAction","target":["https:\/\/www.burleytools.com\/product\/720w-900w-dual-action-polishercar-polisher-use-w-detailing-car-wash-clay-bar-ceramic-coating-r7171\/"]}]},{"@type":"ImageObject","inLanguage":"fr-FR","@id":"https:\/\/www.burleytools.com\/product\/720w-900w-dual-action-polishercar-polisher-use-w-detailing-car-wash-clay-bar-ceramic-coating-r7171\/#primaryimage","url":"https:\/\/www.burleytools.com\/wp-content\/uploads\/2024\/05\/R7171.jpg","contentUrl":"https:\/\/www.burleytools.com\/wp-content\/uploads\/2024\/05\/R7171.jpg","width":1000,"height":1000},{"@type":"BreadcrumbList","@id":"https:\/\/www.burleytools.com\/product\/720w-900w-dual-action-polishercar-polisher-use-w-detailing-car-wash-clay-bar-ceramic-coating-r7171\/#breadcrumb","itemListElement":[{"@type":"ListItem","position":1,"name":"Home","item":"https:\/\/www.burleytools.com\/"},{"@type":"ListItem","position":2,"name":"Products","item":"https:\/\/www.burleytools.com\/products\/"},{"@type":"ListItem","position":3,"name":"720W\/900W \u00a0Dual Action Polisher,Car Polisher, Use W\/Detailing Car Wash Clay Bar Ceramic Coating-R7171"}]},{"@type":"WebSite","@id":"https:\/\/www.burleytools.com\/#website","url":"https:\/\/www.burleytools.com\/","name":"BURLEY","description":"","publisher":{"@id":"https:\/\/www.burleytools.com\/#organization"},"potentialAction":[{"@type":"SearchAction","target":{"@type":"EntryPoint","urlTemplate":"https:\/\/www.burleytools.com\/?s={search_term_string}"},"query-input":"required name=search_term_string"}],"inLanguage":"fr-FR"},{"@type":"Organization","@id":"https:\/\/www.burleytools.com\/#organization","name":"BURLEY","url":"https:\/\/www.burleytools.com\/","logo":{"@type":"ImageObject","inLanguage":"fr-FR","@id":"https:\/\/www.burleytools.com\/#\/schema\/logo\/image\/","url":"https:\/\/www.burleytools.com\/wp-content\/uploads\/2023\/10\/logo.webp","contentUrl":"https:\/\/www.burleytools.com\/wp-content\/uploads\/2023\/10\/logo.webp","width":165,"height":62,"caption":"BURLEY"},"image":{"@id":"https:\/\/www.burleytools.com\/#\/schema\/logo\/image\/"}}]}},"_links":{"self":[{"href":"https:\/\/www.burleytools.com\/fr\/wp-json\/wp\/v2\/product\/605"}],"collection":[{"href":"https:\/\/www.burleytools.com\/fr\/wp-json\/wp\/v2\/product"}],"about":[{"href":"https:\/\/www.burleytools.com\/fr\/wp-json\/wp\/v2\/types\/product"}],"wp:featuredmedia":[{"embeddable":true,"href":"https:\/\/www.burleytools.com\/fr\/wp-json\/wp\/v2\/media\/2703"}],"wp:attachment":[{"href":"https:\/\/www.burleytools.com\/fr\/wp-json\/wp\/v2\/media?parent=605"}],"wp:term":[{"taxonomy":"product_cat","embeddable":true,"href":"https:\/\/www.burleytools.com\/fr\/wp-json\/wp\/v2\/product_cat?post=605"},{"taxonomy":"product_tag","embeddable":true,"href":"https:\/\/www.burleytools.com\/fr\/wp-json\/wp\/v2\/product_tag?post=605"}],"curies":[{"name":"wp","href":"https:\/\/api.w.org\/{rel}","templated":true}]}}