{"id":627,"date":"2024-05-09T07:44:15","date_gmt":"2024-05-09T07:44:15","guid":{"rendered":"https:\/\/www.burleytools.com\/product\/20-63mm-850w-1500w-plastic-water-pipe-welder-kit-pp-pp-r-pe-pp-c-pipe-welding-machine-tool-pipeline-construction-equipment-r1510\/"},"modified":"2024-08-20T07:28:26","modified_gmt":"2024-08-20T07:28:26","slug":"20-63mm-850w-1500w-plastic-water-pipe-welder-kit-pp-pp-r-pe-pp-c-pipe-welding-machine-tool-pipeline-construction-equipment-r1510","status":"publish","type":"product","link":"https:\/\/www.burleytools.com\/fr\/produit\/kit-de-soudeuse-de-tuyaux-deau-en-plastique-20-63mm-850w-1500w-machine-de-soudage-de-tuyaux-pp-pp-r-pe-pp-c-equipement-de-construction-de-pipelines-r1510\/","title":{"rendered":"Kit de soudeuse de tuyaux en plastique 20-63 mm 850 W\/1500 W Machine de soudage de tuyaux PP\/PP-R\/PE\/PP-C \u00c9quipement de construction de pipelines-R1510"},"content":{"rendered":"<p>\u25cf La temp\u00e9rature de fonctionnement peut \u00eatre modifi\u00e9e de 0\u2103 \u00e0 300\u2103.<\/p>\n<p>\u25cf La plage de travail entre D20mm \u00e0 D63mm, avec 6 accessoires diff\u00e9rents.<\/p>\n<p>\u25cf Application au soudage des mat\u00e9riaux PP, PE.<\/p>\n<p>\u25cf Conception attrayante et ergonomique pour le confort de l&#039;utilisateur.<\/p>\n<p><img decoding=\"async\" title=\"R1510\" src=\"\/wp-content\/uploads\/2024\/05\/1608694381962416.jpg\" alt=\"R1510\" \/><\/p>","protected":false},"excerpt":{"rendered":"<p>\u25cf <img decoding=\"async\" style=\"width: 180px; height: 27px;\" title=\"1606975649218025\" src=\"\/wp-content\/uploads\/2024\/05\/1606975649218025.png\" alt=\"1606975649218025.png\" width=\"180\" height=\"27\" border=\"0\" vspace=\"0\" \/><\/p>","protected":false},"featured_media":626,"template":"","meta":{"_acf_changed":false,"_mi_skip_tracking":false,"_monsterinsights_sitenote_active":false,"_monsterinsights_sitenote_note":"","_monsterinsights_sitenote_category":0},"product_cat":[28,29],"product_tag":[],"class_list":{"0":"post-627","1":"product","2":"type-product","3":"status-publish","4":"has-post-thumbnail","6":"product_cat-general-power-tools","7":"product_cat-plastic-welding","9":"first","10":"instock","11":"shipping-taxable","12":"product-type-simple"},"acf":[],"yoast_head":"<!-- This site is optimized with the Yoast SEO Premium plugin v21.6 (Yoast SEO v22.3) - https:\/\/yoast.com\/wordpress\/plugins\/seo\/ -->\n<title>20-63mm 850W\/1500W Plastic Water Pipe Welder Kit PP\/PP-R\/PE\/PP-C Pipe Welding Machine Tool Pipeline Construction Equipment-R1510 - BURLEY<\/title>\n<meta name=\"robots\" content=\"index, follow, max-snippet:-1, max-image-preview:large, max-video-preview:-1\" \/>\n<link rel=\"canonical\" href=\"https:\/\/www.burleytools.com\/fr\/produit\/kit-de-soudeuse-de-tuyaux-deau-en-plastique-20-63mm-850w-1500w-machine-de-soudage-de-tuyaux-pp-pp-r-pe-pp-c-equipement-de-construction-de-pipelines-r1510\/\" \/>\n<meta property=\"og:locale\" content=\"fr_FR\" \/>\n<meta property=\"og:type\" content=\"article\" \/>\n<meta property=\"og:title\" content=\"20-63mm 850W\/1500W Plastic Water Pipe Welder Kit PP\/PP-R\/PE\/PP-C Pipe Welding Machine Tool Pipeline Construction Equipment-R1510\" \/>\n<meta property=\"og:description\" content=\"\u25cf\" \/>\n<meta property=\"og:url\" content=\"https:\/\/www.burleytools.com\/fr\/produit\/kit-de-soudeuse-de-tuyaux-deau-en-plastique-20-63mm-850w-1500w-machine-de-soudage-de-tuyaux-pp-pp-r-pe-pp-c-equipement-de-construction-de-pipelines-r1510\/\" \/>\n<meta property=\"og:site_name\" content=\"BURLEY\" \/>\n<meta property=\"article:modified_time\" content=\"2024-08-20T07:28:26+00:00\" \/>\n<meta property=\"og:image\" content=\"https:\/\/www.burleytools.com\/wp-content\/uploads\/2024\/05\/1608187178284744-1.jpg\" \/>\n\t<meta property=\"og:image:width\" content=\"700\" \/>\n\t<meta property=\"og:image:height\" content=\"700\" \/>\n\t<meta property=\"og:image:type\" content=\"image\/jpeg\" \/>\n<meta name=\"twitter:card\" content=\"summary_large_image\" \/>\n<meta name=\"twitter:label1\" content=\"Dur\u00e9e de lecture estim\u00e9e\" \/>\n\t<meta name=\"twitter:data1\" content=\"1 minute\" \/>\n<script type=\"application\/ld+json\" class=\"yoast-schema-graph\">{\"@context\":\"https:\/\/schema.org\",\"@graph\":[{\"@type\":\"WebPage\",\"@id\":\"https:\/\/www.burleytools.com\/product\/20-63mm-850w-1500w-plastic-water-pipe-welder-kit-pp-pp-r-pe-pp-c-pipe-welding-machine-tool-pipeline-construction-equipment-r1510\/\",\"url\":\"https:\/\/www.burleytools.com\/product\/20-63mm-850w-1500w-plastic-water-pipe-welder-kit-pp-pp-r-pe-pp-c-pipe-welding-machine-tool-pipeline-construction-equipment-r1510\/\",\"name\":\"20-63mm 850W\/1500W Plastic Water Pipe Welder Kit PP\/PP-R\/PE\/PP-C Pipe Welding Machine Tool Pipeline Construction Equipment-R1510 - BURLEY\",\"isPartOf\":{\"@id\":\"https:\/\/www.burleytools.com\/#website\"},\"primaryImageOfPage\":{\"@id\":\"https:\/\/www.burleytools.com\/product\/20-63mm-850w-1500w-plastic-water-pipe-welder-kit-pp-pp-r-pe-pp-c-pipe-welding-machine-tool-pipeline-construction-equipment-r1510\/#primaryimage\"},\"image\":{\"@id\":\"https:\/\/www.burleytools.com\/product\/20-63mm-850w-1500w-plastic-water-pipe-welder-kit-pp-pp-r-pe-pp-c-pipe-welding-machine-tool-pipeline-construction-equipment-r1510\/#primaryimage\"},\"thumbnailUrl\":\"https:\/\/www.burleytools.com\/wp-content\/uploads\/2024\/05\/1608187178284744-1.jpg\",\"datePublished\":\"2024-05-09T07:44:15+00:00\",\"dateModified\":\"2024-08-20T07:28:26+00:00\",\"breadcrumb\":{\"@id\":\"https:\/\/www.burleytools.com\/product\/20-63mm-850w-1500w-plastic-water-pipe-welder-kit-pp-pp-r-pe-pp-c-pipe-welding-machine-tool-pipeline-construction-equipment-r1510\/#breadcrumb\"},\"inLanguage\":\"fr-FR\",\"potentialAction\":[{\"@type\":\"ReadAction\",\"target\":[\"https:\/\/www.burleytools.com\/product\/20-63mm-850w-1500w-plastic-water-pipe-welder-kit-pp-pp-r-pe-pp-c-pipe-welding-machine-tool-pipeline-construction-equipment-r1510\/\"]}]},{\"@type\":\"ImageObject\",\"inLanguage\":\"fr-FR\",\"@id\":\"https:\/\/www.burleytools.com\/product\/20-63mm-850w-1500w-plastic-water-pipe-welder-kit-pp-pp-r-pe-pp-c-pipe-welding-machine-tool-pipeline-construction-equipment-r1510\/#primaryimage\",\"url\":\"https:\/\/www.burleytools.com\/wp-content\/uploads\/2024\/05\/1608187178284744-1.jpg\",\"contentUrl\":\"https:\/\/www.burleytools.com\/wp-content\/uploads\/2024\/05\/1608187178284744-1.jpg\",\"width\":700,\"height\":700},{\"@type\":\"BreadcrumbList\",\"@id\":\"https:\/\/www.burleytools.com\/product\/20-63mm-850w-1500w-plastic-water-pipe-welder-kit-pp-pp-r-pe-pp-c-pipe-welding-machine-tool-pipeline-construction-equipment-r1510\/#breadcrumb\",\"itemListElement\":[{\"@type\":\"ListItem\",\"position\":1,\"name\":\"Home\",\"item\":\"https:\/\/www.burleytools.com\/\"},{\"@type\":\"ListItem\",\"position\":2,\"name\":\"Products\",\"item\":\"https:\/\/www.burleytools.com\/products\/\"},{\"@type\":\"ListItem\",\"position\":3,\"name\":\"20-63mm 850W\/1500W Plastic Water Pipe Welder Kit PP\/PP-R\/PE\/PP-C Pipe Welding Machine Tool Pipeline Construction Equipment-R1510\"}]},{\"@type\":\"WebSite\",\"@id\":\"https:\/\/www.burleytools.com\/#website\",\"url\":\"https:\/\/www.burleytools.com\/\",\"name\":\"BURLEY\",\"description\":\"\",\"publisher\":{\"@id\":\"https:\/\/www.burleytools.com\/#organization\"},\"potentialAction\":[{\"@type\":\"SearchAction\",\"target\":{\"@type\":\"EntryPoint\",\"urlTemplate\":\"https:\/\/www.burleytools.com\/?s={search_term_string}\"},\"query-input\":\"required name=search_term_string\"}],\"inLanguage\":\"fr-FR\"},{\"@type\":\"Organization\",\"@id\":\"https:\/\/www.burleytools.com\/#organization\",\"name\":\"BURLEY\",\"url\":\"https:\/\/www.burleytools.com\/\",\"logo\":{\"@type\":\"ImageObject\",\"inLanguage\":\"fr-FR\",\"@id\":\"https:\/\/www.burleytools.com\/#\/schema\/logo\/image\/\",\"url\":\"https:\/\/www.burleytools.com\/wp-content\/uploads\/2023\/10\/logo.webp\",\"contentUrl\":\"https:\/\/www.burleytools.com\/wp-content\/uploads\/2023\/10\/logo.webp\",\"width\":165,\"height\":62,\"caption\":\"BURLEY\"},\"image\":{\"@id\":\"https:\/\/www.burleytools.com\/#\/schema\/logo\/image\/\"}}]}<\/script>\n<!-- \/ Yoast SEO Premium plugin. -->","yoast_head_json":{"title":"20-63mm 850W\/1500W Plastic Water Pipe Welder Kit PP\/PP-R\/PE\/PP-C Pipe Welding Machine Tool Pipeline Construction Equipment-R1510 - BURLEY","robots":{"index":"index","follow":"follow","max-snippet":"max-snippet:-1","max-image-preview":"max-image-preview:large","max-video-preview":"max-video-preview:-1"},"canonical":"https:\/\/www.burleytools.com\/fr\/produit\/kit-de-soudeuse-de-tuyaux-deau-en-plastique-20-63mm-850w-1500w-machine-de-soudage-de-tuyaux-pp-pp-r-pe-pp-c-equipement-de-construction-de-pipelines-r1510\/","og_locale":"fr_FR","og_type":"article","og_title":"20-63mm 850W\/1500W Plastic Water Pipe Welder Kit PP\/PP-R\/PE\/PP-C Pipe Welding Machine Tool Pipeline Construction Equipment-R1510","og_description":"\u25cf","og_url":"https:\/\/www.burleytools.com\/fr\/produit\/kit-de-soudeuse-de-tuyaux-deau-en-plastique-20-63mm-850w-1500w-machine-de-soudage-de-tuyaux-pp-pp-r-pe-pp-c-equipement-de-construction-de-pipelines-r1510\/","og_site_name":"BURLEY","article_modified_time":"2024-08-20T07:28:26+00:00","og_image":[{"width":700,"height":700,"url":"https:\/\/www.burleytools.com\/wp-content\/uploads\/2024\/05\/1608187178284744-1.jpg","type":"image\/jpeg"}],"twitter_card":"summary_large_image","twitter_misc":{"Dur\u00e9e de lecture estim\u00e9e":"1 minute"},"schema":{"@context":"https:\/\/schema.org","@graph":[{"@type":"WebPage","@id":"https:\/\/www.burleytools.com\/product\/20-63mm-850w-1500w-plastic-water-pipe-welder-kit-pp-pp-r-pe-pp-c-pipe-welding-machine-tool-pipeline-construction-equipment-r1510\/","url":"https:\/\/www.burleytools.com\/product\/20-63mm-850w-1500w-plastic-water-pipe-welder-kit-pp-pp-r-pe-pp-c-pipe-welding-machine-tool-pipeline-construction-equipment-r1510\/","name":"20-63mm 850W\/1500W Plastic Water Pipe Welder Kit PP\/PP-R\/PE\/PP-C Pipe Welding Machine Tool Pipeline Construction Equipment-R1510 - BURLEY","isPartOf":{"@id":"https:\/\/www.burleytools.com\/#website"},"primaryImageOfPage":{"@id":"https:\/\/www.burleytools.com\/product\/20-63mm-850w-1500w-plastic-water-pipe-welder-kit-pp-pp-r-pe-pp-c-pipe-welding-machine-tool-pipeline-construction-equipment-r1510\/#primaryimage"},"image":{"@id":"https:\/\/www.burleytools.com\/product\/20-63mm-850w-1500w-plastic-water-pipe-welder-kit-pp-pp-r-pe-pp-c-pipe-welding-machine-tool-pipeline-construction-equipment-r1510\/#primaryimage"},"thumbnailUrl":"https:\/\/www.burleytools.com\/wp-content\/uploads\/2024\/05\/1608187178284744-1.jpg","datePublished":"2024-05-09T07:44:15+00:00","dateModified":"2024-08-20T07:28:26+00:00","breadcrumb":{"@id":"https:\/\/www.burleytools.com\/product\/20-63mm-850w-1500w-plastic-water-pipe-welder-kit-pp-pp-r-pe-pp-c-pipe-welding-machine-tool-pipeline-construction-equipment-r1510\/#breadcrumb"},"inLanguage":"fr-FR","potentialAction":[{"@type":"ReadAction","target":["https:\/\/www.burleytools.com\/product\/20-63mm-850w-1500w-plastic-water-pipe-welder-kit-pp-pp-r-pe-pp-c-pipe-welding-machine-tool-pipeline-construction-equipment-r1510\/"]}]},{"@type":"ImageObject","inLanguage":"fr-FR","@id":"https:\/\/www.burleytools.com\/product\/20-63mm-850w-1500w-plastic-water-pipe-welder-kit-pp-pp-r-pe-pp-c-pipe-welding-machine-tool-pipeline-construction-equipment-r1510\/#primaryimage","url":"https:\/\/www.burleytools.com\/wp-content\/uploads\/2024\/05\/1608187178284744-1.jpg","contentUrl":"https:\/\/www.burleytools.com\/wp-content\/uploads\/2024\/05\/1608187178284744-1.jpg","width":700,"height":700},{"@type":"BreadcrumbList","@id":"https:\/\/www.burleytools.com\/product\/20-63mm-850w-1500w-plastic-water-pipe-welder-kit-pp-pp-r-pe-pp-c-pipe-welding-machine-tool-pipeline-construction-equipment-r1510\/#breadcrumb","itemListElement":[{"@type":"ListItem","position":1,"name":"Home","item":"https:\/\/www.burleytools.com\/"},{"@type":"ListItem","position":2,"name":"Products","item":"https:\/\/www.burleytools.com\/products\/"},{"@type":"ListItem","position":3,"name":"20-63mm 850W\/1500W Plastic Water Pipe Welder Kit PP\/PP-R\/PE\/PP-C Pipe Welding Machine Tool Pipeline Construction Equipment-R1510"}]},{"@type":"WebSite","@id":"https:\/\/www.burleytools.com\/#website","url":"https:\/\/www.burleytools.com\/","name":"BURLEY","description":"","publisher":{"@id":"https:\/\/www.burleytools.com\/#organization"},"potentialAction":[{"@type":"SearchAction","target":{"@type":"EntryPoint","urlTemplate":"https:\/\/www.burleytools.com\/?s={search_term_string}"},"query-input":"required name=search_term_string"}],"inLanguage":"fr-FR"},{"@type":"Organization","@id":"https:\/\/www.burleytools.com\/#organization","name":"BURLEY","url":"https:\/\/www.burleytools.com\/","logo":{"@type":"ImageObject","inLanguage":"fr-FR","@id":"https:\/\/www.burleytools.com\/#\/schema\/logo\/image\/","url":"https:\/\/www.burleytools.com\/wp-content\/uploads\/2023\/10\/logo.webp","contentUrl":"https:\/\/www.burleytools.com\/wp-content\/uploads\/2023\/10\/logo.webp","width":165,"height":62,"caption":"BURLEY"},"image":{"@id":"https:\/\/www.burleytools.com\/#\/schema\/logo\/image\/"}}]}},"_links":{"self":[{"href":"https:\/\/www.burleytools.com\/fr\/wp-json\/wp\/v2\/product\/627"}],"collection":[{"href":"https:\/\/www.burleytools.com\/fr\/wp-json\/wp\/v2\/product"}],"about":[{"href":"https:\/\/www.burleytools.com\/fr\/wp-json\/wp\/v2\/types\/product"}],"wp:featuredmedia":[{"embeddable":true,"href":"https:\/\/www.burleytools.com\/fr\/wp-json\/wp\/v2\/media\/626"}],"wp:attachment":[{"href":"https:\/\/www.burleytools.com\/fr\/wp-json\/wp\/v2\/media?parent=627"}],"wp:term":[{"taxonomy":"product_cat","embeddable":true,"href":"https:\/\/www.burleytools.com\/fr\/wp-json\/wp\/v2\/product_cat?post=627"},{"taxonomy":"product_tag","embeddable":true,"href":"https:\/\/www.burleytools.com\/fr\/wp-json\/wp\/v2\/product_tag?post=627"}],"curies":[{"name":"wp","href":"https:\/\/api.w.org\/{rel}","templated":true}]}}