{"id":668,"date":"2024-05-09T07:44:28","date_gmt":"2024-05-09T07:44:28","guid":{"rendered":"https:\/\/www.burleytools.com\/product\/angle-grinder-with-powerful-motor-rotating-rear-handlewith-power-indicator-m3104a-m3104b\/"},"modified":"2024-08-20T07:28:31","modified_gmt":"2024-08-20T07:28:31","slug":"angle-grinder-with-powerful-motor-rotating-rear-handlewith-power-indicator-m3104a-m3104b","status":"publish","type":"product","link":"https:\/\/www.burleytools.com\/fr\/produit\/meuleuse-dangle-avec-moteur-puissant-poignee-arriere-rotative-avec-indicateur-de-puissance-m3104a-m3104b\/","title":{"rendered":"Meuleuse d&#039;angle avec moteur puissant, poign\u00e9e arri\u00e8re rotative, avec indicateur de puissance - M3104A\/M3104B"},"content":{"rendered":"<p>\u25cf Moteur puissant pour des performances optimales.<\/p>\n<p>\u25cf Conception compacte pour une manipulation facile.<\/p>\n<p>\u25cf Diam\u00e8tre du disque : 180 mm\/230 mm.<\/p>\n<p>\u25cf Poign\u00e9e am\u00e9lior\u00e9e : la poign\u00e9e lat\u00e9rale anti-vibration \u00e0 3 positions et le corps au design ergonomique augmentent le confort et le contr\u00f4le dans de nombreuses applications.<\/p>\n<p><img decoding=\"async\" title=\"M3104-MANUEL\" src=\"\/wp-content\/uploads\/2024\/05\/1608692842647037.jpg\" alt=\"M3104-MANUEL\" \/><\/p>","protected":false},"excerpt":{"rendered":"<p>\u25cf Bouton de verrouillage de la broche pour un changement de disque facile.<\/p>\n<p>\u25cf Protection \u00e0 d\u00e9gagement rapide enti\u00e8rement r\u00e9glable.<\/p>\n<p>\u25cf Poign\u00e9e \u00e0 trois positions pour une utilisation facile et pratique.<\/p>\n<p>\u25cf Poign\u00e9e rotative \u00e0 180\u00b0 pour un transport facile et des op\u00e9rations pratiques.<\/p>\n<p>\u25cf <img decoding=\"async\" style=\"width: 180px; height: 27px;\" title=\"1606975649218025\" src=\"\/wp-content\/uploads\/2024\/05\/1606975649218025.png\" alt=\"1606975649218025.png\" width=\"180\" height=\"27\" border=\"0\" vspace=\"0\" \/><\/p>","protected":false},"featured_media":667,"template":"","meta":{"_acf_changed":false,"_mi_skip_tracking":false,"_monsterinsights_sitenote_active":false,"_monsterinsights_sitenote_note":"","_monsterinsights_sitenote_category":0},"product_cat":[31,28],"product_tag":[],"class_list":{"0":"post-668","1":"product","2":"type-product","3":"status-publish","4":"has-post-thumbnail","6":"product_cat-angle-grinder","7":"product_cat-general-power-tools","9":"first","10":"instock","11":"shipping-taxable","12":"product-type-simple"},"acf":[],"yoast_head":"<!-- This site is optimized with the Yoast SEO Premium plugin v21.6 (Yoast SEO v22.3) - https:\/\/yoast.com\/wordpress\/plugins\/seo\/ -->\n<title>Angle Grinder With Powerful Motor Rotating Rear Handle,With Power Indicator-M3104A\/M3104B - BURLEY<\/title>\n<meta name=\"robots\" content=\"index, follow, max-snippet:-1, max-image-preview:large, max-video-preview:-1\" \/>\n<link rel=\"canonical\" href=\"https:\/\/www.burleytools.com\/fr\/produit\/meuleuse-dangle-avec-moteur-puissant-poignee-arriere-rotative-avec-indicateur-de-puissance-m3104a-m3104b\/\" \/>\n<meta property=\"og:locale\" content=\"fr_FR\" \/>\n<meta property=\"og:type\" content=\"article\" \/>\n<meta property=\"og:title\" content=\"Angle Grinder With Powerful Motor Rotating Rear Handle,With Power Indicator-M3104A\/M3104B\" \/>\n<meta property=\"og:description\" content=\"\u25cf Spindle lock button for easy disc change.  \u25cf Fully adjustable quick release guard.  \u25cf Three position handle for easy and convenient operation.  \u25cf 180\u00b0 rotating handle for easy carrying and convenient operations.  \u25cf\" \/>\n<meta property=\"og:url\" content=\"https:\/\/www.burleytools.com\/fr\/produit\/meuleuse-dangle-avec-moteur-puissant-poignee-arriere-rotative-avec-indicateur-de-puissance-m3104a-m3104b\/\" \/>\n<meta property=\"og:site_name\" content=\"BURLEY\" \/>\n<meta property=\"article:modified_time\" content=\"2024-08-20T07:28:31+00:00\" \/>\n<meta property=\"og:image\" content=\"https:\/\/www.burleytools.com\/wp-content\/uploads\/2024\/05\/1608516905255537-1.jpg\" \/>\n\t<meta property=\"og:image:width\" content=\"700\" \/>\n\t<meta property=\"og:image:height\" content=\"700\" \/>\n\t<meta property=\"og:image:type\" content=\"image\/jpeg\" \/>\n<meta name=\"twitter:card\" content=\"summary_large_image\" \/>\n<meta name=\"twitter:label1\" content=\"Dur\u00e9e de lecture estim\u00e9e\" \/>\n\t<meta name=\"twitter:data1\" content=\"1 minute\" \/>\n<script type=\"application\/ld+json\" class=\"yoast-schema-graph\">{\"@context\":\"https:\/\/schema.org\",\"@graph\":[{\"@type\":\"WebPage\",\"@id\":\"https:\/\/www.burleytools.com\/product\/angle-grinder-with-powerful-motor-rotating-rear-handlewith-power-indicator-m3104a-m3104b\/\",\"url\":\"https:\/\/www.burleytools.com\/product\/angle-grinder-with-powerful-motor-rotating-rear-handlewith-power-indicator-m3104a-m3104b\/\",\"name\":\"Angle Grinder With Powerful Motor Rotating Rear Handle,With Power Indicator-M3104A\/M3104B - BURLEY\",\"isPartOf\":{\"@id\":\"https:\/\/www.burleytools.com\/#website\"},\"primaryImageOfPage\":{\"@id\":\"https:\/\/www.burleytools.com\/product\/angle-grinder-with-powerful-motor-rotating-rear-handlewith-power-indicator-m3104a-m3104b\/#primaryimage\"},\"image\":{\"@id\":\"https:\/\/www.burleytools.com\/product\/angle-grinder-with-powerful-motor-rotating-rear-handlewith-power-indicator-m3104a-m3104b\/#primaryimage\"},\"thumbnailUrl\":\"https:\/\/www.burleytools.com\/wp-content\/uploads\/2024\/05\/1608516905255537-1.jpg\",\"datePublished\":\"2024-05-09T07:44:28+00:00\",\"dateModified\":\"2024-08-20T07:28:31+00:00\",\"breadcrumb\":{\"@id\":\"https:\/\/www.burleytools.com\/product\/angle-grinder-with-powerful-motor-rotating-rear-handlewith-power-indicator-m3104a-m3104b\/#breadcrumb\"},\"inLanguage\":\"fr-FR\",\"potentialAction\":[{\"@type\":\"ReadAction\",\"target\":[\"https:\/\/www.burleytools.com\/product\/angle-grinder-with-powerful-motor-rotating-rear-handlewith-power-indicator-m3104a-m3104b\/\"]}]},{\"@type\":\"ImageObject\",\"inLanguage\":\"fr-FR\",\"@id\":\"https:\/\/www.burleytools.com\/product\/angle-grinder-with-powerful-motor-rotating-rear-handlewith-power-indicator-m3104a-m3104b\/#primaryimage\",\"url\":\"https:\/\/www.burleytools.com\/wp-content\/uploads\/2024\/05\/1608516905255537-1.jpg\",\"contentUrl\":\"https:\/\/www.burleytools.com\/wp-content\/uploads\/2024\/05\/1608516905255537-1.jpg\",\"width\":700,\"height\":700},{\"@type\":\"BreadcrumbList\",\"@id\":\"https:\/\/www.burleytools.com\/product\/angle-grinder-with-powerful-motor-rotating-rear-handlewith-power-indicator-m3104a-m3104b\/#breadcrumb\",\"itemListElement\":[{\"@type\":\"ListItem\",\"position\":1,\"name\":\"Home\",\"item\":\"https:\/\/www.burleytools.com\/\"},{\"@type\":\"ListItem\",\"position\":2,\"name\":\"Products\",\"item\":\"https:\/\/www.burleytools.com\/products\/\"},{\"@type\":\"ListItem\",\"position\":3,\"name\":\"Angle Grinder With Powerful Motor Rotating Rear Handle,With Power Indicator-M3104A\/M3104B\"}]},{\"@type\":\"WebSite\",\"@id\":\"https:\/\/www.burleytools.com\/#website\",\"url\":\"https:\/\/www.burleytools.com\/\",\"name\":\"BURLEY\",\"description\":\"\",\"publisher\":{\"@id\":\"https:\/\/www.burleytools.com\/#organization\"},\"potentialAction\":[{\"@type\":\"SearchAction\",\"target\":{\"@type\":\"EntryPoint\",\"urlTemplate\":\"https:\/\/www.burleytools.com\/?s={search_term_string}\"},\"query-input\":\"required name=search_term_string\"}],\"inLanguage\":\"fr-FR\"},{\"@type\":\"Organization\",\"@id\":\"https:\/\/www.burleytools.com\/#organization\",\"name\":\"BURLEY\",\"url\":\"https:\/\/www.burleytools.com\/\",\"logo\":{\"@type\":\"ImageObject\",\"inLanguage\":\"fr-FR\",\"@id\":\"https:\/\/www.burleytools.com\/#\/schema\/logo\/image\/\",\"url\":\"https:\/\/www.burleytools.com\/wp-content\/uploads\/2023\/10\/logo.webp\",\"contentUrl\":\"https:\/\/www.burleytools.com\/wp-content\/uploads\/2023\/10\/logo.webp\",\"width\":165,\"height\":62,\"caption\":\"BURLEY\"},\"image\":{\"@id\":\"https:\/\/www.burleytools.com\/#\/schema\/logo\/image\/\"}}]}<\/script>\n<!-- \/ Yoast SEO Premium plugin. -->","yoast_head_json":{"title":"Angle Grinder With Powerful Motor Rotating Rear Handle,With Power Indicator-M3104A\/M3104B - BURLEY","robots":{"index":"index","follow":"follow","max-snippet":"max-snippet:-1","max-image-preview":"max-image-preview:large","max-video-preview":"max-video-preview:-1"},"canonical":"https:\/\/www.burleytools.com\/fr\/produit\/meuleuse-dangle-avec-moteur-puissant-poignee-arriere-rotative-avec-indicateur-de-puissance-m3104a-m3104b\/","og_locale":"fr_FR","og_type":"article","og_title":"Angle Grinder With Powerful Motor Rotating Rear Handle,With Power Indicator-M3104A\/M3104B","og_description":"\u25cf Spindle lock button for easy disc change.  \u25cf Fully adjustable quick release guard.  \u25cf Three position handle for easy and convenient operation.  \u25cf 180\u00b0 rotating handle for easy carrying and convenient operations.  \u25cf","og_url":"https:\/\/www.burleytools.com\/fr\/produit\/meuleuse-dangle-avec-moteur-puissant-poignee-arriere-rotative-avec-indicateur-de-puissance-m3104a-m3104b\/","og_site_name":"BURLEY","article_modified_time":"2024-08-20T07:28:31+00:00","og_image":[{"width":700,"height":700,"url":"https:\/\/www.burleytools.com\/wp-content\/uploads\/2024\/05\/1608516905255537-1.jpg","type":"image\/jpeg"}],"twitter_card":"summary_large_image","twitter_misc":{"Dur\u00e9e de lecture estim\u00e9e":"1 minute"},"schema":{"@context":"https:\/\/schema.org","@graph":[{"@type":"WebPage","@id":"https:\/\/www.burleytools.com\/product\/angle-grinder-with-powerful-motor-rotating-rear-handlewith-power-indicator-m3104a-m3104b\/","url":"https:\/\/www.burleytools.com\/product\/angle-grinder-with-powerful-motor-rotating-rear-handlewith-power-indicator-m3104a-m3104b\/","name":"Angle Grinder With Powerful Motor Rotating Rear Handle,With Power Indicator-M3104A\/M3104B - BURLEY","isPartOf":{"@id":"https:\/\/www.burleytools.com\/#website"},"primaryImageOfPage":{"@id":"https:\/\/www.burleytools.com\/product\/angle-grinder-with-powerful-motor-rotating-rear-handlewith-power-indicator-m3104a-m3104b\/#primaryimage"},"image":{"@id":"https:\/\/www.burleytools.com\/product\/angle-grinder-with-powerful-motor-rotating-rear-handlewith-power-indicator-m3104a-m3104b\/#primaryimage"},"thumbnailUrl":"https:\/\/www.burleytools.com\/wp-content\/uploads\/2024\/05\/1608516905255537-1.jpg","datePublished":"2024-05-09T07:44:28+00:00","dateModified":"2024-08-20T07:28:31+00:00","breadcrumb":{"@id":"https:\/\/www.burleytools.com\/product\/angle-grinder-with-powerful-motor-rotating-rear-handlewith-power-indicator-m3104a-m3104b\/#breadcrumb"},"inLanguage":"fr-FR","potentialAction":[{"@type":"ReadAction","target":["https:\/\/www.burleytools.com\/product\/angle-grinder-with-powerful-motor-rotating-rear-handlewith-power-indicator-m3104a-m3104b\/"]}]},{"@type":"ImageObject","inLanguage":"fr-FR","@id":"https:\/\/www.burleytools.com\/product\/angle-grinder-with-powerful-motor-rotating-rear-handlewith-power-indicator-m3104a-m3104b\/#primaryimage","url":"https:\/\/www.burleytools.com\/wp-content\/uploads\/2024\/05\/1608516905255537-1.jpg","contentUrl":"https:\/\/www.burleytools.com\/wp-content\/uploads\/2024\/05\/1608516905255537-1.jpg","width":700,"height":700},{"@type":"BreadcrumbList","@id":"https:\/\/www.burleytools.com\/product\/angle-grinder-with-powerful-motor-rotating-rear-handlewith-power-indicator-m3104a-m3104b\/#breadcrumb","itemListElement":[{"@type":"ListItem","position":1,"name":"Home","item":"https:\/\/www.burleytools.com\/"},{"@type":"ListItem","position":2,"name":"Products","item":"https:\/\/www.burleytools.com\/products\/"},{"@type":"ListItem","position":3,"name":"Angle Grinder With Powerful Motor Rotating Rear Handle,With Power Indicator-M3104A\/M3104B"}]},{"@type":"WebSite","@id":"https:\/\/www.burleytools.com\/#website","url":"https:\/\/www.burleytools.com\/","name":"BURLEY","description":"","publisher":{"@id":"https:\/\/www.burleytools.com\/#organization"},"potentialAction":[{"@type":"SearchAction","target":{"@type":"EntryPoint","urlTemplate":"https:\/\/www.burleytools.com\/?s={search_term_string}"},"query-input":"required name=search_term_string"}],"inLanguage":"fr-FR"},{"@type":"Organization","@id":"https:\/\/www.burleytools.com\/#organization","name":"BURLEY","url":"https:\/\/www.burleytools.com\/","logo":{"@type":"ImageObject","inLanguage":"fr-FR","@id":"https:\/\/www.burleytools.com\/#\/schema\/logo\/image\/","url":"https:\/\/www.burleytools.com\/wp-content\/uploads\/2023\/10\/logo.webp","contentUrl":"https:\/\/www.burleytools.com\/wp-content\/uploads\/2023\/10\/logo.webp","width":165,"height":62,"caption":"BURLEY"},"image":{"@id":"https:\/\/www.burleytools.com\/#\/schema\/logo\/image\/"}}]}},"_links":{"self":[{"href":"https:\/\/www.burleytools.com\/fr\/wp-json\/wp\/v2\/product\/668"}],"collection":[{"href":"https:\/\/www.burleytools.com\/fr\/wp-json\/wp\/v2\/product"}],"about":[{"href":"https:\/\/www.burleytools.com\/fr\/wp-json\/wp\/v2\/types\/product"}],"wp:featuredmedia":[{"embeddable":true,"href":"https:\/\/www.burleytools.com\/fr\/wp-json\/wp\/v2\/media\/667"}],"wp:attachment":[{"href":"https:\/\/www.burleytools.com\/fr\/wp-json\/wp\/v2\/media?parent=668"}],"wp:term":[{"taxonomy":"product_cat","embeddable":true,"href":"https:\/\/www.burleytools.com\/fr\/wp-json\/wp\/v2\/product_cat?post=668"},{"taxonomy":"product_tag","embeddable":true,"href":"https:\/\/www.burleytools.com\/fr\/wp-json\/wp\/v2\/product_tag?post=668"}],"curies":[{"name":"wp","href":"https:\/\/api.w.org\/{rel}","templated":true}]}}