{"id":717,"date":"2024-05-09T07:44:43","date_gmt":"2024-05-09T07:44:43","guid":{"rendered":"https:\/\/www.burleytools.com\/product\/2600w-electric-14-disc-cutter-circular-saw-concrete-saw-power-angle-cutter-wet-dry-circular-blade-w-guide-roller-kx355d\/"},"modified":"2024-09-06T02:58:53","modified_gmt":"2024-09-06T02:58:53","slug":"2600w-electric-14-disc-cutter-circular-saw-concrete-saw-power-angle-cutter-wet-dry-circular-blade-w-guide-roller-kx355d","status":"publish","type":"product","link":"https:\/\/www.burleytools.com\/fr\/produit\/scie-circulaire-electrique-2600-w-a-14-disques-pour-beton-coupe-angle-electrique-lame-circulaire-humide-et-seche-avec-rouleau-de-guidage-kx355d\/","title":{"rendered":"Scie circulaire \u00e9lectrique \u00e0 disque de 14 po de 2600 W, scie \u00e0 b\u00e9ton, coupe-angle \u00e9lectrique, lame circulaire humide\/s\u00e8che avec rouleau de guidage-KX355D"},"content":{"rendered":"<p>\u25cf Coupe stable et fluide. Scie \u00e0 b\u00e9ton \u00e9lectrique avec moteur d&#039;\u00e9quilibrage dynamique, qui produira moins de vibrations lors de l&#039;utilisation pour assurer une coupe stable.<\/p>\n<p>\u25cf Contr\u00f4le des d\u00e9bris et de la poussi\u00e8re. Port anti-poussi\u00e8re int\u00e9gr\u00e9 pour \u00e9vacuer les d\u00e9bris et la poussi\u00e8re de coupe ; fixation de la conduite d&#039;eau pour refroidir la lame pendant la coupe humide.<\/p>\n<p>\u25cf Large application. Le moteur de 2600 W offre une puissance pour couper facilement diff\u00e9rents mat\u00e9riaux en pierre avec une profondeur de coupe maximale de 5 pouces, id\u00e9al pour une utilisation \u00e0 la maison, sur un chantier de construction et en usine.<\/p>\n<p>\u25cf Fonctionnement s\u00e9curis\u00e9. Protection contre les surcharges pour \u00e9viter les surintensit\u00e9s ; \u00e9quip\u00e9 d&#039;un GFCI pour r\u00e9duire les risques de choc \u00e9lectrique ; le cordon UL garantit la s\u00e9curit\u00e9 d&#039;utilisation.<\/p>\n<p>\u25cf Durable \u00e0 utiliser. D\u00e9marreur progressif pour prot\u00e9ger consid\u00e9rablement le moteur pendant une longue p\u00e9riode d&#039;utilisation ; le corps principal est en aluminium et en plastique pour une longue dur\u00e9e de vie.<\/p>\n<p><img decoding=\"async\" title=\"KX355D-\u4e2d\u6027\u8bf4\u660e\u4e66\uff08\u6c38\u9686\u5e2e\u5fd9\u6392\u7248\uff09\" src=\"\/wp-content\/uploads\/2024\/05\/1608693866924341.jpg\" alt=\"KX355D-\u4e2d\u6027\u8bf4\u660e\u4e66\uff08\u6c38\u9686\u5e2e\u5fd9\u6392\u7248\uff09\" \/><\/p>","protected":false},"excerpt":{"rendered":"<p>\u25cf Le bouclier en caoutchouc prot\u00e8ge la main de l&#039;op\u00e9rateur et le moteur des d\u00e9bris. La buse int\u00e9gr\u00e9e peut \u00eatre connect\u00e9e \u00e0 un aspirateur pour un environnement de travail plus propre.<\/p>\n<p>\u25cf Le prot\u00e8ge-profondeur r\u00e9glable pour une coupe uniforme et les roues de guidage sur l&#039;outil garantissent un d\u00e9placement en douceur sur le mat\u00e9riau de surface.<\/p>\n<p>\u25cf <img decoding=\"async\" style=\"width: 180px; height: 27px;\" title=\"1606975649218025\" src=\"\/wp-content\/uploads\/2024\/05\/1608099564153407.png\" alt=\"ind\u00e9fini\" width=\"180\" height=\"27\" border=\"0\" vspace=\"0\" \/><\/p>","protected":false},"featured_media":2745,"template":"","meta":{"_acf_changed":false,"_mi_skip_tracking":false,"_monsterinsights_sitenote_active":false,"_monsterinsights_sitenote_note":"","_monsterinsights_sitenote_category":0},"product_cat":[33,28],"product_tag":[],"class_list":{"0":"post-717","1":"product","2":"type-product","3":"status-publish","4":"has-post-thumbnail","6":"product_cat-cutting-machine","7":"product_cat-general-power-tools","9":"first","10":"instock","11":"shipping-taxable","12":"product-type-simple"},"acf":[],"yoast_head":"<!-- This site is optimized with the Yoast SEO Premium plugin v21.6 (Yoast SEO v22.3) - https:\/\/yoast.com\/wordpress\/plugins\/seo\/ -->\n<title>2600W Electric 14&quot; Disc Cutter Circular Saw Concrete Saw Power Angle Cutter Wet\/Dry Circular Blade w\/Guide Roller-KX355D - BURLEY<\/title>\n<meta name=\"robots\" content=\"index, follow, max-snippet:-1, max-image-preview:large, max-video-preview:-1\" \/>\n<link rel=\"canonical\" href=\"https:\/\/www.burleytools.com\/fr\/produit\/scie-circulaire-electrique-2600-w-a-14-disques-pour-beton-coupe-angle-electrique-lame-circulaire-humide-et-seche-avec-rouleau-de-guidage-kx355d\/\" \/>\n<meta property=\"og:locale\" content=\"fr_FR\" \/>\n<meta property=\"og:type\" content=\"article\" \/>\n<meta property=\"og:title\" content=\"2600W Electric 14&quot; Disc Cutter Circular Saw Concrete Saw Power Angle Cutter Wet\/Dry Circular Blade w\/Guide Roller-KX355D\" \/>\n<meta property=\"og:description\" content=\"\u25cf Rubber shield protects the operators hand and motor from debrisIntegrated nozzle can be connected to a vacuum cleaner for a cleaner work environment.  \u25cf Adjustable depth guard for consistent cutting and guide wheels on the tool ensure smooth travel over the surface material.  \u25cf\" \/>\n<meta property=\"og:url\" content=\"https:\/\/www.burleytools.com\/fr\/produit\/scie-circulaire-electrique-2600-w-a-14-disques-pour-beton-coupe-angle-electrique-lame-circulaire-humide-et-seche-avec-rouleau-de-guidage-kx355d\/\" \/>\n<meta property=\"og:site_name\" content=\"BURLEY\" \/>\n<meta property=\"article:modified_time\" content=\"2024-09-06T02:58:53+00:00\" \/>\n<meta property=\"og:image\" content=\"https:\/\/www.burleytools.com\/wp-content\/uploads\/2024\/08\/SKX355D-1.jpg\" \/>\n\t<meta property=\"og:image:width\" content=\"1000\" \/>\n\t<meta property=\"og:image:height\" content=\"1000\" \/>\n\t<meta property=\"og:image:type\" content=\"image\/jpeg\" \/>\n<meta name=\"twitter:card\" content=\"summary_large_image\" \/>\n<meta name=\"twitter:label1\" content=\"Dur\u00e9e de lecture estim\u00e9e\" \/>\n\t<meta name=\"twitter:data1\" content=\"1 minute\" \/>\n<script type=\"application\/ld+json\" class=\"yoast-schema-graph\">{\"@context\":\"https:\/\/schema.org\",\"@graph\":[{\"@type\":\"WebPage\",\"@id\":\"https:\/\/www.burleytools.com\/product\/2600w-electric-14-disc-cutter-circular-saw-concrete-saw-power-angle-cutter-wet-dry-circular-blade-w-guide-roller-kx355d\/\",\"url\":\"https:\/\/www.burleytools.com\/product\/2600w-electric-14-disc-cutter-circular-saw-concrete-saw-power-angle-cutter-wet-dry-circular-blade-w-guide-roller-kx355d\/\",\"name\":\"2600W Electric 14&quot; Disc Cutter Circular Saw Concrete Saw Power Angle Cutter Wet\/Dry Circular Blade w\/Guide Roller-KX355D - BURLEY\",\"isPartOf\":{\"@id\":\"https:\/\/www.burleytools.com\/#website\"},\"primaryImageOfPage\":{\"@id\":\"https:\/\/www.burleytools.com\/product\/2600w-electric-14-disc-cutter-circular-saw-concrete-saw-power-angle-cutter-wet-dry-circular-blade-w-guide-roller-kx355d\/#primaryimage\"},\"image\":{\"@id\":\"https:\/\/www.burleytools.com\/product\/2600w-electric-14-disc-cutter-circular-saw-concrete-saw-power-angle-cutter-wet-dry-circular-blade-w-guide-roller-kx355d\/#primaryimage\"},\"thumbnailUrl\":\"https:\/\/www.burleytools.com\/wp-content\/uploads\/2024\/08\/SKX355D-1.jpg\",\"datePublished\":\"2024-05-09T07:44:43+00:00\",\"dateModified\":\"2024-09-06T02:58:53+00:00\",\"breadcrumb\":{\"@id\":\"https:\/\/www.burleytools.com\/product\/2600w-electric-14-disc-cutter-circular-saw-concrete-saw-power-angle-cutter-wet-dry-circular-blade-w-guide-roller-kx355d\/#breadcrumb\"},\"inLanguage\":\"fr-FR\",\"potentialAction\":[{\"@type\":\"ReadAction\",\"target\":[\"https:\/\/www.burleytools.com\/product\/2600w-electric-14-disc-cutter-circular-saw-concrete-saw-power-angle-cutter-wet-dry-circular-blade-w-guide-roller-kx355d\/\"]}]},{\"@type\":\"ImageObject\",\"inLanguage\":\"fr-FR\",\"@id\":\"https:\/\/www.burleytools.com\/product\/2600w-electric-14-disc-cutter-circular-saw-concrete-saw-power-angle-cutter-wet-dry-circular-blade-w-guide-roller-kx355d\/#primaryimage\",\"url\":\"https:\/\/www.burleytools.com\/wp-content\/uploads\/2024\/08\/SKX355D-1.jpg\",\"contentUrl\":\"https:\/\/www.burleytools.com\/wp-content\/uploads\/2024\/08\/SKX355D-1.jpg\",\"width\":1000,\"height\":1000},{\"@type\":\"BreadcrumbList\",\"@id\":\"https:\/\/www.burleytools.com\/product\/2600w-electric-14-disc-cutter-circular-saw-concrete-saw-power-angle-cutter-wet-dry-circular-blade-w-guide-roller-kx355d\/#breadcrumb\",\"itemListElement\":[{\"@type\":\"ListItem\",\"position\":1,\"name\":\"Home\",\"item\":\"https:\/\/www.burleytools.com\/\"},{\"@type\":\"ListItem\",\"position\":2,\"name\":\"Products\",\"item\":\"https:\/\/www.burleytools.com\/products\/\"},{\"@type\":\"ListItem\",\"position\":3,\"name\":\"2600W Electric 14&quot; Disc Cutter Circular Saw Concrete Saw Power Angle Cutter Wet\/Dry Circular Blade w\/Guide Roller-KX355D\"}]},{\"@type\":\"WebSite\",\"@id\":\"https:\/\/www.burleytools.com\/#website\",\"url\":\"https:\/\/www.burleytools.com\/\",\"name\":\"BURLEY\",\"description\":\"\",\"publisher\":{\"@id\":\"https:\/\/www.burleytools.com\/#organization\"},\"potentialAction\":[{\"@type\":\"SearchAction\",\"target\":{\"@type\":\"EntryPoint\",\"urlTemplate\":\"https:\/\/www.burleytools.com\/?s={search_term_string}\"},\"query-input\":\"required name=search_term_string\"}],\"inLanguage\":\"fr-FR\"},{\"@type\":\"Organization\",\"@id\":\"https:\/\/www.burleytools.com\/#organization\",\"name\":\"BURLEY\",\"url\":\"https:\/\/www.burleytools.com\/\",\"logo\":{\"@type\":\"ImageObject\",\"inLanguage\":\"fr-FR\",\"@id\":\"https:\/\/www.burleytools.com\/#\/schema\/logo\/image\/\",\"url\":\"https:\/\/www.burleytools.com\/wp-content\/uploads\/2023\/10\/logo.webp\",\"contentUrl\":\"https:\/\/www.burleytools.com\/wp-content\/uploads\/2023\/10\/logo.webp\",\"width\":165,\"height\":62,\"caption\":\"BURLEY\"},\"image\":{\"@id\":\"https:\/\/www.burleytools.com\/#\/schema\/logo\/image\/\"}}]}<\/script>\n<!-- \/ Yoast SEO Premium plugin. -->","yoast_head_json":{"title":"2600W Electric 14&quot; Disc Cutter Circular Saw Concrete Saw Power Angle Cutter Wet\/Dry Circular Blade w\/Guide Roller-KX355D - BURLEY","robots":{"index":"index","follow":"follow","max-snippet":"max-snippet:-1","max-image-preview":"max-image-preview:large","max-video-preview":"max-video-preview:-1"},"canonical":"https:\/\/www.burleytools.com\/fr\/produit\/scie-circulaire-electrique-2600-w-a-14-disques-pour-beton-coupe-angle-electrique-lame-circulaire-humide-et-seche-avec-rouleau-de-guidage-kx355d\/","og_locale":"fr_FR","og_type":"article","og_title":"2600W Electric 14&quot; Disc Cutter Circular Saw Concrete Saw Power Angle Cutter Wet\/Dry Circular Blade w\/Guide Roller-KX355D","og_description":"\u25cf Rubber shield protects the operators hand and motor from debrisIntegrated nozzle can be connected to a vacuum cleaner for a cleaner work environment.  \u25cf Adjustable depth guard for consistent cutting and guide wheels on the tool ensure smooth travel over the surface material.  \u25cf","og_url":"https:\/\/www.burleytools.com\/fr\/produit\/scie-circulaire-electrique-2600-w-a-14-disques-pour-beton-coupe-angle-electrique-lame-circulaire-humide-et-seche-avec-rouleau-de-guidage-kx355d\/","og_site_name":"BURLEY","article_modified_time":"2024-09-06T02:58:53+00:00","og_image":[{"width":1000,"height":1000,"url":"https:\/\/www.burleytools.com\/wp-content\/uploads\/2024\/08\/SKX355D-1.jpg","type":"image\/jpeg"}],"twitter_card":"summary_large_image","twitter_misc":{"Dur\u00e9e de lecture estim\u00e9e":"1 minute"},"schema":{"@context":"https:\/\/schema.org","@graph":[{"@type":"WebPage","@id":"https:\/\/www.burleytools.com\/product\/2600w-electric-14-disc-cutter-circular-saw-concrete-saw-power-angle-cutter-wet-dry-circular-blade-w-guide-roller-kx355d\/","url":"https:\/\/www.burleytools.com\/product\/2600w-electric-14-disc-cutter-circular-saw-concrete-saw-power-angle-cutter-wet-dry-circular-blade-w-guide-roller-kx355d\/","name":"2600W Electric 14&quot; Disc Cutter Circular Saw Concrete Saw Power Angle Cutter Wet\/Dry Circular Blade w\/Guide Roller-KX355D - BURLEY","isPartOf":{"@id":"https:\/\/www.burleytools.com\/#website"},"primaryImageOfPage":{"@id":"https:\/\/www.burleytools.com\/product\/2600w-electric-14-disc-cutter-circular-saw-concrete-saw-power-angle-cutter-wet-dry-circular-blade-w-guide-roller-kx355d\/#primaryimage"},"image":{"@id":"https:\/\/www.burleytools.com\/product\/2600w-electric-14-disc-cutter-circular-saw-concrete-saw-power-angle-cutter-wet-dry-circular-blade-w-guide-roller-kx355d\/#primaryimage"},"thumbnailUrl":"https:\/\/www.burleytools.com\/wp-content\/uploads\/2024\/08\/SKX355D-1.jpg","datePublished":"2024-05-09T07:44:43+00:00","dateModified":"2024-09-06T02:58:53+00:00","breadcrumb":{"@id":"https:\/\/www.burleytools.com\/product\/2600w-electric-14-disc-cutter-circular-saw-concrete-saw-power-angle-cutter-wet-dry-circular-blade-w-guide-roller-kx355d\/#breadcrumb"},"inLanguage":"fr-FR","potentialAction":[{"@type":"ReadAction","target":["https:\/\/www.burleytools.com\/product\/2600w-electric-14-disc-cutter-circular-saw-concrete-saw-power-angle-cutter-wet-dry-circular-blade-w-guide-roller-kx355d\/"]}]},{"@type":"ImageObject","inLanguage":"fr-FR","@id":"https:\/\/www.burleytools.com\/product\/2600w-electric-14-disc-cutter-circular-saw-concrete-saw-power-angle-cutter-wet-dry-circular-blade-w-guide-roller-kx355d\/#primaryimage","url":"https:\/\/www.burleytools.com\/wp-content\/uploads\/2024\/08\/SKX355D-1.jpg","contentUrl":"https:\/\/www.burleytools.com\/wp-content\/uploads\/2024\/08\/SKX355D-1.jpg","width":1000,"height":1000},{"@type":"BreadcrumbList","@id":"https:\/\/www.burleytools.com\/product\/2600w-electric-14-disc-cutter-circular-saw-concrete-saw-power-angle-cutter-wet-dry-circular-blade-w-guide-roller-kx355d\/#breadcrumb","itemListElement":[{"@type":"ListItem","position":1,"name":"Home","item":"https:\/\/www.burleytools.com\/"},{"@type":"ListItem","position":2,"name":"Products","item":"https:\/\/www.burleytools.com\/products\/"},{"@type":"ListItem","position":3,"name":"2600W Electric 14&quot; Disc Cutter Circular Saw Concrete Saw Power Angle Cutter Wet\/Dry Circular Blade w\/Guide Roller-KX355D"}]},{"@type":"WebSite","@id":"https:\/\/www.burleytools.com\/#website","url":"https:\/\/www.burleytools.com\/","name":"BURLEY","description":"","publisher":{"@id":"https:\/\/www.burleytools.com\/#organization"},"potentialAction":[{"@type":"SearchAction","target":{"@type":"EntryPoint","urlTemplate":"https:\/\/www.burleytools.com\/?s={search_term_string}"},"query-input":"required name=search_term_string"}],"inLanguage":"fr-FR"},{"@type":"Organization","@id":"https:\/\/www.burleytools.com\/#organization","name":"BURLEY","url":"https:\/\/www.burleytools.com\/","logo":{"@type":"ImageObject","inLanguage":"fr-FR","@id":"https:\/\/www.burleytools.com\/#\/schema\/logo\/image\/","url":"https:\/\/www.burleytools.com\/wp-content\/uploads\/2023\/10\/logo.webp","contentUrl":"https:\/\/www.burleytools.com\/wp-content\/uploads\/2023\/10\/logo.webp","width":165,"height":62,"caption":"BURLEY"},"image":{"@id":"https:\/\/www.burleytools.com\/#\/schema\/logo\/image\/"}}]}},"_links":{"self":[{"href":"https:\/\/www.burleytools.com\/fr\/wp-json\/wp\/v2\/product\/717"}],"collection":[{"href":"https:\/\/www.burleytools.com\/fr\/wp-json\/wp\/v2\/product"}],"about":[{"href":"https:\/\/www.burleytools.com\/fr\/wp-json\/wp\/v2\/types\/product"}],"wp:featuredmedia":[{"embeddable":true,"href":"https:\/\/www.burleytools.com\/fr\/wp-json\/wp\/v2\/media\/2745"}],"wp:attachment":[{"href":"https:\/\/www.burleytools.com\/fr\/wp-json\/wp\/v2\/media?parent=717"}],"wp:term":[{"taxonomy":"product_cat","embeddable":true,"href":"https:\/\/www.burleytools.com\/fr\/wp-json\/wp\/v2\/product_cat?post=717"},{"taxonomy":"product_tag","embeddable":true,"href":"https:\/\/www.burleytools.com\/fr\/wp-json\/wp\/v2\/product_tag?post=717"}],"curies":[{"name":"wp","href":"https:\/\/api.w.org\/{rel}","templated":true}]}}