{"id":819,"date":"2024-05-09T07:45:12","date_gmt":"2024-05-09T07:45:12","guid":{"rendered":"https:\/\/www.burleytools.com\/product\/1400w-1600w-twin-paddle-agitator-stirrer-handheld-electric-concrete-cement-mortar-mixer-with-2-stirring-rods-for-feed-paint-coating-putty-powder-cement-mixing-r6408\/"},"modified":"2024-08-20T07:28:43","modified_gmt":"2024-08-20T07:28:43","slug":"1400w-1600w-twin-paddle-agitator-stirrer-handheld-electric-concrete-cement-mortar-mixer-with-2-stirring-rods-for-feed-paint-coating-putty-powder-cement-mixing-r6408","status":"publish","type":"product","link":"https:\/\/www.burleytools.com\/fr\/produit\/agitateur-a-double-pales-1400w-1600w-agitateur-a-main-electrique-beton-mortier-melangeur-avec-2-tiges-dagitation-pour-alimentation-peinture-revetement-mastic-poudre-ciment-melange-r6408\/","title":{"rendered":"Agitateur \u00e0 double palette 1400W\/1600W, m\u00e9langeur \u00e9lectrique portatif de mortier de ciment de b\u00e9ton avec 2 tiges d&#039;agitation pour le m\u00e9lange de ciment de poudre de mastic de rev\u00eatement de peinture d&#039;alimentation-R6408"},"content":{"rendered":"<p>\u25cf C\u00e2ble PVC 2 m H05VV-F 2 x 1,0 mm2, prise VDE<\/p>\n<p>\u25cf Type de protection : Double isolation<\/p>\n<p>\u25cf Classe de protection : classe II<\/p>\n<p>\u25cf Pale de m\u00e9lange (\u00d8 max.) : 120 mm\/140 mm<\/p>\n<p>\u25cf Volume de m\u00e9lange : 80 L \/ 120 L<\/p>\n<p>\u25cf T\u00e9moin lumineux Alerte de surcharge et de changement de brosse. T\u00e9moin d&#039;alimentation<\/p>\n<p>\u25cf Manche en fer \u00e0 protection optimale<\/p>\n<p>\u25cf Pagaie double avec syst\u00e8me de fixation rapide<\/p>","protected":false},"excerpt":{"rendered":"<p>\u25cf La poign\u00e9e ergonomique avec prise en main souple r\u00e9duit la fatigue au travail et offre un confort suppl\u00e9mentaire.<\/p>\n<p>\u25cf Vitesse infiniment variable pour une transmission de puissance sans \u00e0-coups.<\/p>\n<p>\u25cf Fonction d&#039;\u00e9clairage LED lorsque l&#039;\u00e9clairage est insuffisant.<\/p>\n<p>\u25cf <img decoding=\"async\" style=\"width: 180px; height: 27px;\" title=\"4\" src=\"\/wp-content\/uploads\/2024\/05\/1606975649218025.png\" alt=\"4\" width=\"180\" height=\"27\" border=\"0\" vspace=\"0\" \/><\/p>","protected":false},"featured_media":818,"template":"","meta":{"_acf_changed":false,"_mi_skip_tracking":false,"_monsterinsights_sitenote_active":false,"_monsterinsights_sitenote_note":"","_monsterinsights_sitenote_category":0},"product_cat":[35,34],"product_tag":[],"class_list":{"0":"post-819","1":"product","2":"type-product","3":"status-publish","4":"has-post-thumbnail","6":"product_cat-electric-mixer","7":"product_cat-renovation-wallpainting","9":"first","10":"instock","11":"shipping-taxable","12":"product-type-simple"},"acf":[],"yoast_head":"<!-- This site is optimized with the Yoast SEO Premium plugin v21.6 (Yoast SEO v22.3) - https:\/\/yoast.com\/wordpress\/plugins\/seo\/ -->\n<title>1400W\/1600W Twin Paddle Agitator Stirrer, Handheld Electric Concrete Cement Mortar Mixer With 2 Stirring Rods For Feed Paint Coating Putty Powder Cement Mixing-R6408 - BURLEY<\/title>\n<meta name=\"robots\" content=\"index, follow, max-snippet:-1, max-image-preview:large, max-video-preview:-1\" \/>\n<link rel=\"canonical\" href=\"https:\/\/www.burleytools.com\/fr\/produit\/agitateur-a-double-pales-1400w-1600w-agitateur-a-main-electrique-beton-mortier-melangeur-avec-2-tiges-dagitation-pour-alimentation-peinture-revetement-mastic-poudre-ciment-melange-r6408\/\" \/>\n<meta property=\"og:locale\" content=\"fr_FR\" \/>\n<meta property=\"og:type\" content=\"article\" \/>\n<meta property=\"og:title\" content=\"1400W\/1600W Twin Paddle Agitator Stirrer, Handheld Electric Concrete Cement Mortar Mixer With 2 Stirring Rods For Feed Paint Coating Putty Powder Cement Mixing-R6408\" \/>\n<meta property=\"og:description\" content=\"\u25cf Ergonomic designed handle withsoft grip reduces working fatigue-supplying extra comfort.  \u25cf Infinitely variable speed for power transmissionwithout aplashing.  \u25cf LED light function when lighting is insufficient.  \u25cf\" \/>\n<meta property=\"og:url\" content=\"https:\/\/www.burleytools.com\/fr\/produit\/agitateur-a-double-pales-1400w-1600w-agitateur-a-main-electrique-beton-mortier-melangeur-avec-2-tiges-dagitation-pour-alimentation-peinture-revetement-mastic-poudre-ciment-melange-r6408\/\" \/>\n<meta property=\"og:site_name\" content=\"BURLEY\" \/>\n<meta property=\"article:modified_time\" content=\"2024-08-20T07:28:43+00:00\" \/>\n<meta property=\"og:image\" content=\"https:\/\/www.burleytools.com\/wp-content\/uploads\/2024\/05\/1606986431485024-1.jpg\" \/>\n\t<meta property=\"og:image:width\" content=\"700\" \/>\n\t<meta property=\"og:image:height\" content=\"700\" \/>\n\t<meta property=\"og:image:type\" content=\"image\/jpeg\" \/>\n<meta name=\"twitter:card\" content=\"summary_large_image\" \/>\n<meta name=\"twitter:label1\" content=\"Dur\u00e9e de lecture estim\u00e9e\" \/>\n\t<meta name=\"twitter:data1\" content=\"1 minute\" \/>\n<script type=\"application\/ld+json\" class=\"yoast-schema-graph\">{\"@context\":\"https:\/\/schema.org\",\"@graph\":[{\"@type\":\"WebPage\",\"@id\":\"https:\/\/www.burleytools.com\/product\/1400w-1600w-twin-paddle-agitator-stirrer-handheld-electric-concrete-cement-mortar-mixer-with-2-stirring-rods-for-feed-paint-coating-putty-powder-cement-mixing-r6408\/\",\"url\":\"https:\/\/www.burleytools.com\/product\/1400w-1600w-twin-paddle-agitator-stirrer-handheld-electric-concrete-cement-mortar-mixer-with-2-stirring-rods-for-feed-paint-coating-putty-powder-cement-mixing-r6408\/\",\"name\":\"1400W\/1600W Twin Paddle Agitator Stirrer, Handheld Electric Concrete Cement Mortar Mixer With 2 Stirring Rods For Feed Paint Coating Putty Powder Cement Mixing-R6408 - BURLEY\",\"isPartOf\":{\"@id\":\"https:\/\/www.burleytools.com\/#website\"},\"primaryImageOfPage\":{\"@id\":\"https:\/\/www.burleytools.com\/product\/1400w-1600w-twin-paddle-agitator-stirrer-handheld-electric-concrete-cement-mortar-mixer-with-2-stirring-rods-for-feed-paint-coating-putty-powder-cement-mixing-r6408\/#primaryimage\"},\"image\":{\"@id\":\"https:\/\/www.burleytools.com\/product\/1400w-1600w-twin-paddle-agitator-stirrer-handheld-electric-concrete-cement-mortar-mixer-with-2-stirring-rods-for-feed-paint-coating-putty-powder-cement-mixing-r6408\/#primaryimage\"},\"thumbnailUrl\":\"https:\/\/www.burleytools.com\/wp-content\/uploads\/2024\/05\/1606986431485024-1.jpg\",\"datePublished\":\"2024-05-09T07:45:12+00:00\",\"dateModified\":\"2024-08-20T07:28:43+00:00\",\"breadcrumb\":{\"@id\":\"https:\/\/www.burleytools.com\/product\/1400w-1600w-twin-paddle-agitator-stirrer-handheld-electric-concrete-cement-mortar-mixer-with-2-stirring-rods-for-feed-paint-coating-putty-powder-cement-mixing-r6408\/#breadcrumb\"},\"inLanguage\":\"fr-FR\",\"potentialAction\":[{\"@type\":\"ReadAction\",\"target\":[\"https:\/\/www.burleytools.com\/product\/1400w-1600w-twin-paddle-agitator-stirrer-handheld-electric-concrete-cement-mortar-mixer-with-2-stirring-rods-for-feed-paint-coating-putty-powder-cement-mixing-r6408\/\"]}]},{\"@type\":\"ImageObject\",\"inLanguage\":\"fr-FR\",\"@id\":\"https:\/\/www.burleytools.com\/product\/1400w-1600w-twin-paddle-agitator-stirrer-handheld-electric-concrete-cement-mortar-mixer-with-2-stirring-rods-for-feed-paint-coating-putty-powder-cement-mixing-r6408\/#primaryimage\",\"url\":\"https:\/\/www.burleytools.com\/wp-content\/uploads\/2024\/05\/1606986431485024-1.jpg\",\"contentUrl\":\"https:\/\/www.burleytools.com\/wp-content\/uploads\/2024\/05\/1606986431485024-1.jpg\",\"width\":700,\"height\":700},{\"@type\":\"BreadcrumbList\",\"@id\":\"https:\/\/www.burleytools.com\/product\/1400w-1600w-twin-paddle-agitator-stirrer-handheld-electric-concrete-cement-mortar-mixer-with-2-stirring-rods-for-feed-paint-coating-putty-powder-cement-mixing-r6408\/#breadcrumb\",\"itemListElement\":[{\"@type\":\"ListItem\",\"position\":1,\"name\":\"Home\",\"item\":\"https:\/\/www.burleytools.com\/\"},{\"@type\":\"ListItem\",\"position\":2,\"name\":\"Products\",\"item\":\"https:\/\/www.burleytools.com\/products\/\"},{\"@type\":\"ListItem\",\"position\":3,\"name\":\"1400W\/1600W Twin Paddle Agitator Stirrer, Handheld Electric Concrete Cement Mortar Mixer With 2 Stirring Rods For Feed Paint Coating Putty Powder Cement Mixing-R6408\"}]},{\"@type\":\"WebSite\",\"@id\":\"https:\/\/www.burleytools.com\/#website\",\"url\":\"https:\/\/www.burleytools.com\/\",\"name\":\"BURLEY\",\"description\":\"\",\"publisher\":{\"@id\":\"https:\/\/www.burleytools.com\/#organization\"},\"potentialAction\":[{\"@type\":\"SearchAction\",\"target\":{\"@type\":\"EntryPoint\",\"urlTemplate\":\"https:\/\/www.burleytools.com\/?s={search_term_string}\"},\"query-input\":\"required name=search_term_string\"}],\"inLanguage\":\"fr-FR\"},{\"@type\":\"Organization\",\"@id\":\"https:\/\/www.burleytools.com\/#organization\",\"name\":\"BURLEY\",\"url\":\"https:\/\/www.burleytools.com\/\",\"logo\":{\"@type\":\"ImageObject\",\"inLanguage\":\"fr-FR\",\"@id\":\"https:\/\/www.burleytools.com\/#\/schema\/logo\/image\/\",\"url\":\"https:\/\/www.burleytools.com\/wp-content\/uploads\/2023\/10\/logo.webp\",\"contentUrl\":\"https:\/\/www.burleytools.com\/wp-content\/uploads\/2023\/10\/logo.webp\",\"width\":165,\"height\":62,\"caption\":\"BURLEY\"},\"image\":{\"@id\":\"https:\/\/www.burleytools.com\/#\/schema\/logo\/image\/\"}}]}<\/script>\n<!-- \/ Yoast SEO Premium plugin. -->","yoast_head_json":{"title":"1400W\/1600W Twin Paddle Agitator Stirrer, Handheld Electric Concrete Cement Mortar Mixer With 2 Stirring Rods For Feed Paint Coating Putty Powder Cement Mixing-R6408 - BURLEY","robots":{"index":"index","follow":"follow","max-snippet":"max-snippet:-1","max-image-preview":"max-image-preview:large","max-video-preview":"max-video-preview:-1"},"canonical":"https:\/\/www.burleytools.com\/fr\/produit\/agitateur-a-double-pales-1400w-1600w-agitateur-a-main-electrique-beton-mortier-melangeur-avec-2-tiges-dagitation-pour-alimentation-peinture-revetement-mastic-poudre-ciment-melange-r6408\/","og_locale":"fr_FR","og_type":"article","og_title":"1400W\/1600W Twin Paddle Agitator Stirrer, Handheld Electric Concrete Cement Mortar Mixer With 2 Stirring Rods For Feed Paint Coating Putty Powder Cement Mixing-R6408","og_description":"\u25cf Ergonomic designed handle withsoft grip reduces working fatigue-supplying extra comfort.  \u25cf Infinitely variable speed for power transmissionwithout aplashing.  \u25cf LED light function when lighting is insufficient.  \u25cf","og_url":"https:\/\/www.burleytools.com\/fr\/produit\/agitateur-a-double-pales-1400w-1600w-agitateur-a-main-electrique-beton-mortier-melangeur-avec-2-tiges-dagitation-pour-alimentation-peinture-revetement-mastic-poudre-ciment-melange-r6408\/","og_site_name":"BURLEY","article_modified_time":"2024-08-20T07:28:43+00:00","og_image":[{"width":700,"height":700,"url":"https:\/\/www.burleytools.com\/wp-content\/uploads\/2024\/05\/1606986431485024-1.jpg","type":"image\/jpeg"}],"twitter_card":"summary_large_image","twitter_misc":{"Dur\u00e9e de lecture estim\u00e9e":"1 minute"},"schema":{"@context":"https:\/\/schema.org","@graph":[{"@type":"WebPage","@id":"https:\/\/www.burleytools.com\/product\/1400w-1600w-twin-paddle-agitator-stirrer-handheld-electric-concrete-cement-mortar-mixer-with-2-stirring-rods-for-feed-paint-coating-putty-powder-cement-mixing-r6408\/","url":"https:\/\/www.burleytools.com\/product\/1400w-1600w-twin-paddle-agitator-stirrer-handheld-electric-concrete-cement-mortar-mixer-with-2-stirring-rods-for-feed-paint-coating-putty-powder-cement-mixing-r6408\/","name":"1400W\/1600W Twin Paddle Agitator Stirrer, Handheld Electric Concrete Cement Mortar Mixer With 2 Stirring Rods For Feed Paint Coating Putty Powder Cement Mixing-R6408 - BURLEY","isPartOf":{"@id":"https:\/\/www.burleytools.com\/#website"},"primaryImageOfPage":{"@id":"https:\/\/www.burleytools.com\/product\/1400w-1600w-twin-paddle-agitator-stirrer-handheld-electric-concrete-cement-mortar-mixer-with-2-stirring-rods-for-feed-paint-coating-putty-powder-cement-mixing-r6408\/#primaryimage"},"image":{"@id":"https:\/\/www.burleytools.com\/product\/1400w-1600w-twin-paddle-agitator-stirrer-handheld-electric-concrete-cement-mortar-mixer-with-2-stirring-rods-for-feed-paint-coating-putty-powder-cement-mixing-r6408\/#primaryimage"},"thumbnailUrl":"https:\/\/www.burleytools.com\/wp-content\/uploads\/2024\/05\/1606986431485024-1.jpg","datePublished":"2024-05-09T07:45:12+00:00","dateModified":"2024-08-20T07:28:43+00:00","breadcrumb":{"@id":"https:\/\/www.burleytools.com\/product\/1400w-1600w-twin-paddle-agitator-stirrer-handheld-electric-concrete-cement-mortar-mixer-with-2-stirring-rods-for-feed-paint-coating-putty-powder-cement-mixing-r6408\/#breadcrumb"},"inLanguage":"fr-FR","potentialAction":[{"@type":"ReadAction","target":["https:\/\/www.burleytools.com\/product\/1400w-1600w-twin-paddle-agitator-stirrer-handheld-electric-concrete-cement-mortar-mixer-with-2-stirring-rods-for-feed-paint-coating-putty-powder-cement-mixing-r6408\/"]}]},{"@type":"ImageObject","inLanguage":"fr-FR","@id":"https:\/\/www.burleytools.com\/product\/1400w-1600w-twin-paddle-agitator-stirrer-handheld-electric-concrete-cement-mortar-mixer-with-2-stirring-rods-for-feed-paint-coating-putty-powder-cement-mixing-r6408\/#primaryimage","url":"https:\/\/www.burleytools.com\/wp-content\/uploads\/2024\/05\/1606986431485024-1.jpg","contentUrl":"https:\/\/www.burleytools.com\/wp-content\/uploads\/2024\/05\/1606986431485024-1.jpg","width":700,"height":700},{"@type":"BreadcrumbList","@id":"https:\/\/www.burleytools.com\/product\/1400w-1600w-twin-paddle-agitator-stirrer-handheld-electric-concrete-cement-mortar-mixer-with-2-stirring-rods-for-feed-paint-coating-putty-powder-cement-mixing-r6408\/#breadcrumb","itemListElement":[{"@type":"ListItem","position":1,"name":"Home","item":"https:\/\/www.burleytools.com\/"},{"@type":"ListItem","position":2,"name":"Products","item":"https:\/\/www.burleytools.com\/products\/"},{"@type":"ListItem","position":3,"name":"1400W\/1600W Twin Paddle Agitator Stirrer, Handheld Electric Concrete Cement Mortar Mixer With 2 Stirring Rods For Feed Paint Coating Putty Powder Cement Mixing-R6408"}]},{"@type":"WebSite","@id":"https:\/\/www.burleytools.com\/#website","url":"https:\/\/www.burleytools.com\/","name":"BURLEY","description":"","publisher":{"@id":"https:\/\/www.burleytools.com\/#organization"},"potentialAction":[{"@type":"SearchAction","target":{"@type":"EntryPoint","urlTemplate":"https:\/\/www.burleytools.com\/?s={search_term_string}"},"query-input":"required name=search_term_string"}],"inLanguage":"fr-FR"},{"@type":"Organization","@id":"https:\/\/www.burleytools.com\/#organization","name":"BURLEY","url":"https:\/\/www.burleytools.com\/","logo":{"@type":"ImageObject","inLanguage":"fr-FR","@id":"https:\/\/www.burleytools.com\/#\/schema\/logo\/image\/","url":"https:\/\/www.burleytools.com\/wp-content\/uploads\/2023\/10\/logo.webp","contentUrl":"https:\/\/www.burleytools.com\/wp-content\/uploads\/2023\/10\/logo.webp","width":165,"height":62,"caption":"BURLEY"},"image":{"@id":"https:\/\/www.burleytools.com\/#\/schema\/logo\/image\/"}}]}},"_links":{"self":[{"href":"https:\/\/www.burleytools.com\/fr\/wp-json\/wp\/v2\/product\/819"}],"collection":[{"href":"https:\/\/www.burleytools.com\/fr\/wp-json\/wp\/v2\/product"}],"about":[{"href":"https:\/\/www.burleytools.com\/fr\/wp-json\/wp\/v2\/types\/product"}],"wp:featuredmedia":[{"embeddable":true,"href":"https:\/\/www.burleytools.com\/fr\/wp-json\/wp\/v2\/media\/818"}],"wp:attachment":[{"href":"https:\/\/www.burleytools.com\/fr\/wp-json\/wp\/v2\/media?parent=819"}],"wp:term":[{"taxonomy":"product_cat","embeddable":true,"href":"https:\/\/www.burleytools.com\/fr\/wp-json\/wp\/v2\/product_cat?post=819"},{"taxonomy":"product_tag","embeddable":true,"href":"https:\/\/www.burleytools.com\/fr\/wp-json\/wp\/v2\/product_tag?post=819"}],"curies":[{"name":"wp","href":"https:\/\/api.w.org\/{rel}","templated":true}]}}