{"id":840,"date":"2024-05-09T07:45:17","date_gmt":"2024-05-09T07:45:17","guid":{"rendered":"https:\/\/www.burleytools.com\/product\/1220w-1400w-electric-mortar-mixer-handheld-concrete-cement-plaster-adjustable-2-level-variable-speed-mixer-machine-with-120mm-140mm-mixing-paddlesteering-wheel-design-r6219s\/"},"modified":"2024-08-20T07:28:45","modified_gmt":"2024-08-20T07:28:45","slug":"1220w-1400w-electric-mortar-mixer-handheld-concrete-cement-plaster-adjustable-2-level-variable-speed-mixer-machine-with-120mm-140mm-mixing-paddlesteering-wheel-design-r6219s","status":"publish","type":"product","link":"https:\/\/www.burleytools.com\/fr\/produit\/melangeur-a-mortier-electrique-1220w-1400w-melangeur-portatif-a-vitesse-variable-a-2-niveaux-pour-beton-ciment-platre-avec-palette-de-melange-de-120-mm-et-140-mm-conception-au-volant-r6219s\/","title":{"rendered":"M\u00e9langeur \u00e0 mortier \u00e9lectrique 1220 W\/1400 W pour b\u00e9ton, ciment, pl\u00e2tre, m\u00e9langeur \u00e0 2 niveaux r\u00e9glable\/vitesse variable avec palette de m\u00e9lange 120 mm\/140 mm, conception de volant-R6219S"},"content":{"rendered":"<p>\u25cf C\u00e2ble PVC 2 m H05VV-F 2 x 1,0 mm2, prise VDE<\/p>\n<p>\u25cf Type de protection : Double isolation<\/p>\n<p>\u25cf Classe de protection : classe II<\/p>\n<p>\u25cf Unit\u00e9 \u00e0 2 vitesses grande et robuste avec des rapports optimaux pour un couple puissant et une vitesse adapt\u00e9e \u00e0 diff\u00e9rents mat\u00e9riaux<\/p>","protected":false},"excerpt":{"rendered":"<p>\u25cf Le d\u00e9marrage progressif emp\u00eache la pulv\u00e9risation incontr\u00f4l\u00e9e tandis que le contr\u00f4le de la vitesse constante garantit une vitesse constante m\u00eame si la charge de la machine est modifi\u00e9e.<\/p>\n<p>\u25cf M\u00e9langeur s\u00e9rie P : s&#039;applique au m\u00e9lange de mat\u00e9riaux de viscosit\u00e9 vari\u00e9e, en particulier dans le mastic, le mortier, la r\u00e9sine et les peintures en \u00e9mulsion.<\/p>\n<p>\u25cf Interrupteur \u00e9lectronique pour un contr\u00f4le de vitesse infiniment variable et une transmission de puissance en douceur ; pas d&#039;\u00e9claboussures m\u00eame \u00e0 pleine puissance.<\/p>\n<p>\u25cf Les engrenages sont capables de hautes performances. Un r\u00e9sultat maximal sans perte de puissance est obtenu.<\/p>\n<p>\u25cf <img decoding=\"async\" style=\"width: 180px; height: 27px;\" title=\"4\" src=\"\/wp-content\/uploads\/2024\/05\/1606975649218025.png\" alt=\"4\" width=\"180\" height=\"27\" border=\"0\" vspace=\"0\" \/><\/p>","protected":false},"featured_media":839,"template":"","meta":{"_acf_changed":false,"_mi_skip_tracking":false,"_monsterinsights_sitenote_active":false,"_monsterinsights_sitenote_note":"","_monsterinsights_sitenote_category":0},"product_cat":[35,34],"product_tag":[],"class_list":{"0":"post-840","1":"product","2":"type-product","3":"status-publish","4":"has-post-thumbnail","6":"product_cat-electric-mixer","7":"product_cat-renovation-wallpainting","9":"first","10":"instock","11":"shipping-taxable","12":"product-type-simple"},"acf":[],"yoast_head":"<!-- This site is optimized with the Yoast SEO Premium plugin v21.6 (Yoast SEO v22.3) - https:\/\/yoast.com\/wordpress\/plugins\/seo\/ -->\n<title>1220W\/1400W Electric Mortar Mixer Handheld Concrete Cement Plaster, Adjustable 2 Level\/ \u00a0Variable Speed Mixer Machine With 120Mm\/140Mm Mixing Paddle,Steering Wheel Design-R6219S - BURLEY<\/title>\n<meta name=\"robots\" content=\"index, follow, max-snippet:-1, max-image-preview:large, max-video-preview:-1\" \/>\n<link rel=\"canonical\" href=\"https:\/\/www.burleytools.com\/fr\/produit\/melangeur-a-mortier-electrique-1220w-1400w-melangeur-portatif-a-vitesse-variable-a-2-niveaux-pour-beton-ciment-platre-avec-palette-de-melange-de-120-mm-et-140-mm-conception-au-volant-r6219s\/\" \/>\n<meta property=\"og:locale\" content=\"fr_FR\" \/>\n<meta property=\"og:type\" content=\"article\" \/>\n<meta property=\"og:title\" content=\"1220W\/1400W Electric Mortar Mixer Handheld Concrete Cement Plaster, Adjustable 2 Level\/ \u00a0Variable Speed Mixer Machine With 120Mm\/140Mm Mixing Paddle,Steering Wheel Design-R6219S\" \/>\n<meta property=\"og:description\" content=\"\u25cf soft start prevents uncontrolled spraying while constant speed control ensures the constant speed even the machine&#039;s loading is changed.  \u25cf P-serie mixer:applies to various viscosity materials mixing,especially in putty,mortar,resin,and emulsion paints.  \u25cf Electronic switch for infinitely variable speed control and smooth power transmission;No splashing even at full power.  \u25cf The gears are capable of high performance. A maximum resukt without loss of power is achieved.  \u25cf\" \/>\n<meta property=\"og:url\" content=\"https:\/\/www.burleytools.com\/fr\/produit\/melangeur-a-mortier-electrique-1220w-1400w-melangeur-portatif-a-vitesse-variable-a-2-niveaux-pour-beton-ciment-platre-avec-palette-de-melange-de-120-mm-et-140-mm-conception-au-volant-r6219s\/\" \/>\n<meta property=\"og:site_name\" content=\"BURLEY\" \/>\n<meta property=\"article:modified_time\" content=\"2024-08-20T07:28:45+00:00\" \/>\n<meta property=\"og:image\" content=\"https:\/\/www.burleytools.com\/wp-content\/uploads\/2024\/05\/1607044911195798-1.jpg\" \/>\n\t<meta property=\"og:image:width\" content=\"700\" \/>\n\t<meta property=\"og:image:height\" content=\"700\" \/>\n\t<meta property=\"og:image:type\" content=\"image\/jpeg\" \/>\n<meta name=\"twitter:card\" content=\"summary_large_image\" \/>\n<meta name=\"twitter:label1\" content=\"Dur\u00e9e de lecture estim\u00e9e\" \/>\n\t<meta name=\"twitter:data1\" content=\"1 minute\" \/>\n<script type=\"application\/ld+json\" class=\"yoast-schema-graph\">{\"@context\":\"https:\/\/schema.org\",\"@graph\":[{\"@type\":\"WebPage\",\"@id\":\"https:\/\/www.burleytools.com\/product\/1220w-1400w-electric-mortar-mixer-handheld-concrete-cement-plaster-adjustable-2-level-variable-speed-mixer-machine-with-120mm-140mm-mixing-paddlesteering-wheel-design-r6219s\/\",\"url\":\"https:\/\/www.burleytools.com\/product\/1220w-1400w-electric-mortar-mixer-handheld-concrete-cement-plaster-adjustable-2-level-variable-speed-mixer-machine-with-120mm-140mm-mixing-paddlesteering-wheel-design-r6219s\/\",\"name\":\"1220W\/1400W Electric Mortar Mixer Handheld Concrete Cement Plaster, Adjustable 2 Level\/ \u00a0Variable Speed Mixer Machine With 120Mm\/140Mm Mixing Paddle,Steering Wheel Design-R6219S - BURLEY\",\"isPartOf\":{\"@id\":\"https:\/\/www.burleytools.com\/#website\"},\"primaryImageOfPage\":{\"@id\":\"https:\/\/www.burleytools.com\/product\/1220w-1400w-electric-mortar-mixer-handheld-concrete-cement-plaster-adjustable-2-level-variable-speed-mixer-machine-with-120mm-140mm-mixing-paddlesteering-wheel-design-r6219s\/#primaryimage\"},\"image\":{\"@id\":\"https:\/\/www.burleytools.com\/product\/1220w-1400w-electric-mortar-mixer-handheld-concrete-cement-plaster-adjustable-2-level-variable-speed-mixer-machine-with-120mm-140mm-mixing-paddlesteering-wheel-design-r6219s\/#primaryimage\"},\"thumbnailUrl\":\"https:\/\/www.burleytools.com\/wp-content\/uploads\/2024\/05\/1607044911195798-1.jpg\",\"datePublished\":\"2024-05-09T07:45:17+00:00\",\"dateModified\":\"2024-08-20T07:28:45+00:00\",\"breadcrumb\":{\"@id\":\"https:\/\/www.burleytools.com\/product\/1220w-1400w-electric-mortar-mixer-handheld-concrete-cement-plaster-adjustable-2-level-variable-speed-mixer-machine-with-120mm-140mm-mixing-paddlesteering-wheel-design-r6219s\/#breadcrumb\"},\"inLanguage\":\"fr-FR\",\"potentialAction\":[{\"@type\":\"ReadAction\",\"target\":[\"https:\/\/www.burleytools.com\/product\/1220w-1400w-electric-mortar-mixer-handheld-concrete-cement-plaster-adjustable-2-level-variable-speed-mixer-machine-with-120mm-140mm-mixing-paddlesteering-wheel-design-r6219s\/\"]}]},{\"@type\":\"ImageObject\",\"inLanguage\":\"fr-FR\",\"@id\":\"https:\/\/www.burleytools.com\/product\/1220w-1400w-electric-mortar-mixer-handheld-concrete-cement-plaster-adjustable-2-level-variable-speed-mixer-machine-with-120mm-140mm-mixing-paddlesteering-wheel-design-r6219s\/#primaryimage\",\"url\":\"https:\/\/www.burleytools.com\/wp-content\/uploads\/2024\/05\/1607044911195798-1.jpg\",\"contentUrl\":\"https:\/\/www.burleytools.com\/wp-content\/uploads\/2024\/05\/1607044911195798-1.jpg\",\"width\":700,\"height\":700},{\"@type\":\"BreadcrumbList\",\"@id\":\"https:\/\/www.burleytools.com\/product\/1220w-1400w-electric-mortar-mixer-handheld-concrete-cement-plaster-adjustable-2-level-variable-speed-mixer-machine-with-120mm-140mm-mixing-paddlesteering-wheel-design-r6219s\/#breadcrumb\",\"itemListElement\":[{\"@type\":\"ListItem\",\"position\":1,\"name\":\"Home\",\"item\":\"https:\/\/www.burleytools.com\/\"},{\"@type\":\"ListItem\",\"position\":2,\"name\":\"Products\",\"item\":\"https:\/\/www.burleytools.com\/products\/\"},{\"@type\":\"ListItem\",\"position\":3,\"name\":\"1220W\/1400W Electric Mortar Mixer Handheld Concrete Cement Plaster, Adjustable 2 Level\/ \u00a0Variable Speed Mixer Machine With 120Mm\/140Mm Mixing Paddle,Steering Wheel Design-R6219S\"}]},{\"@type\":\"WebSite\",\"@id\":\"https:\/\/www.burleytools.com\/#website\",\"url\":\"https:\/\/www.burleytools.com\/\",\"name\":\"BURLEY\",\"description\":\"\",\"publisher\":{\"@id\":\"https:\/\/www.burleytools.com\/#organization\"},\"potentialAction\":[{\"@type\":\"SearchAction\",\"target\":{\"@type\":\"EntryPoint\",\"urlTemplate\":\"https:\/\/www.burleytools.com\/?s={search_term_string}\"},\"query-input\":\"required name=search_term_string\"}],\"inLanguage\":\"fr-FR\"},{\"@type\":\"Organization\",\"@id\":\"https:\/\/www.burleytools.com\/#organization\",\"name\":\"BURLEY\",\"url\":\"https:\/\/www.burleytools.com\/\",\"logo\":{\"@type\":\"ImageObject\",\"inLanguage\":\"fr-FR\",\"@id\":\"https:\/\/www.burleytools.com\/#\/schema\/logo\/image\/\",\"url\":\"https:\/\/www.burleytools.com\/wp-content\/uploads\/2023\/10\/logo.webp\",\"contentUrl\":\"https:\/\/www.burleytools.com\/wp-content\/uploads\/2023\/10\/logo.webp\",\"width\":165,\"height\":62,\"caption\":\"BURLEY\"},\"image\":{\"@id\":\"https:\/\/www.burleytools.com\/#\/schema\/logo\/image\/\"}}]}<\/script>\n<!-- \/ Yoast SEO Premium plugin. -->","yoast_head_json":{"title":"1220W\/1400W Electric Mortar Mixer Handheld Concrete Cement Plaster, Adjustable 2 Level\/ \u00a0Variable Speed Mixer Machine With 120Mm\/140Mm Mixing Paddle,Steering Wheel Design-R6219S - BURLEY","robots":{"index":"index","follow":"follow","max-snippet":"max-snippet:-1","max-image-preview":"max-image-preview:large","max-video-preview":"max-video-preview:-1"},"canonical":"https:\/\/www.burleytools.com\/fr\/produit\/melangeur-a-mortier-electrique-1220w-1400w-melangeur-portatif-a-vitesse-variable-a-2-niveaux-pour-beton-ciment-platre-avec-palette-de-melange-de-120-mm-et-140-mm-conception-au-volant-r6219s\/","og_locale":"fr_FR","og_type":"article","og_title":"1220W\/1400W Electric Mortar Mixer Handheld Concrete Cement Plaster, Adjustable 2 Level\/ \u00a0Variable Speed Mixer Machine With 120Mm\/140Mm Mixing Paddle,Steering Wheel Design-R6219S","og_description":"\u25cf soft start prevents uncontrolled spraying while constant speed control ensures the constant speed even the machine's loading is changed.  \u25cf P-serie mixer:applies to various viscosity materials mixing,especially in putty,mortar,resin,and emulsion paints.  \u25cf Electronic switch for infinitely variable speed control and smooth power transmission;No splashing even at full power.  \u25cf The gears are capable of high performance. A maximum resukt without loss of power is achieved.  \u25cf","og_url":"https:\/\/www.burleytools.com\/fr\/produit\/melangeur-a-mortier-electrique-1220w-1400w-melangeur-portatif-a-vitesse-variable-a-2-niveaux-pour-beton-ciment-platre-avec-palette-de-melange-de-120-mm-et-140-mm-conception-au-volant-r6219s\/","og_site_name":"BURLEY","article_modified_time":"2024-08-20T07:28:45+00:00","og_image":[{"width":700,"height":700,"url":"https:\/\/www.burleytools.com\/wp-content\/uploads\/2024\/05\/1607044911195798-1.jpg","type":"image\/jpeg"}],"twitter_card":"summary_large_image","twitter_misc":{"Dur\u00e9e de lecture estim\u00e9e":"1 minute"},"schema":{"@context":"https:\/\/schema.org","@graph":[{"@type":"WebPage","@id":"https:\/\/www.burleytools.com\/product\/1220w-1400w-electric-mortar-mixer-handheld-concrete-cement-plaster-adjustable-2-level-variable-speed-mixer-machine-with-120mm-140mm-mixing-paddlesteering-wheel-design-r6219s\/","url":"https:\/\/www.burleytools.com\/product\/1220w-1400w-electric-mortar-mixer-handheld-concrete-cement-plaster-adjustable-2-level-variable-speed-mixer-machine-with-120mm-140mm-mixing-paddlesteering-wheel-design-r6219s\/","name":"1220W\/1400W Electric Mortar Mixer Handheld Concrete Cement Plaster, Adjustable 2 Level\/ \u00a0Variable Speed Mixer Machine With 120Mm\/140Mm Mixing Paddle,Steering Wheel Design-R6219S - BURLEY","isPartOf":{"@id":"https:\/\/www.burleytools.com\/#website"},"primaryImageOfPage":{"@id":"https:\/\/www.burleytools.com\/product\/1220w-1400w-electric-mortar-mixer-handheld-concrete-cement-plaster-adjustable-2-level-variable-speed-mixer-machine-with-120mm-140mm-mixing-paddlesteering-wheel-design-r6219s\/#primaryimage"},"image":{"@id":"https:\/\/www.burleytools.com\/product\/1220w-1400w-electric-mortar-mixer-handheld-concrete-cement-plaster-adjustable-2-level-variable-speed-mixer-machine-with-120mm-140mm-mixing-paddlesteering-wheel-design-r6219s\/#primaryimage"},"thumbnailUrl":"https:\/\/www.burleytools.com\/wp-content\/uploads\/2024\/05\/1607044911195798-1.jpg","datePublished":"2024-05-09T07:45:17+00:00","dateModified":"2024-08-20T07:28:45+00:00","breadcrumb":{"@id":"https:\/\/www.burleytools.com\/product\/1220w-1400w-electric-mortar-mixer-handheld-concrete-cement-plaster-adjustable-2-level-variable-speed-mixer-machine-with-120mm-140mm-mixing-paddlesteering-wheel-design-r6219s\/#breadcrumb"},"inLanguage":"fr-FR","potentialAction":[{"@type":"ReadAction","target":["https:\/\/www.burleytools.com\/product\/1220w-1400w-electric-mortar-mixer-handheld-concrete-cement-plaster-adjustable-2-level-variable-speed-mixer-machine-with-120mm-140mm-mixing-paddlesteering-wheel-design-r6219s\/"]}]},{"@type":"ImageObject","inLanguage":"fr-FR","@id":"https:\/\/www.burleytools.com\/product\/1220w-1400w-electric-mortar-mixer-handheld-concrete-cement-plaster-adjustable-2-level-variable-speed-mixer-machine-with-120mm-140mm-mixing-paddlesteering-wheel-design-r6219s\/#primaryimage","url":"https:\/\/www.burleytools.com\/wp-content\/uploads\/2024\/05\/1607044911195798-1.jpg","contentUrl":"https:\/\/www.burleytools.com\/wp-content\/uploads\/2024\/05\/1607044911195798-1.jpg","width":700,"height":700},{"@type":"BreadcrumbList","@id":"https:\/\/www.burleytools.com\/product\/1220w-1400w-electric-mortar-mixer-handheld-concrete-cement-plaster-adjustable-2-level-variable-speed-mixer-machine-with-120mm-140mm-mixing-paddlesteering-wheel-design-r6219s\/#breadcrumb","itemListElement":[{"@type":"ListItem","position":1,"name":"Home","item":"https:\/\/www.burleytools.com\/"},{"@type":"ListItem","position":2,"name":"Products","item":"https:\/\/www.burleytools.com\/products\/"},{"@type":"ListItem","position":3,"name":"1220W\/1400W Electric Mortar Mixer Handheld Concrete Cement Plaster, Adjustable 2 Level\/ \u00a0Variable Speed Mixer Machine With 120Mm\/140Mm Mixing Paddle,Steering Wheel Design-R6219S"}]},{"@type":"WebSite","@id":"https:\/\/www.burleytools.com\/#website","url":"https:\/\/www.burleytools.com\/","name":"BURLEY","description":"","publisher":{"@id":"https:\/\/www.burleytools.com\/#organization"},"potentialAction":[{"@type":"SearchAction","target":{"@type":"EntryPoint","urlTemplate":"https:\/\/www.burleytools.com\/?s={search_term_string}"},"query-input":"required name=search_term_string"}],"inLanguage":"fr-FR"},{"@type":"Organization","@id":"https:\/\/www.burleytools.com\/#organization","name":"BURLEY","url":"https:\/\/www.burleytools.com\/","logo":{"@type":"ImageObject","inLanguage":"fr-FR","@id":"https:\/\/www.burleytools.com\/#\/schema\/logo\/image\/","url":"https:\/\/www.burleytools.com\/wp-content\/uploads\/2023\/10\/logo.webp","contentUrl":"https:\/\/www.burleytools.com\/wp-content\/uploads\/2023\/10\/logo.webp","width":165,"height":62,"caption":"BURLEY"},"image":{"@id":"https:\/\/www.burleytools.com\/#\/schema\/logo\/image\/"}}]}},"_links":{"self":[{"href":"https:\/\/www.burleytools.com\/fr\/wp-json\/wp\/v2\/product\/840"}],"collection":[{"href":"https:\/\/www.burleytools.com\/fr\/wp-json\/wp\/v2\/product"}],"about":[{"href":"https:\/\/www.burleytools.com\/fr\/wp-json\/wp\/v2\/types\/product"}],"wp:featuredmedia":[{"embeddable":true,"href":"https:\/\/www.burleytools.com\/fr\/wp-json\/wp\/v2\/media\/839"}],"wp:attachment":[{"href":"https:\/\/www.burleytools.com\/fr\/wp-json\/wp\/v2\/media?parent=840"}],"wp:term":[{"taxonomy":"product_cat","embeddable":true,"href":"https:\/\/www.burleytools.com\/fr\/wp-json\/wp\/v2\/product_cat?post=840"},{"taxonomy":"product_tag","embeddable":true,"href":"https:\/\/www.burleytools.com\/fr\/wp-json\/wp\/v2\/product_tag?post=840"}],"curies":[{"name":"wp","href":"https:\/\/api.w.org\/{rel}","templated":true}]}}