{"id":889,"date":"2024-05-09T07:45:30","date_gmt":"2024-05-09T07:45:30","guid":{"rendered":"https:\/\/www.burleytools.com\/product\/1400w-1600w-double-paddle-involved-handheld-automatic-powder-electric-paint-mixer-r6216\/"},"modified":"2024-08-20T07:28:49","modified_gmt":"2024-08-20T07:28:49","slug":"1400w-1600w-double-paddle-involved-handheld-automatic-powder-electric-paint-mixer-r6216","status":"publish","type":"product","link":"https:\/\/www.burleytools.com\/fr\/produit\/melangeur-de-peinture-electrique-a-poudre-automatique-portatif-a-double-palette-1400w-1600w-r6216\/","title":{"rendered":"M\u00e9langeur de peinture \u00e9lectrique automatique portatif \u00e0 double palette 1400W\/1600W-R6216"},"content":{"rendered":"<p>\u25cf C\u00e2ble PVC 2 m H05VV-F 2 x 1,0 mm2, prise VDE<\/p>\n<p>\u25cf Type de protection : Double isolation<\/p>\n<p>\u25cf Classe de protection : classe II<\/p>\n<p>\u25cf Pale de m\u00e9lange (\u00d8 max.) : 120 mm<\/p>\n<p>\u25cf Mixeur \u00e9lectrique \u00e0 2 vitesses avec doubles pales de m\u00e9lange<\/p>\n<p>\u25cf Haute performance avec 2 palettes fonctionnant respectivement dans le sens horaire et antihoraire<\/p>\n<p>\u25cf Bo\u00eete de vitesses robuste avec moteur puissant \u00e0 couple \u00e9lev\u00e9<\/p>\n<p>\u25cf Vitesse variable<\/p>\n<p><img decoding=\"async\" title=\"R6216P-MANUEL\" src=\"\/wp-content\/uploads\/2024\/05\/1608693272399045.jpg\" alt=\"R6216P-MANUEL\" \/><\/p>","protected":false},"excerpt":{"rendered":"<p>\u25cf Changez de vitesse avec la pr\u00e9cision 100% en tournant le bouton de vitesse une fois la machine compl\u00e8tement arr\u00eat\u00e9e.<\/p>\n<p>\u25cf L&#039;interrupteur d&#039;acc\u00e9l\u00e9rateur \u00e0 d\u00e9marrage progressif ajuste en douceur la vitesse en fonction de la situation de m\u00e9lange et du mat\u00e9riau, facilement et en toute s\u00e9curit\u00e9.<\/p>\n<p>\u25cf La conception ergonomique avec poign\u00e9e souple offre une utilisation confortable.<\/p>\n<p>\u25cf <img decoding=\"async\" style=\"width: 180px; height: 27px;\" title=\"4\" src=\"\/wp-content\/uploads\/2024\/05\/1606975649218025.png\" alt=\"4\" width=\"180\" height=\"27\" border=\"0\" vspace=\"0\" \/><\/p>","protected":false},"featured_media":888,"template":"","meta":{"_acf_changed":false,"_mi_skip_tracking":false,"_monsterinsights_sitenote_active":false,"_monsterinsights_sitenote_note":"","_monsterinsights_sitenote_category":0},"product_cat":[35,34],"product_tag":[],"class_list":{"0":"post-889","1":"product","2":"type-product","3":"status-publish","4":"has-post-thumbnail","6":"product_cat-electric-mixer","7":"product_cat-renovation-wallpainting","9":"first","10":"instock","11":"shipping-taxable","12":"product-type-simple"},"acf":[],"yoast_head":"<!-- This site is optimized with the Yoast SEO Premium plugin v21.6 (Yoast SEO v22.3) - https:\/\/yoast.com\/wordpress\/plugins\/seo\/ -->\n<title>1400W\/1600W Double Paddle Involved Handheld Automatic Powder Electric Paint Mixer-R6216 - BURLEY<\/title>\n<meta name=\"robots\" content=\"index, follow, max-snippet:-1, max-image-preview:large, max-video-preview:-1\" \/>\n<link rel=\"canonical\" href=\"https:\/\/www.burleytools.com\/fr\/produit\/melangeur-de-peinture-electrique-a-poudre-automatique-portatif-a-double-palette-1400w-1600w-r6216\/\" \/>\n<meta property=\"og:locale\" content=\"fr_FR\" \/>\n<meta property=\"og:type\" content=\"article\" \/>\n<meta property=\"og:title\" content=\"1400W\/1600W Double Paddle Involved Handheld Automatic Powder Electric Paint Mixer-R6216\" \/>\n<meta property=\"og:description\" content=\"\u25cf Shift the speeds with 100% accuracy by turning the speed knob after the machine is fully stopped.  \u25cf The soft start accelerator switch smoothly adjusts the speed to the mixing situation and material, easily and safely.  \u25cf Ergonomics design with soft grip provides comfortable operation.  \u25cf\" \/>\n<meta property=\"og:url\" content=\"https:\/\/www.burleytools.com\/fr\/produit\/melangeur-de-peinture-electrique-a-poudre-automatique-portatif-a-double-palette-1400w-1600w-r6216\/\" \/>\n<meta property=\"og:site_name\" content=\"BURLEY\" \/>\n<meta property=\"article:modified_time\" content=\"2024-08-20T07:28:49+00:00\" \/>\n<meta property=\"og:image\" content=\"https:\/\/www.burleytools.com\/wp-content\/uploads\/2024\/05\/1607063148950216-1.jpg\" \/>\n\t<meta property=\"og:image:width\" content=\"700\" \/>\n\t<meta property=\"og:image:height\" content=\"700\" \/>\n\t<meta property=\"og:image:type\" content=\"image\/jpeg\" \/>\n<meta name=\"twitter:card\" content=\"summary_large_image\" \/>\n<meta name=\"twitter:label1\" content=\"Dur\u00e9e de lecture estim\u00e9e\" \/>\n\t<meta name=\"twitter:data1\" content=\"1 minute\" \/>\n<script type=\"application\/ld+json\" class=\"yoast-schema-graph\">{\"@context\":\"https:\/\/schema.org\",\"@graph\":[{\"@type\":\"WebPage\",\"@id\":\"https:\/\/www.burleytools.com\/product\/1400w-1600w-double-paddle-involved-handheld-automatic-powder-electric-paint-mixer-r6216\/\",\"url\":\"https:\/\/www.burleytools.com\/product\/1400w-1600w-double-paddle-involved-handheld-automatic-powder-electric-paint-mixer-r6216\/\",\"name\":\"1400W\/1600W Double Paddle Involved Handheld Automatic Powder Electric Paint Mixer-R6216 - BURLEY\",\"isPartOf\":{\"@id\":\"https:\/\/www.burleytools.com\/#website\"},\"primaryImageOfPage\":{\"@id\":\"https:\/\/www.burleytools.com\/product\/1400w-1600w-double-paddle-involved-handheld-automatic-powder-electric-paint-mixer-r6216\/#primaryimage\"},\"image\":{\"@id\":\"https:\/\/www.burleytools.com\/product\/1400w-1600w-double-paddle-involved-handheld-automatic-powder-electric-paint-mixer-r6216\/#primaryimage\"},\"thumbnailUrl\":\"https:\/\/www.burleytools.com\/wp-content\/uploads\/2024\/05\/1607063148950216-1.jpg\",\"datePublished\":\"2024-05-09T07:45:30+00:00\",\"dateModified\":\"2024-08-20T07:28:49+00:00\",\"breadcrumb\":{\"@id\":\"https:\/\/www.burleytools.com\/product\/1400w-1600w-double-paddle-involved-handheld-automatic-powder-electric-paint-mixer-r6216\/#breadcrumb\"},\"inLanguage\":\"fr-FR\",\"potentialAction\":[{\"@type\":\"ReadAction\",\"target\":[\"https:\/\/www.burleytools.com\/product\/1400w-1600w-double-paddle-involved-handheld-automatic-powder-electric-paint-mixer-r6216\/\"]}]},{\"@type\":\"ImageObject\",\"inLanguage\":\"fr-FR\",\"@id\":\"https:\/\/www.burleytools.com\/product\/1400w-1600w-double-paddle-involved-handheld-automatic-powder-electric-paint-mixer-r6216\/#primaryimage\",\"url\":\"https:\/\/www.burleytools.com\/wp-content\/uploads\/2024\/05\/1607063148950216-1.jpg\",\"contentUrl\":\"https:\/\/www.burleytools.com\/wp-content\/uploads\/2024\/05\/1607063148950216-1.jpg\",\"width\":700,\"height\":700},{\"@type\":\"BreadcrumbList\",\"@id\":\"https:\/\/www.burleytools.com\/product\/1400w-1600w-double-paddle-involved-handheld-automatic-powder-electric-paint-mixer-r6216\/#breadcrumb\",\"itemListElement\":[{\"@type\":\"ListItem\",\"position\":1,\"name\":\"Home\",\"item\":\"https:\/\/www.burleytools.com\/\"},{\"@type\":\"ListItem\",\"position\":2,\"name\":\"Products\",\"item\":\"https:\/\/www.burleytools.com\/products\/\"},{\"@type\":\"ListItem\",\"position\":3,\"name\":\"1400W\/1600W Double Paddle Involved Handheld Automatic Powder Electric Paint Mixer-R6216\"}]},{\"@type\":\"WebSite\",\"@id\":\"https:\/\/www.burleytools.com\/#website\",\"url\":\"https:\/\/www.burleytools.com\/\",\"name\":\"BURLEY\",\"description\":\"\",\"publisher\":{\"@id\":\"https:\/\/www.burleytools.com\/#organization\"},\"potentialAction\":[{\"@type\":\"SearchAction\",\"target\":{\"@type\":\"EntryPoint\",\"urlTemplate\":\"https:\/\/www.burleytools.com\/?s={search_term_string}\"},\"query-input\":\"required name=search_term_string\"}],\"inLanguage\":\"fr-FR\"},{\"@type\":\"Organization\",\"@id\":\"https:\/\/www.burleytools.com\/#organization\",\"name\":\"BURLEY\",\"url\":\"https:\/\/www.burleytools.com\/\",\"logo\":{\"@type\":\"ImageObject\",\"inLanguage\":\"fr-FR\",\"@id\":\"https:\/\/www.burleytools.com\/#\/schema\/logo\/image\/\",\"url\":\"https:\/\/www.burleytools.com\/wp-content\/uploads\/2023\/10\/logo.webp\",\"contentUrl\":\"https:\/\/www.burleytools.com\/wp-content\/uploads\/2023\/10\/logo.webp\",\"width\":165,\"height\":62,\"caption\":\"BURLEY\"},\"image\":{\"@id\":\"https:\/\/www.burleytools.com\/#\/schema\/logo\/image\/\"}}]}<\/script>\n<!-- \/ Yoast SEO Premium plugin. -->","yoast_head_json":{"title":"1400W\/1600W Double Paddle Involved Handheld Automatic Powder Electric Paint Mixer-R6216 - BURLEY","robots":{"index":"index","follow":"follow","max-snippet":"max-snippet:-1","max-image-preview":"max-image-preview:large","max-video-preview":"max-video-preview:-1"},"canonical":"https:\/\/www.burleytools.com\/fr\/produit\/melangeur-de-peinture-electrique-a-poudre-automatique-portatif-a-double-palette-1400w-1600w-r6216\/","og_locale":"fr_FR","og_type":"article","og_title":"1400W\/1600W Double Paddle Involved Handheld Automatic Powder Electric Paint Mixer-R6216","og_description":"\u25cf Shift the speeds with 100% accuracy by turning the speed knob after the machine is fully stopped.  \u25cf The soft start accelerator switch smoothly adjusts the speed to the mixing situation and material, easily and safely.  \u25cf Ergonomics design with soft grip provides comfortable operation.  \u25cf","og_url":"https:\/\/www.burleytools.com\/fr\/produit\/melangeur-de-peinture-electrique-a-poudre-automatique-portatif-a-double-palette-1400w-1600w-r6216\/","og_site_name":"BURLEY","article_modified_time":"2024-08-20T07:28:49+00:00","og_image":[{"width":700,"height":700,"url":"https:\/\/www.burleytools.com\/wp-content\/uploads\/2024\/05\/1607063148950216-1.jpg","type":"image\/jpeg"}],"twitter_card":"summary_large_image","twitter_misc":{"Dur\u00e9e de lecture estim\u00e9e":"1 minute"},"schema":{"@context":"https:\/\/schema.org","@graph":[{"@type":"WebPage","@id":"https:\/\/www.burleytools.com\/product\/1400w-1600w-double-paddle-involved-handheld-automatic-powder-electric-paint-mixer-r6216\/","url":"https:\/\/www.burleytools.com\/product\/1400w-1600w-double-paddle-involved-handheld-automatic-powder-electric-paint-mixer-r6216\/","name":"1400W\/1600W Double Paddle Involved Handheld Automatic Powder Electric Paint Mixer-R6216 - BURLEY","isPartOf":{"@id":"https:\/\/www.burleytools.com\/#website"},"primaryImageOfPage":{"@id":"https:\/\/www.burleytools.com\/product\/1400w-1600w-double-paddle-involved-handheld-automatic-powder-electric-paint-mixer-r6216\/#primaryimage"},"image":{"@id":"https:\/\/www.burleytools.com\/product\/1400w-1600w-double-paddle-involved-handheld-automatic-powder-electric-paint-mixer-r6216\/#primaryimage"},"thumbnailUrl":"https:\/\/www.burleytools.com\/wp-content\/uploads\/2024\/05\/1607063148950216-1.jpg","datePublished":"2024-05-09T07:45:30+00:00","dateModified":"2024-08-20T07:28:49+00:00","breadcrumb":{"@id":"https:\/\/www.burleytools.com\/product\/1400w-1600w-double-paddle-involved-handheld-automatic-powder-electric-paint-mixer-r6216\/#breadcrumb"},"inLanguage":"fr-FR","potentialAction":[{"@type":"ReadAction","target":["https:\/\/www.burleytools.com\/product\/1400w-1600w-double-paddle-involved-handheld-automatic-powder-electric-paint-mixer-r6216\/"]}]},{"@type":"ImageObject","inLanguage":"fr-FR","@id":"https:\/\/www.burleytools.com\/product\/1400w-1600w-double-paddle-involved-handheld-automatic-powder-electric-paint-mixer-r6216\/#primaryimage","url":"https:\/\/www.burleytools.com\/wp-content\/uploads\/2024\/05\/1607063148950216-1.jpg","contentUrl":"https:\/\/www.burleytools.com\/wp-content\/uploads\/2024\/05\/1607063148950216-1.jpg","width":700,"height":700},{"@type":"BreadcrumbList","@id":"https:\/\/www.burleytools.com\/product\/1400w-1600w-double-paddle-involved-handheld-automatic-powder-electric-paint-mixer-r6216\/#breadcrumb","itemListElement":[{"@type":"ListItem","position":1,"name":"Home","item":"https:\/\/www.burleytools.com\/"},{"@type":"ListItem","position":2,"name":"Products","item":"https:\/\/www.burleytools.com\/products\/"},{"@type":"ListItem","position":3,"name":"1400W\/1600W Double Paddle Involved Handheld Automatic Powder Electric Paint Mixer-R6216"}]},{"@type":"WebSite","@id":"https:\/\/www.burleytools.com\/#website","url":"https:\/\/www.burleytools.com\/","name":"BURLEY","description":"","publisher":{"@id":"https:\/\/www.burleytools.com\/#organization"},"potentialAction":[{"@type":"SearchAction","target":{"@type":"EntryPoint","urlTemplate":"https:\/\/www.burleytools.com\/?s={search_term_string}"},"query-input":"required name=search_term_string"}],"inLanguage":"fr-FR"},{"@type":"Organization","@id":"https:\/\/www.burleytools.com\/#organization","name":"BURLEY","url":"https:\/\/www.burleytools.com\/","logo":{"@type":"ImageObject","inLanguage":"fr-FR","@id":"https:\/\/www.burleytools.com\/#\/schema\/logo\/image\/","url":"https:\/\/www.burleytools.com\/wp-content\/uploads\/2023\/10\/logo.webp","contentUrl":"https:\/\/www.burleytools.com\/wp-content\/uploads\/2023\/10\/logo.webp","width":165,"height":62,"caption":"BURLEY"},"image":{"@id":"https:\/\/www.burleytools.com\/#\/schema\/logo\/image\/"}}]}},"_links":{"self":[{"href":"https:\/\/www.burleytools.com\/fr\/wp-json\/wp\/v2\/product\/889"}],"collection":[{"href":"https:\/\/www.burleytools.com\/fr\/wp-json\/wp\/v2\/product"}],"about":[{"href":"https:\/\/www.burleytools.com\/fr\/wp-json\/wp\/v2\/types\/product"}],"wp:featuredmedia":[{"embeddable":true,"href":"https:\/\/www.burleytools.com\/fr\/wp-json\/wp\/v2\/media\/888"}],"wp:attachment":[{"href":"https:\/\/www.burleytools.com\/fr\/wp-json\/wp\/v2\/media?parent=889"}],"wp:term":[{"taxonomy":"product_cat","embeddable":true,"href":"https:\/\/www.burleytools.com\/fr\/wp-json\/wp\/v2\/product_cat?post=889"},{"taxonomy":"product_tag","embeddable":true,"href":"https:\/\/www.burleytools.com\/fr\/wp-json\/wp\/v2\/product_tag?post=889"}],"curies":[{"name":"wp","href":"https:\/\/api.w.org\/{rel}","templated":true}]}}