{"id":896,"date":"2024-05-09T07:45:32","date_gmt":"2024-05-09T07:45:32","guid":{"rendered":"https:\/\/www.burleytools.com\/product\/1220w-1400w-electric-mortar-mixer-handheld-concrete-cement-plaster-adjustable-2-level-variable-speed-mixer-machine-with-120mm-140mm-mixing-paddle-r6210\/"},"modified":"2024-08-20T07:28:50","modified_gmt":"2024-08-20T07:28:50","slug":"1220w-1400w-electric-mortar-mixer-handheld-concrete-cement-plaster-adjustable-2-level-variable-speed-mixer-machine-with-120mm-140mm-mixing-paddle-r6210","status":"publish","type":"product","link":"https:\/\/www.burleytools.com\/fr\/produit\/melangeur-a-mortier-electrique-1220w-1400w-melangeur-a-main-a-vitesse-variable-reglable-a-2-niveaux-pour-beton-et-platre-avec-palette-de-melange-120mm-140mm-r6210\/","title":{"rendered":"M\u00e9langeur \u00e0 mortier \u00e9lectrique 1220 W\/1400 W, m\u00e9langeur portatif pour b\u00e9ton, ciment, pl\u00e2tre, 2 niveaux r\u00e9glables\/vitesse variable avec palette de m\u00e9lange 120 mm\/140 mm-R6210"},"content":{"rendered":"<p>\u25cf C\u00e2ble PVC 2 m H05VV-F 2 x 1,0 mm2, prise VDE<\/p>\n<p>\u25cf Type de protection : Double isolation<\/p>\n<p>\u25cf Classe de protection : classe II<\/p>\n<p>\u25cf Pale de m\u00e9lange (\u00d8 max.) : 120 mm\/140 mm<\/p>\n<p>\u25cf Volume de m\u00e9lange : 80 L \/ 120 L<\/p>\n<p><img decoding=\"async\" title=\"R6210P-MANUEL\" src=\"\/wp-content\/uploads\/2024\/05\/1608693196939265.jpg\" alt=\"R6210P-MANUEL\" \/><\/p>","protected":false},"excerpt":{"rendered":"<p>\u25cf Vitesse variable<\/p>\n<p>\u25cf Interrupteur marche\/arr\u00eat de s\u00e9curit\u00e9 avec bouton de verrouillage pour un fonctionnement continu<\/p>\n<p>\u25cf Poign\u00e9e ergonomique<\/p>\n<p>\u25cf Bo\u00eete de vitesses robuste avec moteur puissant \u00e0 couple \u00e9lev\u00e9<\/p>\n<p>\u25cf S\u00e9lection de 2 vitesses pour diff\u00e9rentes applications<\/p>\n<p>\u25cf <img decoding=\"async\" style=\"width: 180px; height: 27px;\" title=\"4\" src=\"\/wp-content\/uploads\/2024\/05\/1606975649218025.png\" alt=\"4\" width=\"180\" height=\"27\" border=\"0\" vspace=\"0\" \/><\/p>","protected":false},"featured_media":895,"template":"","meta":{"_acf_changed":false,"_mi_skip_tracking":false,"_monsterinsights_sitenote_active":false,"_monsterinsights_sitenote_note":"","_monsterinsights_sitenote_category":0},"product_cat":[35,34],"product_tag":[],"class_list":{"0":"post-896","1":"product","2":"type-product","3":"status-publish","4":"has-post-thumbnail","6":"product_cat-electric-mixer","7":"product_cat-renovation-wallpainting","9":"first","10":"instock","11":"shipping-taxable","12":"product-type-simple"},"acf":[],"yoast_head":"<!-- This site is optimized with the Yoast SEO Premium plugin v21.6 (Yoast SEO v22.3) - https:\/\/yoast.com\/wordpress\/plugins\/seo\/ -->\n<title>1220W\/1400W Electric Mortar Mixer Handheld Concrete Cement Plaster, Adjustable 2 Level\/ \u00a0Variable Speed Mixer Machine With 120Mm\/140Mm Mixing Paddle-R6210 - BURLEY<\/title>\n<meta name=\"robots\" content=\"index, follow, max-snippet:-1, max-image-preview:large, max-video-preview:-1\" \/>\n<link rel=\"canonical\" href=\"https:\/\/www.burleytools.com\/fr\/produit\/melangeur-a-mortier-electrique-1220w-1400w-melangeur-a-main-a-vitesse-variable-reglable-a-2-niveaux-pour-beton-et-platre-avec-palette-de-melange-120mm-140mm-r6210\/\" \/>\n<meta property=\"og:locale\" content=\"fr_FR\" \/>\n<meta property=\"og:type\" content=\"article\" \/>\n<meta property=\"og:title\" content=\"1220W\/1400W Electric Mortar Mixer Handheld Concrete Cement Plaster, Adjustable 2 Level\/ \u00a0Variable Speed Mixer Machine With 120Mm\/140Mm Mixing Paddle-R6210\" \/>\n<meta property=\"og:description\" content=\"\u25cf Variable speed  \u25cf Safety on\/off switch with lock-on button for continuous operation  \u25cf Ergonomically designed handle  \u25cf Robust gearbox with powerful high torque motor  \u25cf 2 speeds selection for different applications  \u25cf\" \/>\n<meta property=\"og:url\" content=\"https:\/\/www.burleytools.com\/fr\/produit\/melangeur-a-mortier-electrique-1220w-1400w-melangeur-a-main-a-vitesse-variable-reglable-a-2-niveaux-pour-beton-et-platre-avec-palette-de-melange-120mm-140mm-r6210\/\" \/>\n<meta property=\"og:site_name\" content=\"BURLEY\" \/>\n<meta property=\"article:modified_time\" content=\"2024-08-20T07:28:50+00:00\" \/>\n<meta property=\"og:image\" content=\"https:\/\/www.burleytools.com\/wp-content\/uploads\/2024\/05\/1607063445457400-1.jpg\" \/>\n\t<meta property=\"og:image:width\" content=\"700\" \/>\n\t<meta property=\"og:image:height\" content=\"700\" \/>\n\t<meta property=\"og:image:type\" content=\"image\/jpeg\" \/>\n<meta name=\"twitter:card\" content=\"summary_large_image\" \/>\n<meta name=\"twitter:label1\" content=\"Dur\u00e9e de lecture estim\u00e9e\" \/>\n\t<meta name=\"twitter:data1\" content=\"1 minute\" \/>\n<script type=\"application\/ld+json\" class=\"yoast-schema-graph\">{\"@context\":\"https:\/\/schema.org\",\"@graph\":[{\"@type\":\"WebPage\",\"@id\":\"https:\/\/www.burleytools.com\/product\/1220w-1400w-electric-mortar-mixer-handheld-concrete-cement-plaster-adjustable-2-level-variable-speed-mixer-machine-with-120mm-140mm-mixing-paddle-r6210\/\",\"url\":\"https:\/\/www.burleytools.com\/product\/1220w-1400w-electric-mortar-mixer-handheld-concrete-cement-plaster-adjustable-2-level-variable-speed-mixer-machine-with-120mm-140mm-mixing-paddle-r6210\/\",\"name\":\"1220W\/1400W Electric Mortar Mixer Handheld Concrete Cement Plaster, Adjustable 2 Level\/ \u00a0Variable Speed Mixer Machine With 120Mm\/140Mm Mixing Paddle-R6210 - BURLEY\",\"isPartOf\":{\"@id\":\"https:\/\/www.burleytools.com\/#website\"},\"primaryImageOfPage\":{\"@id\":\"https:\/\/www.burleytools.com\/product\/1220w-1400w-electric-mortar-mixer-handheld-concrete-cement-plaster-adjustable-2-level-variable-speed-mixer-machine-with-120mm-140mm-mixing-paddle-r6210\/#primaryimage\"},\"image\":{\"@id\":\"https:\/\/www.burleytools.com\/product\/1220w-1400w-electric-mortar-mixer-handheld-concrete-cement-plaster-adjustable-2-level-variable-speed-mixer-machine-with-120mm-140mm-mixing-paddle-r6210\/#primaryimage\"},\"thumbnailUrl\":\"https:\/\/www.burleytools.com\/wp-content\/uploads\/2024\/05\/1607063445457400-1.jpg\",\"datePublished\":\"2024-05-09T07:45:32+00:00\",\"dateModified\":\"2024-08-20T07:28:50+00:00\",\"breadcrumb\":{\"@id\":\"https:\/\/www.burleytools.com\/product\/1220w-1400w-electric-mortar-mixer-handheld-concrete-cement-plaster-adjustable-2-level-variable-speed-mixer-machine-with-120mm-140mm-mixing-paddle-r6210\/#breadcrumb\"},\"inLanguage\":\"fr-FR\",\"potentialAction\":[{\"@type\":\"ReadAction\",\"target\":[\"https:\/\/www.burleytools.com\/product\/1220w-1400w-electric-mortar-mixer-handheld-concrete-cement-plaster-adjustable-2-level-variable-speed-mixer-machine-with-120mm-140mm-mixing-paddle-r6210\/\"]}]},{\"@type\":\"ImageObject\",\"inLanguage\":\"fr-FR\",\"@id\":\"https:\/\/www.burleytools.com\/product\/1220w-1400w-electric-mortar-mixer-handheld-concrete-cement-plaster-adjustable-2-level-variable-speed-mixer-machine-with-120mm-140mm-mixing-paddle-r6210\/#primaryimage\",\"url\":\"https:\/\/www.burleytools.com\/wp-content\/uploads\/2024\/05\/1607063445457400-1.jpg\",\"contentUrl\":\"https:\/\/www.burleytools.com\/wp-content\/uploads\/2024\/05\/1607063445457400-1.jpg\",\"width\":700,\"height\":700},{\"@type\":\"BreadcrumbList\",\"@id\":\"https:\/\/www.burleytools.com\/product\/1220w-1400w-electric-mortar-mixer-handheld-concrete-cement-plaster-adjustable-2-level-variable-speed-mixer-machine-with-120mm-140mm-mixing-paddle-r6210\/#breadcrumb\",\"itemListElement\":[{\"@type\":\"ListItem\",\"position\":1,\"name\":\"Home\",\"item\":\"https:\/\/www.burleytools.com\/\"},{\"@type\":\"ListItem\",\"position\":2,\"name\":\"Products\",\"item\":\"https:\/\/www.burleytools.com\/products\/\"},{\"@type\":\"ListItem\",\"position\":3,\"name\":\"1220W\/1400W Electric Mortar Mixer Handheld Concrete Cement Plaster, Adjustable 2 Level\/ \u00a0Variable Speed Mixer Machine With 120Mm\/140Mm Mixing Paddle-R6210\"}]},{\"@type\":\"WebSite\",\"@id\":\"https:\/\/www.burleytools.com\/#website\",\"url\":\"https:\/\/www.burleytools.com\/\",\"name\":\"BURLEY\",\"description\":\"\",\"publisher\":{\"@id\":\"https:\/\/www.burleytools.com\/#organization\"},\"potentialAction\":[{\"@type\":\"SearchAction\",\"target\":{\"@type\":\"EntryPoint\",\"urlTemplate\":\"https:\/\/www.burleytools.com\/?s={search_term_string}\"},\"query-input\":\"required name=search_term_string\"}],\"inLanguage\":\"fr-FR\"},{\"@type\":\"Organization\",\"@id\":\"https:\/\/www.burleytools.com\/#organization\",\"name\":\"BURLEY\",\"url\":\"https:\/\/www.burleytools.com\/\",\"logo\":{\"@type\":\"ImageObject\",\"inLanguage\":\"fr-FR\",\"@id\":\"https:\/\/www.burleytools.com\/#\/schema\/logo\/image\/\",\"url\":\"https:\/\/www.burleytools.com\/wp-content\/uploads\/2023\/10\/logo.webp\",\"contentUrl\":\"https:\/\/www.burleytools.com\/wp-content\/uploads\/2023\/10\/logo.webp\",\"width\":165,\"height\":62,\"caption\":\"BURLEY\"},\"image\":{\"@id\":\"https:\/\/www.burleytools.com\/#\/schema\/logo\/image\/\"}}]}<\/script>\n<!-- \/ Yoast SEO Premium plugin. -->","yoast_head_json":{"title":"1220W\/1400W Electric Mortar Mixer Handheld Concrete Cement Plaster, Adjustable 2 Level\/ \u00a0Variable Speed Mixer Machine With 120Mm\/140Mm Mixing Paddle-R6210 - BURLEY","robots":{"index":"index","follow":"follow","max-snippet":"max-snippet:-1","max-image-preview":"max-image-preview:large","max-video-preview":"max-video-preview:-1"},"canonical":"https:\/\/www.burleytools.com\/fr\/produit\/melangeur-a-mortier-electrique-1220w-1400w-melangeur-a-main-a-vitesse-variable-reglable-a-2-niveaux-pour-beton-et-platre-avec-palette-de-melange-120mm-140mm-r6210\/","og_locale":"fr_FR","og_type":"article","og_title":"1220W\/1400W Electric Mortar Mixer Handheld Concrete Cement Plaster, Adjustable 2 Level\/ \u00a0Variable Speed Mixer Machine With 120Mm\/140Mm Mixing Paddle-R6210","og_description":"\u25cf Variable speed  \u25cf Safety on\/off switch with lock-on button for continuous operation  \u25cf Ergonomically designed handle  \u25cf Robust gearbox with powerful high torque motor  \u25cf 2 speeds selection for different applications  \u25cf","og_url":"https:\/\/www.burleytools.com\/fr\/produit\/melangeur-a-mortier-electrique-1220w-1400w-melangeur-a-main-a-vitesse-variable-reglable-a-2-niveaux-pour-beton-et-platre-avec-palette-de-melange-120mm-140mm-r6210\/","og_site_name":"BURLEY","article_modified_time":"2024-08-20T07:28:50+00:00","og_image":[{"width":700,"height":700,"url":"https:\/\/www.burleytools.com\/wp-content\/uploads\/2024\/05\/1607063445457400-1.jpg","type":"image\/jpeg"}],"twitter_card":"summary_large_image","twitter_misc":{"Dur\u00e9e de lecture estim\u00e9e":"1 minute"},"schema":{"@context":"https:\/\/schema.org","@graph":[{"@type":"WebPage","@id":"https:\/\/www.burleytools.com\/product\/1220w-1400w-electric-mortar-mixer-handheld-concrete-cement-plaster-adjustable-2-level-variable-speed-mixer-machine-with-120mm-140mm-mixing-paddle-r6210\/","url":"https:\/\/www.burleytools.com\/product\/1220w-1400w-electric-mortar-mixer-handheld-concrete-cement-plaster-adjustable-2-level-variable-speed-mixer-machine-with-120mm-140mm-mixing-paddle-r6210\/","name":"1220W\/1400W Electric Mortar Mixer Handheld Concrete Cement Plaster, Adjustable 2 Level\/ \u00a0Variable Speed Mixer Machine With 120Mm\/140Mm Mixing Paddle-R6210 - BURLEY","isPartOf":{"@id":"https:\/\/www.burleytools.com\/#website"},"primaryImageOfPage":{"@id":"https:\/\/www.burleytools.com\/product\/1220w-1400w-electric-mortar-mixer-handheld-concrete-cement-plaster-adjustable-2-level-variable-speed-mixer-machine-with-120mm-140mm-mixing-paddle-r6210\/#primaryimage"},"image":{"@id":"https:\/\/www.burleytools.com\/product\/1220w-1400w-electric-mortar-mixer-handheld-concrete-cement-plaster-adjustable-2-level-variable-speed-mixer-machine-with-120mm-140mm-mixing-paddle-r6210\/#primaryimage"},"thumbnailUrl":"https:\/\/www.burleytools.com\/wp-content\/uploads\/2024\/05\/1607063445457400-1.jpg","datePublished":"2024-05-09T07:45:32+00:00","dateModified":"2024-08-20T07:28:50+00:00","breadcrumb":{"@id":"https:\/\/www.burleytools.com\/product\/1220w-1400w-electric-mortar-mixer-handheld-concrete-cement-plaster-adjustable-2-level-variable-speed-mixer-machine-with-120mm-140mm-mixing-paddle-r6210\/#breadcrumb"},"inLanguage":"fr-FR","potentialAction":[{"@type":"ReadAction","target":["https:\/\/www.burleytools.com\/product\/1220w-1400w-electric-mortar-mixer-handheld-concrete-cement-plaster-adjustable-2-level-variable-speed-mixer-machine-with-120mm-140mm-mixing-paddle-r6210\/"]}]},{"@type":"ImageObject","inLanguage":"fr-FR","@id":"https:\/\/www.burleytools.com\/product\/1220w-1400w-electric-mortar-mixer-handheld-concrete-cement-plaster-adjustable-2-level-variable-speed-mixer-machine-with-120mm-140mm-mixing-paddle-r6210\/#primaryimage","url":"https:\/\/www.burleytools.com\/wp-content\/uploads\/2024\/05\/1607063445457400-1.jpg","contentUrl":"https:\/\/www.burleytools.com\/wp-content\/uploads\/2024\/05\/1607063445457400-1.jpg","width":700,"height":700},{"@type":"BreadcrumbList","@id":"https:\/\/www.burleytools.com\/product\/1220w-1400w-electric-mortar-mixer-handheld-concrete-cement-plaster-adjustable-2-level-variable-speed-mixer-machine-with-120mm-140mm-mixing-paddle-r6210\/#breadcrumb","itemListElement":[{"@type":"ListItem","position":1,"name":"Home","item":"https:\/\/www.burleytools.com\/"},{"@type":"ListItem","position":2,"name":"Products","item":"https:\/\/www.burleytools.com\/products\/"},{"@type":"ListItem","position":3,"name":"1220W\/1400W Electric Mortar Mixer Handheld Concrete Cement Plaster, Adjustable 2 Level\/ \u00a0Variable Speed Mixer Machine With 120Mm\/140Mm Mixing Paddle-R6210"}]},{"@type":"WebSite","@id":"https:\/\/www.burleytools.com\/#website","url":"https:\/\/www.burleytools.com\/","name":"BURLEY","description":"","publisher":{"@id":"https:\/\/www.burleytools.com\/#organization"},"potentialAction":[{"@type":"SearchAction","target":{"@type":"EntryPoint","urlTemplate":"https:\/\/www.burleytools.com\/?s={search_term_string}"},"query-input":"required name=search_term_string"}],"inLanguage":"fr-FR"},{"@type":"Organization","@id":"https:\/\/www.burleytools.com\/#organization","name":"BURLEY","url":"https:\/\/www.burleytools.com\/","logo":{"@type":"ImageObject","inLanguage":"fr-FR","@id":"https:\/\/www.burleytools.com\/#\/schema\/logo\/image\/","url":"https:\/\/www.burleytools.com\/wp-content\/uploads\/2023\/10\/logo.webp","contentUrl":"https:\/\/www.burleytools.com\/wp-content\/uploads\/2023\/10\/logo.webp","width":165,"height":62,"caption":"BURLEY"},"image":{"@id":"https:\/\/www.burleytools.com\/#\/schema\/logo\/image\/"}}]}},"_links":{"self":[{"href":"https:\/\/www.burleytools.com\/fr\/wp-json\/wp\/v2\/product\/896"}],"collection":[{"href":"https:\/\/www.burleytools.com\/fr\/wp-json\/wp\/v2\/product"}],"about":[{"href":"https:\/\/www.burleytools.com\/fr\/wp-json\/wp\/v2\/types\/product"}],"wp:featuredmedia":[{"embeddable":true,"href":"https:\/\/www.burleytools.com\/fr\/wp-json\/wp\/v2\/media\/895"}],"wp:attachment":[{"href":"https:\/\/www.burleytools.com\/fr\/wp-json\/wp\/v2\/media?parent=896"}],"wp:term":[{"taxonomy":"product_cat","embeddable":true,"href":"https:\/\/www.burleytools.com\/fr\/wp-json\/wp\/v2\/product_cat?post=896"},{"taxonomy":"product_tag","embeddable":true,"href":"https:\/\/www.burleytools.com\/fr\/wp-json\/wp\/v2\/product_tag?post=896"}],"curies":[{"name":"wp","href":"https:\/\/api.w.org\/{rel}","templated":true}]}}