{"id":951,"date":"2024-05-09T07:45:46","date_gmt":"2024-05-09T07:45:46","guid":{"rendered":"https:\/\/www.burleytools.com\/product\/electric-paint-sprayer-spray-gun-high-pressure-spraying-machine-3000-psi-850w-power-painting-spray-gun-r9303\/"},"modified":"2024-08-20T07:28:55","modified_gmt":"2024-08-20T07:28:55","slug":"electric-paint-sprayer-spray-gun-high-pressure-spraying-machine-3000-psi-850w-power-painting-spray-gun-r9303","status":"publish","type":"product","link":"https:\/\/www.burleytools.com\/fr\/produit\/pistolet-pulverisateur-de-peinture-electrique-machine-de-pulverisation-haute-pression-3000-psi-850w-pistolet-pulverisateur-de-peinture-r9303\/","title":{"rendered":"Pistolet pulv\u00e9risateur de peinture \u00e9lectrique, machine de pulv\u00e9risation haute pression, pistolet pulv\u00e9risateur de peinture \u00e9lectrique 3000 PSI 850 W-R9303"},"content":{"rendered":"<p>\u25cf CONTR\u00d4LE DU D\u00c9BIT DE PEINTURE : Pression enti\u00e8rement r\u00e9glable pour vous donner un contr\u00f4le ultime du d\u00e9bit de peinture pour n&#039;importe quelle taille de projet.<\/p>\n<p>\u25cf PEINTURE EN A\u00c9ROSOL NON DILU\u00c9E : La pompe \u00e0 piston en acier inoxydable ProX vous permet de pulv\u00e9riser de la peinture non dilu\u00e9e \u00e0 haute pression.<\/p>\n<p>\u25cf PULV\u00c9RISATION DIRECTE \u00c0 PARTIR D&#039;UN SEAU DE PEINTURE : Le tube d&#039;aspiration flexible vous permet de pulv\u00e9riser directement \u00e0 partir d&#039;un seau de peinture de 1 ou 5 gallons.<\/p>\n<p>\u25cf PULV\u00c9RISEZ PLUS DE PROJETS CHAQUE ANN\u00c9E : La recommandation d&#039;utilisation annuelle est de 300 gallons maximum par an.<\/p>\n<p>\u25cf NETTOYAGE RAPIDE ET FACILE : l&#039;adaptateur PowerFlush se connecte \u00e0 un tuyau d&#039;arrosage pour un nettoyage rapide et facile.<\/p>\n<p>\u25cf ID\u00c9AL POUR LES MAISONS \u00c0 PLUSIEURS \u00c9TAGES : Peut supporter jusqu&#039;\u00e0 150 pieds de tuyau de peinture, vous offrant ainsi une port\u00e9e suppl\u00e9mentaire pour vos travaux.<\/p>\n<p>\u25cf PULV\u00c9RISATION CONTINUE : l&#039;embout de commutation RAC IV vous permet d&#039;inverser l&#039;embout lorsqu&#039;il est obstru\u00e9 pour continuer \u00e0 pulv\u00e9riser.<\/p>","protected":false},"excerpt":{"rendered":"<p>\u25cf <img decoding=\"async\" style=\"width: 180px; height: 27px;\" title=\"4\" src=\"\/wp-content\/uploads\/2024\/05\/1606975649218025.png\" alt=\"4\" width=\"180\" height=\"27\" border=\"0\" vspace=\"0\" \/><\/p>","protected":false},"featured_media":950,"template":"","meta":{"_acf_changed":false,"_mi_skip_tracking":false,"_monsterinsights_sitenote_active":false,"_monsterinsights_sitenote_note":"","_monsterinsights_sitenote_category":0},"product_cat":[36,34],"product_tag":[],"class_list":{"0":"post-951","1":"product","2":"type-product","3":"status-publish","4":"has-post-thumbnail","6":"product_cat-high-pressure-sprayer","7":"product_cat-renovation-wallpainting","9":"first","10":"instock","11":"shipping-taxable","12":"product-type-simple"},"acf":[],"yoast_head":"<!-- This site is optimized with the Yoast SEO Premium plugin v21.6 (Yoast SEO v22.3) - https:\/\/yoast.com\/wordpress\/plugins\/seo\/ -->\n<title>Electric Paint Sprayer Spray Gun, High Pressure Spraying Machine, 3000 PSI 850W Power Painting Spray Gun-R9303 - BURLEY<\/title>\n<meta name=\"robots\" content=\"index, follow, max-snippet:-1, max-image-preview:large, max-video-preview:-1\" \/>\n<link rel=\"canonical\" href=\"https:\/\/www.burleytools.com\/fr\/produit\/pistolet-pulverisateur-de-peinture-electrique-machine-de-pulverisation-haute-pression-3000-psi-850w-pistolet-pulverisateur-de-peinture-r9303\/\" \/>\n<meta property=\"og:locale\" content=\"fr_FR\" \/>\n<meta property=\"og:type\" content=\"article\" \/>\n<meta property=\"og:title\" content=\"Electric Paint Sprayer Spray Gun, High Pressure Spraying Machine, 3000 PSI 850W Power Painting Spray Gun-R9303\" \/>\n<meta property=\"og:description\" content=\"\u25cf\" \/>\n<meta property=\"og:url\" content=\"https:\/\/www.burleytools.com\/fr\/produit\/pistolet-pulverisateur-de-peinture-electrique-machine-de-pulverisation-haute-pression-3000-psi-850w-pistolet-pulverisateur-de-peinture-r9303\/\" \/>\n<meta property=\"og:site_name\" content=\"BURLEY\" \/>\n<meta property=\"article:modified_time\" content=\"2024-08-20T07:28:55+00:00\" \/>\n<meta property=\"og:image\" content=\"https:\/\/www.burleytools.com\/wp-content\/uploads\/2024\/05\/1608606928549175-1.jpg\" \/>\n\t<meta property=\"og:image:width\" content=\"700\" \/>\n\t<meta property=\"og:image:height\" content=\"700\" \/>\n\t<meta property=\"og:image:type\" content=\"image\/jpeg\" \/>\n<meta name=\"twitter:card\" content=\"summary_large_image\" \/>\n<meta name=\"twitter:label1\" content=\"Dur\u00e9e de lecture estim\u00e9e\" \/>\n\t<meta name=\"twitter:data1\" content=\"1 minute\" \/>\n<script type=\"application\/ld+json\" class=\"yoast-schema-graph\">{\"@context\":\"https:\/\/schema.org\",\"@graph\":[{\"@type\":\"WebPage\",\"@id\":\"https:\/\/www.burleytools.com\/product\/electric-paint-sprayer-spray-gun-high-pressure-spraying-machine-3000-psi-850w-power-painting-spray-gun-r9303\/\",\"url\":\"https:\/\/www.burleytools.com\/product\/electric-paint-sprayer-spray-gun-high-pressure-spraying-machine-3000-psi-850w-power-painting-spray-gun-r9303\/\",\"name\":\"Electric Paint Sprayer Spray Gun, High Pressure Spraying Machine, 3000 PSI 850W Power Painting Spray Gun-R9303 - BURLEY\",\"isPartOf\":{\"@id\":\"https:\/\/www.burleytools.com\/#website\"},\"primaryImageOfPage\":{\"@id\":\"https:\/\/www.burleytools.com\/product\/electric-paint-sprayer-spray-gun-high-pressure-spraying-machine-3000-psi-850w-power-painting-spray-gun-r9303\/#primaryimage\"},\"image\":{\"@id\":\"https:\/\/www.burleytools.com\/product\/electric-paint-sprayer-spray-gun-high-pressure-spraying-machine-3000-psi-850w-power-painting-spray-gun-r9303\/#primaryimage\"},\"thumbnailUrl\":\"https:\/\/www.burleytools.com\/wp-content\/uploads\/2024\/05\/1608606928549175-1.jpg\",\"datePublished\":\"2024-05-09T07:45:46+00:00\",\"dateModified\":\"2024-08-20T07:28:55+00:00\",\"breadcrumb\":{\"@id\":\"https:\/\/www.burleytools.com\/product\/electric-paint-sprayer-spray-gun-high-pressure-spraying-machine-3000-psi-850w-power-painting-spray-gun-r9303\/#breadcrumb\"},\"inLanguage\":\"fr-FR\",\"potentialAction\":[{\"@type\":\"ReadAction\",\"target\":[\"https:\/\/www.burleytools.com\/product\/electric-paint-sprayer-spray-gun-high-pressure-spraying-machine-3000-psi-850w-power-painting-spray-gun-r9303\/\"]}]},{\"@type\":\"ImageObject\",\"inLanguage\":\"fr-FR\",\"@id\":\"https:\/\/www.burleytools.com\/product\/electric-paint-sprayer-spray-gun-high-pressure-spraying-machine-3000-psi-850w-power-painting-spray-gun-r9303\/#primaryimage\",\"url\":\"https:\/\/www.burleytools.com\/wp-content\/uploads\/2024\/05\/1608606928549175-1.jpg\",\"contentUrl\":\"https:\/\/www.burleytools.com\/wp-content\/uploads\/2024\/05\/1608606928549175-1.jpg\",\"width\":700,\"height\":700},{\"@type\":\"BreadcrumbList\",\"@id\":\"https:\/\/www.burleytools.com\/product\/electric-paint-sprayer-spray-gun-high-pressure-spraying-machine-3000-psi-850w-power-painting-spray-gun-r9303\/#breadcrumb\",\"itemListElement\":[{\"@type\":\"ListItem\",\"position\":1,\"name\":\"Home\",\"item\":\"https:\/\/www.burleytools.com\/\"},{\"@type\":\"ListItem\",\"position\":2,\"name\":\"Products\",\"item\":\"https:\/\/www.burleytools.com\/products\/\"},{\"@type\":\"ListItem\",\"position\":3,\"name\":\"Electric Paint Sprayer Spray Gun, High Pressure Spraying Machine, 3000 PSI 850W Power Painting Spray Gun-R9303\"}]},{\"@type\":\"WebSite\",\"@id\":\"https:\/\/www.burleytools.com\/#website\",\"url\":\"https:\/\/www.burleytools.com\/\",\"name\":\"BURLEY\",\"description\":\"\",\"publisher\":{\"@id\":\"https:\/\/www.burleytools.com\/#organization\"},\"potentialAction\":[{\"@type\":\"SearchAction\",\"target\":{\"@type\":\"EntryPoint\",\"urlTemplate\":\"https:\/\/www.burleytools.com\/?s={search_term_string}\"},\"query-input\":\"required name=search_term_string\"}],\"inLanguage\":\"fr-FR\"},{\"@type\":\"Organization\",\"@id\":\"https:\/\/www.burleytools.com\/#organization\",\"name\":\"BURLEY\",\"url\":\"https:\/\/www.burleytools.com\/\",\"logo\":{\"@type\":\"ImageObject\",\"inLanguage\":\"fr-FR\",\"@id\":\"https:\/\/www.burleytools.com\/#\/schema\/logo\/image\/\",\"url\":\"https:\/\/www.burleytools.com\/wp-content\/uploads\/2023\/10\/logo.webp\",\"contentUrl\":\"https:\/\/www.burleytools.com\/wp-content\/uploads\/2023\/10\/logo.webp\",\"width\":165,\"height\":62,\"caption\":\"BURLEY\"},\"image\":{\"@id\":\"https:\/\/www.burleytools.com\/#\/schema\/logo\/image\/\"}}]}<\/script>\n<!-- \/ Yoast SEO Premium plugin. -->","yoast_head_json":{"title":"Electric Paint Sprayer Spray Gun, High Pressure Spraying Machine, 3000 PSI 850W Power Painting Spray Gun-R9303 - BURLEY","robots":{"index":"index","follow":"follow","max-snippet":"max-snippet:-1","max-image-preview":"max-image-preview:large","max-video-preview":"max-video-preview:-1"},"canonical":"https:\/\/www.burleytools.com\/fr\/produit\/pistolet-pulverisateur-de-peinture-electrique-machine-de-pulverisation-haute-pression-3000-psi-850w-pistolet-pulverisateur-de-peinture-r9303\/","og_locale":"fr_FR","og_type":"article","og_title":"Electric Paint Sprayer Spray Gun, High Pressure Spraying Machine, 3000 PSI 850W Power Painting Spray Gun-R9303","og_description":"\u25cf","og_url":"https:\/\/www.burleytools.com\/fr\/produit\/pistolet-pulverisateur-de-peinture-electrique-machine-de-pulverisation-haute-pression-3000-psi-850w-pistolet-pulverisateur-de-peinture-r9303\/","og_site_name":"BURLEY","article_modified_time":"2024-08-20T07:28:55+00:00","og_image":[{"width":700,"height":700,"url":"https:\/\/www.burleytools.com\/wp-content\/uploads\/2024\/05\/1608606928549175-1.jpg","type":"image\/jpeg"}],"twitter_card":"summary_large_image","twitter_misc":{"Dur\u00e9e de lecture estim\u00e9e":"1 minute"},"schema":{"@context":"https:\/\/schema.org","@graph":[{"@type":"WebPage","@id":"https:\/\/www.burleytools.com\/product\/electric-paint-sprayer-spray-gun-high-pressure-spraying-machine-3000-psi-850w-power-painting-spray-gun-r9303\/","url":"https:\/\/www.burleytools.com\/product\/electric-paint-sprayer-spray-gun-high-pressure-spraying-machine-3000-psi-850w-power-painting-spray-gun-r9303\/","name":"Electric Paint Sprayer Spray Gun, High Pressure Spraying Machine, 3000 PSI 850W Power Painting Spray Gun-R9303 - BURLEY","isPartOf":{"@id":"https:\/\/www.burleytools.com\/#website"},"primaryImageOfPage":{"@id":"https:\/\/www.burleytools.com\/product\/electric-paint-sprayer-spray-gun-high-pressure-spraying-machine-3000-psi-850w-power-painting-spray-gun-r9303\/#primaryimage"},"image":{"@id":"https:\/\/www.burleytools.com\/product\/electric-paint-sprayer-spray-gun-high-pressure-spraying-machine-3000-psi-850w-power-painting-spray-gun-r9303\/#primaryimage"},"thumbnailUrl":"https:\/\/www.burleytools.com\/wp-content\/uploads\/2024\/05\/1608606928549175-1.jpg","datePublished":"2024-05-09T07:45:46+00:00","dateModified":"2024-08-20T07:28:55+00:00","breadcrumb":{"@id":"https:\/\/www.burleytools.com\/product\/electric-paint-sprayer-spray-gun-high-pressure-spraying-machine-3000-psi-850w-power-painting-spray-gun-r9303\/#breadcrumb"},"inLanguage":"fr-FR","potentialAction":[{"@type":"ReadAction","target":["https:\/\/www.burleytools.com\/product\/electric-paint-sprayer-spray-gun-high-pressure-spraying-machine-3000-psi-850w-power-painting-spray-gun-r9303\/"]}]},{"@type":"ImageObject","inLanguage":"fr-FR","@id":"https:\/\/www.burleytools.com\/product\/electric-paint-sprayer-spray-gun-high-pressure-spraying-machine-3000-psi-850w-power-painting-spray-gun-r9303\/#primaryimage","url":"https:\/\/www.burleytools.com\/wp-content\/uploads\/2024\/05\/1608606928549175-1.jpg","contentUrl":"https:\/\/www.burleytools.com\/wp-content\/uploads\/2024\/05\/1608606928549175-1.jpg","width":700,"height":700},{"@type":"BreadcrumbList","@id":"https:\/\/www.burleytools.com\/product\/electric-paint-sprayer-spray-gun-high-pressure-spraying-machine-3000-psi-850w-power-painting-spray-gun-r9303\/#breadcrumb","itemListElement":[{"@type":"ListItem","position":1,"name":"Home","item":"https:\/\/www.burleytools.com\/"},{"@type":"ListItem","position":2,"name":"Products","item":"https:\/\/www.burleytools.com\/products\/"},{"@type":"ListItem","position":3,"name":"Electric Paint Sprayer Spray Gun, High Pressure Spraying Machine, 3000 PSI 850W Power Painting Spray Gun-R9303"}]},{"@type":"WebSite","@id":"https:\/\/www.burleytools.com\/#website","url":"https:\/\/www.burleytools.com\/","name":"BURLEY","description":"","publisher":{"@id":"https:\/\/www.burleytools.com\/#organization"},"potentialAction":[{"@type":"SearchAction","target":{"@type":"EntryPoint","urlTemplate":"https:\/\/www.burleytools.com\/?s={search_term_string}"},"query-input":"required name=search_term_string"}],"inLanguage":"fr-FR"},{"@type":"Organization","@id":"https:\/\/www.burleytools.com\/#organization","name":"BURLEY","url":"https:\/\/www.burleytools.com\/","logo":{"@type":"ImageObject","inLanguage":"fr-FR","@id":"https:\/\/www.burleytools.com\/#\/schema\/logo\/image\/","url":"https:\/\/www.burleytools.com\/wp-content\/uploads\/2023\/10\/logo.webp","contentUrl":"https:\/\/www.burleytools.com\/wp-content\/uploads\/2023\/10\/logo.webp","width":165,"height":62,"caption":"BURLEY"},"image":{"@id":"https:\/\/www.burleytools.com\/#\/schema\/logo\/image\/"}}]}},"_links":{"self":[{"href":"https:\/\/www.burleytools.com\/fr\/wp-json\/wp\/v2\/product\/951"}],"collection":[{"href":"https:\/\/www.burleytools.com\/fr\/wp-json\/wp\/v2\/product"}],"about":[{"href":"https:\/\/www.burleytools.com\/fr\/wp-json\/wp\/v2\/types\/product"}],"wp:featuredmedia":[{"embeddable":true,"href":"https:\/\/www.burleytools.com\/fr\/wp-json\/wp\/v2\/media\/950"}],"wp:attachment":[{"href":"https:\/\/www.burleytools.com\/fr\/wp-json\/wp\/v2\/media?parent=951"}],"wp:term":[{"taxonomy":"product_cat","embeddable":true,"href":"https:\/\/www.burleytools.com\/fr\/wp-json\/wp\/v2\/product_cat?post=951"},{"taxonomy":"product_tag","embeddable":true,"href":"https:\/\/www.burleytools.com\/fr\/wp-json\/wp\/v2\/product_tag?post=951"}],"curies":[{"name":"wp","href":"https:\/\/api.w.org\/{rel}","templated":true}]}}