{"id":982,"date":"2024-05-09T07:45:59","date_gmt":"2024-05-09T07:45:59","guid":{"rendered":"https:\/\/www.burleytools.com\/product\/750w-electric-drywall-sander-with-automatic-vacuum-dust-collection-system-2-strips-led-lights-6-pcs-sanding-discs-and-a-dust-bag-detachable-handle-6-variable-speeds-r7241\/"},"modified":"2024-08-20T07:28:57","modified_gmt":"2024-08-20T07:28:57","slug":"750w-electric-drywall-sander-with-automatic-vacuum-dust-collection-system-2-strips-led-lights-6-pcs-sanding-discs-and-a-dust-bag-detachable-handle-6-variable-speeds-r7241","status":"publish","type":"product","link":"https:\/\/www.burleytools.com\/fr\/produit\/ponceuse-electrique-pour-cloisons-seches-de-750-w-avec-systeme-automatique-de-collecte-de-poussiere-par-aspiration-2-bandes-lumineuses-led-6-disques-de-poncage-et-un-sac-a-poussiere-poignee-amovible-6-2\/","title":{"rendered":"Ponceuse \u00e9lectrique pour cloisons s\u00e8ches 750 W avec syst\u00e8me automatique de collecte de poussi\u00e8re par aspiration, 2 bandes lumineuses LED, 6 disques de pon\u00e7age et un sac \u00e0 poussi\u00e8re, poign\u00e9e amovible, 6 vitesses variables-R7241"},"content":{"rendered":"<p>\u25cf La LED 10 W \u00e9claire la zone de pon\u00e7age pour v\u00e9rifier facilement et clairement si le mur est lisse.<\/p>\n<p>\u25cf La conception ergonomique avec poign\u00e9e souple offre une utilisation confortable.<\/p>\n<p>\u25cf Auto-aspiration, avec syst\u00e8me d&#039;extraction de poussi\u00e8re, aucun aspirateur n&#039;est n\u00e9cessaire, ce qui rend toute l&#039;op\u00e9ration de pon\u00e7age extr\u00eamement pratique.<\/p>\n<p>\u25cf S\u00e9paration avec refroidissement du moteur et extraction des poussi\u00e8res<\/p>\n<p>\u25cf Patin de pon\u00e7age flexible pour une utilisation pratique sur diff\u00e9rentes conditions de mur.<\/p>\n<p>\u25cf La plus petite taille de cette s\u00e9rie, facile \u00e0 utiliser. Utile dans diff\u00e9rentes applications ; t\u00e2ches de pon\u00e7age et de meulage dans le domaine de la pierre, du bois et du m\u00e9tal.<\/p>\n<p>\u25cf La grande surface du patin de pon\u00e7age assure un travail efficace.<\/p>\n<p>\u25cf La vitesse peut \u00eatre facilement r\u00e9gl\u00e9e de 1 500 \u00e0 2 700 tr\/min.<\/p>\n<p>\u25cfFonction plafond pour les travaux au plafond et avec bouton de r\u00e9glage des d\u00e9penses qui ajuste facilement l&#039;aspiration \u00e0 tout moment dont vous avez besoin.<\/p>\n<p><img decoding=\"async\" title=\"R7241-MANUEL\" src=\"\/wp-content\/uploads\/2024\/05\/1608692390771155.jpg\" alt=\"R7241-MANUEL\" \/><\/p>","protected":false},"excerpt":{"rendered":"<p>\u25cf <img decoding=\"async\" style=\"width: 180px; height: 27px;\" title=\"4\" src=\"\/wp-content\/uploads\/2024\/05\/1606975649218025.png\" alt=\"4\" width=\"180\" height=\"27\" border=\"0\" vspace=\"0\" \/><\/p>","protected":false},"featured_media":981,"template":"","meta":{"_acf_changed":false,"_mi_skip_tracking":false,"_monsterinsights_sitenote_active":false,"_monsterinsights_sitenote_note":"","_monsterinsights_sitenote_category":0},"product_cat":[37,34],"product_tag":[],"class_list":{"0":"post-982","1":"product","2":"type-product","3":"status-publish","4":"has-post-thumbnail","6":"product_cat-drywall-sander","7":"product_cat-renovation-wallpainting","9":"first","10":"instock","11":"shipping-taxable","12":"product-type-simple"},"acf":[],"yoast_head":"<!-- This site is optimized with the Yoast SEO Premium plugin v21.6 (Yoast SEO v22.3) - https:\/\/yoast.com\/wordpress\/plugins\/seo\/ -->\n<title>750W Electric Drywall Sander With Automatic Vacuum Dust Collection System, 2 strips LED Lights, 6 Pcs sanding discs and a Dust Bag, Detachable Handle, 6 Variable Speeds-R7241 - BURLEY<\/title>\n<meta name=\"robots\" content=\"index, follow, max-snippet:-1, max-image-preview:large, max-video-preview:-1\" \/>\n<link rel=\"canonical\" href=\"https:\/\/www.burleytools.com\/fr\/produit\/ponceuse-electrique-pour-cloisons-seches-de-750-w-avec-systeme-automatique-de-collecte-de-poussiere-par-aspiration-2-bandes-lumineuses-led-6-disques-de-poncage-et-un-sac-a-poussiere-poignee-amovible-6-2\/\" \/>\n<meta property=\"og:locale\" content=\"fr_FR\" \/>\n<meta property=\"og:type\" content=\"article\" \/>\n<meta property=\"og:title\" content=\"750W Electric Drywall Sander With Automatic Vacuum Dust Collection System, 2 strips LED Lights, 6 Pcs sanding discs and a Dust Bag, Detachable Handle, 6 Variable Speeds-R7241\" \/>\n<meta property=\"og:description\" content=\"\u25cf\" \/>\n<meta property=\"og:url\" content=\"https:\/\/www.burleytools.com\/fr\/produit\/ponceuse-electrique-pour-cloisons-seches-de-750-w-avec-systeme-automatique-de-collecte-de-poussiere-par-aspiration-2-bandes-lumineuses-led-6-disques-de-poncage-et-un-sac-a-poussiere-poignee-amovible-6-2\/\" \/>\n<meta property=\"og:site_name\" content=\"BURLEY\" \/>\n<meta property=\"article:modified_time\" content=\"2024-08-20T07:28:57+00:00\" \/>\n<meta property=\"og:image\" content=\"https:\/\/www.burleytools.com\/wp-content\/uploads\/2024\/05\/1607503082494019-1.jpg\" \/>\n\t<meta property=\"og:image:width\" content=\"700\" \/>\n\t<meta property=\"og:image:height\" content=\"700\" \/>\n\t<meta property=\"og:image:type\" content=\"image\/jpeg\" \/>\n<meta name=\"twitter:card\" content=\"summary_large_image\" \/>\n<meta name=\"twitter:label1\" content=\"Dur\u00e9e de lecture estim\u00e9e\" \/>\n\t<meta name=\"twitter:data1\" content=\"1 minute\" \/>\n<script type=\"application\/ld+json\" class=\"yoast-schema-graph\">{\"@context\":\"https:\/\/schema.org\",\"@graph\":[{\"@type\":\"WebPage\",\"@id\":\"https:\/\/www.burleytools.com\/product\/750w-electric-drywall-sander-with-automatic-vacuum-dust-collection-system-2-strips-led-lights-6-pcs-sanding-discs-and-a-dust-bag-detachable-handle-6-variable-speeds-r7241\/\",\"url\":\"https:\/\/www.burleytools.com\/product\/750w-electric-drywall-sander-with-automatic-vacuum-dust-collection-system-2-strips-led-lights-6-pcs-sanding-discs-and-a-dust-bag-detachable-handle-6-variable-speeds-r7241\/\",\"name\":\"750W Electric Drywall Sander With Automatic Vacuum Dust Collection System, 2 strips LED Lights, 6 Pcs sanding discs and a Dust Bag, Detachable Handle, 6 Variable Speeds-R7241 - BURLEY\",\"isPartOf\":{\"@id\":\"https:\/\/www.burleytools.com\/#website\"},\"primaryImageOfPage\":{\"@id\":\"https:\/\/www.burleytools.com\/product\/750w-electric-drywall-sander-with-automatic-vacuum-dust-collection-system-2-strips-led-lights-6-pcs-sanding-discs-and-a-dust-bag-detachable-handle-6-variable-speeds-r7241\/#primaryimage\"},\"image\":{\"@id\":\"https:\/\/www.burleytools.com\/product\/750w-electric-drywall-sander-with-automatic-vacuum-dust-collection-system-2-strips-led-lights-6-pcs-sanding-discs-and-a-dust-bag-detachable-handle-6-variable-speeds-r7241\/#primaryimage\"},\"thumbnailUrl\":\"https:\/\/www.burleytools.com\/wp-content\/uploads\/2024\/05\/1607503082494019-1.jpg\",\"datePublished\":\"2024-05-09T07:45:59+00:00\",\"dateModified\":\"2024-08-20T07:28:57+00:00\",\"breadcrumb\":{\"@id\":\"https:\/\/www.burleytools.com\/product\/750w-electric-drywall-sander-with-automatic-vacuum-dust-collection-system-2-strips-led-lights-6-pcs-sanding-discs-and-a-dust-bag-detachable-handle-6-variable-speeds-r7241\/#breadcrumb\"},\"inLanguage\":\"fr-FR\",\"potentialAction\":[{\"@type\":\"ReadAction\",\"target\":[\"https:\/\/www.burleytools.com\/product\/750w-electric-drywall-sander-with-automatic-vacuum-dust-collection-system-2-strips-led-lights-6-pcs-sanding-discs-and-a-dust-bag-detachable-handle-6-variable-speeds-r7241\/\"]}]},{\"@type\":\"ImageObject\",\"inLanguage\":\"fr-FR\",\"@id\":\"https:\/\/www.burleytools.com\/product\/750w-electric-drywall-sander-with-automatic-vacuum-dust-collection-system-2-strips-led-lights-6-pcs-sanding-discs-and-a-dust-bag-detachable-handle-6-variable-speeds-r7241\/#primaryimage\",\"url\":\"https:\/\/www.burleytools.com\/wp-content\/uploads\/2024\/05\/1607503082494019-1.jpg\",\"contentUrl\":\"https:\/\/www.burleytools.com\/wp-content\/uploads\/2024\/05\/1607503082494019-1.jpg\",\"width\":700,\"height\":700},{\"@type\":\"BreadcrumbList\",\"@id\":\"https:\/\/www.burleytools.com\/product\/750w-electric-drywall-sander-with-automatic-vacuum-dust-collection-system-2-strips-led-lights-6-pcs-sanding-discs-and-a-dust-bag-detachable-handle-6-variable-speeds-r7241\/#breadcrumb\",\"itemListElement\":[{\"@type\":\"ListItem\",\"position\":1,\"name\":\"Home\",\"item\":\"https:\/\/www.burleytools.com\/\"},{\"@type\":\"ListItem\",\"position\":2,\"name\":\"Products\",\"item\":\"https:\/\/www.burleytools.com\/products\/\"},{\"@type\":\"ListItem\",\"position\":3,\"name\":\"750W Electric Drywall Sander With Automatic Vacuum Dust Collection System, 2 strips LED Lights, 6 Pcs sanding discs and a Dust Bag, Detachable Handle, 6 Variable Speeds-R7241\"}]},{\"@type\":\"WebSite\",\"@id\":\"https:\/\/www.burleytools.com\/#website\",\"url\":\"https:\/\/www.burleytools.com\/\",\"name\":\"BURLEY\",\"description\":\"\",\"publisher\":{\"@id\":\"https:\/\/www.burleytools.com\/#organization\"},\"potentialAction\":[{\"@type\":\"SearchAction\",\"target\":{\"@type\":\"EntryPoint\",\"urlTemplate\":\"https:\/\/www.burleytools.com\/?s={search_term_string}\"},\"query-input\":\"required name=search_term_string\"}],\"inLanguage\":\"fr-FR\"},{\"@type\":\"Organization\",\"@id\":\"https:\/\/www.burleytools.com\/#organization\",\"name\":\"BURLEY\",\"url\":\"https:\/\/www.burleytools.com\/\",\"logo\":{\"@type\":\"ImageObject\",\"inLanguage\":\"fr-FR\",\"@id\":\"https:\/\/www.burleytools.com\/#\/schema\/logo\/image\/\",\"url\":\"https:\/\/www.burleytools.com\/wp-content\/uploads\/2023\/10\/logo.webp\",\"contentUrl\":\"https:\/\/www.burleytools.com\/wp-content\/uploads\/2023\/10\/logo.webp\",\"width\":165,\"height\":62,\"caption\":\"BURLEY\"},\"image\":{\"@id\":\"https:\/\/www.burleytools.com\/#\/schema\/logo\/image\/\"}}]}<\/script>\n<!-- \/ Yoast SEO Premium plugin. -->","yoast_head_json":{"title":"750W Electric Drywall Sander With Automatic Vacuum Dust Collection System, 2 strips LED Lights, 6 Pcs sanding discs and a Dust Bag, Detachable Handle, 6 Variable Speeds-R7241 - BURLEY","robots":{"index":"index","follow":"follow","max-snippet":"max-snippet:-1","max-image-preview":"max-image-preview:large","max-video-preview":"max-video-preview:-1"},"canonical":"https:\/\/www.burleytools.com\/fr\/produit\/ponceuse-electrique-pour-cloisons-seches-de-750-w-avec-systeme-automatique-de-collecte-de-poussiere-par-aspiration-2-bandes-lumineuses-led-6-disques-de-poncage-et-un-sac-a-poussiere-poignee-amovible-6-2\/","og_locale":"fr_FR","og_type":"article","og_title":"750W Electric Drywall Sander With Automatic Vacuum Dust Collection System, 2 strips LED Lights, 6 Pcs sanding discs and a Dust Bag, Detachable Handle, 6 Variable Speeds-R7241","og_description":"\u25cf","og_url":"https:\/\/www.burleytools.com\/fr\/produit\/ponceuse-electrique-pour-cloisons-seches-de-750-w-avec-systeme-automatique-de-collecte-de-poussiere-par-aspiration-2-bandes-lumineuses-led-6-disques-de-poncage-et-un-sac-a-poussiere-poignee-amovible-6-2\/","og_site_name":"BURLEY","article_modified_time":"2024-08-20T07:28:57+00:00","og_image":[{"width":700,"height":700,"url":"https:\/\/www.burleytools.com\/wp-content\/uploads\/2024\/05\/1607503082494019-1.jpg","type":"image\/jpeg"}],"twitter_card":"summary_large_image","twitter_misc":{"Dur\u00e9e de lecture estim\u00e9e":"1 minute"},"schema":{"@context":"https:\/\/schema.org","@graph":[{"@type":"WebPage","@id":"https:\/\/www.burleytools.com\/product\/750w-electric-drywall-sander-with-automatic-vacuum-dust-collection-system-2-strips-led-lights-6-pcs-sanding-discs-and-a-dust-bag-detachable-handle-6-variable-speeds-r7241\/","url":"https:\/\/www.burleytools.com\/product\/750w-electric-drywall-sander-with-automatic-vacuum-dust-collection-system-2-strips-led-lights-6-pcs-sanding-discs-and-a-dust-bag-detachable-handle-6-variable-speeds-r7241\/","name":"750W Electric Drywall Sander With Automatic Vacuum Dust Collection System, 2 strips LED Lights, 6 Pcs sanding discs and a Dust Bag, Detachable Handle, 6 Variable Speeds-R7241 - BURLEY","isPartOf":{"@id":"https:\/\/www.burleytools.com\/#website"},"primaryImageOfPage":{"@id":"https:\/\/www.burleytools.com\/product\/750w-electric-drywall-sander-with-automatic-vacuum-dust-collection-system-2-strips-led-lights-6-pcs-sanding-discs-and-a-dust-bag-detachable-handle-6-variable-speeds-r7241\/#primaryimage"},"image":{"@id":"https:\/\/www.burleytools.com\/product\/750w-electric-drywall-sander-with-automatic-vacuum-dust-collection-system-2-strips-led-lights-6-pcs-sanding-discs-and-a-dust-bag-detachable-handle-6-variable-speeds-r7241\/#primaryimage"},"thumbnailUrl":"https:\/\/www.burleytools.com\/wp-content\/uploads\/2024\/05\/1607503082494019-1.jpg","datePublished":"2024-05-09T07:45:59+00:00","dateModified":"2024-08-20T07:28:57+00:00","breadcrumb":{"@id":"https:\/\/www.burleytools.com\/product\/750w-electric-drywall-sander-with-automatic-vacuum-dust-collection-system-2-strips-led-lights-6-pcs-sanding-discs-and-a-dust-bag-detachable-handle-6-variable-speeds-r7241\/#breadcrumb"},"inLanguage":"fr-FR","potentialAction":[{"@type":"ReadAction","target":["https:\/\/www.burleytools.com\/product\/750w-electric-drywall-sander-with-automatic-vacuum-dust-collection-system-2-strips-led-lights-6-pcs-sanding-discs-and-a-dust-bag-detachable-handle-6-variable-speeds-r7241\/"]}]},{"@type":"ImageObject","inLanguage":"fr-FR","@id":"https:\/\/www.burleytools.com\/product\/750w-electric-drywall-sander-with-automatic-vacuum-dust-collection-system-2-strips-led-lights-6-pcs-sanding-discs-and-a-dust-bag-detachable-handle-6-variable-speeds-r7241\/#primaryimage","url":"https:\/\/www.burleytools.com\/wp-content\/uploads\/2024\/05\/1607503082494019-1.jpg","contentUrl":"https:\/\/www.burleytools.com\/wp-content\/uploads\/2024\/05\/1607503082494019-1.jpg","width":700,"height":700},{"@type":"BreadcrumbList","@id":"https:\/\/www.burleytools.com\/product\/750w-electric-drywall-sander-with-automatic-vacuum-dust-collection-system-2-strips-led-lights-6-pcs-sanding-discs-and-a-dust-bag-detachable-handle-6-variable-speeds-r7241\/#breadcrumb","itemListElement":[{"@type":"ListItem","position":1,"name":"Home","item":"https:\/\/www.burleytools.com\/"},{"@type":"ListItem","position":2,"name":"Products","item":"https:\/\/www.burleytools.com\/products\/"},{"@type":"ListItem","position":3,"name":"750W Electric Drywall Sander With Automatic Vacuum Dust Collection System, 2 strips LED Lights, 6 Pcs sanding discs and a Dust Bag, Detachable Handle, 6 Variable Speeds-R7241"}]},{"@type":"WebSite","@id":"https:\/\/www.burleytools.com\/#website","url":"https:\/\/www.burleytools.com\/","name":"BURLEY","description":"","publisher":{"@id":"https:\/\/www.burleytools.com\/#organization"},"potentialAction":[{"@type":"SearchAction","target":{"@type":"EntryPoint","urlTemplate":"https:\/\/www.burleytools.com\/?s={search_term_string}"},"query-input":"required name=search_term_string"}],"inLanguage":"fr-FR"},{"@type":"Organization","@id":"https:\/\/www.burleytools.com\/#organization","name":"BURLEY","url":"https:\/\/www.burleytools.com\/","logo":{"@type":"ImageObject","inLanguage":"fr-FR","@id":"https:\/\/www.burleytools.com\/#\/schema\/logo\/image\/","url":"https:\/\/www.burleytools.com\/wp-content\/uploads\/2023\/10\/logo.webp","contentUrl":"https:\/\/www.burleytools.com\/wp-content\/uploads\/2023\/10\/logo.webp","width":165,"height":62,"caption":"BURLEY"},"image":{"@id":"https:\/\/www.burleytools.com\/#\/schema\/logo\/image\/"}}]}},"_links":{"self":[{"href":"https:\/\/www.burleytools.com\/fr\/wp-json\/wp\/v2\/product\/982"}],"collection":[{"href":"https:\/\/www.burleytools.com\/fr\/wp-json\/wp\/v2\/product"}],"about":[{"href":"https:\/\/www.burleytools.com\/fr\/wp-json\/wp\/v2\/types\/product"}],"wp:featuredmedia":[{"embeddable":true,"href":"https:\/\/www.burleytools.com\/fr\/wp-json\/wp\/v2\/media\/981"}],"wp:attachment":[{"href":"https:\/\/www.burleytools.com\/fr\/wp-json\/wp\/v2\/media?parent=982"}],"wp:term":[{"taxonomy":"product_cat","embeddable":true,"href":"https:\/\/www.burleytools.com\/fr\/wp-json\/wp\/v2\/product_cat?post=982"},{"taxonomy":"product_tag","embeddable":true,"href":"https:\/\/www.burleytools.com\/fr\/wp-json\/wp\/v2\/product_tag?post=982"}],"curies":[{"name":"wp","href":"https:\/\/api.w.org\/{rel}","templated":true}]}}