{"id":993,"date":"2024-05-09T07:46:02","date_gmt":"2024-05-09T07:46:02","guid":{"rendered":"https:\/\/www.burleytools.com\/product\/1050w-1200w-electric-drywall-sander-with-automatic-vacuum-dust-collection-system-6-pcs-215mm-sanding-discs-and-a-dust-bag-detachable-handle-6-variable-speeds-r7235-7239\/"},"modified":"2024-08-20T07:29:00","modified_gmt":"2024-08-20T07:29:00","slug":"1050w-1200w-electric-drywall-sander-with-automatic-vacuum-dust-collection-system-6-pcs-215mm-sanding-discs-and-a-dust-bag-detachable-handle-6-variable-speeds-r7235-7239","status":"publish","type":"product","link":"https:\/\/www.burleytools.com\/fr\/produit\/ponceuse-electrique-pour-cloisons-seches-1050-w-1200-w-avec-systeme-automatique-de-collecte-de-poussiere-par-aspiration-6-disques-de-poncage-de-215-mm-et-un-sac-a-poussiere-poignee-amovible-6-vitesses\/","title":{"rendered":"Ponceuse \u00e9lectrique pour cloisons s\u00e8ches 1050 W\/1200 W avec syst\u00e8me automatique de collecte de poussi\u00e8re par aspiration, 6 disques de pon\u00e7age de 215 mm et un sac \u00e0 poussi\u00e8re, poign\u00e9e amovible, 6 vitesses variables-R7235\/7239"},"content":{"rendered":"<p>\u25cf Poign\u00e9e souple pour une utilisation confortable.<\/p>\n<p>\u25cf Extraire les poussi\u00e8res par lui-m\u00eame, aucun aspirateur n&#039;est n\u00e9cessaire.<\/p>\n<p>\u25cf Peut \u00eatre fix\u00e9 au mur, \u00e9conomisant ainsi de l&#039;\u00e9nergie pendant le fonctionnement.<\/p>\n<p>\u25cf Le couvercle du tampon de pon\u00e7age est r\u00e9glable.<\/p>\n<p>\u25cf Vitesse variable : 1500-2300 tr\/min.<\/p>\n<p>\u25cf Petit corps pour un transport facile.<\/p>\n<p>\u25cf Avec contr\u00f4le de vitesse constant.<\/p>\n<p><img decoding=\"async\" title=\"R7235-MANUEL\" src=\"\/wp-content\/uploads\/2024\/05\/1608692059111843.jpg\" alt=\"R7235-MANUEL\" \/><\/p>\n<p><img decoding=\"async\" title=\"R7239-MANUEL\" src=\"\/wp-content\/uploads\/2024\/05\/1608692073942482.jpg\" alt=\"R7239-MANUEL\" \/><\/p>","protected":false},"excerpt":{"rendered":"<p>\u25cf <img decoding=\"async\" style=\"width: 180px; height: 27px;\" title=\"4\" src=\"\/wp-content\/uploads\/2024\/05\/1606975649218025.png\" alt=\"4\" width=\"180\" height=\"27\" border=\"0\" vspace=\"0\" \/><\/p>","protected":false},"featured_media":992,"template":"","meta":{"_acf_changed":false,"_mi_skip_tracking":false,"_monsterinsights_sitenote_active":false,"_monsterinsights_sitenote_note":"","_monsterinsights_sitenote_category":0},"product_cat":[37,34],"product_tag":[],"class_list":{"0":"post-993","1":"product","2":"type-product","3":"status-publish","4":"has-post-thumbnail","6":"product_cat-drywall-sander","7":"product_cat-renovation-wallpainting","9":"first","10":"instock","11":"shipping-taxable","12":"product-type-simple"},"acf":[],"yoast_head":"<!-- This site is optimized with the Yoast SEO Premium plugin v21.6 (Yoast SEO v22.3) - https:\/\/yoast.com\/wordpress\/plugins\/seo\/ -->\n<title>1050W\/1200w Electric Drywall Sander With Automatic Vacuum Dust Collection System, 6 Pcs 215mm sanding discs and a Dust Bag, Detachable Handle, 6 Variable Speeds-R7235\/7239 - BURLEY<\/title>\n<meta name=\"robots\" content=\"index, follow, max-snippet:-1, max-image-preview:large, max-video-preview:-1\" \/>\n<link rel=\"canonical\" href=\"https:\/\/www.burleytools.com\/fr\/produit\/ponceuse-electrique-pour-cloisons-seches-1050-w-1200-w-avec-systeme-automatique-de-collecte-de-poussiere-par-aspiration-6-disques-de-poncage-de-215-mm-et-un-sac-a-poussiere-poignee-amovible-6-vitesses\/\" \/>\n<meta property=\"og:locale\" content=\"fr_FR\" \/>\n<meta property=\"og:type\" content=\"article\" \/>\n<meta property=\"og:title\" content=\"1050W\/1200w Electric Drywall Sander With Automatic Vacuum Dust Collection System, 6 Pcs 215mm sanding discs and a Dust Bag, Detachable Handle, 6 Variable Speeds-R7235\/7239\" \/>\n<meta property=\"og:description\" content=\"\u25cf\" \/>\n<meta property=\"og:url\" content=\"https:\/\/www.burleytools.com\/fr\/produit\/ponceuse-electrique-pour-cloisons-seches-1050-w-1200-w-avec-systeme-automatique-de-collecte-de-poussiere-par-aspiration-6-disques-de-poncage-de-215-mm-et-un-sac-a-poussiere-poignee-amovible-6-vitesses\/\" \/>\n<meta property=\"og:site_name\" content=\"BURLEY\" \/>\n<meta property=\"article:modified_time\" content=\"2024-08-20T07:29:00+00:00\" \/>\n<meta property=\"og:image\" content=\"https:\/\/www.burleytools.com\/wp-content\/uploads\/2024\/05\/1607503370550452-1.jpg\" \/>\n\t<meta property=\"og:image:width\" content=\"700\" \/>\n\t<meta property=\"og:image:height\" content=\"700\" \/>\n\t<meta property=\"og:image:type\" content=\"image\/jpeg\" \/>\n<meta name=\"twitter:card\" content=\"summary_large_image\" \/>\n<meta name=\"twitter:label1\" content=\"Dur\u00e9e de lecture estim\u00e9e\" \/>\n\t<meta name=\"twitter:data1\" content=\"1 minute\" \/>\n<script type=\"application\/ld+json\" class=\"yoast-schema-graph\">{\"@context\":\"https:\/\/schema.org\",\"@graph\":[{\"@type\":\"WebPage\",\"@id\":\"https:\/\/www.burleytools.com\/product\/1050w-1200w-electric-drywall-sander-with-automatic-vacuum-dust-collection-system-6-pcs-215mm-sanding-discs-and-a-dust-bag-detachable-handle-6-variable-speeds-r7235-7239\/\",\"url\":\"https:\/\/www.burleytools.com\/product\/1050w-1200w-electric-drywall-sander-with-automatic-vacuum-dust-collection-system-6-pcs-215mm-sanding-discs-and-a-dust-bag-detachable-handle-6-variable-speeds-r7235-7239\/\",\"name\":\"1050W\/1200w Electric Drywall Sander With Automatic Vacuum Dust Collection System, 6 Pcs 215mm sanding discs and a Dust Bag, Detachable Handle, 6 Variable Speeds-R7235\/7239 - BURLEY\",\"isPartOf\":{\"@id\":\"https:\/\/www.burleytools.com\/#website\"},\"primaryImageOfPage\":{\"@id\":\"https:\/\/www.burleytools.com\/product\/1050w-1200w-electric-drywall-sander-with-automatic-vacuum-dust-collection-system-6-pcs-215mm-sanding-discs-and-a-dust-bag-detachable-handle-6-variable-speeds-r7235-7239\/#primaryimage\"},\"image\":{\"@id\":\"https:\/\/www.burleytools.com\/product\/1050w-1200w-electric-drywall-sander-with-automatic-vacuum-dust-collection-system-6-pcs-215mm-sanding-discs-and-a-dust-bag-detachable-handle-6-variable-speeds-r7235-7239\/#primaryimage\"},\"thumbnailUrl\":\"https:\/\/www.burleytools.com\/wp-content\/uploads\/2024\/05\/1607503370550452-1.jpg\",\"datePublished\":\"2024-05-09T07:46:02+00:00\",\"dateModified\":\"2024-08-20T07:29:00+00:00\",\"breadcrumb\":{\"@id\":\"https:\/\/www.burleytools.com\/product\/1050w-1200w-electric-drywall-sander-with-automatic-vacuum-dust-collection-system-6-pcs-215mm-sanding-discs-and-a-dust-bag-detachable-handle-6-variable-speeds-r7235-7239\/#breadcrumb\"},\"inLanguage\":\"fr-FR\",\"potentialAction\":[{\"@type\":\"ReadAction\",\"target\":[\"https:\/\/www.burleytools.com\/product\/1050w-1200w-electric-drywall-sander-with-automatic-vacuum-dust-collection-system-6-pcs-215mm-sanding-discs-and-a-dust-bag-detachable-handle-6-variable-speeds-r7235-7239\/\"]}]},{\"@type\":\"ImageObject\",\"inLanguage\":\"fr-FR\",\"@id\":\"https:\/\/www.burleytools.com\/product\/1050w-1200w-electric-drywall-sander-with-automatic-vacuum-dust-collection-system-6-pcs-215mm-sanding-discs-and-a-dust-bag-detachable-handle-6-variable-speeds-r7235-7239\/#primaryimage\",\"url\":\"https:\/\/www.burleytools.com\/wp-content\/uploads\/2024\/05\/1607503370550452-1.jpg\",\"contentUrl\":\"https:\/\/www.burleytools.com\/wp-content\/uploads\/2024\/05\/1607503370550452-1.jpg\",\"width\":700,\"height\":700},{\"@type\":\"BreadcrumbList\",\"@id\":\"https:\/\/www.burleytools.com\/product\/1050w-1200w-electric-drywall-sander-with-automatic-vacuum-dust-collection-system-6-pcs-215mm-sanding-discs-and-a-dust-bag-detachable-handle-6-variable-speeds-r7235-7239\/#breadcrumb\",\"itemListElement\":[{\"@type\":\"ListItem\",\"position\":1,\"name\":\"Home\",\"item\":\"https:\/\/www.burleytools.com\/\"},{\"@type\":\"ListItem\",\"position\":2,\"name\":\"Products\",\"item\":\"https:\/\/www.burleytools.com\/products\/\"},{\"@type\":\"ListItem\",\"position\":3,\"name\":\"1050W\/1200w Electric Drywall Sander With Automatic Vacuum Dust Collection System, 6 Pcs 215mm sanding discs and a Dust Bag, Detachable Handle, 6 Variable Speeds-R7235\/7239\"}]},{\"@type\":\"WebSite\",\"@id\":\"https:\/\/www.burleytools.com\/#website\",\"url\":\"https:\/\/www.burleytools.com\/\",\"name\":\"BURLEY\",\"description\":\"\",\"publisher\":{\"@id\":\"https:\/\/www.burleytools.com\/#organization\"},\"potentialAction\":[{\"@type\":\"SearchAction\",\"target\":{\"@type\":\"EntryPoint\",\"urlTemplate\":\"https:\/\/www.burleytools.com\/?s={search_term_string}\"},\"query-input\":\"required name=search_term_string\"}],\"inLanguage\":\"fr-FR\"},{\"@type\":\"Organization\",\"@id\":\"https:\/\/www.burleytools.com\/#organization\",\"name\":\"BURLEY\",\"url\":\"https:\/\/www.burleytools.com\/\",\"logo\":{\"@type\":\"ImageObject\",\"inLanguage\":\"fr-FR\",\"@id\":\"https:\/\/www.burleytools.com\/#\/schema\/logo\/image\/\",\"url\":\"https:\/\/www.burleytools.com\/wp-content\/uploads\/2023\/10\/logo.webp\",\"contentUrl\":\"https:\/\/www.burleytools.com\/wp-content\/uploads\/2023\/10\/logo.webp\",\"width\":165,\"height\":62,\"caption\":\"BURLEY\"},\"image\":{\"@id\":\"https:\/\/www.burleytools.com\/#\/schema\/logo\/image\/\"}}]}<\/script>\n<!-- \/ Yoast SEO Premium plugin. -->","yoast_head_json":{"title":"1050W\/1200w Electric Drywall Sander With Automatic Vacuum Dust Collection System, 6 Pcs 215mm sanding discs and a Dust Bag, Detachable Handle, 6 Variable Speeds-R7235\/7239 - BURLEY","robots":{"index":"index","follow":"follow","max-snippet":"max-snippet:-1","max-image-preview":"max-image-preview:large","max-video-preview":"max-video-preview:-1"},"canonical":"https:\/\/www.burleytools.com\/fr\/produit\/ponceuse-electrique-pour-cloisons-seches-1050-w-1200-w-avec-systeme-automatique-de-collecte-de-poussiere-par-aspiration-6-disques-de-poncage-de-215-mm-et-un-sac-a-poussiere-poignee-amovible-6-vitesses\/","og_locale":"fr_FR","og_type":"article","og_title":"1050W\/1200w Electric Drywall Sander With Automatic Vacuum Dust Collection System, 6 Pcs 215mm sanding discs and a Dust Bag, Detachable Handle, 6 Variable Speeds-R7235\/7239","og_description":"\u25cf","og_url":"https:\/\/www.burleytools.com\/fr\/produit\/ponceuse-electrique-pour-cloisons-seches-1050-w-1200-w-avec-systeme-automatique-de-collecte-de-poussiere-par-aspiration-6-disques-de-poncage-de-215-mm-et-un-sac-a-poussiere-poignee-amovible-6-vitesses\/","og_site_name":"BURLEY","article_modified_time":"2024-08-20T07:29:00+00:00","og_image":[{"width":700,"height":700,"url":"https:\/\/www.burleytools.com\/wp-content\/uploads\/2024\/05\/1607503370550452-1.jpg","type":"image\/jpeg"}],"twitter_card":"summary_large_image","twitter_misc":{"Dur\u00e9e de lecture estim\u00e9e":"1 minute"},"schema":{"@context":"https:\/\/schema.org","@graph":[{"@type":"WebPage","@id":"https:\/\/www.burleytools.com\/product\/1050w-1200w-electric-drywall-sander-with-automatic-vacuum-dust-collection-system-6-pcs-215mm-sanding-discs-and-a-dust-bag-detachable-handle-6-variable-speeds-r7235-7239\/","url":"https:\/\/www.burleytools.com\/product\/1050w-1200w-electric-drywall-sander-with-automatic-vacuum-dust-collection-system-6-pcs-215mm-sanding-discs-and-a-dust-bag-detachable-handle-6-variable-speeds-r7235-7239\/","name":"1050W\/1200w Electric Drywall Sander With Automatic Vacuum Dust Collection System, 6 Pcs 215mm sanding discs and a Dust Bag, Detachable Handle, 6 Variable Speeds-R7235\/7239 - BURLEY","isPartOf":{"@id":"https:\/\/www.burleytools.com\/#website"},"primaryImageOfPage":{"@id":"https:\/\/www.burleytools.com\/product\/1050w-1200w-electric-drywall-sander-with-automatic-vacuum-dust-collection-system-6-pcs-215mm-sanding-discs-and-a-dust-bag-detachable-handle-6-variable-speeds-r7235-7239\/#primaryimage"},"image":{"@id":"https:\/\/www.burleytools.com\/product\/1050w-1200w-electric-drywall-sander-with-automatic-vacuum-dust-collection-system-6-pcs-215mm-sanding-discs-and-a-dust-bag-detachable-handle-6-variable-speeds-r7235-7239\/#primaryimage"},"thumbnailUrl":"https:\/\/www.burleytools.com\/wp-content\/uploads\/2024\/05\/1607503370550452-1.jpg","datePublished":"2024-05-09T07:46:02+00:00","dateModified":"2024-08-20T07:29:00+00:00","breadcrumb":{"@id":"https:\/\/www.burleytools.com\/product\/1050w-1200w-electric-drywall-sander-with-automatic-vacuum-dust-collection-system-6-pcs-215mm-sanding-discs-and-a-dust-bag-detachable-handle-6-variable-speeds-r7235-7239\/#breadcrumb"},"inLanguage":"fr-FR","potentialAction":[{"@type":"ReadAction","target":["https:\/\/www.burleytools.com\/product\/1050w-1200w-electric-drywall-sander-with-automatic-vacuum-dust-collection-system-6-pcs-215mm-sanding-discs-and-a-dust-bag-detachable-handle-6-variable-speeds-r7235-7239\/"]}]},{"@type":"ImageObject","inLanguage":"fr-FR","@id":"https:\/\/www.burleytools.com\/product\/1050w-1200w-electric-drywall-sander-with-automatic-vacuum-dust-collection-system-6-pcs-215mm-sanding-discs-and-a-dust-bag-detachable-handle-6-variable-speeds-r7235-7239\/#primaryimage","url":"https:\/\/www.burleytools.com\/wp-content\/uploads\/2024\/05\/1607503370550452-1.jpg","contentUrl":"https:\/\/www.burleytools.com\/wp-content\/uploads\/2024\/05\/1607503370550452-1.jpg","width":700,"height":700},{"@type":"BreadcrumbList","@id":"https:\/\/www.burleytools.com\/product\/1050w-1200w-electric-drywall-sander-with-automatic-vacuum-dust-collection-system-6-pcs-215mm-sanding-discs-and-a-dust-bag-detachable-handle-6-variable-speeds-r7235-7239\/#breadcrumb","itemListElement":[{"@type":"ListItem","position":1,"name":"Home","item":"https:\/\/www.burleytools.com\/"},{"@type":"ListItem","position":2,"name":"Products","item":"https:\/\/www.burleytools.com\/products\/"},{"@type":"ListItem","position":3,"name":"1050W\/1200w Electric Drywall Sander With Automatic Vacuum Dust Collection System, 6 Pcs 215mm sanding discs and a Dust Bag, Detachable Handle, 6 Variable Speeds-R7235\/7239"}]},{"@type":"WebSite","@id":"https:\/\/www.burleytools.com\/#website","url":"https:\/\/www.burleytools.com\/","name":"BURLEY","description":"","publisher":{"@id":"https:\/\/www.burleytools.com\/#organization"},"potentialAction":[{"@type":"SearchAction","target":{"@type":"EntryPoint","urlTemplate":"https:\/\/www.burleytools.com\/?s={search_term_string}"},"query-input":"required name=search_term_string"}],"inLanguage":"fr-FR"},{"@type":"Organization","@id":"https:\/\/www.burleytools.com\/#organization","name":"BURLEY","url":"https:\/\/www.burleytools.com\/","logo":{"@type":"ImageObject","inLanguage":"fr-FR","@id":"https:\/\/www.burleytools.com\/#\/schema\/logo\/image\/","url":"https:\/\/www.burleytools.com\/wp-content\/uploads\/2023\/10\/logo.webp","contentUrl":"https:\/\/www.burleytools.com\/wp-content\/uploads\/2023\/10\/logo.webp","width":165,"height":62,"caption":"BURLEY"},"image":{"@id":"https:\/\/www.burleytools.com\/#\/schema\/logo\/image\/"}}]}},"_links":{"self":[{"href":"https:\/\/www.burleytools.com\/fr\/wp-json\/wp\/v2\/product\/993"}],"collection":[{"href":"https:\/\/www.burleytools.com\/fr\/wp-json\/wp\/v2\/product"}],"about":[{"href":"https:\/\/www.burleytools.com\/fr\/wp-json\/wp\/v2\/types\/product"}],"wp:featuredmedia":[{"embeddable":true,"href":"https:\/\/www.burleytools.com\/fr\/wp-json\/wp\/v2\/media\/992"}],"wp:attachment":[{"href":"https:\/\/www.burleytools.com\/fr\/wp-json\/wp\/v2\/media?parent=993"}],"wp:term":[{"taxonomy":"product_cat","embeddable":true,"href":"https:\/\/www.burleytools.com\/fr\/wp-json\/wp\/v2\/product_cat?post=993"},{"taxonomy":"product_tag","embeddable":true,"href":"https:\/\/www.burleytools.com\/fr\/wp-json\/wp\/v2\/product_tag?post=993"}],"curies":[{"name":"wp","href":"https:\/\/api.w.org\/{rel}","templated":true}]}}