{"id":889,"date":"2024-05-09T07:45:30","date_gmt":"2024-05-09T07:45:30","guid":{"rendered":"https:\/\/www.burleytools.com\/product\/1400w-1600w-double-paddle-involved-handheld-automatic-powder-electric-paint-mixer-r6216\/"},"modified":"2024-08-20T07:28:49","modified_gmt":"2024-08-20T07:28:49","slug":"1400w-1600w-double-paddle-involved-handheld-automatic-powder-electric-paint-mixer-r6216","status":"publish","type":"product","link":"https:\/\/www.burleytools.com\/it\/prodotto\/1400w-1600w-doppia-paletta-coinvolta-miscelatore-elettrico-automatico-portatile-per-vernice-in-polvere-r6216\/","title":{"rendered":"Miscelatore elettrico per vernice in polvere automatico portatile con doppia paletta da 1400 W\/1600 W - R6216"},"content":{"rendered":"<p>\u25cf Cavo PVC da 2 m H05VV-F 2*1,0 mm2, spina VDE<\/p>\n<p>\u25cf Tipo di protezione: doppio isolamento<\/p>\n<p>\u25cf Classe di protezione: classe II<\/p>\n<p>\u25cf Mescolatore (\u00d8 max.): 120mm<\/p>\n<p>\u25cf Frullatore elettrico a 2 velocit\u00e0 con doppie pale di miscelazione<\/p>\n<p>\u25cf Alte prestazioni con 2 pale che funzionano rispettivamente in senso orario e antiorario<\/p>\n<p>\u25cf Riduttore robusto con motore potente ad alta coppia<\/p>\n<p>\u25cf Velocit\u00e0 variabile<\/p>\n<p><img decoding=\"async\" title=\"R6216P-MANUALE\" src=\"\/wp-content\/uploads\/2024\/05\/1608693272399045.jpg\" alt=\"R6216P-MANUALE\" \/><\/p>","protected":false},"excerpt":{"rendered":"<p>\u25cf Cambiare la velocit\u00e0 con una precisione del 100% ruotando la manopola della velocit\u00e0 dopo che la macchina \u00e8 completamente ferma.<\/p>\n<p>\u25cf L&#039;interruttore dell&#039;acceleratore ad avvio graduale adatta gradualmente e in modo sicuro la velocit\u00e0 alla situazione di miscelazione e al materiale.<\/p>\n<p>\u25cf Il design ergonomico con impugnatura morbida garantisce un utilizzo confortevole.<\/p>\n<p>\u25cf <img decoding=\"async\" style=\"width: 180px; height: 27px;\" title=\"4\" src=\"\/wp-content\/uploads\/2024\/05\/1606975649218025.png\" alt=\"4\" width=\"180\" height=\"27\" border=\"0\" vspace=\"0\" \/><\/p>","protected":false},"featured_media":888,"template":"","meta":{"_acf_changed":false,"_mi_skip_tracking":false,"_monsterinsights_sitenote_active":false,"_monsterinsights_sitenote_note":"","_monsterinsights_sitenote_category":0},"product_cat":[35,34],"product_tag":[],"class_list":{"0":"post-889","1":"product","2":"type-product","3":"status-publish","4":"has-post-thumbnail","6":"product_cat-electric-mixer","7":"product_cat-renovation-wallpainting","9":"first","10":"instock","11":"shipping-taxable","12":"product-type-simple"},"acf":[],"yoast_head":"<!-- This site is optimized with the Yoast SEO Premium plugin v21.6 (Yoast SEO v22.3) - https:\/\/yoast.com\/wordpress\/plugins\/seo\/ -->\n<title>1400W\/1600W Double Paddle Involved Handheld Automatic Powder Electric Paint Mixer-R6216 - BURLEY<\/title>\n<meta name=\"robots\" content=\"index, follow, max-snippet:-1, max-image-preview:large, max-video-preview:-1\" \/>\n<link rel=\"canonical\" href=\"https:\/\/www.burleytools.com\/it\/prodotto\/1400w-1600w-doppia-paletta-coinvolta-miscelatore-elettrico-automatico-portatile-per-vernice-in-polvere-r6216\/\" \/>\n<meta property=\"og:locale\" content=\"it_IT\" \/>\n<meta property=\"og:type\" content=\"article\" \/>\n<meta property=\"og:title\" content=\"1400W\/1600W Double Paddle Involved Handheld Automatic Powder Electric Paint Mixer-R6216\" \/>\n<meta property=\"og:description\" content=\"\u25cf Shift the speeds with 100% accuracy by turning the speed knob after the machine is fully stopped.  \u25cf The soft start accelerator switch smoothly adjusts the speed to the mixing situation and material, easily and safely.  \u25cf Ergonomics design with soft grip provides comfortable operation.  \u25cf\" \/>\n<meta property=\"og:url\" content=\"https:\/\/www.burleytools.com\/it\/prodotto\/1400w-1600w-doppia-paletta-coinvolta-miscelatore-elettrico-automatico-portatile-per-vernice-in-polvere-r6216\/\" \/>\n<meta property=\"og:site_name\" content=\"BURLEY\" \/>\n<meta property=\"article:modified_time\" content=\"2024-08-20T07:28:49+00:00\" \/>\n<meta property=\"og:image\" content=\"https:\/\/www.burleytools.com\/wp-content\/uploads\/2024\/05\/1607063148950216-1.jpg\" \/>\n\t<meta property=\"og:image:width\" content=\"700\" \/>\n\t<meta property=\"og:image:height\" content=\"700\" \/>\n\t<meta property=\"og:image:type\" content=\"image\/jpeg\" \/>\n<meta name=\"twitter:card\" content=\"summary_large_image\" \/>\n<meta name=\"twitter:label1\" content=\"Tempo di lettura stimato\" \/>\n\t<meta name=\"twitter:data1\" content=\"1 minuto\" \/>\n<script type=\"application\/ld+json\" class=\"yoast-schema-graph\">{\"@context\":\"https:\/\/schema.org\",\"@graph\":[{\"@type\":\"WebPage\",\"@id\":\"https:\/\/www.burleytools.com\/product\/1400w-1600w-double-paddle-involved-handheld-automatic-powder-electric-paint-mixer-r6216\/\",\"url\":\"https:\/\/www.burleytools.com\/product\/1400w-1600w-double-paddle-involved-handheld-automatic-powder-electric-paint-mixer-r6216\/\",\"name\":\"1400W\/1600W Double Paddle Involved Handheld Automatic Powder Electric Paint Mixer-R6216 - BURLEY\",\"isPartOf\":{\"@id\":\"https:\/\/www.burleytools.com\/#website\"},\"primaryImageOfPage\":{\"@id\":\"https:\/\/www.burleytools.com\/product\/1400w-1600w-double-paddle-involved-handheld-automatic-powder-electric-paint-mixer-r6216\/#primaryimage\"},\"image\":{\"@id\":\"https:\/\/www.burleytools.com\/product\/1400w-1600w-double-paddle-involved-handheld-automatic-powder-electric-paint-mixer-r6216\/#primaryimage\"},\"thumbnailUrl\":\"https:\/\/www.burleytools.com\/wp-content\/uploads\/2024\/05\/1607063148950216-1.jpg\",\"datePublished\":\"2024-05-09T07:45:30+00:00\",\"dateModified\":\"2024-08-20T07:28:49+00:00\",\"breadcrumb\":{\"@id\":\"https:\/\/www.burleytools.com\/product\/1400w-1600w-double-paddle-involved-handheld-automatic-powder-electric-paint-mixer-r6216\/#breadcrumb\"},\"inLanguage\":\"it-IT\",\"potentialAction\":[{\"@type\":\"ReadAction\",\"target\":[\"https:\/\/www.burleytools.com\/product\/1400w-1600w-double-paddle-involved-handheld-automatic-powder-electric-paint-mixer-r6216\/\"]}]},{\"@type\":\"ImageObject\",\"inLanguage\":\"it-IT\",\"@id\":\"https:\/\/www.burleytools.com\/product\/1400w-1600w-double-paddle-involved-handheld-automatic-powder-electric-paint-mixer-r6216\/#primaryimage\",\"url\":\"https:\/\/www.burleytools.com\/wp-content\/uploads\/2024\/05\/1607063148950216-1.jpg\",\"contentUrl\":\"https:\/\/www.burleytools.com\/wp-content\/uploads\/2024\/05\/1607063148950216-1.jpg\",\"width\":700,\"height\":700},{\"@type\":\"BreadcrumbList\",\"@id\":\"https:\/\/www.burleytools.com\/product\/1400w-1600w-double-paddle-involved-handheld-automatic-powder-electric-paint-mixer-r6216\/#breadcrumb\",\"itemListElement\":[{\"@type\":\"ListItem\",\"position\":1,\"name\":\"Home\",\"item\":\"https:\/\/www.burleytools.com\/\"},{\"@type\":\"ListItem\",\"position\":2,\"name\":\"Products\",\"item\":\"https:\/\/www.burleytools.com\/products\/\"},{\"@type\":\"ListItem\",\"position\":3,\"name\":\"1400W\/1600W Double Paddle Involved Handheld Automatic Powder Electric Paint Mixer-R6216\"}]},{\"@type\":\"WebSite\",\"@id\":\"https:\/\/www.burleytools.com\/#website\",\"url\":\"https:\/\/www.burleytools.com\/\",\"name\":\"BURLEY\",\"description\":\"\",\"publisher\":{\"@id\":\"https:\/\/www.burleytools.com\/#organization\"},\"potentialAction\":[{\"@type\":\"SearchAction\",\"target\":{\"@type\":\"EntryPoint\",\"urlTemplate\":\"https:\/\/www.burleytools.com\/?s={search_term_string}\"},\"query-input\":\"required name=search_term_string\"}],\"inLanguage\":\"it-IT\"},{\"@type\":\"Organization\",\"@id\":\"https:\/\/www.burleytools.com\/#organization\",\"name\":\"BURLEY\",\"url\":\"https:\/\/www.burleytools.com\/\",\"logo\":{\"@type\":\"ImageObject\",\"inLanguage\":\"it-IT\",\"@id\":\"https:\/\/www.burleytools.com\/#\/schema\/logo\/image\/\",\"url\":\"https:\/\/www.burleytools.com\/wp-content\/uploads\/2023\/10\/logo.webp\",\"contentUrl\":\"https:\/\/www.burleytools.com\/wp-content\/uploads\/2023\/10\/logo.webp\",\"width\":165,\"height\":62,\"caption\":\"BURLEY\"},\"image\":{\"@id\":\"https:\/\/www.burleytools.com\/#\/schema\/logo\/image\/\"}}]}<\/script>\n<!-- \/ Yoast SEO Premium plugin. -->","yoast_head_json":{"title":"1400W\/1600W Double Paddle Involved Handheld Automatic Powder Electric Paint Mixer-R6216 - BURLEY","robots":{"index":"index","follow":"follow","max-snippet":"max-snippet:-1","max-image-preview":"max-image-preview:large","max-video-preview":"max-video-preview:-1"},"canonical":"https:\/\/www.burleytools.com\/it\/prodotto\/1400w-1600w-doppia-paletta-coinvolta-miscelatore-elettrico-automatico-portatile-per-vernice-in-polvere-r6216\/","og_locale":"it_IT","og_type":"article","og_title":"1400W\/1600W Double Paddle Involved Handheld Automatic Powder Electric Paint Mixer-R6216","og_description":"\u25cf Shift the speeds with 100% accuracy by turning the speed knob after the machine is fully stopped.  \u25cf The soft start accelerator switch smoothly adjusts the speed to the mixing situation and material, easily and safely.  \u25cf Ergonomics design with soft grip provides comfortable operation.  \u25cf","og_url":"https:\/\/www.burleytools.com\/it\/prodotto\/1400w-1600w-doppia-paletta-coinvolta-miscelatore-elettrico-automatico-portatile-per-vernice-in-polvere-r6216\/","og_site_name":"BURLEY","article_modified_time":"2024-08-20T07:28:49+00:00","og_image":[{"width":700,"height":700,"url":"https:\/\/www.burleytools.com\/wp-content\/uploads\/2024\/05\/1607063148950216-1.jpg","type":"image\/jpeg"}],"twitter_card":"summary_large_image","twitter_misc":{"Tempo di lettura stimato":"1 minuto"},"schema":{"@context":"https:\/\/schema.org","@graph":[{"@type":"WebPage","@id":"https:\/\/www.burleytools.com\/product\/1400w-1600w-double-paddle-involved-handheld-automatic-powder-electric-paint-mixer-r6216\/","url":"https:\/\/www.burleytools.com\/product\/1400w-1600w-double-paddle-involved-handheld-automatic-powder-electric-paint-mixer-r6216\/","name":"1400W\/1600W Double Paddle Involved Handheld Automatic Powder Electric Paint Mixer-R6216 - BURLEY","isPartOf":{"@id":"https:\/\/www.burleytools.com\/#website"},"primaryImageOfPage":{"@id":"https:\/\/www.burleytools.com\/product\/1400w-1600w-double-paddle-involved-handheld-automatic-powder-electric-paint-mixer-r6216\/#primaryimage"},"image":{"@id":"https:\/\/www.burleytools.com\/product\/1400w-1600w-double-paddle-involved-handheld-automatic-powder-electric-paint-mixer-r6216\/#primaryimage"},"thumbnailUrl":"https:\/\/www.burleytools.com\/wp-content\/uploads\/2024\/05\/1607063148950216-1.jpg","datePublished":"2024-05-09T07:45:30+00:00","dateModified":"2024-08-20T07:28:49+00:00","breadcrumb":{"@id":"https:\/\/www.burleytools.com\/product\/1400w-1600w-double-paddle-involved-handheld-automatic-powder-electric-paint-mixer-r6216\/#breadcrumb"},"inLanguage":"it-IT","potentialAction":[{"@type":"ReadAction","target":["https:\/\/www.burleytools.com\/product\/1400w-1600w-double-paddle-involved-handheld-automatic-powder-electric-paint-mixer-r6216\/"]}]},{"@type":"ImageObject","inLanguage":"it-IT","@id":"https:\/\/www.burleytools.com\/product\/1400w-1600w-double-paddle-involved-handheld-automatic-powder-electric-paint-mixer-r6216\/#primaryimage","url":"https:\/\/www.burleytools.com\/wp-content\/uploads\/2024\/05\/1607063148950216-1.jpg","contentUrl":"https:\/\/www.burleytools.com\/wp-content\/uploads\/2024\/05\/1607063148950216-1.jpg","width":700,"height":700},{"@type":"BreadcrumbList","@id":"https:\/\/www.burleytools.com\/product\/1400w-1600w-double-paddle-involved-handheld-automatic-powder-electric-paint-mixer-r6216\/#breadcrumb","itemListElement":[{"@type":"ListItem","position":1,"name":"Home","item":"https:\/\/www.burleytools.com\/"},{"@type":"ListItem","position":2,"name":"Products","item":"https:\/\/www.burleytools.com\/products\/"},{"@type":"ListItem","position":3,"name":"1400W\/1600W Double Paddle Involved Handheld Automatic Powder Electric Paint Mixer-R6216"}]},{"@type":"WebSite","@id":"https:\/\/www.burleytools.com\/#website","url":"https:\/\/www.burleytools.com\/","name":"BURLEY","description":"","publisher":{"@id":"https:\/\/www.burleytools.com\/#organization"},"potentialAction":[{"@type":"SearchAction","target":{"@type":"EntryPoint","urlTemplate":"https:\/\/www.burleytools.com\/?s={search_term_string}"},"query-input":"required name=search_term_string"}],"inLanguage":"it-IT"},{"@type":"Organization","@id":"https:\/\/www.burleytools.com\/#organization","name":"BURLEY","url":"https:\/\/www.burleytools.com\/","logo":{"@type":"ImageObject","inLanguage":"it-IT","@id":"https:\/\/www.burleytools.com\/#\/schema\/logo\/image\/","url":"https:\/\/www.burleytools.com\/wp-content\/uploads\/2023\/10\/logo.webp","contentUrl":"https:\/\/www.burleytools.com\/wp-content\/uploads\/2023\/10\/logo.webp","width":165,"height":62,"caption":"BURLEY"},"image":{"@id":"https:\/\/www.burleytools.com\/#\/schema\/logo\/image\/"}}]}},"_links":{"self":[{"href":"https:\/\/www.burleytools.com\/it\/wp-json\/wp\/v2\/product\/889"}],"collection":[{"href":"https:\/\/www.burleytools.com\/it\/wp-json\/wp\/v2\/product"}],"about":[{"href":"https:\/\/www.burleytools.com\/it\/wp-json\/wp\/v2\/types\/product"}],"wp:featuredmedia":[{"embeddable":true,"href":"https:\/\/www.burleytools.com\/it\/wp-json\/wp\/v2\/media\/888"}],"wp:attachment":[{"href":"https:\/\/www.burleytools.com\/it\/wp-json\/wp\/v2\/media?parent=889"}],"wp:term":[{"taxonomy":"product_cat","embeddable":true,"href":"https:\/\/www.burleytools.com\/it\/wp-json\/wp\/v2\/product_cat?post=889"},{"taxonomy":"product_tag","embeddable":true,"href":"https:\/\/www.burleytools.com\/it\/wp-json\/wp\/v2\/product_tag?post=889"}],"curies":[{"name":"wp","href":"https:\/\/api.w.org\/{rel}","templated":true}]}}